{"id":6230,"date":"2025-12-20T18:14:23","date_gmt":"2025-12-20T15:14:23","guid":{"rendered":"https:\/\/wristbandfactory.eu\/?post_type=product&#038;p=6230"},"modified":"2026-04-01T21:52:34","modified_gmt":"2026-04-01T18:52:34","slug":"custom-printed-door-hangers-do-not-disturb-signs-pvc-pp-cardboard","status":"publish","type":"product","link":"https:\/\/displayproducts.eu\/lt\/p\/custom-printed-door-hangers-do-not-disturb-signs-pvc-pp-cardboard\/","title":{"rendered":"Dur\u0173 pakabukai su logotipu"},"content":{"rendered":"<p data-path-to-node=\"10\">Supaprastinkite komunikacij\u0105 ir sustiprinkite prek\u0117s \u017eenkl\u0105 su m\u016bs\u0173 <b data-path-to-node=\"10\" data-index-in-node=\"80\">Pagal u\u017esakym\u0105 spausdintos dur\u0173 pakabos<\/b>. Nesvarbu, ar jums reikia funkcionali\u0173 \u201cNetrukdyti\u201d \u017eenkl\u0173 vie\u0161bu\u010di\u0173 tinklui, ar ak\u012f traukian\u010di\u0173 rinkodaros \u012franki\u0173 partizaninei reklamos kampanijai, m\u016bs\u0173 dur\u0173 pakabos sukurtos taip, kad j\u016bs\u0173 \u017einut\u0117 b\u016bt\u0173 perteikta ai\u0161kiai ir profesionaliai.<\/p>\n<p data-path-to-node=\"11\">Si\u016blome plat\u0173 med\u017eiag\u0173 asortiment\u0105, atitinkant\u012f j\u016bs\u0173 konkre\u010dius patvarumo poreikius. M\u016bs\u0173 <b data-path-to-node=\"11\" data-index-in-node=\"74\">PVC ir polipropilenas (PP)<\/b> variantai yra atspar\u016bs ply\u0161imui ir vandeniui, tod\u0117l idealiai tinka kasdieniam naudojimui svetingumo aplinkoje. Trumpalaik\u0117ms reklamin\u0117ms akcijoms ar tiesiogin\u0117s pa\u0161to reklamos kampanijoms m\u016bs\u0173 auk\u0161tos kokyb\u0117s <b data-path-to-node=\"11\" data-index-in-node=\"283\">Kartonas<\/b> parinktys si\u016blo auk\u0161\u010diausios kokyb\u0117s i\u0161vaizd\u0105 u\u017e ekonomi\u0161k\u0105 kain\u0105.<\/p>\n<h2 data-path-to-node=\"12\">Pagrindin\u0117s savyb\u0117s<\/h2>\n<ul data-path-to-node=\"13\">\n<li>\n<p data-path-to-node=\"13,0,0\"><b data-path-to-node=\"13,0,0\" data-index-in-node=\"0\">Med\u017eiagos lankstumas:<\/b><\/p>\n<ul data-path-to-node=\"13,0,1\">\n<li>\n<p data-path-to-node=\"13,0,1,0,0\"><b data-path-to-node=\"13,0,1,0,0\" data-index-in-node=\"0\">PVC\/PP:<\/b> Atsparus vandeniui, tvirtas ir lengvai valomas. Puikiai tinka ilgalaikiam naudojimui viduje ir lauke.<\/p>\n<\/li>\n<li>\n<p data-path-to-node=\"13,0,1,1,0\"><b data-path-to-node=\"13,0,1,1,0\" data-index-in-node=\"0\">Kartonas:<\/b> Tvarus ir lengvas. Idealiai tinka vienkartiniams renginiams arba masiniam platinimui.<\/p>\n<\/li>\n<\/ul>\n<\/li>\n<li>\n<p data-path-to-node=\"13,1,0\"><b data-path-to-node=\"13,1,0\" data-index-in-node=\"0\">Vizualinis meistri\u0161kumas:<\/b> Mes naudojame didel\u0117s rai\u0161kos <b data-path-to-node=\"13,1,0\" data-index-in-node=\"42\">Poslinkis<\/b> arba <b data-path-to-node=\"13,1,0\" data-index-in-node=\"52\">\u0160ilkografija<\/b> kad j\u016bs\u0173 logotipas ir tekstas b\u016bt\u0173 ry\u0161k\u016bs, spalvingi ir atspar\u016bs blukimui.<\/p>\n<\/li>\n<li>\n<p data-path-to-node=\"13,2,0\"><b data-path-to-node=\"13,2,0\" data-index-in-node=\"0\">Pasirinktin\u0117s formos:<\/b> Nors si\u016blome standartines sta\u010diakampes formas su kabliukais, pakabas taip pat galime supjaustyti \u012f individualias formas, kad jos atitikt\u0173 j\u016bs\u0173 prek\u0117s \u017eenkl\u0105.<\/p>\n<\/li>\n<li>\n<p data-path-to-node=\"13,3,0\"><b data-path-to-node=\"13,3,0\" data-index-in-node=\"0\">Dvigubas prane\u0161im\u0173 siuntimas:<\/b> Nor\u0117dami perteikti daugiau informacijos arba pasi\u016blyti dvigub\u0105 funkcij\u0105, naudokite abi \u017eymos puses.<\/p>\n<\/li>\n<\/ul>\n<h2 data-path-to-node=\"14\">Specifikacijos<\/h2>\n<ul data-path-to-node=\"15\">\n<li>\n<p data-path-to-node=\"15,0,0\"><b data-path-to-node=\"15,0,0\" data-index-in-node=\"0\">Med\u017eiagos:<\/b> Kietas PVC, lankstus PP (polipropilenas) arba dengtas kartonas.<\/p>\n<\/li>\n<li>\n<p data-path-to-node=\"15,1,0\"><b data-path-to-node=\"15,1,0\" data-index-in-node=\"0\">Spausdinimo technika:<\/b> Pilnaspalv\u0117 ofsetin\u0117 spauda (CMYK) arba \u0161ilkografija (ta\u0161kin\u0117s spalvos).<\/p>\n<\/li>\n<li>\n<p data-path-to-node=\"15,2,0\"><b data-path-to-node=\"15,2,0\" data-index-in-node=\"0\">Spausdinimo apr\u0117ptis:<\/b> Vienpusis arba dvipusis.<\/p>\n<\/li>\n<li>\n<p data-path-to-node=\"15,3,0\"><b data-path-to-node=\"15,3,0\" data-index-in-node=\"0\">Storis:<\/b> Pritaikoma pagal pasirinkt\u0105 med\u017eiag\u0105 (pvz., 300 g kartonas, 500 mikron\u0173 PVC).<\/p>\n<\/li>\n<li>\n<p data-path-to-node=\"15,4,0\"><b data-path-to-node=\"15,4,0\" data-index-in-node=\"0\">Priedas:<\/b> Standartinis i\u0161pjautas kabliukas dur\u0173 rankenoms.<\/p>\n<\/li>\n<\/ul>\n<h2 data-path-to-node=\"16\">Naudojimo atvejai<\/h2>\n<ul data-path-to-node=\"17\">\n<li>\n<p data-path-to-node=\"17,0,0\"><b data-path-to-node=\"17,0,0\" data-index-in-node=\"0\">Svetingumo pramon\u0117:<\/b> B\u016btina vie\u0161bu\u010diams, kurortams ir kruiziniams laivams (\u201cNetrukdyti\u201d, \u201cPusry\u010di\u0173 meniu\u201d, \u201cKambari\u0173 aptarnavimas\u201d).<\/p>\n<\/li>\n<li>\n<p data-path-to-node=\"17,1,0\"><b data-path-to-node=\"17,1,0\" data-index-in-node=\"0\">\u012emon\u0117s biurai:<\/b> Naudinga pos\u0117d\u017ei\u0173 sal\u0117ms (\u201cVyksta susitikimas\u201d) arba valymo grafikams.<\/p>\n<\/li>\n<li>\n<p data-path-to-node=\"17,2,0\"><b data-path-to-node=\"17,2,0\" data-index-in-node=\"0\">Nekilnojamasis turtas ir rinkodara:<\/b> \u201cAnt kaimynyst\u0117s dur\u0173 ranken\u0173 palikti u\u017era\u0161ai \u201dK\u0105 tik parduota\u201c arba \u201dAtvir\u0173 dur\u0173 diena\u201c.<\/p>\n<\/li>\n<\/ul>\n<p data-path-to-node=\"18\">","protected":false},"excerpt":{"rendered":"<ul>\n<li>\n<p data-path-to-node=\"9,0,0\"><b data-path-to-node=\"9,0,0\" data-index-in-node=\"0\">Universalus med\u017eiag\u0173 pasirinkimas:<\/b> Rinkit\u0117s tvirt\u0105 PVC arba polipropilen\u0105 (PP), jei norite ilgalaikio pakartotinio naudojimo vie\u0161bu\u010diuose, arba ekonomi\u0161k\u0105 karton\u0105 rinkodaros kampanijoms.<\/p>\n<\/li>\n<li>\n<p data-path-to-node=\"9,1,0\"><b data-path-to-node=\"9,1,0\" data-index-in-node=\"0\">Didelio poveikio spausdinimas:<\/b> Galima u\u017esisakyti su ry\u0161kia spalvota ofsetine arba \u0161ilkografija, kad j\u016bs\u0173 \u017einut\u0117 b\u016bt\u0173 matoma i\u0161 toli.<\/p>\n<\/li>\n<li>\n<p data-path-to-node=\"9,2,0\"><b data-path-to-node=\"9,2,0\" data-index-in-node=\"0\">Dvipusis bendravimas:<\/b> Maksimaliai padidinkite naudingum\u0105 spausdindami skirtingus prane\u0161imus kiekvienoje pus\u0117je (pvz., \u201cNetrukdyti\u201d \/ \u201cPra\u0161ome i\u0161valyti kambar\u012f\u201d).<\/p>\n<\/li>\n<li>\n<p data-path-to-node=\"9,3,0\"><b data-path-to-node=\"9,3,0\" data-index-in-node=\"0\">Universalus pritaikymas:<\/b> Sukurta taip, kad tikt\u0173 standartin\u0117ms dur\u0173 rankenoms vie\u0161bu\u010diuose, konferencij\u0173 centruose ir \u012fmoni\u0173 biuruose.<\/p>\n<\/li>\n<\/ul>","protected":false},"featured_media":6280,"comment_status":"closed","ping_status":"closed","template":"","meta":[],"product_brand":[],"product_cat":[132],"product_tag":[],"class_list":{"0":"post-6230","1":"product","2":"type-product","3":"status-publish","4":"has-post-thumbnail","6":"product_cat-hotel-spa-amenities","8":"first","9":"instock","10":"shipping-taxable","11":"product-type-simple"},"_links":{"self":[{"href":"https:\/\/displayproducts.eu\/lt\/wp-json\/wp\/v2\/product\/6230","targetHints":{"allow":["GET"]}}],"collection":[{"href":"https:\/\/displayproducts.eu\/lt\/wp-json\/wp\/v2\/product"}],"about":[{"href":"https:\/\/displayproducts.eu\/lt\/wp-json\/wp\/v2\/types\/product"}],"replies":[{"embeddable":true,"href":"https:\/\/displayproducts.eu\/lt\/wp-json\/wp\/v2\/comments?post=6230"}],"wp:featuredmedia":[{"embeddable":true,"href":"https:\/\/displayproducts.eu\/lt\/wp-json\/wp\/v2\/media\/6280"}],"wp:attachment":[{"href":"https:\/\/displayproducts.eu\/lt\/wp-json\/wp\/v2\/media?parent=6230"}],"wp:term":[{"taxonomy":"product_brand","embeddable":true,"href":"https:\/\/displayproducts.eu\/lt\/wp-json\/wp\/v2\/product_brand?post=6230"},{"taxonomy":"product_cat","embeddable":true,"href":"https:\/\/displayproducts.eu\/lt\/wp-json\/wp\/v2\/product_cat?post=6230"},{"taxonomy":"product_tag","embeddable":true,"href":"https:\/\/displayproducts.eu\/lt\/wp-json\/wp\/v2\/product_tag?post=6230"}],"curies":[{"name":"wp","href":"https:\/\/api.w.org\/{rel}","templated":true}]}}