{"id":6228,"date":"2025-12-20T18:09:00","date_gmt":"2025-12-20T15:09:00","guid":{"rendered":"https:\/\/wristbandfactory.eu\/?post_type=product&#038;p=6228"},"modified":"2026-04-01T21:52:34","modified_gmt":"2026-04-01T18:52:34","slug":"custom-printed-rulers-3d-lenticular-rulers-pvc-pp-pet","status":"publish","type":"product","link":"https:\/\/displayproducts.eu\/lt\/p\/custom-printed-rulers-3d-lenticular-rulers-pvc-pp-pet\/","title":{"rendered":"Liniuot\u0117s su logotipu"},"content":{"rendered":"<p data-path-to-node=\"10\">U\u017esitikrinkite nuolatin\u0119 viet\u0105 ant savo kliento stalo su m\u016bs\u0173 <b data-path-to-node=\"10\" data-index-in-node=\"80\">Individualiai spausdintos liniuot\u0117s<\/b>. Skirtingai nuo vienkartini\u0173 skraju\u010di\u0173, firmin\u0117 liniuot\u0117 yra prakti\u0161kas \u012frankis, u\u017etikrinantis ilgalaik\u0119 vert\u0119 ir kasdien\u012f matomum\u0105 biuruose, mokyklose ir pramonin\u0117je aplinkoje.<\/p>\n<p data-path-to-node=\"11\">Si\u016blome plat\u0173 med\u017eiag\u0173 asortiment\u0105, atitinkant\u012f j\u016bs\u0173 kampanijos tikslus. Rinkit\u0117s m\u016bs\u0173 <b data-path-to-node=\"11\" data-index-in-node=\"75\">Standartinis PVC<\/b> d\u0117l klasikinio \u012fvaizd\u017eio, <b data-path-to-node=\"11\" data-index-in-node=\"108\">Ekologi\u0161kas polipropilenas (PP)<\/b> u\u017e tvar\u0173 prek\u0117s \u017eenkl\u0105 arba m\u016bs\u0173 pa\u017eangiausi\u0105 <b data-path-to-node=\"11\" data-index-in-node=\"186\">3D l\u0119\u0161iniai liniuot\u0117s<\/b> Maksimaliam poveikiui. Lentikulin\u0117 technologija sukuria patrauklius vaizdinius efektus, tokius kaip animacija, gylis ar vaizd\u0173 apvertimas, tod\u0117l ji idealiai tinka farmacijos ir maisto pramon\u0117s kampanijoms.<\/p>\n<h2 data-path-to-node=\"12\">Pagrindin\u0117s savyb\u0117s<\/h2>\n<ul data-path-to-node=\"13\">\n<li>\n<p data-path-to-node=\"13,0,0\"><b data-path-to-node=\"13,0,0\" data-index-in-node=\"0\">Didel\u0117s rai\u0161kos prek\u0117s \u017eenklo k\u016brimas:<\/b> Nesvarbu, ar pasirinksite skaitmenin\u0119 spaud\u0105 sud\u0117tingiems vaizdams, ar \u0161ilkografij\u0105 vientisoms ta\u0161kin\u0117ms spalvoms, mes u\u017etikriname ry\u0161kius ir sodrius rezultatus.<\/p>\n<\/li>\n<li>\n<p data-path-to-node=\"13,1,0\"><b data-path-to-node=\"13,1,0\" data-index-in-node=\"0\">Pasirinktiniai matmenys:<\/b> Mes si\u016blome ne tik standartinius dyd\u017eius; galime pagaminti liniuotes nuo kompakti\u0161k\u0173 15 cm versij\u0173 iki dideli\u0173 68 cm format\u0173.<\/p>\n<\/li>\n<li>\n<p data-path-to-node=\"13,2,0\"><b data-path-to-node=\"13,2,0\" data-index-in-node=\"0\">Ekologi\u0161kos parinktys:<\/b> \u017daliosioms kampanijoms si\u016blome biologi\u0161kai skaid\u017eias ir perdirbamas polipropileno (PP) med\u017eiagas.<\/p>\n<\/li>\n<li>\n<p data-path-to-node=\"13,3,0\"><b data-path-to-node=\"13,3,0\" data-index-in-node=\"0\">I\u0161pl\u0117stiniai 3D efektai:<\/b> Lentikulinis spausdinimas leid\u017eia naudoti \u201capvertimo\u201d (vaizd\u0173 keitimo), \u201cjudesio\u201d (vaizdo \u012fra\u0161o tipo jud\u0117jimo) arba \u201c3D gylio\u201d efektus, paversdamas paprast\u0105 liniuot\u0119 interaktyvia patirtimi.<\/p>\n<\/li>\n<\/ul>\n<h2 data-path-to-node=\"14\">Specifikacijos<\/h2>\n<table data-path-to-node=\"15\">\n<thead>\n<tr>\n<td><strong>Funkcija<\/strong><\/td>\n<td><strong>PVC liniuot\u0117s<\/strong><\/td>\n<td><strong>PP (polipropileno) liniuot\u0117s<\/strong><\/td>\n<td><strong>3D l\u0119\u0161iniai liniuot\u0117s<\/strong><\/td>\n<\/tr>\n<\/thead>\n<tbody>\n<tr>\n<td><span data-path-to-node=\"15,1,0,0\"><b data-path-to-node=\"15,1,0,0\" data-index-in-node=\"0\">Med\u017eiaga<\/b><\/span><\/td>\n<td><span data-path-to-node=\"15,1,1,0\">Pusiau standus baltas PVC<\/span><\/td>\n<td><span data-path-to-node=\"15,1,2,0\">Lankstus ekologi\u0161kas PP<\/span><\/td>\n<td><span data-path-to-node=\"15,1,3,0\">Lentikuliarinis PET<\/span><\/td>\n<\/tr>\n<tr>\n<td><span data-path-to-node=\"15,2,0,0\"><b data-path-to-node=\"15,2,0,0\" data-index-in-node=\"0\">Storis<\/b><\/span><\/td>\n<td><span data-path-to-node=\"15,2,1,0\">300, 500 arba 700 mikron\u0173<\/span><\/td>\n<td><span data-path-to-node=\"15,2,2,0\">500 arba 800 mikron\u0173<\/span><\/td>\n<td><span data-path-to-node=\"15,2,3,0\">500 mikron\u0173<\/span><\/td>\n<\/tr>\n<tr>\n<td><span data-path-to-node=\"15,3,0,0\"><b data-path-to-node=\"15,3,0,0\" data-index-in-node=\"0\">Spausdinimo metodas<\/b><\/span><\/td>\n<td><span data-path-to-node=\"15,3,1,0\">Skaitmeninis arba \u0161ilkografinis spausdinimas<\/span><\/td>\n<td><span data-path-to-node=\"15,3,2,0\">Skaitmeninis arba \u0161ilkografinis spausdinimas<\/span><\/td>\n<td><span data-path-to-node=\"15,3,3,0\">Ofsetas \/ ekranas (3D efektai)<\/span><\/td>\n<\/tr>\n<tr>\n<td><span data-path-to-node=\"15,4,0,0\"><b data-path-to-node=\"15,4,0,0\" data-index-in-node=\"0\">\u0160onai<\/b><\/span><\/td>\n<td><span data-path-to-node=\"15,4,1,0\">1 arba 2 pusi\u0173<\/span><\/td>\n<td><span data-path-to-node=\"15,4,2,0\">1 arba 2 pusi\u0173<\/span><\/td>\n<td><span data-path-to-node=\"15,4,3,0\">Priekin\u0117 (3D) + Galin\u0117 (Statin\u0117)<\/span><\/td>\n<\/tr>\n<tr>\n<td><span data-path-to-node=\"15,5,0,0\"><b data-path-to-node=\"15,5,0,0\" data-index-in-node=\"0\">Ilgio diapazonas<\/b><\/span><\/td>\n<td><span data-path-to-node=\"15,5,1,0\">15 cm\u201368 cm<\/span><\/td>\n<td><span data-path-to-node=\"15,5,2,0\">15 cm\u201368 cm<\/span><\/td>\n<td><span data-path-to-node=\"15,5,3,0\">Standartiniai dyd\u017eiai<\/span><\/td>\n<\/tr>\n<\/tbody>\n<\/table>\n<h2 data-path-to-node=\"16\">Naudojimo atvejai<\/h2>\n<ul data-path-to-node=\"17\">\n<li>\n<p data-path-to-node=\"17,0,0\"><b data-path-to-node=\"17,0,0\" data-index-in-node=\"0\">\u0160vietimo kampanijos:<\/b> Svarbiausi informaciniai leidiniai mokykloms, universitetams ir mokymo centrams.<\/p>\n<\/li>\n<li>\n<p data-path-to-node=\"17,1,0\"><b data-path-to-node=\"17,1,0\" data-index-in-node=\"0\">Farmacijos rinkodara:<\/b> Naudokite 3D l\u0119\u0161io efektus, kad parodytum\u0117te \u201cprie\u0161\u201d ir \u201epo\u201c rezultatus arba veiksmo mechanizmo animacijas.<\/p>\n<\/li>\n<li>\n<p data-path-to-node=\"17,2,0\"><b data-path-to-node=\"17,2,0\" data-index-in-node=\"0\">Statyba ir in\u017einerija:<\/b> B\u016btinas \u012frankis architektams ir in\u017einieriams, kuris taip pat atlieka auk\u0161\u010diausios kokyb\u0117s vizitin\u0117s kortel\u0117s funkcij\u0105.<\/p>\n<\/li>\n<\/ul>","protected":false},"excerpt":{"rendered":"<ul>\n<li>\n<p data-path-to-node=\"9,0,0\"><b data-path-to-node=\"9,0,0\" data-index-in-node=\"0\">Universalios med\u017eiag\u0173 pasirinkimo galimyb\u0117s:<\/b> Rinkit\u0117s i\u0161 pusiau standaus PVC, ekologi\u0161ko polipropileno (PP) arba specializuoto l\u0119\u0161inio PET.<\/p>\n<\/li>\n<li>\n<p data-path-to-node=\"9,1,0\"><b data-path-to-node=\"9,1,0\" data-index-in-node=\"0\">3D vaizdo efektai:<\/b> M\u016bs\u0173 l\u0119\u0161in\u0117s PET liniuot\u0117s pasi\u017eymi stulbinan\u010diais judesio, priartinimo ir transformacijos efektais, kurie patraukia d\u0117mes\u012f.<\/p>\n<\/li>\n<li>\n<p data-path-to-node=\"9,2,0\"><b data-path-to-node=\"9,2,0\" data-index-in-node=\"0\">Visi\u0161kas pritaikymas:<\/b> Galima u\u017esisakyti su didel\u0117s rai\u0161kos skaitmenine arba \u0161ilkografija ant viso pavir\u0161iaus (1 arba 2 pus\u0117s).<\/p>\n<\/li>\n<li>\n<p data-path-to-node=\"9,3,0\"><b data-path-to-node=\"9,3,0\" data-index-in-node=\"0\">Praktinis prek\u0117s \u017eenklo matomumas:<\/b> Funkcionalus stalo \u012frankis, u\u017etikrinantis, kad j\u016bs\u0173 prek\u0117s \u017eenklas kasdien i\u0161likt\u0173 kliento akyse.<\/p>\n<\/li>\n<\/ul>","protected":false},"featured_media":6229,"comment_status":"closed","ping_status":"closed","template":"","meta":[],"product_brand":[],"product_cat":[122],"product_tag":[],"class_list":{"0":"post-6228","1":"product","2":"type-product","3":"status-publish","4":"has-post-thumbnail","6":"product_cat-promotional-accessories","8":"first","9":"instock","10":"shipping-taxable","11":"product-type-simple"},"_links":{"self":[{"href":"https:\/\/displayproducts.eu\/lt\/wp-json\/wp\/v2\/product\/6228","targetHints":{"allow":["GET"]}}],"collection":[{"href":"https:\/\/displayproducts.eu\/lt\/wp-json\/wp\/v2\/product"}],"about":[{"href":"https:\/\/displayproducts.eu\/lt\/wp-json\/wp\/v2\/types\/product"}],"replies":[{"embeddable":true,"href":"https:\/\/displayproducts.eu\/lt\/wp-json\/wp\/v2\/comments?post=6228"}],"wp:featuredmedia":[{"embeddable":true,"href":"https:\/\/displayproducts.eu\/lt\/wp-json\/wp\/v2\/media\/6229"}],"wp:attachment":[{"href":"https:\/\/displayproducts.eu\/lt\/wp-json\/wp\/v2\/media?parent=6228"}],"wp:term":[{"taxonomy":"product_brand","embeddable":true,"href":"https:\/\/displayproducts.eu\/lt\/wp-json\/wp\/v2\/product_brand?post=6228"},{"taxonomy":"product_cat","embeddable":true,"href":"https:\/\/displayproducts.eu\/lt\/wp-json\/wp\/v2\/product_cat?post=6228"},{"taxonomy":"product_tag","embeddable":true,"href":"https:\/\/displayproducts.eu\/lt\/wp-json\/wp\/v2\/product_tag?post=6228"}],"curies":[{"name":"wp","href":"https:\/\/api.w.org\/{rel}","templated":true}]}}