{"id":6226,"date":"2025-12-20T18:04:19","date_gmt":"2025-12-20T15:04:19","guid":{"rendered":"https:\/\/wristbandfactory.eu\/?post_type=product&#038;p=6226"},"modified":"2026-04-01T21:52:03","modified_gmt":"2026-04-01T18:52:03","slug":"custom-fsc-certified-pencils-with-eraser-360-full-color-print","status":"publish","type":"product","link":"https:\/\/displayproducts.eu\/lt\/p\/custom-fsc-certified-pencils-with-eraser-360-full-color-print\/","title":{"rendered":"Pie\u0161tukai su logotipu (FSC\u00ae sertifikatas)"},"content":{"rendered":"<p data-path-to-node=\"10\">Parodykite savo \u012fsipareigojim\u0105 aplinkai neaukodami dizaino su m\u016bs\u0173 <b data-path-to-node=\"10\" data-index-in-node=\"109\">FSC\u00ae sertifikuoti pie\u0161tukai pagal u\u017esakym\u0105<\/b>. Tai ne tik ra\u0161ymo priemon\u0117s; tai tvaraus prek\u0117s \u017eenklo vertybi\u0173 parei\u0161kimas. Pasirinkdami FSC\u00ae sertifikuot\u0105 medien\u0105, j\u016bs remiate atsaking\u0105 mi\u0161k\u0173 tvarkym\u0105 visame pasaulyje.<\/p>\n<p data-path-to-node=\"11\">Kuo \u0161is pie\u0161tukas i\u0161siskiria, tai <b data-path-to-node=\"11\" data-index-in-node=\"35\">360\u00b0 piln\u0173 spalv\u0173 pritaikymas<\/b>. Mes ne tik atspausdiname ma\u017e\u0105 logotip\u0105 ant \u0161ono, bet ir vis\u0105 pie\u0161tuko korpus\u0105 apvelkame j\u016bs\u0173 unikaliu dizainu. Nesvarbu, ar tai sud\u0117tingas ra\u0161tas, nuotrauka, ar j\u016bs\u0173 \u012fmon\u0117s spalvos, rezultatas \u2013 vientisa ir ak\u012f traukianti reklamin\u0117 priemon\u0117.<\/p>\n<h2 data-path-to-node=\"12\">Pagrindin\u0117s savyb\u0117s<\/h2>\n<ul data-path-to-node=\"13\">\n<li>\n<p data-path-to-node=\"13,0,0\"><b data-path-to-node=\"13,0,0\" data-index-in-node=\"0\">Ekologi\u0161kas pasirinkimas:<\/b> Pagaminta i\u0161 nat\u016bralios medienos i\u0161 sertifikuot\u0173 tvari\u0173 \u0161altini\u0173, tod\u0117l tai yra reklaminis elementas be s\u0105\u017ein\u0117s grau\u017eaties.<\/p>\n<\/li>\n<li>\n<p data-path-to-node=\"13,1,0\"><b data-path-to-node=\"13,1,0\" data-index-in-node=\"0\">Beribis dizainas:<\/b> 360\u00b0 spausdinimo technika leid\u017eia spausdinti CMYK spalv\u0173 gama nuo kra\u0161to iki kra\u0161to, tod\u0117l tai puikiai tinka sud\u0117tingai grafikai ir ry\u0161kiems prane\u0161imams.<\/p>\n<\/li>\n<li>\n<p data-path-to-node=\"13,2,0\"><b data-path-to-node=\"13,2,0\" data-index-in-node=\"0\">Funkcionalus ir stilingas:<\/b> \u012erengtas prakti\u0161kas trintukas, kur\u012f laiko eleganti\u0161kas <b data-path-to-node=\"13,2,0\" data-index-in-node=\"80\">metalinis \u017eiedas<\/b>, derinant prakti\u0161kum\u0105 su eleganti\u0161ka i\u0161vaizda.<\/p>\n<\/li>\n<li>\n<p data-path-to-node=\"13,3,0\"><b data-path-to-node=\"13,3,0\" data-index-in-node=\"0\">Didelis naudingumas:<\/b> Pie\u0161tukai yra viena i\u0161 da\u017eniausiai i\u0161saugom\u0173 reklamini\u0173 preki\u0173, u\u017etikrinan\u010di\u0173, kad j\u016bs\u0173 prek\u0117s \u017eenklas i\u0161liks kliento rankose m\u0117nesius.<\/p>\n<\/li>\n<\/ul>\n<h2 data-path-to-node=\"14\">Specifikacijos<\/h2>\n<ul data-path-to-node=\"15\">\n<li>\n<p data-path-to-node=\"15,0,0\"><b data-path-to-node=\"15,0,0\" data-index-in-node=\"0\">Med\u017eiaga:<\/b> Nat\u016brali mediena (sertifikuota FSC\u00ae).<\/p>\n<\/li>\n<li>\n<p data-path-to-node=\"15,1,0\"><b data-path-to-node=\"15,1,0\" data-index-in-node=\"0\">Spausdinimo b\u016bdas:<\/b> 360\u00b0 spalvotas skaitmeninis apvyniojimas.<\/p>\n<\/li>\n<li>\n<p data-path-to-node=\"15,2,0\"><b data-path-to-node=\"15,2,0\" data-index-in-node=\"0\">Komponentai:<\/b> Grafitinis \u0161vinas, trintukas, metalinis antgalis.<\/p>\n<\/li>\n<li>\n<p data-path-to-node=\"15,3,0\"><b data-path-to-node=\"15,3,0\" data-index-in-node=\"0\">Forma:<\/b> Standartinis apvalus arba \u0161e\u0161iakampis (priklausomai nuo atsarg\u0173).<\/p>\n<\/li>\n<li>\n<p data-path-to-node=\"15,4,0\"><b data-path-to-node=\"15,4,0\" data-index-in-node=\"0\">Sertifikatai:<\/b> FSC\u00ae (Mi\u0161k\u0173 valdymo taryba).<\/p>\n<\/li>\n<\/ul>\n<h2 data-path-to-node=\"16\">Naudojimo atvejai<\/h2>\n<ul data-path-to-node=\"17\">\n<li>\n<p data-path-to-node=\"17,0,0\"><b data-path-to-node=\"17,0,0\" data-index-in-node=\"0\">Edukaciniai renginiai:<\/b> Puikiai tinka mokykloms, universitetams ir mokymo centrams.<\/p>\n<\/li>\n<li>\n<p data-path-to-node=\"17,1,0\"><b data-path-to-node=\"17,1,0\" data-index-in-node=\"0\">Prekybos parodos:<\/b> Lengvas, ekologi\u0161kas dovan\u0173 rinkinys, kuriuo dalyviai i\u0161 tikr\u0173j\u0173 ir naudojasi.<\/p>\n<\/li>\n<li>\n<p data-path-to-node=\"17,2,0\"><b data-path-to-node=\"17,2,0\" data-index-in-node=\"0\">Biuro reikmenys:<\/b> Sukurkite savo firminius ra\u0161tin\u0117s reikmenis, kad sustiprintum\u0117te \u012fmon\u0117s identitet\u0105 tiek viduje, tiek klient\u0173 susitikimuose.<\/p>\n<\/li>\n<\/ul>","protected":false},"excerpt":{"rendered":"<ul>\n<li>\n<p data-path-to-node=\"9,0,0\"><b data-path-to-node=\"9,0,0\" data-index-in-node=\"0\">Sertifikuotas tvarumas:<\/b> Pagaminta i\u0161 100% nat\u016bralios medienos, gautos i\u0161 atsakingai tvarkom\u0173 mi\u0161k\u0173 (sertifikuota FSC\u00ae).<\/p>\n<\/li>\n<li>\n<p data-path-to-node=\"9,1,0\"><b data-path-to-node=\"9,1,0\" data-index-in-node=\"0\">360\u00b0 pilnas prek\u0117s \u017eenklo k\u016brimas:<\/b> Skirtingai nuo standartin\u0117s tampografijos, j\u016bs\u0173 dizainas padengia vis\u0105 statin\u0119 ry\u0161kia, spalvota skaitmenine spauda.<\/p>\n<\/li>\n<li>\n<p data-path-to-node=\"9,2,0\"><b data-path-to-node=\"9,2,0\" data-index-in-node=\"0\">Auk\u0161\u010diausios kokyb\u0117s apdaila:<\/b> Turi auk\u0161tos kokyb\u0117s trintuk\u0105, pritvirtint\u0105 patvariu metaliniu antgaliu (detal\u0117).<\/p>\n<\/li>\n<li>\n<p data-path-to-node=\"9,3,0\"><b data-path-to-node=\"9,3,0\" data-index-in-node=\"0\">Universalus skatinimas:<\/b> Ideali nebrangi, gerai matoma dovana prekybos parodoms, mokykloms ir biurams.<\/p>\n<\/li>\n<\/ul>","protected":false},"featured_media":6227,"comment_status":"closed","ping_status":"closed","template":"","meta":[],"product_brand":[],"product_cat":[122],"product_tag":[],"class_list":{"0":"post-6226","1":"product","2":"type-product","3":"status-publish","4":"has-post-thumbnail","6":"product_cat-promotional-accessories","8":"first","9":"instock","10":"shipping-taxable","11":"product-type-simple"},"_links":{"self":[{"href":"https:\/\/displayproducts.eu\/lt\/wp-json\/wp\/v2\/product\/6226","targetHints":{"allow":["GET"]}}],"collection":[{"href":"https:\/\/displayproducts.eu\/lt\/wp-json\/wp\/v2\/product"}],"about":[{"href":"https:\/\/displayproducts.eu\/lt\/wp-json\/wp\/v2\/types\/product"}],"replies":[{"embeddable":true,"href":"https:\/\/displayproducts.eu\/lt\/wp-json\/wp\/v2\/comments?post=6226"}],"wp:featuredmedia":[{"embeddable":true,"href":"https:\/\/displayproducts.eu\/lt\/wp-json\/wp\/v2\/media\/6227"}],"wp:attachment":[{"href":"https:\/\/displayproducts.eu\/lt\/wp-json\/wp\/v2\/media?parent=6226"}],"wp:term":[{"taxonomy":"product_brand","embeddable":true,"href":"https:\/\/displayproducts.eu\/lt\/wp-json\/wp\/v2\/product_brand?post=6226"},{"taxonomy":"product_cat","embeddable":true,"href":"https:\/\/displayproducts.eu\/lt\/wp-json\/wp\/v2\/product_cat?post=6226"},{"taxonomy":"product_tag","embeddable":true,"href":"https:\/\/displayproducts.eu\/lt\/wp-json\/wp\/v2\/product_tag?post=6226"}],"curies":[{"name":"wp","href":"https:\/\/api.w.org\/{rel}","templated":true}]}}