{"id":6224,"date":"2025-12-20T18:00:02","date_gmt":"2025-12-20T15:00:02","guid":{"rendered":"https:\/\/wristbandfactory.eu\/?post_type=product&#038;p=6224"},"modified":"2026-04-01T21:52:34","modified_gmt":"2026-04-01T18:52:34","slug":"custom-foldable-glasses-cases-pu-leather-metal-core","status":"publish","type":"product","link":"https:\/\/displayproducts.eu\/lt\/p\/custom-foldable-glasses-cases-pu-leather-metal-core\/","title":{"rendered":"Sulankstomi akini\u0173 d\u0117klai su logotipu"},"content":{"rendered":"<p data-path-to-node=\"10\">Atnaujinkite savo firminius aksesuarus su m\u016bs\u0173 <b data-path-to-node=\"10\" data-index-in-node=\"67\">Sulankstomi akini\u0173 d\u0117klai pagal u\u017esakym\u0105<\/b>. Sukurtas \u0161iuolaiki\u0161kam patogumui, \u0161is d\u0117klas i\u0161sprend\u017eia dideli\u0173 akini\u0173 laikymo problem\u0173. Kai akiniai naudojami, d\u0117klas visi\u0161kai sulankstomas ir lengvai telpa \u012f striuk\u0117s ki\u0161en\u0119 ar plon\u0105 krep\u0161\u012f.<\/p>\n<p data-path-to-node=\"11\">\u0160is d\u0117klas idealiai tinka optikos parduotuv\u0117ms, vasaros kampanijoms ir verslo kelioni\u0173 dovanoms \u2013 jame derinamas patvarumas ir auk\u0161\u010diausios klas\u0117s estetika. \u0160erdis pagaminta i\u0161 lengv\u0173 metalini\u0173 plok\u0161teli\u0173, u\u017etikrinan\u010di\u0173 konstrukcijos vientisum\u0105, aptraukta lygia PU oda, kad b\u016bt\u0173 auk\u0161\u010diausios kokyb\u0117s, ir i\u0161klota mink\u0161tu audiniu, apsaugan\u010diu l\u0119\u0161ius nuo \u012fbr\u0117\u017eim\u0173.<\/p>\n<h2 data-path-to-node=\"12\">Pagrindin\u0117s savyb\u0117s<\/h2>\n<ul data-path-to-node=\"13\">\n<li>\n<p data-path-to-node=\"13,0,0\"><b data-path-to-node=\"13,0,0\" data-index-in-node=\"0\">Maksimalus prek\u0117s \u017eenklo plotas:<\/b> Skirtingai nuo standartini\u0173 d\u0117kl\u0173, kuriuose yra tik ma\u017eas logotipas, \u0161is modelis leid\u017eia <b data-path-to-node=\"13,0,0\" data-index-in-node=\"92\">viso pavir\u0161iaus CMYK skaitmenin\u0117 spauda<\/b> ant visos i\u0161or\u0117s.<\/p>\n<\/li>\n<li>\n<p data-path-to-node=\"13,1,0\"><b data-path-to-node=\"13,1,0\" data-index-in-node=\"0\">Prabangios interjero detal\u0117s:<\/b> Prid\u0117kite elegancijos su sidabro arba aukso spalvos elementais <b data-path-to-node=\"13,1,0\" data-index-in-node=\"70\">kar\u0161tai \u0161tampuotas logotipas<\/b> (5 \u00d7 2 cm) ant vidinio pamu\u0161alo.<\/p>\n<\/li>\n<li>\n<p data-path-to-node=\"13,2,0\"><b data-path-to-node=\"13,2,0\" data-index-in-node=\"0\">Universalus pritaikymas:<\/b> Atidarius, trikampio formos d\u0117klas tinka daugumai standartini\u0173 skaitymo akini\u0173 ir akini\u0173 nuo saul\u0117s.<\/p>\n<\/li>\n<li>\n<p data-path-to-node=\"13,3,0\"><b data-path-to-node=\"13,3,0\" data-index-in-node=\"0\">Konstrukcinis stiprumas:<\/b> Metalin\u0117s plok\u0161t\u0117s konstrukcija u\u017etikrina, kad nepaisant sulankstymo, d\u0117klas i\u0161skleistas yra standus ir apsaugotas.<\/p>\n<\/li>\n<\/ul>\n<h2 data-path-to-node=\"14\">Specifikacijos<\/h2>\n<ul data-path-to-node=\"15\">\n<li>\n<p data-path-to-node=\"15,0,0\"><b data-path-to-node=\"15,0,0\" data-index-in-node=\"0\">Med\u017eiaga:<\/b> Lengvo metalo \u0161erdis, PU odos i\u0161or\u0117, mink\u0161to audinio pamu\u0161alas.<\/p>\n<\/li>\n<li>\n<p data-path-to-node=\"15,1,0\"><b data-path-to-node=\"15,1,0\" data-index-in-node=\"0\">Matmenys (sulankstyto):<\/b> 16 \u00d7 6,5 \u00d7 1,0 cm.<\/p>\n<\/li>\n<li>\n<p data-path-to-node=\"15,2,0\"><b data-path-to-node=\"15,2,0\" data-index-in-node=\"0\">Matmenys (i\u0161skleista):<\/b> 16 \u00d7 6,5 \u00d7 6,5 cm.<\/p>\n<\/li>\n<li>\n<p data-path-to-node=\"15,3,0\"><b data-path-to-node=\"15,3,0\" data-index-in-node=\"0\">U\u017edarymo tipas:<\/b> Pasl\u0117pta magnetin\u0117 juostel\u0117.<\/p>\n<\/li>\n<li>\n<p data-path-to-node=\"15,4,0\"><b data-path-to-node=\"15,4,0\" data-index-in-node=\"0\">Prek\u0117s \u017eenklo parinktys:<\/b><\/p>\n<ul data-path-to-node=\"15,4,1\">\n<li>\n<p data-path-to-node=\"15,4,1,0,0\">I\u0161or\u0117: spalvota spauda (CMYK).<\/p>\n<\/li>\n<li>\n<p data-path-to-node=\"15,4,1,1,0\">Vidus: kar\u0161tas \u0161tampavimas (aukso arba sidabro folija).<\/p>\n<\/li>\n<\/ul>\n<\/li>\n<li>\n<p data-path-to-node=\"15,5,0\"><b data-path-to-node=\"15,5,0\" data-index-in-node=\"0\">Pakuot\u0117:<\/b> Individualus polietileninis mai\u0161elis (standartinis).<\/p>\n<ul data-path-to-node=\"15,5,1\">\n<li>\n<p data-path-to-node=\"15,5,1,0,0\"><i data-path-to-node=\"15,5,1,0,0\" data-index-in-node=\"0\">Pasirinktinai:<\/i> Pagal u\u017esakym\u0105 atspausdinta kartonin\u0117 \u012fd\u0117klo kortel\u0117 (15 \u00d7 6 cm).<\/p>\n<\/li>\n<\/ul>\n<\/li>\n<\/ul>\n<h2 data-path-to-node=\"16\">Naudojimo atvejai<\/h2>\n<ul data-path-to-node=\"17\">\n<li>\n<p data-path-to-node=\"17,0,0\"><b data-path-to-node=\"17,0,0\" data-index-in-node=\"0\">Optikos ma\u017emenininkai:<\/b> Didel\u0117s vert\u0117s dovana perkant akinius su receptu.<\/p>\n<\/li>\n<li>\n<p data-path-to-node=\"17,1,0\"><b data-path-to-node=\"17,1,0\" data-index-in-node=\"0\">Kelion\u0117s ir turizmas:<\/b> Puikiai tinka kelioni\u0173 agent\u016broms ar oro linijoms kaip viet\u0105 taupantis kelioni\u0173 aksesuaras.<\/p>\n<\/li>\n<li>\n<p data-path-to-node=\"17,2,0\"><b data-path-to-node=\"17,2,0\" data-index-in-node=\"0\">Vasaros akcijos:<\/b> Idealus kompanionas firmini\u0173 akini\u0173 nuo saul\u0117s kampanijoms.<\/p>\n<\/li>\n<\/ul>","protected":false},"excerpt":{"rendered":"<ul>\n<li>\n<p data-path-to-node=\"9,0,0\"><b data-path-to-node=\"9,0,0\" data-index-in-node=\"0\">I\u0161manus sulankstomas dizainas:<\/b> Nenaudojant sulankstomas iki vos 1,0 cm storio, taip taupant verting\u0105 viet\u0105 ki\u0161en\u0117je ar krep\u0161yje.<\/p>\n<\/li>\n<li>\n<p data-path-to-node=\"9,1,0\"><b data-path-to-node=\"9,1,0\" data-index-in-node=\"0\">Visi\u0161kas pritaikymas:<\/b> Visas i\u0161orinis PU pavir\u0161ius gali b\u016bti spausdinamas spalvotai, o viduje yra prabangus kar\u0161to spaudo logotipas.<\/p>\n<\/li>\n<li>\n<p data-path-to-node=\"9,2,0\"><b data-path-to-node=\"9,2,0\" data-index-in-node=\"0\">Auk\u0161\u010diausios kokyb\u0117s med\u017eiagos:<\/b> Pagaminta i\u0161 tvirt\u0173 lengv\u0173 metalini\u0173 plok\u0161teli\u0173, aptraukta PU oda ir i\u0161klota mink\u0161tu audiniu, kad b\u016bt\u0173 i\u0161vengta \u012fbr\u0117\u017eim\u0173.<\/p>\n<\/li>\n<li>\n<p data-path-to-node=\"9,3,0\"><b data-path-to-node=\"9,3,0\" data-index-in-node=\"0\">Magnetinis u\u017edarymas:<\/b> Saugus ir lengvai naudojamas magnetinis dangtelis apsaugo akinius.<\/p>\n<\/li>\n<\/ul>","protected":false},"featured_media":6225,"comment_status":"closed","ping_status":"closed","template":"","meta":[],"product_brand":[],"product_cat":[121],"product_tag":[],"class_list":{"0":"post-6224","1":"product","2":"type-product","3":"status-publish","4":"has-post-thumbnail","6":"product_cat-promotional-merchandise","8":"first","9":"instock","10":"shipping-taxable","11":"product-type-simple"},"_links":{"self":[{"href":"https:\/\/displayproducts.eu\/lt\/wp-json\/wp\/v2\/product\/6224","targetHints":{"allow":["GET"]}}],"collection":[{"href":"https:\/\/displayproducts.eu\/lt\/wp-json\/wp\/v2\/product"}],"about":[{"href":"https:\/\/displayproducts.eu\/lt\/wp-json\/wp\/v2\/types\/product"}],"replies":[{"embeddable":true,"href":"https:\/\/displayproducts.eu\/lt\/wp-json\/wp\/v2\/comments?post=6224"}],"wp:featuredmedia":[{"embeddable":true,"href":"https:\/\/displayproducts.eu\/lt\/wp-json\/wp\/v2\/media\/6225"}],"wp:attachment":[{"href":"https:\/\/displayproducts.eu\/lt\/wp-json\/wp\/v2\/media?parent=6224"}],"wp:term":[{"taxonomy":"product_brand","embeddable":true,"href":"https:\/\/displayproducts.eu\/lt\/wp-json\/wp\/v2\/product_brand?post=6224"},{"taxonomy":"product_cat","embeddable":true,"href":"https:\/\/displayproducts.eu\/lt\/wp-json\/wp\/v2\/product_cat?post=6224"},{"taxonomy":"product_tag","embeddable":true,"href":"https:\/\/displayproducts.eu\/lt\/wp-json\/wp\/v2\/product_tag?post=6224"}],"curies":[{"name":"wp","href":"https:\/\/api.w.org\/{rel}","templated":true}]}}