{"id":6222,"date":"2025-12-20T17:56:31","date_gmt":"2025-12-20T14:56:31","guid":{"rendered":"https:\/\/wristbandfactory.eu\/?post_type=product&#038;p=6222"},"modified":"2026-04-01T21:52:03","modified_gmt":"2026-04-01T18:52:03","slug":"custom-3d-snow-globes-with-bespoke-interior-logo","status":"publish","type":"product","link":"https:\/\/displayproducts.eu\/lt\/p\/custom-3d-snow-globes-with-bespoke-interior-logo\/","title":{"rendered":"Sniego rutuliai su logotipu (3D)"},"content":{"rendered":"<p data-path-to-node=\"10\">\u012eam\u017einkite \u0161ven\u010di\u0173 magij\u0105 arba sustabdykite akimirk\u0105 su m\u016bs\u0173... <b data-path-to-node=\"10\" data-index-in-node=\"95\">Individual\u016bs 3D sniego gaubliai<\/b>. Skirtingai nuo standartini\u0173 reklamini\u0173 gamini\u0173, \u0161i\u0173 gaubli\u0173 viduje yra visi\u0161kai pritaikyta 3D skulpt\u016bra \u2013 nesvarbu, ar tai miniati\u016brin\u0117 j\u016bs\u0173 produkto kopija, j\u016bs\u0173 \u012fmon\u0117s talismanas, ar konkretus architekt\u016brinis vaizdelis.<\/p>\n<p data-path-to-node=\"11\">Pagaminti i\u0161 patvarios, tirpikli\u0173 neturin\u010dios poliesterio dervos, \u0161ie gaubliai yra auk\u0161tos kokyb\u0117s kolekciniai daiktai. Plaukiojantys blizgu\u010diai suteikia kerint\u012f efekt\u0105, kuris atkreipia d\u0117mes\u012f \u012f j\u016bs\u0173 prek\u0117s \u017eenkl\u0105. Galimos tiek vidin\u0117s skulpt\u016bros, tiek i\u0161orinio pagrindo prek\u0117s \u017eenklo parinktys, tod\u0117l tai yra auk\u0161\u010diausios kokyb\u0117s dovana verslo partneriams ir sezonin\u0117ms kampanijoms.<\/p>\n<h2 data-path-to-node=\"12\">Pagrindin\u0117s savyb\u0117s<\/h2>\n<ul data-path-to-node=\"13\">\n<li>\n<p data-path-to-node=\"13,0,0\"><b data-path-to-node=\"13,0,0\" data-index-in-node=\"0\">Visi\u0161kai individualus 3D modeliavimas:<\/b> Interjeras n\u0117ra plok\u0161\u010dias \u012fd\u0117klas, o specialiai j\u016bs\u0173 projektui sukurta i\u0161 lietos dervos fig\u016br\u0117l\u0117.<\/p>\n<\/li>\n<li>\n<p data-path-to-node=\"13,1,0\"><b data-path-to-node=\"13,1,0\" data-index-in-node=\"0\">Menin\u0117 apdaila:<\/b> 3D elementai gali b\u016bti eleganti\u0161kos vientisos baltos spalvos arba kruop\u0161\u010diai nuda\u017eyti rankomis, kad atitikt\u0173 j\u016bs\u0173 prek\u0117s \u017eenklo spalvas.<\/p>\n<\/li>\n<li>\n<p data-path-to-node=\"13,2,0\"><b data-path-to-node=\"13,2,0\" data-index-in-node=\"0\">Firmin\u0117 baz\u0117:<\/b> Pagrindo (galima rinktis i\u0161 baltos arba juodos spalvos) savyb\u0117s <b data-path-to-node=\"13,2,0\" data-index-in-node=\"62\">reljefinis spausdinimas<\/b>, prid\u0117dami 3D tekst\u016br\u0105 prie savo logotipo ar teksto i\u0161or\u0117je.<\/p>\n<\/li>\n<li>\n<p data-path-to-node=\"13,3,0\"><b data-path-to-node=\"13,3,0\" data-index-in-node=\"0\">Ma\u017emeninei prekybai paruo\u0161ta pakuot\u0117:<\/b> Nereikia papildomo \u012fpakavimo. Kiekvienas gaublys yra spalvotoje, spausdintoje kartonin\u0117je d\u0117\u017eut\u0117je su saugiu pamu\u0161alu, paruo\u0161toje platinti.<\/p>\n<\/li>\n<\/ul>\n<h2 data-path-to-node=\"14\">Specifikacijos<\/h2>\n<ul data-path-to-node=\"15\">\n<li>\n<p data-path-to-node=\"15,0,0\"><b data-path-to-node=\"15,0,0\" data-index-in-node=\"0\">Gaublio med\u017eiaga:<\/b> Stiklo \/ skaidraus plastiko ir poliesterio dervos fig\u016br\u0117l\u0117s (be tirpikli\u0173).<\/p>\n<\/li>\n<li>\n<p data-path-to-node=\"15,1,0\"><b data-path-to-node=\"15,1,0\" data-index-in-node=\"0\">Pagrindin\u0117 med\u017eiaga:<\/b> Patvarus kompozitas.<\/p>\n<\/li>\n<li>\n<p data-path-to-node=\"15,2,0\"><b data-path-to-node=\"15,2,0\" data-index-in-node=\"0\">\u012edaras:<\/b> Skystis su \u017e\u0117rin\u010diais blizgu\u010diais\/blizgu\u010diais.<\/p>\n<\/li>\n<li>\n<p data-path-to-node=\"15,3,0\"><b data-path-to-node=\"15,3,0\" data-index-in-node=\"0\">Galimi dyd\u017eiai:<\/b><\/p>\n<ul data-path-to-node=\"15,3,1\">\n<li>\n<p data-path-to-node=\"15,3,1,0,0\"><b data-path-to-node=\"15,3,1,0,0\" data-index-in-node=\"0\">\u00d8 8 cm gaublys:<\/b> Pagrindas 7,5 \u00d7 7,5 \u00d7 2,5 cm | D\u0117\u017eut\u0117 11 \u00d7 13 \u00d7 11 cm.<\/p>\n<\/li>\n<li>\n<p data-path-to-node=\"15,3,1,1,0\"><b data-path-to-node=\"15,3,1,1,0\" data-index-in-node=\"0\">10 cm skersmens gaublys:<\/b> Pagrindas 9 \u00d7 9 \u00d7 3 cm | D\u0117\u017eut\u0117 13,7 \u00d7 15,7 \u00d7 13,7 cm.<\/p>\n<\/li>\n<\/ul>\n<\/li>\n<li>\n<p data-path-to-node=\"15,4,0\"><b data-path-to-node=\"15,4,0\" data-index-in-node=\"0\">Pritaikymas:<\/b> 3D liejimo b\u016bdu pagamintas interjeras + reljefinis pagrindas + individuali d\u0117\u017eut\u0117.<\/p>\n<\/li>\n<\/ul>\n<h2 data-path-to-node=\"16\">Naudojimo atvejai<\/h2>\n<ul data-path-to-node=\"17\">\n<li>\n<p data-path-to-node=\"17,0,0\"><b data-path-to-node=\"17,0,0\" data-index-in-node=\"0\">Kal\u0117din\u0117s dovanos:<\/b> Svarbiausia \u0161ventin\u0117 dovana klientams ir darbuotojams.<\/p>\n<\/li>\n<li>\n<p data-path-to-node=\"17,1,0\"><b data-path-to-node=\"17,1,0\" data-index-in-node=\"0\">Turizmas ir suvenyrai:<\/b> Muziej\u0173, vie\u0161bu\u010di\u0173 ir miesto taryb\u0173 orientyr\u0173 scenos su asmenimis.<\/p>\n<\/li>\n<li>\n<p data-path-to-node=\"17,2,0\"><b data-path-to-node=\"17,2,0\" data-index-in-node=\"0\">Produkt\u0173 pristatymai:<\/b> Sukurkite miniati\u016brin\u0119 naujo automobilio, pastato ar produkto versij\u0105, pl\u016bduriuojan\u010di\u0105 \u201csniege\u201d.\u201d<\/p>\n<\/li>\n<\/ul>","protected":false},"excerpt":{"rendered":"<ul>\n<li>\n<p data-path-to-node=\"9,0,0\"><b data-path-to-node=\"9,0,0\" data-index-in-node=\"0\">Individualus 3D interjeras:<\/b> J\u016bs\u0173 logotip\u0105, produkt\u0105 ar talisman\u0105 sumodeliuojame \u012f detali\u0105 3D skulpt\u016br\u0105 gaublio viduje.<\/p>\n<\/li>\n<li>\n<p data-path-to-node=\"9,1,0\"><b data-path-to-node=\"9,1,0\" data-index-in-node=\"0\">Rankomis tapytas arba vienspalvis:<\/b> Rinkit\u0117s i\u0161 klasikin\u0117s, visi\u0161kai baltos skulpt\u016bros arba ry\u0161ki\u0173, rankomis tapyt\u0173 detali\u0173.<\/p>\n<\/li>\n<li>\n<p data-path-to-node=\"9,2,0\"><b data-path-to-node=\"9,2,0\" data-index-in-node=\"0\">Premium baz\u0117:<\/b> Tvirtas pagrindas, juodos arba baltos spalvos, su pritaikymu su ap\u010diuopiama reljefine spauda.<\/p>\n<\/li>\n<li>\n<p data-path-to-node=\"9,3,0\"><b data-path-to-node=\"9,3,0\" data-index-in-node=\"0\">Pilnas dovan\u0173 sprendimas:<\/b> Pristatoma pagal u\u017esakym\u0105 atspausdintoje spalvotoje d\u0117\u017eut\u0117je su apsauginiais polistireno \u012fd\u0117klais.<\/p>\n<\/li>\n<\/ul>","protected":false},"featured_media":6223,"comment_status":"closed","ping_status":"closed","template":"","meta":[],"product_brand":[],"product_cat":[121],"product_tag":[],"class_list":{"0":"post-6222","1":"product","2":"type-product","3":"status-publish","4":"has-post-thumbnail","6":"product_cat-promotional-merchandise","8":"first","9":"instock","10":"shipping-taxable","11":"product-type-simple"},"_links":{"self":[{"href":"https:\/\/displayproducts.eu\/lt\/wp-json\/wp\/v2\/product\/6222","targetHints":{"allow":["GET"]}}],"collection":[{"href":"https:\/\/displayproducts.eu\/lt\/wp-json\/wp\/v2\/product"}],"about":[{"href":"https:\/\/displayproducts.eu\/lt\/wp-json\/wp\/v2\/types\/product"}],"replies":[{"embeddable":true,"href":"https:\/\/displayproducts.eu\/lt\/wp-json\/wp\/v2\/comments?post=6222"}],"wp:featuredmedia":[{"embeddable":true,"href":"https:\/\/displayproducts.eu\/lt\/wp-json\/wp\/v2\/media\/6223"}],"wp:attachment":[{"href":"https:\/\/displayproducts.eu\/lt\/wp-json\/wp\/v2\/media?parent=6222"}],"wp:term":[{"taxonomy":"product_brand","embeddable":true,"href":"https:\/\/displayproducts.eu\/lt\/wp-json\/wp\/v2\/product_brand?post=6222"},{"taxonomy":"product_cat","embeddable":true,"href":"https:\/\/displayproducts.eu\/lt\/wp-json\/wp\/v2\/product_cat?post=6222"},{"taxonomy":"product_tag","embeddable":true,"href":"https:\/\/displayproducts.eu\/lt\/wp-json\/wp\/v2\/product_tag?post=6222"}],"curies":[{"name":"wp","href":"https:\/\/api.w.org\/{rel}","templated":true}]}}