{"id":6217,"date":"2025-12-20T17:51:24","date_gmt":"2025-12-20T14:51:24","guid":{"rendered":"https:\/\/wristbandfactory.eu\/?post_type=product&#038;p=6217"},"modified":"2026-04-01T21:52:03","modified_gmt":"2026-04-01T18:52:03","slug":"custom-printed-bottle-openers-with-3d-domed-logo","status":"publish","type":"product","link":"https:\/\/displayproducts.eu\/lt\/p\/custom-printed-bottle-openers-with-3d-domed-logo\/","title":{"rendered":"Buteli\u0173 atidarytuvai su logotipu"},"content":{"rendered":"<p data-path-to-node=\"10\">U\u017etikrinkite, kad j\u016bs\u0173 prek\u0117s \u017eenklas b\u016bt\u0173 \u0161vent\u0117s dalis su m\u016bs\u0173 <b data-path-to-node=\"10\" data-index-in-node=\"79\">Pagal u\u017esakym\u0105 spausdinti buteli\u0173 atidarytuvai<\/b>. Prakti\u0161ki, patvar\u016bs ir ak\u012f traukiantys \u0161ie atidarytuvai yra sukurti naudoti daug kart\u0173, tod\u0117l j\u016bs\u0173 logotipas ilgai i\u0161liks matomas. Skirtingai nuo standartini\u0173 plok\u0161\u010di\u0173 atspaud\u0173, m\u016bs\u0173 atidarytuvai turi <b data-path-to-node=\"10\" data-index-in-node=\"288\">3D kupolinis lipdukas (epoksidin\u0117 derva)<\/b>, kuris suteikia j\u016bs\u0173 dizainui blizgant\u012f, didinam\u0105j\u012f efekt\u0105 ir apsaugo j\u012f nuo \u012fbr\u0117\u017eim\u0173 bei blukimo.<\/p>\n<p data-path-to-node=\"11\">Si\u016blome tris konkre\u010dius modelius, pritaikytus skirtingiems reklamos poreikiams \u2013 nuo ki\u0161en\u0117je telpan\u010di\u0173 rakt\u0173 pakabuk\u0173 iki profesionali\u0173 baro \u012franki\u0173.<\/p>\n<h2 data-path-to-node=\"12\">Pagrindin\u0117s savyb\u0117s<\/h2>\n<ul data-path-to-node=\"13\">\n<li>\n<p data-path-to-node=\"13,0,0\"><b data-path-to-node=\"13,0,0\" data-index-in-node=\"0\">Ry\u0161kus pritaikymas:<\/b> J\u016bs\u0173 logotipui, nuotraukoms ar gradientams atkurti naudojame skaitmenin\u0119 CMYK spaud\u0105 su idealiu tikslumu, prie\u0161 juos u\u017esandarindami apsauginiu dervos kupolu.<\/p>\n<\/li>\n<li>\n<p data-path-to-node=\"13,1,0\"><b data-path-to-node=\"13,1,0\" data-index-in-node=\"0\">Auk\u0161\u010diausios kokyb\u0117s apdaila:<\/b> Epoksidin\u0117 danga suteikia gaminiui \u201cbrangakmenio\u201d kokyb\u0119, jis \u0161velnus liesti ir padidina suvokiam\u0105 vert\u0119.<\/p>\n<\/li>\n<li>\n<p data-path-to-node=\"13,2,0\"><b data-path-to-node=\"13,2,0\" data-index-in-node=\"0\">Sunkios med\u017eiagos:<\/b> Pagaminti i\u0161 nikeliu padengto plieno ir tvirt\u0173 metalo lydini\u0173, kad buteliai b\u016bt\u0173 atidaromi lengvai ir nesulenkiant.<\/p>\n<\/li>\n<li>\n<p data-path-to-node=\"13,3,0\"><b data-path-to-node=\"13,3,0\" data-index-in-node=\"0\">Universalus pritaikymas:<\/b> Puikiai tinka alaus daryklos atributikai, festivali\u0173 dovanoms arba kaip patogus \u012frankis, pritvirtintas prie rakt\u0173 rinkinio.<\/p>\n<\/li>\n<\/ul>\n<h2 data-path-to-node=\"14\">Specifikacijos<\/h2>\n<table data-path-to-node=\"15\">\n<thead>\n<tr>\n<td><strong>Modelio tipas<\/strong><\/td>\n<td><strong>Matmenys<\/strong><\/td>\n<td><strong>Med\u017eiaga<\/strong><\/td>\n<td><strong>Prek\u0117s \u017eenklo sritis<\/strong><\/td>\n<\/tr>\n<\/thead>\n<tbody>\n<tr>\n<td><span data-path-to-node=\"15,1,0,0\"><b data-path-to-node=\"15,1,0,0\" data-index-in-node=\"0\">\u017denkleli\u0173 atidarytuvas<\/b><\/span><\/td>\n<td><span data-path-to-node=\"15,1,1,0\">56 mm skersmens<\/span><\/td>\n<td><span data-path-to-node=\"15,1,2,0\">Metalinis + plastikinis pagrindas<\/span><\/td>\n<td><span data-path-to-node=\"15,1,3,0\">Visas veidas (apvalus)<\/span><\/td>\n<\/tr>\n<tr>\n<td><span data-path-to-node=\"15,2,0,0\"><b data-path-to-node=\"15,2,0,0\" data-index-in-node=\"0\">Butelio forma<\/b><\/span><\/td>\n<td><span data-path-to-node=\"15,2,1,0\">35 \u00d7 137 mm<\/span><\/td>\n<td><span data-path-to-node=\"15,2,2,0\">Nikeliuotas plienas<\/span><\/td>\n<td><span data-path-to-node=\"15,2,3,0\">Individualios formos kupolas<\/span><\/td>\n<\/tr>\n<tr>\n<td><span data-path-to-node=\"15,3,0,0\"><b data-path-to-node=\"15,3,0,0\" data-index-in-node=\"0\">Kriau\u0161\u0117s rakt\u0173 pakabukas<\/b><\/span><\/td>\n<td><span data-path-to-node=\"15,3,1,0\">Standartinis rakt\u0173 pakabuko dydis<\/span><\/td>\n<td><span data-path-to-node=\"15,3,2,0\">Metalas (nikelio apdaila)<\/span><\/td>\n<td><span data-path-to-node=\"15,3,3,0\">\u00d8 20 mm kupolas<\/span><\/td>\n<\/tr>\n<\/tbody>\n<\/table>\n<h2 data-path-to-node=\"16\">Naudojimo atvejai<\/h2>\n<ul data-path-to-node=\"17\">\n<li>\n<p data-path-to-node=\"17,0,0\"><b data-path-to-node=\"17,0,0\" data-index-in-node=\"0\">G\u0117rim\u0173 pramon\u0117:<\/b> B\u016btinos prek\u0117s amatinink\u0173 alaus darykloms, sidro namams ir g\u0117rim\u0173 platintojams.<\/p>\n<\/li>\n<li>\n<p data-path-to-node=\"17,1,0\"><b data-path-to-node=\"17,1,0\" data-index-in-node=\"0\">Festivaliai ir renginiai:<\/b> Populiarus suvenyras muzikos festivaliams ir maisto mug\u0117ms, kur\u012f dalyviai pasiliks sau.<\/p>\n<\/li>\n<li>\n<p data-path-to-node=\"17,2,0\"><b data-path-to-node=\"17,2,0\" data-index-in-node=\"0\">Svetingumas:<\/b> Firminiai \u012frankiai barmenams ir padav\u0117jams baruose, klubuose ir restoranuose.<\/p>\n<\/li>\n<\/ul>","protected":false},"excerpt":{"rendered":"<ul>\n<li>\n<p data-path-to-node=\"9,0,0\"><b data-path-to-node=\"9,0,0\" data-index-in-node=\"0\">Trys skirtingi stiliai:<\/b> Rinkit\u0117s i\u0161 klasikinio sagos formos \u017eenkliuko, tvirto butelio formos arba ne\u0161iojamo kriau\u0161\u0117s formos rakt\u0173 pakabuko.<\/p>\n<\/li>\n<li>\n<p data-path-to-node=\"9,1,0\"><b data-path-to-node=\"9,1,0\" data-index-in-node=\"0\">3D dervos apdaila:<\/b> J\u016bs\u0173 logotipas spausdinamas spalvota CMYK spalva ir apsaugotas kri\u0161tolo skaidrumo epoksidine pl\u0117vele, kad b\u016bt\u0173 u\u017etikrintas auk\u0161\u010diausios kokyb\u0117s ir blizgus vaizdas.<\/p>\n<\/li>\n<li>\n<p data-path-to-node=\"9,2,0\"><b data-path-to-node=\"9,2,0\" data-index-in-node=\"0\">Patvari konstrukcija:<\/b> Pagaminta i\u0161 nikeliu padengto plieno arba kieto metalo, kad b\u016bt\u0173 u\u017etikrintas ilgalaikis veikimas.<\/p>\n<\/li>\n<li>\n<p data-path-to-node=\"9,3,0\"><b data-path-to-node=\"9,3,0\" data-index-in-node=\"0\">Praktin\u0117 rinkodara:<\/b> Labai naudingas daiktas, u\u017etikrinantis, kad j\u016bs\u0173 prek\u0117s \u017eenklas b\u016bt\u0173 matomas vakar\u0117liuose, renginiuose ir namuose.<\/p>\n<\/li>\n<\/ul>","protected":false},"featured_media":6218,"comment_status":"closed","ping_status":"closed","template":"","meta":[],"product_brand":[],"product_cat":[119,121],"product_tag":[],"class_list":{"0":"post-6217","1":"product","2":"type-product","3":"status-publish","4":"has-post-thumbnail","6":"product_cat-drinkware-accessories","7":"product_cat-promotional-merchandise","9":"first","10":"instock","11":"shipping-taxable","12":"product-type-simple"},"_links":{"self":[{"href":"https:\/\/displayproducts.eu\/lt\/wp-json\/wp\/v2\/product\/6217","targetHints":{"allow":["GET"]}}],"collection":[{"href":"https:\/\/displayproducts.eu\/lt\/wp-json\/wp\/v2\/product"}],"about":[{"href":"https:\/\/displayproducts.eu\/lt\/wp-json\/wp\/v2\/types\/product"}],"replies":[{"embeddable":true,"href":"https:\/\/displayproducts.eu\/lt\/wp-json\/wp\/v2\/comments?post=6217"}],"wp:featuredmedia":[{"embeddable":true,"href":"https:\/\/displayproducts.eu\/lt\/wp-json\/wp\/v2\/media\/6218"}],"wp:attachment":[{"href":"https:\/\/displayproducts.eu\/lt\/wp-json\/wp\/v2\/media?parent=6217"}],"wp:term":[{"taxonomy":"product_brand","embeddable":true,"href":"https:\/\/displayproducts.eu\/lt\/wp-json\/wp\/v2\/product_brand?post=6217"},{"taxonomy":"product_cat","embeddable":true,"href":"https:\/\/displayproducts.eu\/lt\/wp-json\/wp\/v2\/product_cat?post=6217"},{"taxonomy":"product_tag","embeddable":true,"href":"https:\/\/displayproducts.eu\/lt\/wp-json\/wp\/v2\/product_tag?post=6217"}],"curies":[{"name":"wp","href":"https:\/\/api.w.org\/{rel}","templated":true}]}}