{"id":6212,"date":"2025-12-20T17:41:19","date_gmt":"2025-12-20T14:41:19","guid":{"rendered":"https:\/\/wristbandfactory.eu\/?post_type=product&#038;p=6212"},"modified":"2026-04-01T21:52:03","modified_gmt":"2026-04-01T18:52:03","slug":"custom-metal-lapel-pins-with-3d-domed-logo-epoxy","status":"publish","type":"product","link":"https:\/\/displayproducts.eu\/lt\/p\/custom-metal-lapel-pins-with-3d-domed-logo-epoxy\/","title":{"rendered":"Metaliniai \u017eenkliukai su 3D lipduku"},"content":{"rendered":"<p data-path-to-node=\"10\">Sukurkite ilgalaik\u012f \u012fsp\u016bd\u012f su m\u016bs\u0173 <b data-path-to-node=\"10\" data-index-in-node=\"62\">Metaliniai atlapo segtukai su 3D kupoliniais lipdukais<\/b>. \u0160ie smeigtukai puikiai dera tarp metalinio pagrindo svorio ir modernaus skaitmenin\u0117s spaudos universalumo. Tai idealus sprendimas preki\u0173 \u017eenklams su sud\u0117tingais logotipais, gradientais ar fotografijos elementais, kuri\u0173 standartiniai emaliniai smeigtukai negali atkartoti.<\/p>\n<p data-path-to-node=\"11\">Kiekvienas smeigtukas sudarytas i\u0161 specialios formos metalinio pagrindo, ant kurio u\u017eklijuota didel\u0117s rai\u0161kos lipni spauda. Tada ji \u012fkapsuliuojama \u012f skaidri\u0105, patvari\u0105 poliuretano derv\u0105 (i\u0161gaubt\u0105), sukuriant rafinuot\u0105 3D l\u0119\u0161io efekt\u0105, kuris pary\u0161kina spalvas ir apsaugo dizain\u0105 nuo nusid\u0117v\u0117jimo ir blukimo.<\/p>\n<h2 data-path-to-node=\"12\">Pagrindin\u0117s savyb\u0117s<\/h2>\n<ul data-path-to-node=\"13\">\n<li>\n<p data-path-to-node=\"13,0,0\"><b data-path-to-node=\"13,0,0\" data-index-in-node=\"0\">Neribotos dizaino galimyb\u0117s:<\/b> Skirtingai nuo \u0161tampuot\u0173 smeigtuk\u0173, m\u016bs\u0173 kupolin\u0117s spaudos procesas palaiko spalvot\u0105 CMYK spausdinim\u0105, o tai rei\u0161kia, kad n\u0117ra joki\u0173 apribojim\u0173 gradientams ar smulkioms detal\u0117ms.<\/p>\n<\/li>\n<li>\n<p data-path-to-node=\"13,1,0\"><b data-path-to-node=\"13,1,0\" data-index-in-node=\"0\">Apsaugin\u0117 apdaila:<\/b> Dervos kupolas padaro kai\u0161t\u012f atspar\u0173 \u012fbr\u0117\u017eimams, UV spinduliams ir pakankamai patvar\u0173 kasdieniam ne\u0161iojimui.<\/p>\n<\/li>\n<li>\n<p data-path-to-node=\"13,2,0\"><b data-path-to-node=\"13,2,0\" data-index-in-node=\"0\">Profesionalus pristatymas:<\/b> Poliruoto metalo ir blizgios dervos derinys sukuria auk\u0161t\u0105 suvokiam\u0105 vert\u0119, tinkan\u010di\u0105 \u012fmoni\u0173 aprangai.<\/p>\n<\/li>\n<li>\n<p data-path-to-node=\"13,3,0\"><b data-path-to-node=\"13,3,0\" data-index-in-node=\"0\">Saugus tvirtinimas:<\/b> Standarti\u0161kai komplektuojama su patogia naudoti drugelio tipo sankaba, apsaugan\u010dia nuo sukimosi ir atsitiktinio pametimo.<\/p>\n<\/li>\n<\/ul>\n<h2 data-path-to-node=\"14\">Specifikacijos<\/h2>\n<ul data-path-to-node=\"15\">\n<li>\n<p data-path-to-node=\"15,0,0\"><b data-path-to-node=\"15,0,0\" data-index-in-node=\"0\">Med\u017eiaga:<\/b> Metalo lydinio pagrindas + poliuretano dervos kupolas.<\/p>\n<\/li>\n<li>\n<p data-path-to-node=\"15,1,0\"><b data-path-to-node=\"15,1,0\" data-index-in-node=\"0\">Spausdinimas:<\/b> Skaitmeninis pilnaspalvis (CMYK).<\/p>\n<\/li>\n<li>\n<p data-path-to-node=\"15,2,0\"><b data-path-to-node=\"15,2,0\" data-index-in-node=\"0\">Forma:<\/b> Pilnai pritaikomas (supjaustomas pagal form\u0105).<\/p>\n<\/li>\n<li>\n<p data-path-to-node=\"15,3,0\"><b data-path-to-node=\"15,3,0\" data-index-in-node=\"0\">Standartinis priedas:<\/b> Drugelio sankaba (drugelio smeigtukas).<\/p>\n<\/li>\n<li>\n<p data-path-to-node=\"15,4,0\"><b data-path-to-node=\"15,4,0\" data-index-in-node=\"0\">Papildomas priedas:<\/b> Neodimio magnetas (saugus drabu\u017eiams, neduria).<\/p>\n<\/li>\n<li>\n<p data-path-to-node=\"15,5,0\"><b data-path-to-node=\"15,5,0\" data-index-in-node=\"0\">Pakavimo parinktys:<\/b><\/p>\n<ul data-path-to-node=\"15,5,1\">\n<li>\n<p data-path-to-node=\"15,5,1,0,0\">Masinis (standartinis).<\/p>\n<\/li>\n<li>\n<p data-path-to-node=\"15,5,1,1,0\">Individualus polietileninis mai\u0161elis su spausdinta kartonine pagrindine kortele.<\/p>\n<\/li>\n<li>\n<p data-path-to-node=\"15,5,1,2,0\">Auk\u0161\u010diausios kokyb\u0117s papuo\u0161al\u0173 d\u0117\u017eut\u0117 (apdovanojimams \/ dovanoms).<\/p>\n<\/li>\n<\/ul>\n<\/li>\n<\/ul>\n<h2 data-path-to-node=\"16\">Naudojimo atvejai<\/h2>\n<ul data-path-to-node=\"17\">\n<li>\n<p data-path-to-node=\"17,0,0\"><b data-path-to-node=\"17,0,0\" data-index-in-node=\"0\">Firminis identitetas:<\/b> Banko kasinink\u0173, vie\u0161bu\u010di\u0173 darbuotoj\u0173 ir oro linij\u0173 \u012fgul\u0173 kasdien\u0117s uniformos dalis.<\/p>\n<\/li>\n<li>\n<p data-path-to-node=\"17,1,0\"><b data-path-to-node=\"17,1,0\" data-index-in-node=\"0\">Reklamin\u0117s kampanijos:<\/b> Auk\u0161tos kokyb\u0117s dovanos produkt\u0173 pristatymams ir parodoms.<\/p>\n<\/li>\n<li>\n<p data-path-to-node=\"17,2,0\"><b data-path-to-node=\"17,2,0\" data-index-in-node=\"0\">Pripa\u017einimas ir apdovanojimai:<\/b> Darbuotoj\u0173 ir savanori\u0173 tarnybos met\u0173 \u017eenkleliai arba pasiekim\u0173 \u017eenkleliai.<\/p>\n<\/li>\n<\/ul>","protected":false},"excerpt":{"rendered":"<ul>\n<li>\n<p data-path-to-node=\"9,0,0\"><b data-path-to-node=\"9,0,0\" data-index-in-node=\"0\">Pasirinktin\u0117 forma:<\/b> Metalinis pagrindas pagamintas taip, kad atitikt\u0173 konkret\u0173 j\u016bs\u0173 logotipo ar dizaino kont\u016br\u0105.<\/p>\n<\/li>\n<li>\n<p data-path-to-node=\"9,1,0\"><b data-path-to-node=\"9,1,0\" data-index-in-node=\"0\">Nuotrauk\u0173 kokyb\u0117s spaudinys:<\/b> CMYK skaitmenin\u0117 spauda leid\u017eia gauti gradientus, nuotraukas ir sud\u0117tingas detales, kurios ne\u012fmanomos su emalio smeigtukais.<\/p>\n<\/li>\n<li>\n<p data-path-to-node=\"9,2,0\"><b data-path-to-node=\"9,2,0\" data-index-in-node=\"0\">3D dervos kupolas:<\/b> Kri\u0161tolinio skaidrumo epoksidin\u0117 danga suteikia auk\u0161\u010diausios kokyb\u0117s \u201cburbulo\u201d efekt\u0105 ir apsaugo nuo \u012fbr\u0117\u017eim\u0173.<\/p>\n<\/li>\n<li>\n<p data-path-to-node=\"9,3,0\"><b data-path-to-node=\"9,3,0\" data-index-in-node=\"0\">Universal\u016bs priedai:<\/b> Galima \u012fsigyti su standartine drugelio formos delninuke arba su drabu\u017eiams pritaikytu magnetiniu pagrindu.<\/p>\n<\/li>\n<\/ul>","protected":false},"featured_media":6216,"comment_status":"closed","ping_status":"closed","template":"","meta":[],"product_brand":[],"product_cat":[121],"product_tag":[],"class_list":{"0":"post-6212","1":"product","2":"type-product","3":"status-publish","4":"has-post-thumbnail","6":"product_cat-promotional-merchandise","8":"first","9":"instock","10":"shipping-taxable","11":"product-type-simple"},"_links":{"self":[{"href":"https:\/\/displayproducts.eu\/lt\/wp-json\/wp\/v2\/product\/6212","targetHints":{"allow":["GET"]}}],"collection":[{"href":"https:\/\/displayproducts.eu\/lt\/wp-json\/wp\/v2\/product"}],"about":[{"href":"https:\/\/displayproducts.eu\/lt\/wp-json\/wp\/v2\/types\/product"}],"replies":[{"embeddable":true,"href":"https:\/\/displayproducts.eu\/lt\/wp-json\/wp\/v2\/comments?post=6212"}],"wp:featuredmedia":[{"embeddable":true,"href":"https:\/\/displayproducts.eu\/lt\/wp-json\/wp\/v2\/media\/6216"}],"wp:attachment":[{"href":"https:\/\/displayproducts.eu\/lt\/wp-json\/wp\/v2\/media?parent=6212"}],"wp:term":[{"taxonomy":"product_brand","embeddable":true,"href":"https:\/\/displayproducts.eu\/lt\/wp-json\/wp\/v2\/product_brand?post=6212"},{"taxonomy":"product_cat","embeddable":true,"href":"https:\/\/displayproducts.eu\/lt\/wp-json\/wp\/v2\/product_cat?post=6212"},{"taxonomy":"product_tag","embeddable":true,"href":"https:\/\/displayproducts.eu\/lt\/wp-json\/wp\/v2\/product_tag?post=6212"}],"curies":[{"name":"wp","href":"https:\/\/api.w.org\/{rel}","templated":true}]}}