{"id":6207,"date":"2025-12-20T17:34:30","date_gmt":"2025-12-20T14:34:30","guid":{"rendered":"https:\/\/wristbandfactory.eu\/?post_type=product&#038;p=6207"},"modified":"2026-04-01T21:52:03","modified_gmt":"2026-04-01T18:52:03","slug":"custom-faux-leather-keychains-with-3d-domed-logo","status":"publish","type":"product","link":"https:\/\/displayproducts.eu\/lt\/p\/custom-faux-leather-keychains-with-3d-domed-logo\/","title":{"rendered":"Dirbtin\u0117s odos rakt\u0173 pakabukai su 3D lipduku"},"content":{"rendered":"<p data-path-to-node=\"10\">Pakelkite savo prek\u0117s \u017eenkl\u0105 \u012f auk\u0161tesn\u012f lyg\u012f su m\u016bs\u0173 <b data-path-to-node=\"10\" data-index-in-node=\"53\">Individual\u016bs dirbtin\u0117s odos rakt\u0173 pakabukai<\/b>, pasi\u017eymintys auk\u0161\u010diausios kokyb\u0117s 3D i\u0161gaubta apdaila. \u0160ie rakt\u0173 pakabukai pasi\u017eymi eleganti\u0161ka odos i\u0161vaizda ir modernia skaitmenin\u0117s spausdinimo technologija, tod\u0117l tai idealus pasirinkimas \u012fmon\u0117ms, ie\u0161kan\u010dioms \u012fmantrios reklamin\u0117s dovanos, kurios nekainuot\u0173 graviruoti ant tikros odos.<\/p>\n<p data-path-to-node=\"11\">\u0160io rakt\u0173 pakabuko centrin\u0117 dalis yra <b data-path-to-node=\"11\" data-index-in-node=\"40\">3D kupolo formos lipdukas<\/b> (taip pat \u017einoma kaip dervos etiket\u0117). J\u016bs\u0173 logotip\u0105 spausdiname ry\u0161kiomis CMYK spalvomis ir padengiame kri\u0161tolo skaidrumo poliuretano dervos sluoksniu. Tai ne tik suteikia j\u016bs\u0173 dizainui didinam\u0105j\u012f \u201c3D\u201d efekt\u0105, bet ir u\u017etikrina patvari\u0105 apsaug\u0105 nuo \u012fbr\u0117\u017eim\u0173 ir UV spinduli\u0173 blukimo.<\/p>\n<h2 data-path-to-node=\"12\">Pagrindin\u0117s savyb\u0117s<\/h2>\n<ul data-path-to-node=\"13\">\n<li>\n<p data-path-to-node=\"13,0,0\"><b data-path-to-node=\"13,0,0\" data-index-in-node=\"0\">Vienpusis arba dvipusis:<\/b> Rinkit\u0117s vienpus\u012f variant\u0105, jei norite eleganti\u0161ko ir paprasto \u012fvaizd\u017eio, arba padidinkite matomum\u0105 su dvipusiu modeliu, kurio logotipas yra priekyje ir gale.<\/p>\n<\/li>\n<li>\n<p data-path-to-node=\"13,1,0\"><b data-path-to-node=\"13,1,0\" data-index-in-node=\"0\">Vis\u0173 spalv\u0173 tikslumas:<\/b> Skirtingai nuo \u012fspaudimo, m\u016bs\u0173 skaitmenin\u0117s spaudos procesas puikiai perteikia gradientus ir sud\u0117tingas logotipo spalvas.<\/p>\n<\/li>\n<li>\n<p data-path-to-node=\"13,2,0\"><b data-path-to-node=\"13,2,0\" data-index-in-node=\"0\">Lyt\u0117jimo patirtis:<\/b> Mink\u0161tos dirbtin\u0117s odos ir lygaus, i\u0161kilaus dervos kupolo derinys sukuria auk\u0161tos kokyb\u0117s poj\u016bt\u012f rankoje.<\/p>\n<\/li>\n<li>\n<p data-path-to-node=\"13,3,0\"><b data-path-to-node=\"13,3,0\" data-index-in-node=\"0\">Ilgalaikis:<\/b> Dervos danga u\u017etikrina, kad j\u016bs\u0173 prek\u0117s \u017eenklo \u017einut\u0117 i\u0161likt\u0173 ai\u0161ki ir nepakitusi, net ir kasdien naudojant ant rakt\u0173 pakabuko.<\/p>\n<\/li>\n<\/ul>\n<h2 data-path-to-node=\"14\">Specifikacijos<\/h2>\n<ul data-path-to-node=\"15\">\n<li>\n<p data-path-to-node=\"15,0,0\"><b data-path-to-node=\"15,0,0\" data-index-in-node=\"0\">Med\u017eiaga:<\/b> Dirbtin\u0117s odos (PU) korpusas su poliuretano dervos etikete<\/p>\n<\/li>\n<li>\n<p data-path-to-node=\"15,1,0\"><b data-path-to-node=\"15,1,0\" data-index-in-node=\"0\">Spausdinimo b\u016bdas:<\/b> CMYK skaitmenin\u0117 spauda po dervos kupolu<\/p>\n<\/li>\n<li>\n<p data-path-to-node=\"15,2,0\"><b data-path-to-node=\"15,2,0\" data-index-in-node=\"0\">Dvipusio modelio matmenys:<\/b><\/p>\n<ul data-path-to-node=\"15,2,1\">\n<li>\n<p data-path-to-node=\"15,2,1,0,0\">Lipduko dydis: 19 \u00d7 21 mm<\/p>\n<\/li>\n<\/ul>\n<\/li>\n<li>\n<p data-path-to-node=\"15,3,0\"><b data-path-to-node=\"15,3,0\" data-index-in-node=\"0\">Vienpusio modelio standartin\u0117s formos:<\/b><\/p>\n<ul data-path-to-node=\"15,3,1\">\n<li>\n<p data-path-to-node=\"15,3,1,0,0\">Apvalus (skersmuo): 20 mm, 27 mm<\/p>\n<\/li>\n<li>\n<p data-path-to-node=\"15,3,1,1,0\">Kvadratinis\/sta\u010diakampis: 27 \u00d7 27 mm, 16 \u00d7 45 mm<\/p>\n<\/li>\n<\/ul>\n<\/li>\n<\/ul>\n<h2 data-path-to-node=\"16\">Naudojimo atvejai<\/h2>\n<ul data-path-to-node=\"17\">\n<li>\n<p data-path-to-node=\"17,0,0\"><b data-path-to-node=\"17,0,0\" data-index-in-node=\"0\">Automobili\u0173 pramon\u0117:<\/b> Idealios dovanos automobili\u0173 prekybos atstovams, automobili\u0173 plovimo \u012fmon\u0117ms ir nuomos agent\u016broms.<\/p>\n<\/li>\n<li>\n<p data-path-to-node=\"17,1,0\"><b data-path-to-node=\"17,1,0\" data-index-in-node=\"0\">Nekilnojamasis turtas:<\/b> Klasikin\u0117, patvari dovana naujiems nam\u0173 savininkams \u012fteikiant raktus.<\/p>\n<\/li>\n<li>\n<p data-path-to-node=\"17,2,0\"><b data-path-to-node=\"17,2,0\" data-index-in-node=\"0\">\u012emon\u0117s prek\u0117s \u017eenklo k\u016brimas:<\/b> Profesionalios prek\u0117s draudimo bendrov\u0117ms, bankams ir biuro reikmen\u0173 \u012fmon\u0117ms.<\/p>\n<\/li>\n<\/ul>\n<p data-path-to-node=\"18\">","protected":false},"excerpt":{"rendered":"<ul data-path-to-node=\"9\">\n<li>\n<p data-path-to-node=\"9,0,0\"><b data-path-to-node=\"9,0,0\" data-index-in-node=\"0\">Auk\u0161\u010diausios kokyb\u0117s i\u0161vaizda:<\/b> Auk\u0161tos kokyb\u0117s dirbtin\u0117 oda kartu su blizgia 3D dervos etikete sukuria rafinuot\u0105 i\u0161vaizd\u0105.<\/p>\n<\/li>\n<li>\n<p data-path-to-node=\"9,1,0\"><b data-path-to-node=\"9,1,0\" data-index-in-node=\"0\">Ry\u0161kus prek\u0117s \u017eenklas:<\/b> Skaitmenin\u0117 CMYK spauda leid\u017eia spausdinti spalvotus logotipus, apsaugotus \u012fbr\u0117\u017eimams atspariu dervos kupolu.<\/p>\n<\/li>\n<li>\n<p data-path-to-node=\"9,2,0\"><b data-path-to-node=\"9,2,0\" data-index-in-node=\"0\">Universalios parinktys:<\/b> Rinkit\u0117s vienpus\u012f arba dvipus\u012f suasmeninim\u0105, kad atitikt\u0173 j\u016bs\u0173 rinkodaros poreikius.<\/p>\n<\/li>\n<li>\n<p data-path-to-node=\"9,3,0\"><b data-path-to-node=\"9,3,0\" data-index-in-node=\"0\">Patvari apdaila:<\/b> Epoksidin\u0117s dervos sluoksnis apsaugo logotip\u0105 nuo nusid\u0117v\u0117jimo, blukimo ir vandens pa\u017eeidimo.<\/p>\n<\/li>\n<\/ul>","protected":false},"featured_media":6209,"comment_status":"closed","ping_status":"closed","template":"","meta":[],"product_brand":[],"product_cat":[94],"product_tag":[],"class_list":{"0":"post-6207","1":"product","2":"type-product","3":"status-publish","4":"has-post-thumbnail","6":"product_cat-keychains","8":"first","9":"instock","10":"shipping-taxable","11":"product-type-simple"},"_links":{"self":[{"href":"https:\/\/displayproducts.eu\/lt\/wp-json\/wp\/v2\/product\/6207","targetHints":{"allow":["GET"]}}],"collection":[{"href":"https:\/\/displayproducts.eu\/lt\/wp-json\/wp\/v2\/product"}],"about":[{"href":"https:\/\/displayproducts.eu\/lt\/wp-json\/wp\/v2\/types\/product"}],"replies":[{"embeddable":true,"href":"https:\/\/displayproducts.eu\/lt\/wp-json\/wp\/v2\/comments?post=6207"}],"wp:featuredmedia":[{"embeddable":true,"href":"https:\/\/displayproducts.eu\/lt\/wp-json\/wp\/v2\/media\/6209"}],"wp:attachment":[{"href":"https:\/\/displayproducts.eu\/lt\/wp-json\/wp\/v2\/media?parent=6207"}],"wp:term":[{"taxonomy":"product_brand","embeddable":true,"href":"https:\/\/displayproducts.eu\/lt\/wp-json\/wp\/v2\/product_brand?post=6207"},{"taxonomy":"product_cat","embeddable":true,"href":"https:\/\/displayproducts.eu\/lt\/wp-json\/wp\/v2\/product_cat?post=6207"},{"taxonomy":"product_tag","embeddable":true,"href":"https:\/\/displayproducts.eu\/lt\/wp-json\/wp\/v2\/product_tag?post=6207"}],"curies":[{"name":"wp","href":"https:\/\/api.w.org\/{rel}","templated":true}]}}