{"id":6204,"date":"2025-12-20T17:26:54","date_gmt":"2025-12-20T14:26:54","guid":{"rendered":"https:\/\/wristbandfactory.eu\/?post_type=product&#038;p=6204"},"modified":"2026-04-01T21:52:34","modified_gmt":"2026-04-01T18:52:34","slug":"custom-printed-decorative-pillows-microfiber","status":"publish","type":"product","link":"https:\/\/displayproducts.eu\/lt\/p\/custom-printed-decorative-pillows-microfiber\/","title":{"rendered":"Pagalv\u0117l\u0117s su logotipu"},"content":{"rendered":"<p data-path-to-node=\"10\">Paverskite bet koki\u0105 erdv\u0119 prek\u0117s \u017eenklo k\u016brimo galimybe su m\u016bs\u0173 <b data-path-to-node=\"10\" data-index-in-node=\"82\">Dekoratyvin\u0117s pagalv\u0117l\u0117s su spausdintomis pagalv\u0117l\u0117mis<\/b>. Nesvarbu, ar jos skirtos kelioni\u0173 entuziastams, ar padidina komfort\u0105 renginiuose lauke, ar suteikia firmin\u012f atspalv\u012f vie\u0161bu\u010di\u0173 vestibiuliams ir restoranams, \u0161ios pagalv\u0117s u\u017etikrina, kad j\u016bs\u0173 \u017einut\u0117 b\u016bt\u0173 matoma ir jau\u010diama.<\/p>\n<p data-path-to-node=\"11\">Pagaminti i\u0161 auk\u0161tos kokyb\u0117s mink\u0161to mikropluo\u0161to, \u0161ie pagalv\u0117l\u0117s suteikia prabangos poj\u016bt\u012f, kur\u012f klientai vertina. Lygus pavir\u0161ius puikiai tinka <b data-path-to-node=\"11\" data-index-in-node=\"142\">fotorealistin\u0117 sublimacin\u0117 spauda<\/b>, leid\u017eianti sukurti sud\u0117tingus dizainus, gamini\u0173 nuotraukas ir ry\u0161kius logotipus, apiman\u010dius vis\u0105 pagalv\u0119.<\/p>\n<h2 data-path-to-node=\"12\">Pagrindin\u0117s savyb\u0117s<\/h2>\n<ul data-path-to-node=\"13\">\n<li>\n<p data-path-to-node=\"13,0,0\"><b data-path-to-node=\"13,0,0\" data-index-in-node=\"0\">Maksimalus prek\u0117s \u017eenklo matomumas:<\/b> Skirtingai nuo ma\u017e\u0173 daikt\u0173, pagalv\u0117s yra didel\u0117 drob\u0117. Abiej\u0173 pusi\u0173 panaudojimas leid\u017eia vykdyti k\u016brybin\u0119 rinkodar\u0105 \u2013 pavyzd\u017eiui, gyvenimo b\u016bdo atvaizd\u0105 priekyje ir j\u016bs\u0173 \u012fmon\u0117s logotip\u0105 gale.<\/p>\n<\/li>\n<li>\n<p data-path-to-node=\"13,1,0\"><b data-path-to-node=\"13,1,0\" data-index-in-node=\"0\">Auk\u0161\u010diausios kokyb\u0117s komfortas:<\/b> 200 g\/m\u00b2 mikropluo\u0161to audinys yra mink\u0161tas liesti, tod\u0117l tai funkcionalus daiktas, kur\u012f gav\u0117jai i\u0161 tikr\u0173j\u0173 nor\u0117s naudoti savo namuose ar biuruose.<\/p>\n<\/li>\n<li>\n<p data-path-to-node=\"13,2,0\"><b data-path-to-node=\"13,2,0\" data-index-in-node=\"0\">Patvarus ir ry\u0161kus:<\/b> 100% poliesterio konstrukcija u\u017etikrina, kad pagalv\u0117 i\u0161likt\u0173 savo forma, o spauda i\u0161likt\u0173 ry\u0161ki net ir po naudojimo.<\/p>\n<\/li>\n<li>\n<p data-path-to-node=\"13,3,0\"><b data-path-to-node=\"13,3,0\" data-index-in-node=\"0\">Paruo\u0161ta renginiui:<\/b> Puikus b\u016bdas papuo\u0161ti poilsio zonas prekybos parodose, festivaliuose ar VIP kampuose baruose ir klubuose.<\/p>\n<\/li>\n<\/ul>\n<h2 data-path-to-node=\"14\">Specifikacijos<\/h2>\n<ul data-path-to-node=\"15\">\n<li>\n<p data-path-to-node=\"15,0,0\"><b data-path-to-node=\"15,0,0\" data-index-in-node=\"0\">Med\u017eiaga:<\/b> 100% poliesterio mikropluo\u0161to<\/p>\n<\/li>\n<li>\n<p data-path-to-node=\"15,1,0\"><b data-path-to-node=\"15,1,0\" data-index-in-node=\"0\">Audinio svoris:<\/b> 200 g\/m\u00b2<\/p>\n<\/li>\n<li>\n<p data-path-to-node=\"15,2,0\"><b data-path-to-node=\"15,2,0\" data-index-in-node=\"0\">Spausdinimo technika:<\/b> Pilnaspalv\u0117 sublimacija (fotorealistin\u0117)<\/p>\n<\/li>\n<li>\n<p data-path-to-node=\"15,3,0\"><b data-path-to-node=\"15,3,0\" data-index-in-node=\"0\">Galimi dyd\u017eiai:<\/b><\/p>\n<ul data-path-to-node=\"15,3,1\">\n<li>\n<p data-path-to-node=\"15,3,1,0,0\"><b data-path-to-node=\"15,3,1,0,0\" data-index-in-node=\"0\">30 \u00d7 30 cm<\/b><\/p>\n<\/li>\n<li>\n<p data-path-to-node=\"15,3,1,1,0\"><b data-path-to-node=\"15,3,1,1,0\" data-index-in-node=\"0\">40 \u00d7 40 cm<\/b><\/p>\n<\/li>\n<\/ul>\n<\/li>\n<\/ul>\n<h2 data-path-to-node=\"16\">Naudojimo atvejai<\/h2>\n<ul>\n<li>\n<p data-path-to-node=\"6,0,0\"><b data-path-to-node=\"6,0,0\" data-index-in-node=\"0\">Renginiai ir akcijos:<\/b> Puikiai tinka lauko s\u0117dim\u0173 viet\u0173, VIP poilsio erdvi\u0173 festivaliuose ir prekybos parod\u0173 poilsio zon\u0173 logotipo apipavidalinimui.<\/p>\n<\/li>\n<li>\n<p data-path-to-node=\"6,1,0\"><b data-path-to-node=\"6,1,0\" data-index-in-node=\"0\">Svetingumas ir dekoras:<\/b> Suteikia suasmenint\u0105 akcent\u0105 vie\u0161bu\u010di\u0173 vestibiuliams, SPA laukimo sal\u0117ms, restoranams ir barams.<\/p>\n<\/li>\n<li>\n<p data-path-to-node=\"6,2,0\"><b data-path-to-node=\"6,2,0\" data-index-in-node=\"0\">Dovanos \u012fmon\u0117ms:<\/b> Auk\u0161\u010diausios kokyb\u0117s, mink\u0161ta dovana partneriams ir darbuotojams, puikiai tinkanti nam\u0173 biuro aplinkai.<\/p>\n<\/li>\n<\/ul>","protected":false},"excerpt":{"rendered":"<ul>\n<li>\n<p data-path-to-node=\"9,0,0\"><b data-path-to-node=\"9,0,0\" data-index-in-node=\"0\">Fotorealistinis prek\u0117s \u017eenklo k\u016brimas:<\/b> Didel\u0117s rai\u0161kos viso pavir\u0161iaus spauda, skirta ry\u0161kiems logotipams ir sodriems vaizdams.<\/p>\n<\/li>\n<li>\n<p data-path-to-node=\"9,1,0\"><b data-path-to-node=\"9,1,0\" data-index-in-node=\"0\">Auk\u0161\u010diausios kokyb\u0117s med\u017eiaga:<\/b> Pagaminta i\u0161 100% poliesterio mikropluo\u0161to (200 g\/m\u00b2) su prabangia, mink\u0161ta tekst\u016bra.<\/p>\n<\/li>\n<li>\n<p data-path-to-node=\"9,2,0\"><b data-path-to-node=\"9,2,0\" data-index-in-node=\"0\">Dvipusis dizainas:<\/b> Nor\u0117dami maksimalaus efekto, vienoje pus\u0117je atspausdinkite produkto vaizd\u0105, o kitoje \u2013 savo logotip\u0105.<\/p>\n<\/li>\n<li>\n<p data-path-to-node=\"9,3,0\"><b data-path-to-node=\"9,3,0\" data-index-in-node=\"0\">Universalus naudojimas:<\/b> Idealiai tinka kelioni\u0173 kampanijoms, vie\u0161bu\u010diams, restoranams ir lauko rengini\u0173 s\u0117dimoms vietoms.<\/p>\n<\/li>\n<\/ul>","protected":false},"featured_media":6206,"comment_status":"closed","ping_status":"closed","template":"","meta":[],"product_brand":[],"product_cat":[129,68],"product_tag":[],"class_list":{"0":"post-6204","1":"product","2":"type-product","3":"status-publish","4":"has-post-thumbnail","6":"product_cat-leisure-lifestyle","7":"product_cat-event-supplies","9":"first","10":"instock","11":"shipping-taxable","12":"product-type-simple"},"_links":{"self":[{"href":"https:\/\/displayproducts.eu\/lt\/wp-json\/wp\/v2\/product\/6204","targetHints":{"allow":["GET"]}}],"collection":[{"href":"https:\/\/displayproducts.eu\/lt\/wp-json\/wp\/v2\/product"}],"about":[{"href":"https:\/\/displayproducts.eu\/lt\/wp-json\/wp\/v2\/types\/product"}],"replies":[{"embeddable":true,"href":"https:\/\/displayproducts.eu\/lt\/wp-json\/wp\/v2\/comments?post=6204"}],"wp:featuredmedia":[{"embeddable":true,"href":"https:\/\/displayproducts.eu\/lt\/wp-json\/wp\/v2\/media\/6206"}],"wp:attachment":[{"href":"https:\/\/displayproducts.eu\/lt\/wp-json\/wp\/v2\/media?parent=6204"}],"wp:term":[{"taxonomy":"product_brand","embeddable":true,"href":"https:\/\/displayproducts.eu\/lt\/wp-json\/wp\/v2\/product_brand?post=6204"},{"taxonomy":"product_cat","embeddable":true,"href":"https:\/\/displayproducts.eu\/lt\/wp-json\/wp\/v2\/product_cat?post=6204"},{"taxonomy":"product_tag","embeddable":true,"href":"https:\/\/displayproducts.eu\/lt\/wp-json\/wp\/v2\/product_tag?post=6204"}],"curies":[{"name":"wp","href":"https:\/\/api.w.org\/{rel}","templated":true}]}}