{"id":6201,"date":"2025-12-20T17:18:10","date_gmt":"2025-12-20T14:18:10","guid":{"rendered":"https:\/\/wristbandfactory.eu\/?post_type=product&#038;p=6201"},"modified":"2026-04-01T21:52:03","modified_gmt":"2026-04-01T18:52:03","slug":"custom-fan-scarves-sports-supporters-scarves-knitted-or-printed","status":"publish","type":"product","link":"https:\/\/displayproducts.eu\/lt\/p\/custom-fan-scarves-sports-supporters-scarves-knitted-or-printed\/","title":{"rendered":"Sirgali\u0173 \u0161alikai su logotipu"},"content":{"rendered":"<p data-path-to-node=\"10\">Stiprinkite komandos vienyb\u0119 ir padidinkite prek\u0117s \u017eenklo matomum\u0105 su m\u016bs\u0173 <b data-path-to-node=\"10\" data-index-in-node=\"86\">Nestandartiniai ventiliatori\u0173 \u0161alikai<\/b>. Nesvarbu, ar tai b\u016bt\u0173 profesionalus futbolo klubas, vietin\u0117 sporto komanda, ar \u012fmon\u0117s reklaminis renginys, \u0161ie \u0161alikai yra puikus palaikymo komandos aksesuaras. Mes si\u016blome universalius gamybos variantus, kad atitikt\u0173 j\u016bs\u0173 konkre\u010dius dizaino poreikius \u2013 nuo tradicinio \u0161ilumo iki didel\u0117s rai\u0161kos grafikos.<\/p>\n<p data-path-to-node=\"11\">M\u016bs\u0173 asortimente yra trys specializuoti modeliai, u\u017etikrinantys geriausi\u0105 j\u016bs\u0173 logotipo i\u0161vaizd\u0105 \u2013 tiek tiesiai \u012fausto \u012f audin\u012f, tiek atspausdinto su fotorealistiniu tikslumu.<\/p>\n<h2 data-path-to-node=\"12\">Pagrindin\u0117s savyb\u0117s<\/h2>\n<ul data-path-to-node=\"13\">\n<li>\n<p data-path-to-node=\"13,0,0\"><b data-path-to-node=\"13,0,0\" data-index-in-node=\"0\">Klasikinis megztas \u0161alikas:<\/b> Tradicinis pasirinkimas. Dvipusis dizainas leid\u017eia naudoti skirtingus logotipus kiekvienoje pus\u0117je. Pagaminta i\u0161 mink\u0161to 100% akrilo, u\u017etikrinan\u010dio \u0161ilum\u0105 ir ilgaam\u017ei\u0161kum\u0105.<\/p>\n<\/li>\n<li>\n<p data-path-to-node=\"13,1,0\"><b data-path-to-node=\"13,1,0\" data-index-in-node=\"0\">Unikalaus paveiksl\u0117lio \u0161alikas (spausdintas):<\/b> Sukurta sud\u0117tingai grafikai. Naudoja veidrodinio atspind\u017eio efekt\u0105 vienoje pus\u0117je, kad b\u016bt\u0173 i\u0161gauti ry\u0161k\u016bs, detal\u016bs atspaudai, kuri\u0173 mezgimas negali prilygti.<\/p>\n<\/li>\n<li>\n<p data-path-to-node=\"13,2,0\"><b data-path-to-node=\"13,2,0\" data-index-in-node=\"0\">Megztas \u0161alikas su emblema:<\/b> I\u0161skirtinis, auk\u0161\u010diausios kokyb\u0117s variantas. Klasikinis megztas pagrindas su detalia pritvirtinta emblema sukuria prabang\u0173 \u012fvaizd\u012f.<\/p>\n<\/li>\n<\/ul>\n<h2 data-path-to-node=\"14\">Specifikacijos<\/h2>\n<table data-path-to-node=\"15\">\n<thead>\n<tr>\n<td><strong>Modelio tipas<\/strong><\/td>\n<td><strong>Matmenys<\/strong><\/td>\n<td><strong>Med\u017eiagos sud\u0117tis<\/strong><\/td>\n<td><strong>Pagrindin\u0117 charakteristika<\/strong><\/td>\n<\/tr>\n<\/thead>\n<tbody>\n<tr>\n<td><span data-path-to-node=\"15,1,0,0\"><b data-path-to-node=\"15,1,0,0\" data-index-in-node=\"0\">Megztas \u0161alikas<\/b><\/span><\/td>\n<td><span data-path-to-node=\"15,1,1,0\">18 \u00d7 140 cm<\/span><\/td>\n<td><span data-path-to-node=\"15,1,2,0\">100% akrilas<\/span><\/td>\n<td><span data-path-to-node=\"15,1,3,0\">Dvipusis, klasikinis \u0161iluma<\/span><\/td>\n<\/tr>\n<tr>\n<td><span data-path-to-node=\"15,2,0,0\"><b data-path-to-node=\"15,2,0,0\" data-index-in-node=\"0\">Vaizdo skara<\/b><\/span><\/td>\n<td><span data-path-to-node=\"15,2,1,0\">20 \u00d7 130 cm<\/span><\/td>\n<td><span data-path-to-node=\"15,2,2,0\">80% akrilas, 20% poliesteris<\/span><\/td>\n<td><span data-path-to-node=\"15,2,3,0\">Didelio detalumo spauda, veidrod\u017eio efektas<\/span><\/td>\n<\/tr>\n<tr>\n<td><span data-path-to-node=\"15,3,0,0\"><b data-path-to-node=\"15,3,0,0\" data-index-in-node=\"0\">Emblemos \u0161alikas<\/b><\/span><\/td>\n<td><span data-path-to-node=\"15,3,1,0\">19 \u00d7 130 cm<\/span><\/td>\n<td><span data-path-to-node=\"15,3,2,0\">100% akrilas<\/span><\/td>\n<td><span data-path-to-node=\"15,3,3,0\">Auk\u0161\u010diausios kokyb\u0117s siuvin\u0117tas pleistras<\/span><\/td>\n<\/tr>\n<\/tbody>\n<\/table>\n<h2 data-path-to-node=\"16\">Naudojimo atvejai<\/h2>\n<ul data-path-to-node=\"17\">\n<li>\n<p data-path-to-node=\"17,0,0\"><b data-path-to-node=\"17,0,0\" data-index-in-node=\"0\">Sporto preki\u0173 reklama:<\/b> Esminis pajam\u0173 generatorius futbolo, ledo ritulio ir krep\u0161inio klub\u0173 gerb\u0117j\u0173 parduotuv\u0117ms.<\/p>\n<\/li>\n<li>\n<p data-path-to-node=\"17,1,0\"><b data-path-to-node=\"17,1,0\" data-index-in-node=\"0\">Renginio r\u0117mimas:<\/b> Gerai matomas prek\u0117s \u017eenklo dizainas stadion\u0173 minioms ir didelio masto sporto renginiams.<\/p>\n<\/li>\n<li>\n<p data-path-to-node=\"17,2,0\"><b data-path-to-node=\"17,2,0\" data-index-in-node=\"0\">\u012emoni\u0173 dovanos:<\/b> \u0160iltos ir prakti\u0161kos dovanos \u017eiemos renginiams ar komandos formavimo u\u017esi\u0117mimams lauke.<\/p>\n<\/li>\n<\/ul>","protected":false},"excerpt":{"rendered":"<ul>\n<li>\n<p data-path-to-node=\"9,0,0\"><b data-path-to-node=\"9,0,0\" data-index-in-node=\"0\">Trys skirtingi stiliai:<\/b> Rinkit\u0117s i\u0161 klasikinio megzto (\u017eakardo), su HD atvaizdu spausdinto arba i\u0161skirtinio emblemos modelio.<\/p>\n<\/li>\n<li>\n<p data-path-to-node=\"9,1,0\"><b data-path-to-node=\"9,1,0\" data-index-in-node=\"0\">Auk\u0161tos kokyb\u0117s med\u017eiagos:<\/b> Pagaminta i\u0161 \u0161ilto 100% akrilo arba detalaus poliakrilo mi\u0161inio, kad atspaudai b\u016bt\u0173 ry\u0161kesni.<\/p>\n<\/li>\n<li>\n<p data-path-to-node=\"9,2,0\"><b data-path-to-node=\"9,2,0\" data-index-in-node=\"0\">Dvipusis prek\u0117s \u017eenklo u\u017era\u0161as:<\/b> Megzti modeliai leid\u017eia sukurti skirtingus individualius dizainus priekyje ir gale.<\/p>\n<\/li>\n<li>\n<p data-path-to-node=\"9,3,0\"><b data-path-to-node=\"9,3,0\" data-index-in-node=\"0\">Geriausios gerb\u0117j\u0173 prek\u0117s:<\/b> Standartinis futbolo klub\u0173, sporto komand\u0173 ir reklamini\u0173 rengini\u0173 aksesuaras.<\/p>\n<\/li>\n<\/ul>","protected":false},"featured_media":6202,"comment_status":"closed","ping_status":"closed","template":"","meta":[],"product_brand":[],"product_cat":[123],"product_tag":[],"class_list":{"0":"post-6201","1":"product","2":"type-product","3":"status-publish","4":"has-post-thumbnail","6":"product_cat-fan-cheering-items","8":"first","9":"instock","10":"shipping-taxable","11":"product-type-simple"},"_links":{"self":[{"href":"https:\/\/displayproducts.eu\/lt\/wp-json\/wp\/v2\/product\/6201","targetHints":{"allow":["GET"]}}],"collection":[{"href":"https:\/\/displayproducts.eu\/lt\/wp-json\/wp\/v2\/product"}],"about":[{"href":"https:\/\/displayproducts.eu\/lt\/wp-json\/wp\/v2\/types\/product"}],"replies":[{"embeddable":true,"href":"https:\/\/displayproducts.eu\/lt\/wp-json\/wp\/v2\/comments?post=6201"}],"wp:featuredmedia":[{"embeddable":true,"href":"https:\/\/displayproducts.eu\/lt\/wp-json\/wp\/v2\/media\/6202"}],"wp:attachment":[{"href":"https:\/\/displayproducts.eu\/lt\/wp-json\/wp\/v2\/media?parent=6201"}],"wp:term":[{"taxonomy":"product_brand","embeddable":true,"href":"https:\/\/displayproducts.eu\/lt\/wp-json\/wp\/v2\/product_brand?post=6201"},{"taxonomy":"product_cat","embeddable":true,"href":"https:\/\/displayproducts.eu\/lt\/wp-json\/wp\/v2\/product_cat?post=6201"},{"taxonomy":"product_tag","embeddable":true,"href":"https:\/\/displayproducts.eu\/lt\/wp-json\/wp\/v2\/product_tag?post=6201"}],"curies":[{"name":"wp","href":"https:\/\/api.w.org\/{rel}","templated":true}]}}