{"id":6196,"date":"2025-12-20T17:11:39","date_gmt":"2025-12-20T14:11:39","guid":{"rendered":"https:\/\/wristbandfactory.eu\/?post_type=product&#038;p=6196"},"modified":"2026-04-01T21:52:03","modified_gmt":"2026-04-01T18:52:03","slug":"custom-printed-beeswax-food-wraps-bags-gots-certified-cotton","status":"publish","type":"product","link":"https:\/\/displayproducts.eu\/lt\/p\/custom-printed-beeswax-food-wraps-bags-gots-certified-cotton\/","title":{"rendered":"Bi\u010di\u0173 va\u0161ko drobel\u0117s su logotipu"},"content":{"rendered":"<p data-path-to-node=\"12\">Padidinkite savo \u012fmon\u0117s socialin\u0119 atsakomyb\u0119 su m\u016bs\u0173 <b data-path-to-node=\"12\" data-index-in-node=\"79\">Individualiai spausdintos bi\u010di\u0173 va\u0161ko maisto pl\u0117vel\u0117s<\/b>. \u0160ios pl\u0117vel\u0117s, kaip tvari alternatyva vienkartiniams plastikiniams indams, si\u016blo novatori\u0161k\u0105 ir ekologi\u0161k\u0105 b\u016bd\u0105 i\u0161laikyti maist\u0105 \u0161vie\u017ei\u0105. Puikiai tinkan\u010dios ekologi\u0161kai s\u0105moningiems preki\u0173 \u017eenklams, \u0161ios pl\u0117vel\u0117s paver\u010dia kasdienius virtuv\u0117s reikmenis veiksmingais reklaminiais teiginiais.<\/p>\n<p data-path-to-node=\"13\">Pagaminti i\u0161 auk\u0161tos kokyb\u0117s, 100% nat\u016brali\u0173 med\u017eiag\u0173, m\u016bs\u0173 lava\u0161ai, veikiami j\u016bs\u0173 rank\u0173 \u0161ilumos, apgaubia vaisius, dar\u017eoves, sumu\u0161tinius ar duben\u0117lius ir sukuria kv\u0117puojant\u012f sandarum\u0105, kuris ilgiau i\u0161laiko maist\u0105 \u0161vie\u017ei\u0105.<\/p>\n<h2 data-path-to-node=\"14\">Pagrindin\u0117s savyb\u0117s<\/h2>\n<ul data-path-to-node=\"15\">\n<li>\n<p data-path-to-node=\"15,0,0\"><b data-path-to-node=\"15,0,0\" data-index-in-node=\"0\">Nulin\u0117s atliekos sprendimas:<\/b> Visi\u0161kai biologi\u0161kai skaidomas ir kompostuojamas, pakei\u010dia vienkartines plastikines pl\u0117veles ir folij\u0105.<\/p>\n<\/li>\n<li>\n<p data-path-to-node=\"15,1,0\"><b data-path-to-node=\"15,1,0\" data-index-in-node=\"0\">Sertifikuota kokyb\u0117:<\/b> Mes naudojame tik GOTS sertifikuot\u0105 spausdinam\u0105 medviln\u0119, u\u017etikrindami, kad audinys b\u016bt\u0173 ekologi\u0161kas ir eti\u0161kai gautas.<\/p>\n<\/li>\n<li>\n<p data-path-to-node=\"15,2,0\"><b data-path-to-node=\"15,2,0\" data-index-in-node=\"0\">Nat\u016bralus i\u0161saugojimas:<\/b> Unikalus bi\u010di\u0173 va\u0161ko, simondsij\u0173 aliejaus ir pu\u0161ies dervos mi\u0161inys suteikia nat\u016brali\u0173 antibakterini\u0173 savybi\u0173.<\/p>\n<\/li>\n<li>\n<p data-path-to-node=\"15,3,0\"><b data-path-to-node=\"15,3,0\" data-index-in-node=\"0\">Universalus prek\u0117s \u017eenklo k\u016brimas:<\/b> J\u016bs\u0173 logotipas arba individualus ra\u0161tas gali b\u016bti atspausdintas tiesiai ant audinio, u\u017etikrinant kasdien\u012f prek\u0117s \u017eenklo matomum\u0105 namuose ir biuruose.<\/p>\n<\/li>\n<li>\n<p data-path-to-node=\"15,4,0\"><b data-path-to-node=\"15,4,0\" data-index-in-node=\"0\">Ilgalaikis:<\/b> \u0160ie lipdukai, kuriuos lengva pri\u017ei\u016br\u0117ti (skalbti drungname vandenyje), yra skirti daugkartiniam naudojimui, tod\u0117l reklaminiai biud\u017eetai atsiperka labai greitai.<\/p>\n<\/li>\n<\/ul>\n<h2 data-path-to-node=\"16\">Specifikacijos<\/h2>\n<ul data-path-to-node=\"17\">\n<li>\n<p data-path-to-node=\"17,0,0\"><b data-path-to-node=\"17,0,0\" data-index-in-node=\"0\">Med\u017eiagos sud\u0117tis:<\/b> GOTS medviln\u0117, bi\u010di\u0173 va\u0161kas (maistinis), simondsij\u0173 aliejus, pu\u0161ies derva.<\/p>\n<\/li>\n<li>\n<p data-path-to-node=\"17,1,0\"><b data-path-to-node=\"17,1,0\" data-index-in-node=\"0\">Standartiniai lap\u0173 dyd\u017eiai:<\/b><\/p>\n<ul data-path-to-node=\"17,1,1\">\n<li>\n<p data-path-to-node=\"17,1,1,0,0\"><b data-path-to-node=\"17,1,1,0,0\" data-index-in-node=\"0\">Ma\u017eas (18 \u00d7 18 cm):<\/b> U\u017ekand\u017eiams, supjaustytiems vaisiams arba ma\u017eiems stiklainiams u\u017edengti.<\/p>\n<\/li>\n<li>\n<p data-path-to-node=\"17,1,1,1,0\"><b data-path-to-node=\"17,1,1,1,0\" data-index-in-node=\"0\">Vidutinis (25 \u00d7 25 cm):<\/b> Idealiai tinka s\u016briui, sumu\u0161tiniams ar vidutinio dyd\u017eio duben\u0117liams.<\/p>\n<\/li>\n<li>\n<p data-path-to-node=\"17,1,1,2,0\"><b data-path-to-node=\"17,1,1,2,0\" data-index-in-node=\"0\">Didelis (36 \u00d7 36 cm):<\/b> U\u017edengia didelius dubenis, duon\u0105 ar melionus.<\/p>\n<\/li>\n<\/ul>\n<\/li>\n<li>\n<p data-path-to-node=\"17,2,0\"><b data-path-to-node=\"17,2,0\" data-index-in-node=\"0\">Krep\u0161i\u0173 dyd\u017eiai:<\/b><\/p>\n<ul data-path-to-node=\"17,2,1\">\n<li>\n<p data-path-to-node=\"17,2,1,0,0\"><b data-path-to-node=\"17,2,1,0,0\" data-index-in-node=\"0\">Vidutinio dyd\u017eio krep\u0161ys (16 \u00d7 23 cm):<\/b> Puikiai tinka u\u017ekand\u017ei\u0173 baton\u0117liams ir sumu\u0161tiniams kelyje.<\/p>\n<\/li>\n<li>\n<p data-path-to-node=\"17,2,1,1,0\"><b data-path-to-node=\"17,2,1,1,0\" data-index-in-node=\"0\">Didelis krep\u0161ys (23 \u00d7 32 cm):<\/b> Tinka kepiniams, \u0161vie\u017eioms dar\u017eov\u0117ms ar didesniems produktams.<\/p>\n<\/li>\n<\/ul>\n<\/li>\n<li>\n<p data-path-to-node=\"17,3,0\"><b data-path-to-node=\"17,3,0\" data-index-in-node=\"0\">Pritaikymas:<\/b> Galimas viso pavir\u0161iaus spausdinimas arba logotipo i\u0161d\u0117stymas.<\/p>\n<\/li>\n<\/ul>\n<h2 data-path-to-node=\"18\">Naudojimo atvejai<\/h2>\n<ul data-path-to-node=\"19\">\n<li>\n<p data-path-to-node=\"19,0,0\"><b data-path-to-node=\"19,0,0\" data-index-in-node=\"0\">Dovanos \u012fmon\u0117ms:<\/b> Apgalvota, tvari dovana darbuotojams ir klientams, atitinkanti \u017eali\u0105sias iniciatyvas.<\/p>\n<\/li>\n<li>\n<p data-path-to-node=\"19,1,0\"><b data-path-to-node=\"19,1,0\" data-index-in-node=\"0\">Renginio atributika:<\/b> Didel\u0117s vert\u0117s dovanos maisto festivaliams, tvarumo konferencijoms ir prekybos parodoms.<\/p>\n<\/li>\n<li>\n<p data-path-to-node=\"19,2,0\"><b data-path-to-node=\"19,2,0\" data-index-in-node=\"0\">Ma\u017emenin\u0117 prekyba ir perpardavimas:<\/b> Puikiai tinka ekologi\u0161k\u0173 maisto produkt\u0173 parduotuv\u0117ms, nulin\u0117s atliekos parduotuv\u0117ms ir muziej\u0173 dovan\u0173 parduotuv\u0117ms.<\/p>\n<\/li>\n<\/ul>","protected":false},"excerpt":{"rendered":"<ul>\n<li>\n<p data-path-to-node=\"11,0,0\"><b data-path-to-node=\"11,0,0\" data-index-in-node=\"0\">100% nat\u016bralios med\u017eiagos:<\/b> Pagaminta i\u0161 GOTS sertifikuotos medviln\u0117s, gryno bi\u010di\u0173 va\u0161ko, simondsij\u0173 aliejaus ir pu\u0161ies dervos.<\/p>\n<\/li>\n<li>\n<p data-path-to-node=\"11,1,0\"><b data-path-to-node=\"11,1,0\" data-index-in-node=\"0\">Ekologi\u0161kas prek\u0117s \u017eenklas:<\/b> Tvari, biologi\u0161kai skaidoma alternatyva plastikinei maistinei pl\u0117velei ir aliuminio folijai.<\/p>\n<\/li>\n<li>\n<p data-path-to-node=\"11,2,0\"><b data-path-to-node=\"11,2,0\" data-index-in-node=\"0\">Pritaikoma:<\/b> Galima \u012fsigyti \u012fvairi\u0173 lap\u0173 dyd\u017ei\u0173 ir mai\u0161eli\u0173 su spalvoto logotipo spausdinimo parinktimis.<\/p>\n<\/li>\n<li>\n<p data-path-to-node=\"11,3,0\"><b data-path-to-node=\"11,3,0\" data-index-in-node=\"0\">Daugkartinio naudojimo ir skalbiamas:<\/b> Patvarus dizainas, kuris formuojasi su rank\u0173 \u0161iluma ir tarnauja daugkartiniam naudojimui.<\/p>\n<\/li>\n<\/ul>","protected":false},"featured_media":6198,"comment_status":"closed","ping_status":"closed","template":"","meta":[],"product_brand":[],"product_cat":[121],"product_tag":[],"class_list":{"0":"post-6196","1":"product","2":"type-product","3":"status-publish","4":"has-post-thumbnail","6":"product_cat-promotional-merchandise","8":"first","9":"instock","10":"shipping-taxable","11":"purchasable","12":"product-type-simple"},"_links":{"self":[{"href":"https:\/\/displayproducts.eu\/lt\/wp-json\/wp\/v2\/product\/6196","targetHints":{"allow":["GET"]}}],"collection":[{"href":"https:\/\/displayproducts.eu\/lt\/wp-json\/wp\/v2\/product"}],"about":[{"href":"https:\/\/displayproducts.eu\/lt\/wp-json\/wp\/v2\/types\/product"}],"replies":[{"embeddable":true,"href":"https:\/\/displayproducts.eu\/lt\/wp-json\/wp\/v2\/comments?post=6196"}],"wp:featuredmedia":[{"embeddable":true,"href":"https:\/\/displayproducts.eu\/lt\/wp-json\/wp\/v2\/media\/6198"}],"wp:attachment":[{"href":"https:\/\/displayproducts.eu\/lt\/wp-json\/wp\/v2\/media?parent=6196"}],"wp:term":[{"taxonomy":"product_brand","embeddable":true,"href":"https:\/\/displayproducts.eu\/lt\/wp-json\/wp\/v2\/product_brand?post=6196"},{"taxonomy":"product_cat","embeddable":true,"href":"https:\/\/displayproducts.eu\/lt\/wp-json\/wp\/v2\/product_cat?post=6196"},{"taxonomy":"product_tag","embeddable":true,"href":"https:\/\/displayproducts.eu\/lt\/wp-json\/wp\/v2\/product_tag?post=6196"}],"curies":[{"name":"wp","href":"https:\/\/api.w.org\/{rel}","templated":true}]}}