{"id":6193,"date":"2025-12-20T16:56:00","date_gmt":"2025-12-20T13:56:00","guid":{"rendered":"https:\/\/wristbandfactory.eu\/?post_type=product&#038;p=6193"},"modified":"2026-04-01T21:52:34","modified_gmt":"2026-04-01T18:52:34","slug":"plantable-id-cards-with-linden-seeds-personalized","status":"publish","type":"product","link":"https:\/\/displayproducts.eu\/lt\/p\/plantable-id-cards-with-linden-seeds-personalized\/","title":{"rendered":"Sodinamos vardo kortel\u0117s"},"content":{"rendered":"<p data-path-to-node=\"12\">Paverskite savo renginio akreditacij\u0105 \u017ealiuoju parei\u0161kimu su m\u016bs\u0173 <b data-path-to-node=\"12\" data-index-in-node=\"92\">S\u0117jamos asmens tapatyb\u0117s kortel\u0117s su liep\u0173 s\u0117klomis<\/b>. Skirtingai nuo standartini\u0173 plastikini\u0173 ar popierini\u0173 \u017eenkliuk\u0173, \u0161ios novatori\u0161kos kortel\u0117s pasi\u017eymi unikaliu ekologi\u0161ku akcentu: priekyje pritvirtinta ma\u017ea, biologi\u0161kai skaidoma MDF d\u0117\u017eut\u0117, kurioje laikomas tikras liepmedis (<i data-path-to-node=\"12\" data-index-in-node=\"310\">Tilia<\/i>) s\u0117klos.<\/p>\n<p data-path-to-node=\"13\">\u0160ios kortel\u0117s, pagamintos i\u0161 auk\u0161tos kokyb\u0117s impregnuoto popieriaus, yra sukurtos taip, kad atlaikyt\u0173 keli\u0173 dien\u0173 konferencij\u0173 ar festivali\u0173 d\u0117v\u0117jim\u0105si ir i\u0161likt\u0173 visi\u0161kai biologi\u0161kai skaid\u017eios. Po renginio dalyviai gali vis\u0105 kortel\u0119 pasodinti sode ar parke, kur s\u0117klos sudygs ir i\u0161augs \u012f med\u017eius, palikdamos ilgalaik\u012f, teigiam\u0105 ekologin\u012f palikim\u0105 ilgai po renginio pabaigos.<\/p>\n<h2 data-path-to-node=\"14\">Pagrindin\u0117s savyb\u0117s<\/h2>\n<ul data-path-to-node=\"15\">\n<li>\n<p data-path-to-node=\"15,0,0\"><b data-path-to-node=\"15,0,0\" data-index-in-node=\"0\">Kintam\u0173j\u0173 duomen\u0173 spausdinimas (VDP):<\/b> Galime atspausdinti individualius dalyvi\u0173 vardus, QR kodus arba viet\u0173 numerius tiesiai ant kiekvienos kortel\u0117s, tod\u0117l kiekvienas \u017eenkliukas yra unikalus ir paruo\u0161tas platinimui.<\/p>\n<\/li>\n<li>\n<p data-path-to-node=\"15,1,0\"><b data-path-to-node=\"15,1,0\" data-index-in-node=\"0\">Novatori\u0161kas s\u0117kl\u0173 konteineris:<\/b> S\u0117klos laikomos dekoratyvin\u0117je MDF kapsul\u0117je kortel\u0117s priekin\u0117je pus\u0117je, taip sukuriant tiesiogin\u012f vaizdin\u012f pokalbio apie tvarum\u0105 element\u0105.<\/p>\n<\/li>\n<li>\n<p data-path-to-node=\"15,2,0\"><b data-path-to-node=\"15,2,0\" data-index-in-node=\"0\">Spalvotas prek\u0117s \u017eenklo dizainas:<\/b> Didel\u0117s rai\u0161kos CMYK spauda galima tiek priekyje (4+0), tiek gale (4+4), kad j\u016bs\u0173 renginio prek\u0117s \u017eenklas b\u016bt\u0173 ry\u0161kiai pristatytas.<\/p>\n<\/li>\n<li>\n<p data-path-to-node=\"15,3,0\"><b data-path-to-node=\"15,3,0\" data-index-in-node=\"0\">Edukacin\u0117 vert\u0117:<\/b> Kitoje pus\u0117je atspausdintos ai\u0161kios sodinimo instrukcijos, kurios pad\u0117s naudotojui paversti savo asmens tapatyb\u0117s kortel\u0119 med\u017eiu.<\/p>\n<\/li>\n<\/ul>\n<h2 data-path-to-node=\"16\">Specifikacijos<\/h2>\n<ul data-path-to-node=\"17\">\n<li>\n<p data-path-to-node=\"17,0,0\"><b data-path-to-node=\"17,0,0\" data-index-in-node=\"0\">Matmenys:<\/b> 60 mm x 90 mm.<\/p>\n<\/li>\n<li>\n<p data-path-to-node=\"17,1,0\"><b data-path-to-node=\"17,1,0\" data-index-in-node=\"0\">Med\u017eiaga:<\/b> Impregnuotas popierius (biologi\u0161kai skaidus) + MDF s\u0117kl\u0173 konteineris.<\/p>\n<\/li>\n<li>\n<p data-path-to-node=\"17,2,0\"><b data-path-to-node=\"17,2,0\" data-index-in-node=\"0\">S\u0117klos tipas:<\/b> Liepa (<i data-path-to-node=\"17,2,0\" data-index-in-node=\"24\">Tilia<\/i>).<\/p>\n<\/li>\n<li>\n<p data-path-to-node=\"17,3,0\"><b data-path-to-node=\"17,3,0\" data-index-in-node=\"0\">Orientacija:<\/b> Galimos vertikalios arba horizontalios parinktys.<\/p>\n<\/li>\n<li>\n<p data-path-to-node=\"17,4,0\"><b data-path-to-node=\"17,4,0\" data-index-in-node=\"0\">Spausdinimas:<\/b> Skaitmeninis CMYK (pagal kintamuosius duomenis).<\/p>\n<\/li>\n<li>\n<p data-path-to-node=\"17,5,0\"><b data-path-to-node=\"17,5,0\" data-index-in-node=\"0\">Gamybos laikas:<\/b> Ma\u017edaug 2 savait\u0117s po patvirtinimo.<\/p>\n<\/li>\n<li>\n<p data-path-to-node=\"17,6,0\"><b data-path-to-node=\"17,6,0\" data-index-in-node=\"0\">Minimalus u\u017esakymo kiekis:<\/b> 100 vienet\u0173.<\/p>\n<\/li>\n<\/ul>\n<h2 data-path-to-node=\"18\">Naudojimo atvejai<\/h2>\n<ul data-path-to-node=\"19\">\n<li>\n<p data-path-to-node=\"19,0,0\"><b data-path-to-node=\"19,0,0\" data-index-in-node=\"0\">Tvarios konferencijos:<\/b> Geriausias \u201c\u017ealiasis\u201d \u017eenklelis aplinkosaugos auk\u0161\u010diausiojo lygio susitikimams ir klimato forumams.<\/p>\n<\/li>\n<li>\n<p data-path-to-node=\"19,1,0\"><b data-path-to-node=\"19,1,0\" data-index-in-node=\"0\">\u012emoni\u0173 socialin\u0117s atsakomyb\u0117s renginiai:<\/b> Parodykite savo \u012fmon\u0117s \u012fsipareigojim\u0105 aplinkai su \u017eenkleliais, kurie prisideda prie gamtos gerov\u0117s.<\/p>\n<\/li>\n<li>\n<p data-path-to-node=\"19,2,0\"><b data-path-to-node=\"19,2,0\" data-index-in-node=\"0\">Gamtos festivaliai:<\/b> Puikiai tinka renginiams lauke, kur grie\u017etai suma\u017einamas plastiko atliek\u0173 kiekis.<\/p>\n<\/li>\n<li>\n<p data-path-to-node=\"19,3,0\"><b data-path-to-node=\"19,3,0\" data-index-in-node=\"0\">VIP kvietimai:<\/b> Taip pat gali b\u016bti naudojami kaip prabang\u016bs, sodinami kvietimai i\u0161skirtin\u0117ms \u0161vent\u0117ms.<\/p>\n<\/li>\n<\/ul>","protected":false},"excerpt":{"rendered":"<ul data-path-to-node=\"11\">\n<li>\n<p data-path-to-node=\"11,0,0\"><b data-path-to-node=\"11,0,0\" data-index-in-node=\"0\">Ekologin\u0117 savyb\u0117:<\/b> Impregnuotas popierinis kartonas su matomu MDF indeliu, kuriame laikomos tikros liepmed\u017eio s\u0117klos.<\/p>\n<\/li>\n<li>\n<p data-path-to-node=\"11,1,0\"><b data-path-to-node=\"11,1,0\" data-index-in-node=\"0\">Personalizavimas:<\/b> Palaiko kintam\u0173j\u0173 duomen\u0173 spausdinim\u0105 (VDP) \u2013 ant kiekvienos kortel\u0117s atspausdinkite atskir\u0173 dalyvi\u0173 vardus, kodus arba pareigas.<\/p>\n<\/li>\n<li>\n<p data-path-to-node=\"11,2,0\"><b data-path-to-node=\"11,2,0\" data-index-in-node=\"0\">Dizainas:<\/b> Spalvota CMYK spauda (vienpus\u0117 arba dvipus\u0117) su sodinimo instrukcijomis kitoje pus\u0117je.<\/p>\n<\/li>\n<li>\n<p data-path-to-node=\"11,3,0\"><b data-path-to-node=\"11,3,0\" data-index-in-node=\"0\">Formatas:<\/b> Standartinis 60 x 90 mm dydis, galima rinktis vertikali\u0105 arba horizontali\u0105 orientacij\u0105.<\/p>\n<\/li>\n<\/ul>","protected":false},"featured_media":6293,"comment_status":"closed","ping_status":"closed","template":"","meta":[],"product_brand":[],"product_cat":[90,91],"product_tag":[],"class_list":{"0":"post-6193","1":"product","2":"type-product","3":"status-publish","4":"has-post-thumbnail","6":"product_cat-laminated-cards","7":"product_cat-badge-holders","9":"first","10":"instock","11":"shipping-taxable","12":"purchasable","13":"product-type-simple"},"_links":{"self":[{"href":"https:\/\/displayproducts.eu\/lt\/wp-json\/wp\/v2\/product\/6193","targetHints":{"allow":["GET"]}}],"collection":[{"href":"https:\/\/displayproducts.eu\/lt\/wp-json\/wp\/v2\/product"}],"about":[{"href":"https:\/\/displayproducts.eu\/lt\/wp-json\/wp\/v2\/types\/product"}],"replies":[{"embeddable":true,"href":"https:\/\/displayproducts.eu\/lt\/wp-json\/wp\/v2\/comments?post=6193"}],"wp:featuredmedia":[{"embeddable":true,"href":"https:\/\/displayproducts.eu\/lt\/wp-json\/wp\/v2\/media\/6293"}],"wp:attachment":[{"href":"https:\/\/displayproducts.eu\/lt\/wp-json\/wp\/v2\/media?parent=6193"}],"wp:term":[{"taxonomy":"product_brand","embeddable":true,"href":"https:\/\/displayproducts.eu\/lt\/wp-json\/wp\/v2\/product_brand?post=6193"},{"taxonomy":"product_cat","embeddable":true,"href":"https:\/\/displayproducts.eu\/lt\/wp-json\/wp\/v2\/product_cat?post=6193"},{"taxonomy":"product_tag","embeddable":true,"href":"https:\/\/displayproducts.eu\/lt\/wp-json\/wp\/v2\/product_tag?post=6193"}],"curies":[{"name":"wp","href":"https:\/\/api.w.org\/{rel}","templated":true}]}}