{"id":6191,"date":"2025-12-20T16:49:13","date_gmt":"2025-12-20T13:49:13","guid":{"rendered":"https:\/\/wristbandfactory.eu\/?post_type=product&#038;p=6191"},"modified":"2026-04-01T21:52:34","modified_gmt":"2026-04-01T18:52:34","slug":"custom-wooden-id-cards-event-badges-eco-plywood","status":"publish","type":"product","link":"https:\/\/displayproducts.eu\/lt\/p\/custom-wooden-id-cards-event-badges-eco-plywood\/","title":{"rendered":"Medin\u0117s ID kortel\u0117s"},"content":{"rendered":"<p data-path-to-node=\"12\">I\u0161siskirkite su m\u016bs\u0173 <b data-path-to-node=\"12\" data-index-in-node=\"44\">Medin\u0117s asmens tapatyb\u0117s kortel\u0117s pagal u\u017esakym\u0105<\/b>, rafinuota ir tvari alternatyva tradiciniams plastikiniams PVC \u017eenkliukams. Pagamintos i\u0161 auk\u0161tos kokyb\u0117s 3 mm faneros, \u0161ios kortel\u0117s pasi\u017eymi nat\u016bralia, profesionalia estetika, kuri puikiai dera su ekologi\u0161kai s\u0105moningo prek\u0117s \u017eenklo vertyb\u0117mis.<\/p>\n<p data-path-to-node=\"13\">Idealiai tinka konferencijoms, VIP renginiams ir \u012fmoni\u0173 identifikavimui, kiekviena kortel\u0117 pasi\u017eymi savitu medienos ra\u0161tu, tod\u0117l kiekvienas daiktas yra unikalus. Kortel\u0117s yra lengvos, ta\u010diau pakankamai patvarios, kad tikt\u0173 keli\u0173 dien\u0173 renginiams.<\/p>\n<p data-path-to-node=\"14\"><b data-path-to-node=\"14\" data-index-in-node=\"0\">Spausdinimas ir apdaila:<\/b> Si\u016blome ry\u0161ki\u0105, spalvot\u0105 spaud\u0105, skirt\u0105 j\u016bs\u0173 logotipui, dalyvi\u0173 vardams ar QR kodams rodyti.<\/p>\n<ul data-path-to-node=\"15\">\n<li>\n<p data-path-to-node=\"15,0,0\"><b data-path-to-node=\"15,0,0\" data-index-in-node=\"0\">Standartin\u0117 apdaila:<\/b> Standarti\u0161kai kortel\u0117s yra lakuotos i\u0161 vienos pus\u0117s, kad apsaugot\u0173 pavir\u0161i\u0173 ir spaud\u0105.<\/p>\n<\/li>\n<li>\n<p data-path-to-node=\"15,1,0\"><b data-path-to-node=\"15,1,0\" data-index-in-node=\"0\">Dvipusis variantas:<\/b> Dvipusio spausdinimo atveju primygtinai rekomenduojame antr\u0105j\u0105 pus\u0119 padengti laku, kad spalva nei\u0161blukt\u0173 ir nesusid\u0117v\u0117t\u0173 (galima \u012fsigyti kaip papildom\u0105 paslaug\u0105).<\/p>\n<\/li>\n<\/ul>\n<h2 data-path-to-node=\"16\">Pagrindin\u0117s savyb\u0117s<\/h2>\n<ul data-path-to-node=\"17\">\n<li>\n<p data-path-to-node=\"17,0,0\"><b data-path-to-node=\"17,0,0\" data-index-in-node=\"0\">Nat\u016brali estetika:<\/b> \u0160ilta med\u017eio tekst\u016bra suteikia i\u0161skirtin\u0119 i\u0161vaizd\u0105 ir poj\u016bt\u012f, su kuriuo plastikas negali lygintis.<\/p>\n<\/li>\n<li>\n<p data-path-to-node=\"17,1,0\"><b data-path-to-node=\"17,1,0\" data-index-in-node=\"0\">Visi\u0161kas pritaikymas:<\/b> Palaiko spalvot\u0105 skaitmenin\u0119 spaud\u0105 i\u0161 vienos arba abiej\u0173 pusi\u0173.<\/p>\n<\/li>\n<li>\n<p data-path-to-node=\"17,2,0\"><b data-path-to-node=\"17,2,0\" data-index-in-node=\"0\">Patvarumas:<\/b> Apdorotas apsauginiu laku, kad b\u016bt\u0173 atsparus dr\u0117gmei ir kasdieniam d\u0117v\u0117jimuisi.<\/p>\n<\/li>\n<li>\n<p data-path-to-node=\"17,3,0\"><b data-path-to-node=\"17,3,0\" data-index-in-node=\"0\">Universalus pritaikymas:<\/b> Yra i\u0161 anksto i\u0161gr\u0119\u017eta skyl\u0117 (standartinio dyd\u017eio), kad b\u016bt\u0173 lengva pritvirtinti prie bet kokio dir\u017eelio ar segtuko.<\/p>\n<\/li>\n<li>\n<p data-path-to-node=\"17,4,0\"><b data-path-to-node=\"17,4,0\" data-index-in-node=\"0\">Tvarus pasirinkimas:<\/b> Pagaminta i\u0161 atsinaujinan\u010di\u0173 medienos \u0161altini\u0173, taip suma\u017einant j\u016bs\u0173 renginio plastiko p\u0117dsak\u0105.<\/p>\n<\/li>\n<\/ul>\n<h2 data-path-to-node=\"18\">Specifikacijos<\/h2>\n<ul data-path-to-node=\"19\">\n<li>\n<p data-path-to-node=\"19,0,0\"><b data-path-to-node=\"19,0,0\" data-index-in-node=\"0\">Matmenys:<\/b> 100 mm x 50 mm x 3 mm.<\/p>\n<\/li>\n<li>\n<p data-path-to-node=\"19,1,0\"><b data-path-to-node=\"19,1,0\" data-index-in-node=\"0\">Med\u017eiaga:<\/b> Nat\u016brali fanera.<\/p>\n<\/li>\n<li>\n<p data-path-to-node=\"19,2,0\"><b data-path-to-node=\"19,2,0\" data-index-in-node=\"0\">Svoris:<\/b> Itin lengvi, kad b\u016bt\u0173 patog\u016bs d\u0117v\u0117ti.<\/p>\n<\/li>\n<li>\n<p data-path-to-node=\"19,3,0\"><b data-path-to-node=\"19,3,0\" data-index-in-node=\"0\">Skyli\u0173 perforatorius:<\/b> Centruota vir\u0161utin\u0117 skyl\u0117 (paprastai standartin\u0117 apvali arba pailga).<\/p>\n<\/li>\n<li>\n<p data-path-to-node=\"19,4,0\"><b data-path-to-node=\"19,4,0\" data-index-in-node=\"0\">Minimalus u\u017esakymo kiekis:<\/b> 100 vienet\u0173.<\/p>\n<\/li>\n<\/ul>\n<h2 data-path-to-node=\"20\">Naudojimo atvejai<\/h2>\n<ul data-path-to-node=\"21\">\n<li>\n<p data-path-to-node=\"21,0,0\"><b data-path-to-node=\"21,0,0\" data-index-in-node=\"0\">\u017daliosios konferencijos:<\/b> Geriausias aksesuaras tvarumo siekian\u010dioms vir\u0161\u016bni\u0173 susitikimams.<\/p>\n<\/li>\n<li>\n<p data-path-to-node=\"21,1,0\"><b data-path-to-node=\"21,1,0\" data-index-in-node=\"0\">VIP leidimai:<\/b> I\u0161skirtiniai u\u017ekulisi\u0173 arba ypatingo sve\u010dio leidimai su didele vert\u0117s poj\u016b\u010diu.<\/p>\n<\/li>\n<li>\n<p data-path-to-node=\"21,2,0\"><b data-path-to-node=\"21,2,0\" data-index-in-node=\"0\">Darbuotojo ID:<\/b> Patvarus ir stilingas kasdienis identifikavimo \u017eenklas ekologi\u0161kam verslui.<\/p>\n<\/li>\n<li>\n<p data-path-to-node=\"21,3,0\"><b data-path-to-node=\"21,3,0\" data-index-in-node=\"0\">\u012emoni\u0173 dovanos:<\/b> Gali b\u016bti naudojamos kaip baga\u017eo etiket\u0117s arba atminimo dovan\u0117l\u0117s.<\/p>\n<\/li>\n<\/ul>","protected":false},"excerpt":{"rendered":"<ul>\n<li>\n<p data-path-to-node=\"11,0,0\"><b data-path-to-node=\"11,0,0\" data-index-in-node=\"0\">Med\u017eiaga:<\/b> 3 mm auk\u0161tos kokyb\u0117s fanera (nat\u016brali apdaila).<\/p>\n<\/li>\n<li>\n<p data-path-to-node=\"11,1,0\"><b data-path-to-node=\"11,1,0\" data-index-in-node=\"0\">Matmenys:<\/b> 10 cm x 5 cm (lengvas ir patvarus).<\/p>\n<\/li>\n<li>\n<p data-path-to-node=\"11,2,0\"><b data-path-to-node=\"11,2,0\" data-index-in-node=\"0\">Apsauga:<\/b> Standartinis vienos pus\u0117s lakavimas ilgaam\u017ei\u0161kumui (dvipusis lakavimas pasirinktinai).<\/p>\n<\/li>\n<li>\n<p data-path-to-node=\"11,3,0\"><b data-path-to-node=\"11,3,0\" data-index-in-node=\"0\">Priedas:<\/b> I\u0161 anksto i\u0161gr\u0119\u017eta skyl\u0117, suderinama su visais standartiniais dir\u017eeliais.<\/p>\n<\/li>\n<li>\n<p data-path-to-node=\"11,4,0\"><b data-path-to-node=\"11,4,0\" data-index-in-node=\"0\">Ekologi\u0161kas:<\/b> Biologi\u0161kai skaidoma, be plastiko alternatyva ekologi\u0161kiems renginiams.<\/p>\n<\/li>\n<\/ul>","protected":false},"featured_media":6192,"comment_status":"closed","ping_status":"closed","template":"","meta":[],"product_brand":[],"product_cat":[91],"product_tag":[],"class_list":{"0":"post-6191","1":"product","2":"type-product","3":"status-publish","4":"has-post-thumbnail","6":"product_cat-badge-holders","8":"first","9":"instock","10":"shipping-taxable","11":"purchasable","12":"product-type-simple"},"_links":{"self":[{"href":"https:\/\/displayproducts.eu\/lt\/wp-json\/wp\/v2\/product\/6191","targetHints":{"allow":["GET"]}}],"collection":[{"href":"https:\/\/displayproducts.eu\/lt\/wp-json\/wp\/v2\/product"}],"about":[{"href":"https:\/\/displayproducts.eu\/lt\/wp-json\/wp\/v2\/types\/product"}],"replies":[{"embeddable":true,"href":"https:\/\/displayproducts.eu\/lt\/wp-json\/wp\/v2\/comments?post=6191"}],"wp:featuredmedia":[{"embeddable":true,"href":"https:\/\/displayproducts.eu\/lt\/wp-json\/wp\/v2\/media\/6192"}],"wp:attachment":[{"href":"https:\/\/displayproducts.eu\/lt\/wp-json\/wp\/v2\/media?parent=6191"}],"wp:term":[{"taxonomy":"product_brand","embeddable":true,"href":"https:\/\/displayproducts.eu\/lt\/wp-json\/wp\/v2\/product_brand?post=6191"},{"taxonomy":"product_cat","embeddable":true,"href":"https:\/\/displayproducts.eu\/lt\/wp-json\/wp\/v2\/product_cat?post=6191"},{"taxonomy":"product_tag","embeddable":true,"href":"https:\/\/displayproducts.eu\/lt\/wp-json\/wp\/v2\/product_tag?post=6191"}],"curies":[{"name":"wp","href":"https:\/\/api.w.org\/{rel}","templated":true}]}}