{"id":6189,"date":"2025-12-20T16:39:31","date_gmt":"2025-12-20T13:39:31","guid":{"rendered":"https:\/\/wristbandfactory.eu\/?post_type=product&#038;p=6189"},"modified":"2026-04-01T21:52:03","modified_gmt":"2026-04-01T18:52:03","slug":"custom-antibacterial-hand-surface-spray-20ml","status":"publish","type":"product","link":"https:\/\/displayproducts.eu\/lt\/p\/custom-antibacterial-hand-surface-spray-20ml\/","title":{"rendered":"Antibakterinis rank\u0173 ir pavir\u0161i\u0173 pur\u0161kiklis"},"content":{"rendered":"<p data-path-to-node=\"12\">Apsaugokite savo komand\u0105 ir klientus su m\u016bs\u0173 auk\u0161\u010diausios kokyb\u0117s paslaugomis <b data-path-to-node=\"12\" data-index-in-node=\"66\">Individualus antibakterinis rank\u0173 ir pavir\u0161i\u0173 pur\u0161kiklis<\/b>. Skirtingai nuo stipri\u0173 dezinfekavimo priemoni\u0173, kuri\u0173 sud\u0117tyje yra tik alkoholio, \u0161i pa\u017eangi vandens pagrindo formul\u0117 sukurta apsaugoti od\u0105 jos nesausinant. Ji atlieka dvejop\u0105 funkcij\u0105: veiksmingai dezinfekuoja rankas ir saugiai valo da\u017enai lie\u010diamus asmeninius daiktus, tokius kaip i\u0161manieji telefonai, klaviat\u016bros ir plan\u0161etiniai kompiuteriai.<\/p>\n<p data-path-to-node=\"13\">Kompakti\u0161kas 20 ml dizainas paver\u010dia j\u012f puikiu kasdieniam ne\u0161iojimui skirtu reklaminiu daiktu. Nesvarbu, ar laikomas ki\u0161en\u0117je, rankin\u0117je, ar ant stalo, jis u\u017etikrina ilgalaik\u0119 apsaug\u0105 \u2013 vieno vieneto pakanka iki 225 papur\u0161kim\u0173. \u0160ios b\u016btinos higienos priemon\u0117s prek\u0117s \u017eenklo k\u016brimas sieja j\u016bs\u0173 \u012fmon\u0119 su r\u016bpes\u010diu, gerove ir prakti\u0161kumu.<\/p>\n<h2 data-path-to-node=\"14\">Pagrindin\u0117s savyb\u0117s<\/h2>\n<ul data-path-to-node=\"15\">\n<li>\n<p data-path-to-node=\"15,0,0\"><b data-path-to-node=\"15,0,0\" data-index-in-node=\"0\">Odai draugi\u0161ka apsauga:<\/b> Praturtintas <b data-path-to-node=\"15,0,0\" data-index-in-node=\"40\">Alavijas<\/b> ir <b data-path-to-node=\"15,0,0\" data-index-in-node=\"54\">Vitaminas B5<\/b>, i\u0161laikant rankas mink\u0161tas ir sudr\u0117kintas net ir da\u017enai naudojant.<\/p>\n<\/li>\n<li>\n<p data-path-to-node=\"15,1,0\"><b data-path-to-node=\"15,1,0\" data-index-in-node=\"0\">Techni\u0161kai saugus valymas:<\/b> Antistatin\u0117 formul\u0117 yra saugi elektronikai, efektyviai pa\u0161alina pir\u0161t\u0173 atspaudus ir bakterijas nuo ekran\u0173 nepa\u017eeisdama j\u0173.<\/p>\n<\/li>\n<li>\n<p data-path-to-node=\"15,2,0\"><b data-path-to-node=\"15,2,0\" data-index-in-node=\"0\">Didelis efektyvumas:<\/b> Naikina 99,99% bakterij\u0173 d\u0117l toki\u0173 veikli\u0173j\u0173 med\u017eiag\u0173 kaip pieno r\u016bg\u0161tis ir DDAC (didecildimetilamonio chloridas).<\/p>\n<\/li>\n<li>\n<p data-path-to-node=\"15,3,0\"><b data-path-to-node=\"15,3,0\" data-index-in-node=\"0\">Nelipnus poj\u016btis:<\/b> Greitai \u012fsigeria ir nepalieka lipni\u0173 liku\u010di\u0173, skirtingai nei gelio pagrindo alternatyvos.<\/p>\n<\/li>\n<li>\n<p data-path-to-node=\"15,4,0\"><b data-path-to-node=\"15,4,0\" data-index-in-node=\"0\">Ekologi\u0161kas:<\/b> Vandens pagrindu pagaminta formul\u0117 su biopolimerais suma\u017eina laki\u0173j\u0173 chemini\u0173 med\u017eiag\u0173 i\u0161metim\u0105, palyginti su pur\u0161kikliais, kuri\u0173 sud\u0117tyje yra daug alkoholio.<\/p>\n<\/li>\n<\/ul>\n<h2 data-path-to-node=\"16\">Specifikacijos<\/h2>\n<ul data-path-to-node=\"17\">\n<li>\n<p data-path-to-node=\"17,0,0\"><b data-path-to-node=\"17,0,0\" data-index-in-node=\"0\">T\u016bris:<\/b> 20 ml (apie 225 papur\u0161kimai).<\/p>\n<\/li>\n<li>\n<p data-path-to-node=\"17,1,0\"><b data-path-to-node=\"17,1,0\" data-index-in-node=\"0\">Aktyv\u016bs ingredientai:<\/b> Pieno r\u016bg\u0161tis, didecildimetilamonio chloridas (DDAC).<\/p>\n<\/li>\n<li>\n<p data-path-to-node=\"17,2,0\"><b data-path-to-node=\"17,2,0\" data-index-in-node=\"0\">Prie\u017ei\u016bros priedai:<\/b> Alavijas, vitaminas B5, biopolimerai.<\/p>\n<\/li>\n<li>\n<p data-path-to-node=\"17,3,0\"><b data-path-to-node=\"17,3,0\" data-index-in-node=\"0\">Baz\u0117:<\/b> I\u0161valytas vanduo (vandens pagrindu).<\/p>\n<\/li>\n<li>\n<p data-path-to-node=\"17,4,0\"><b data-path-to-node=\"17,4,0\" data-index-in-node=\"0\">Taikymas:<\/b> Rankos, kieti pavir\u0161iai, elektronika (ekranai).<\/p>\n<\/li>\n<li>\n<p data-path-to-node=\"17,5,0\"><b data-path-to-node=\"17,5,0\" data-index-in-node=\"0\">Pritaikymas:<\/b> Spalvota skaitmenin\u0117 etiket\u0117 arba tampografija ant korpuso.<\/p>\n<\/li>\n<li>\n<p data-path-to-node=\"17,6,0\"><b data-path-to-node=\"17,6,0\" data-index-in-node=\"0\">Minimalus u\u017esakymo kiekis:<\/b> 100 vienet\u0173.<\/p>\n<\/li>\n<\/ul>\n<h2 data-path-to-node=\"18\">Naudojimo atvejai<\/h2>\n<ul data-path-to-node=\"19\">\n<li>\n<p data-path-to-node=\"19,0,0\"><b data-path-to-node=\"19,0,0\" data-index-in-node=\"0\">\u012emoni\u0173 pasveikinimo rinkiniai:<\/b> Apgalvotas darbuotoj\u0173 \u012fvadini\u0173 paket\u0173 papildymas biuro higienai.<\/p>\n<\/li>\n<li>\n<p data-path-to-node=\"19,1,0\"><b data-path-to-node=\"19,1,0\" data-index-in-node=\"0\">Technologij\u0173 konferencijos:<\/b> Puiki dovana IT renginiams, pabr\u0117\u017eianti \u201cekrano valiklio\u201d funkcij\u0105.<\/p>\n<\/li>\n<li>\n<p data-path-to-node=\"19,2,0\"><b data-path-to-node=\"19,2,0\" data-index-in-node=\"0\">Kelion\u0117s ir svetingumas:<\/b> Naudinga dovana kelioni\u0173 agent\u016broms ar vie\u0161bu\u010diams sve\u010diams.<\/p>\n<\/li>\n<li>\n<p data-path-to-node=\"19,3,0\"><b data-path-to-node=\"19,3,0\" data-index-in-node=\"0\">Sveikatingumo kampanijos:<\/b> Skatina sveikat\u0105 ir saugum\u0105 gripo sezon\u0173 metu.<\/p>\n<\/li>\n<\/ul>","protected":false},"excerpt":{"rendered":"<ul>\n<li>\n<p data-path-to-node=\"11,0,0\"><b data-path-to-node=\"11,0,0\" data-index-in-node=\"0\">Formul\u0117:<\/b> Vandens pagrindu, praturtintas vitaminu B5, alaviju ir biopolimerais.<\/p>\n<\/li>\n<li>\n<p data-path-to-node=\"11,1,0\"><b data-path-to-node=\"11,1,0\" data-index-in-node=\"0\">Dvigubas veiksmas:<\/b> Sunaikina 99,99% bakterij\u0173 ant rank\u0173 ir valo pavir\u0161ius (telefonus, ekranus).<\/p>\n<\/li>\n<li>\n<p data-path-to-node=\"11,2,0\"><b data-path-to-node=\"11,2,0\" data-index-in-node=\"0\">Elektronikos seifas:<\/b> D\u0117l antistatini\u0173 savybi\u0173 idealiai tinka valyti jutiklinius ekranus.<\/p>\n<\/li>\n<li>\n<p data-path-to-node=\"11,3,0\"><b data-path-to-node=\"11,3,0\" data-index-in-node=\"0\">Efektyvumas:<\/b> Ki\u0161eninio dyd\u017eio 20 ml buteliukas u\u017etenka ma\u017edaug 225 papur\u0161kimams.<\/p>\n<\/li>\n<\/ul>","protected":false},"featured_media":6190,"comment_status":"closed","ping_status":"closed","template":"","meta":[],"product_brand":[],"product_cat":[68,121],"product_tag":[],"class_list":{"0":"post-6189","1":"product","2":"type-product","3":"status-publish","4":"has-post-thumbnail","6":"product_cat-event-supplies","7":"product_cat-promotional-merchandise","9":"first","10":"instock","11":"shipping-taxable","12":"purchasable","13":"product-type-simple"},"_links":{"self":[{"href":"https:\/\/displayproducts.eu\/lt\/wp-json\/wp\/v2\/product\/6189","targetHints":{"allow":["GET"]}}],"collection":[{"href":"https:\/\/displayproducts.eu\/lt\/wp-json\/wp\/v2\/product"}],"about":[{"href":"https:\/\/displayproducts.eu\/lt\/wp-json\/wp\/v2\/types\/product"}],"replies":[{"embeddable":true,"href":"https:\/\/displayproducts.eu\/lt\/wp-json\/wp\/v2\/comments?post=6189"}],"wp:featuredmedia":[{"embeddable":true,"href":"https:\/\/displayproducts.eu\/lt\/wp-json\/wp\/v2\/media\/6190"}],"wp:attachment":[{"href":"https:\/\/displayproducts.eu\/lt\/wp-json\/wp\/v2\/media?parent=6189"}],"wp:term":[{"taxonomy":"product_brand","embeddable":true,"href":"https:\/\/displayproducts.eu\/lt\/wp-json\/wp\/v2\/product_brand?post=6189"},{"taxonomy":"product_cat","embeddable":true,"href":"https:\/\/displayproducts.eu\/lt\/wp-json\/wp\/v2\/product_cat?post=6189"},{"taxonomy":"product_tag","embeddable":true,"href":"https:\/\/displayproducts.eu\/lt\/wp-json\/wp\/v2\/product_tag?post=6189"}],"curies":[{"name":"wp","href":"https:\/\/api.w.org\/{rel}","templated":true}]}}