{"id":6179,"date":"2025-12-20T16:26:50","date_gmt":"2025-12-20T13:26:50","guid":{"rendered":"https:\/\/wristbandfactory.eu\/?post_type=product&#038;p=6179"},"modified":"2026-04-01T21:52:03","modified_gmt":"2026-04-01T18:52:03","slug":"custom-branded-plant-growing-kits-green-gifts","status":"publish","type":"product","link":"https:\/\/displayproducts.eu\/lt\/p\/custom-branded-plant-growing-kits-green-gifts\/","title":{"rendered":"Augal\u0173 auginimo rinkiniai su logotipu"},"content":{"rendered":"<p data-path-to-node=\"12\">\u012ene\u0161kite gamt\u0105 \u012f biur\u0105 ar namus su m\u016bs\u0173 universaliu asortimentu <b data-path-to-node=\"12\" data-index-in-node=\"90\">Individualiai pagaminti firminiai augal\u0173 auginimo rinkiniai<\/b>. \u0160ios \u201c\u017ealiosios dovanos\u201d yra puiki reklamin\u0117 prek\u0117 \u012fmon\u0117ms, norin\u010dioms pabr\u0117\u017eti tvarum\u0105, gerov\u0119 ir augim\u0105. Nesvarbu, ar tai \u017dem\u0117s dienos kampanijos, darbuotoj\u0173 pad\u0117kos dovanos, ar ekologi\u0161k\u0173 rengini\u0173 dovanos, gyvas augalas palieka ilgalaik\u012f \u012fsp\u016bd\u012f.<\/p>\n<p data-path-to-node=\"13\">Si\u016blome plat\u0173 format\u0173 pasirinkim\u0105, kad tikt\u0173 bet kokiam biud\u017eetui ar stiliui. Nuo auk\u0161\u010diausios kokyb\u0117s keramini\u0173 rinkini\u0173, kurie puikiai atrodo ant palang\u0117s, iki kompakti\u0161k\u0173 \u201eBio-PET\u201c rinkini\u0173 masiniam platinimui \u2013 kiekvienas rinkinys yra paruo\u0161tas auginti su prid\u0117tu dirvo\u017eemiu ir s\u0117klomis.<\/p>\n<h2 data-path-to-node=\"14\">Galimos konfig\u016bracijos<\/h2>\n<p data-path-to-node=\"15\">Galite derinti arba pasirinkti konkre\u010dius stilius i\u0161 m\u016bs\u0173 kolekcijos:<\/p>\n<ul data-path-to-node=\"16\">\n<li>\n<p data-path-to-node=\"16,0,0\"><b data-path-to-node=\"16,0,0\" data-index-in-node=\"0\">Keramini\u0173 puod\u0173 rinkiniai:<\/b> Galima \u012fsigyti standartin\u012f \u201c3 vnt. rinkin\u012f\u201d arba \u012fsp\u016bding\u0105 \u201cXXL rinkin\u012f\u201d. Prabangios i\u0161vaizdos, idealiai tinka dovanoms vadovams.<\/p>\n<\/li>\n<li>\n<p data-path-to-node=\"16,1,0\"><b data-path-to-node=\"16,1,0\" data-index-in-node=\"0\">\u201eEcoCup\u201c ir \u201eBio-PET\u201c rinkiniai:<\/b> Lengvi, tvar\u016bs konteineriai, pagaminti i\u0161 perdirbt\u0173 med\u017eiag\u0173 arba bioplastiko. Puikiai tinka siuntoms ir renginiams.<\/p>\n<\/li>\n<li>\n<p data-path-to-node=\"16,2,0\"><b data-path-to-node=\"16,2,0\" data-index-in-node=\"0\">S\u0117kl\u0173 mi\u0161inys nuo smogo:<\/b> Special\u016bs s\u0117kl\u0173 mi\u0161iniai, skirti orui valyti, supakuoti ekologi\u0161kose talpyklose.<\/p>\n<\/li>\n<li>\n<p data-path-to-node=\"16,3,0\"><b data-path-to-node=\"16,3,0\" data-index-in-node=\"0\">Buteliuko puok\u0161t\u0117s:<\/b> Unikali \u201cG\u0117l\u0117 buteliuke\u201d koncepcija (viena arba trij\u0173 vnt. pakuot\u0117) \u2013 minimalistinis, modernus po\u017ei\u016bris \u012f g\u0117li\u0173 dovanojim\u0105.<\/p>\n<\/li>\n<li>\n<p data-path-to-node=\"16,4,0\"><b data-path-to-node=\"16,4,0\" data-index-in-node=\"0\">Mini ir dvigubi rinkiniai:<\/b> Kompakti\u0161ki pavieniai rinkiniai arba \u201cdu viename\u201d d\u0117\u017eut\u0117s \u012fvairovei.<\/p>\n<\/li>\n<\/ul>\n<h2 data-path-to-node=\"17\">Pagrindin\u0117s savyb\u0117s<\/h2>\n<ul data-path-to-node=\"18\">\n<li>\n<p data-path-to-node=\"18,0,0\"><b data-path-to-node=\"18,0,0\" data-index-in-node=\"0\">Paruo\u0161ta auginti:<\/b> Visuose rinkiniuose yra suspaustos dirvo\u017eemio tablet\u0117s ir auk\u0161tos kokyb\u0117s s\u0117klos (\u017eoleli\u0173, g\u0117li\u0173 ar med\u017ei\u0173).<\/p>\n<\/li>\n<li>\n<p data-path-to-node=\"18,1,0\"><b data-path-to-node=\"18,1,0\" data-index-in-node=\"0\">Prek\u0117s \u017eenklo sritis:<\/b> Didelis pavir\u0161ius ant puod\u0173, puodeli\u0173 ar pakuo\u010di\u0173 j\u016bs\u0173 logotipui ir \u017einutei.<\/p>\n<\/li>\n<li>\n<p data-path-to-node=\"18,2,0\"><b data-path-to-node=\"18,2,0\" data-index-in-node=\"0\">Tvarus prane\u0161imas:<\/b> Sieja j\u016bs\u0173 prek\u0117s \u017eenkl\u0105 su aplinkosauga ir teigiamu augimu.<\/p>\n<\/li>\n<li>\n<p data-path-to-node=\"18,3,0\"><b data-path-to-node=\"18,3,0\" data-index-in-node=\"0\">Ilgalaikis poveikis:<\/b> Kitaip nei skrajut\u0117, augalas ant stalo guli m\u0117nesius ar metus, tod\u0117l j\u016bs\u0173 prek\u0117s \u017eenklas yra matomas.<\/p>\n<\/li>\n<\/ul>\n<h2 data-path-to-node=\"19\">Specifikacijos<\/h2>\n<ul data-path-to-node=\"20\">\n<li>\n<p data-path-to-node=\"20,0,0\"><b data-path-to-node=\"20,0,0\" data-index-in-node=\"0\">Med\u017eiag\u0173 parinktys:<\/b> Keramika, bio-PET plastikas, perdirbtas popierius \/ kartonas, stiklas (buteliukai).<\/p>\n<\/li>\n<li>\n<p data-path-to-node=\"20,1,0\"><b data-path-to-node=\"20,1,0\" data-index-in-node=\"0\">S\u0117kl\u0173 parinktys:<\/b> Bazilikas, m\u0117ta, petra\u017eol\u0117s, saul\u0117gr\u0105\u017eos, neu\u017emir\u0161tuolis, mi\u0161inys nuo smogo ir kita.<\/p>\n<\/li>\n<li>\n<p data-path-to-node=\"20,2,0\"><b data-path-to-node=\"20,2,0\" data-index-in-node=\"0\">Spausdinimas:<\/b> Tamponin\u0117 spauda (ant kiet\u0173 pavir\u0161i\u0173) arba skaitmenin\u0117 etiket\u0117 \/ \u012fmaut\u0117 (ant pakuot\u0117s).<\/p>\n<\/li>\n<li>\n<p data-path-to-node=\"20,3,0\"><b data-path-to-node=\"20,3,0\" data-index-in-node=\"0\">Minimalus u\u017esakymo kiekis:<\/b> 50 vienet\u0173 (priklausomai nuo modelio).<\/p>\n<\/li>\n<\/ul>","protected":false},"excerpt":{"rendered":"<ul data-path-to-node=\"11\">\n<li>\n<p data-path-to-node=\"11,0,0\"><b data-path-to-node=\"11,0,0\" data-index-in-node=\"0\">\u012evairov\u0117:<\/b> Galima \u012fsigyti keramini\u0173 (3 vnt. rinkinys \/ XXL), \u201eBio-PET\u201c, \u201eEcoCup\u201c arba stiklini\u0173 buteliuk\u0173 formatais.<\/p>\n<\/li>\n<li>\n<p data-path-to-node=\"11,1,0\"><b data-path-to-node=\"11,1,0\" data-index-in-node=\"0\">Pilnas rinkinys:<\/b> Rinkinyje yra viskas, ko reikia auginimui: vazonas\/konteineris, \u017eem\u0117s granul\u0117s ir s\u0117klos.<\/p>\n<\/li>\n<li>\n<p data-path-to-node=\"11,2,0\"><b data-path-to-node=\"11,2,0\" data-index-in-node=\"0\">Ekologi\u0161kas:<\/b> Tvarios med\u017eiagos, tokios kaip perdirbtas plastikas, keramika ir augal\u0173 mi\u0161iniai su apsauga nuo smogo.<\/p>\n<\/li>\n<li>\n<p data-path-to-node=\"11,3,0\"><b data-path-to-node=\"11,3,0\" data-index-in-node=\"0\">Pritaikymas:<\/b> Tamponin\u0117 spauda arba spalvotas \u017eenklinimas ant konteinerio ar pakuot\u0117s.<\/p>\n<\/li>\n<\/ul>","protected":false},"featured_media":6295,"comment_status":"closed","ping_status":"closed","template":"","meta":[],"product_brand":[],"product_cat":[121],"product_tag":[],"class_list":{"0":"post-6179","1":"product","2":"type-product","3":"status-publish","4":"has-post-thumbnail","6":"product_cat-promotional-merchandise","8":"first","9":"instock","10":"shipping-taxable","11":"purchasable","12":"product-type-simple"},"_links":{"self":[{"href":"https:\/\/displayproducts.eu\/lt\/wp-json\/wp\/v2\/product\/6179","targetHints":{"allow":["GET"]}}],"collection":[{"href":"https:\/\/displayproducts.eu\/lt\/wp-json\/wp\/v2\/product"}],"about":[{"href":"https:\/\/displayproducts.eu\/lt\/wp-json\/wp\/v2\/types\/product"}],"replies":[{"embeddable":true,"href":"https:\/\/displayproducts.eu\/lt\/wp-json\/wp\/v2\/comments?post=6179"}],"wp:featuredmedia":[{"embeddable":true,"href":"https:\/\/displayproducts.eu\/lt\/wp-json\/wp\/v2\/media\/6295"}],"wp:attachment":[{"href":"https:\/\/displayproducts.eu\/lt\/wp-json\/wp\/v2\/media?parent=6179"}],"wp:term":[{"taxonomy":"product_brand","embeddable":true,"href":"https:\/\/displayproducts.eu\/lt\/wp-json\/wp\/v2\/product_brand?post=6179"},{"taxonomy":"product_cat","embeddable":true,"href":"https:\/\/displayproducts.eu\/lt\/wp-json\/wp\/v2\/product_cat?post=6179"},{"taxonomy":"product_tag","embeddable":true,"href":"https:\/\/displayproducts.eu\/lt\/wp-json\/wp\/v2\/product_tag?post=6179"}],"curies":[{"name":"wp","href":"https:\/\/api.w.org\/{rel}","templated":true}]}}