{"id":6171,"date":"2025-12-19T22:38:05","date_gmt":"2025-12-19T19:38:05","guid":{"rendered":"https:\/\/wristbandfactory.eu\/?post_type=product&#038;p=6171"},"modified":"2026-04-01T21:52:34","modified_gmt":"2026-04-01T18:52:34","slug":"custom-handheld-led-mini-fans-battery-operated","status":"publish","type":"product","link":"https:\/\/displayproducts.eu\/lt\/p\/custom-handheld-led-mini-fans-battery-operated\/","title":{"rendered":"Rankiniai LED ventiliatoriai"},"content":{"rendered":"<div style=\"width: 480px;\" class=\"wp-video\"><video class=\"wp-video-shortcode\" id=\"video-6171-1\" width=\"480\" height=\"834\" preload=\"metadata\" controls=\"controls\"><source type=\"video\/mp4\" src=\"https:\/\/displayproducts.eu\/wp-content\/uploads\/2025\/12\/wedding-fan.mp4?_=1\" \/><a href=\"https:\/\/displayproducts.eu\/wp-content\/uploads\/2025\/12\/wedding-fan.mp4\">https:\/\/displayproducts.eu\/wp-content\/uploads\/2025\/12\/wedding-fan.mp4<\/a><\/video><\/div>\n<p data-path-to-node=\"10\">Paverskite bet koki\u0105 \u0161oki\u0173 aik\u0161tel\u0119 ar naktin\u012f rengin\u012f spindin\u010diu reginiu su m\u016bs\u0173 pagal u\u017esakym\u0105 pagamintais ne\u0161iojamaisiais LED ventiliatoriais. Tai ne tik v\u0117sinantys aksesuarai; tai \u012fsp\u016bdingi vizualiniai rekvizitai, kuriuos sve\u010diai m\u0117gsta naudoti nuotraukoms ir socialinei \u017einiasklaidai. Ypa\u010d populiar\u016bs vestuvi\u0173 vakar\u0117liuose ir muzikos festivaliuose, \u0161ie ventiliatoriai sujungia tradicin\u012f sulankstomo ventiliatoriaus elegancij\u0105 su modernia LED technologija.<\/p>\n<p data-path-to-node=\"11\">Jie gali b\u016bti \u012fvairi\u0173 spalv\u0173 audini\u0173 (\u012fskaitant klasikin\u0119 balt\u0105 vestuv\u0117ms) ir LED spalv\u0173, tod\u0117l juos galima papuo\u0161ti j\u016bs\u0173 renginio tema. Nesvarbu, ar naudojate juos dideliam reivui, ar intymiam vestuvi\u0173 pri\u0117mimui, \u0161ie v\u0117duokliai u\u017etikrins, kad j\u016bs\u0173 prek\u0117s \u017eenklas ar \u017einut\u0117 ry\u0161kiai spind\u0117t\u0173 tamsoje.<\/p>\n<h2 data-path-to-node=\"12\">Pagrindin\u0117s savyb\u0117s<\/h2>\n<ul data-path-to-node=\"13\">\n<li>\n<p data-path-to-node=\"13,0,0\"><b data-path-to-node=\"13,0,0\" data-index-in-node=\"0\">Atmosferos k\u016br\u0117jas:<\/b> Sukuria akimirksniu \u201cvau\u201d efekt\u0105, kai u\u017eg\u0119sta \u0161viesos.<\/p>\n<\/li>\n<li>\n<p data-path-to-node=\"13,1,0\"><b data-path-to-node=\"13,1,0\" data-index-in-node=\"0\">Didel\u0117 prek\u0117s \u017eenklo erdv\u0117:<\/b> Audinio pavir\u0161ius suteikia daug vietos logotipams, grota\u017eym\u0117ms ar vestuvi\u0173 datoms spausdinti.<\/p>\n<\/li>\n<li>\n<p data-path-to-node=\"13,2,0\"><b data-path-to-node=\"13,2,0\" data-index-in-node=\"0\">Patogu naudoti:<\/b> Be spaudos vieno mygtuko valdymas mirks\u0117jimo re\u017eimams perjungti.<\/p>\n<\/li>\n<li>\n<p data-path-to-node=\"13,3,0\"><b data-path-to-node=\"13,3,0\" data-index-in-node=\"0\">Patvari konstrukcija:<\/b> Pagaminta i\u0161 tvirt\u0173 plastikini\u0173 \u0161onkauli\u0173 ir \u0161vies\u0105 sklaidan\u010dio audinio, kad atlaikyt\u0173 energing\u0105 naudojim\u0105.<\/p>\n<\/li>\n<\/ul>\n<h2 data-path-to-node=\"14\">Specifikacijos<\/h2>\n<ul data-path-to-node=\"15\">\n<li>\n<p data-path-to-node=\"15,0,0\"><b data-path-to-node=\"15,0,0\" data-index-in-node=\"0\">Med\u017eiaga:<\/b> Plastikiniai \u0161onkauliai + \u0161vies\u0105 i\u0161sklaidantis nailono\/poliesterio audinys.<\/p>\n<\/li>\n<li>\n<p data-path-to-node=\"15,1,0\"><b data-path-to-node=\"15,1,0\" data-index-in-node=\"0\">Dydis:<\/b> Ma\u017edaug 27 cm (sulankstyta) \/ 48\u201350 cm (i\u0161skleista).<\/p>\n<\/li>\n<li>\n<p data-path-to-node=\"15,2,0\"><b data-path-to-node=\"15,2,0\" data-index-in-node=\"0\">LED spalvos:<\/b> Balta, m\u0117lyna, raudona, \u017ealia, ro\u017ein\u0117, RGB (daugiaspalv\u0117).<\/p>\n<\/li>\n<li>\n<p data-path-to-node=\"15,3,0\"><b data-path-to-node=\"15,3,0\" data-index-in-node=\"0\">Baterijos:<\/b> Pridedamas ir kei\u010diamas (da\u017eniausiai CR2032 arba pana\u0161us).<\/p>\n<\/li>\n<li>\n<p data-path-to-node=\"15,4,0\"><b data-path-to-node=\"15,4,0\" data-index-in-node=\"0\">Spausdinimo b\u016bdas:<\/b> \u0160ilkografija ant audinio arba rankenos.<\/p>\n<\/li>\n<\/ul>\n<h2 data-path-to-node=\"16\">Naudojimo atvejai<\/h2>\n<ul data-path-to-node=\"17\">\n<li>\n<p data-path-to-node=\"17,0,0\"><b data-path-to-node=\"17,0,0\" data-index-in-node=\"0\">Vestuv\u0117s:<\/b> Geriausia vakar\u0117lio dovana v\u0117lyvo vakaro \u0161oki\u0173 aik\u0161telei (ypa\u010d baltaod\u017eiams gerb\u0117jams).<\/p>\n<\/li>\n<li>\n<p data-path-to-node=\"17,1,0\"><b data-path-to-node=\"17,1,0\" data-index-in-node=\"0\">Muzikos festivaliai ir reivai:<\/b> Didel\u0117s paklausos atributikos prek\u0117s dalyviams.<\/p>\n<\/li>\n<li>\n<p data-path-to-node=\"17,2,0\"><b data-path-to-node=\"17,2,0\" data-index-in-node=\"0\">Naktiniai klubai:<\/b> Firminiai rekvizitai VIP stalams ar teminiams vakarams.<\/p>\n<\/li>\n<li>\n<p data-path-to-node=\"17,3,0\"><b data-path-to-node=\"17,3,0\" data-index-in-node=\"0\">\u012emoni\u0173 vakar\u0117liai:<\/b> Smagios led\u0105 pralau\u017eian\u010dios dovanos, kurios nu\u0161vies renginio viet\u0105.<\/p>\n<\/li>\n<\/ul>","protected":false},"excerpt":{"rendered":"<ul>\n<li>\n<p data-path-to-node=\"9,0,0\"><b data-path-to-node=\"9,0,0\" data-index-in-node=\"0\">Dviguba funkcija:<\/b> V\u0117sina sve\u010dius ir sukuria nuostab\u0173 \u0161vies\u0173 \u0161ou.<\/p>\n<\/li>\n<li>\n<p data-path-to-node=\"9,1,0\"><b data-path-to-node=\"9,1,0\" data-index-in-node=\"0\">Pritaikoma:<\/b> Atspausdinkite savo logotip\u0105 arba renginio dat\u0105 ant audinio ar rankenos.<\/p>\n<\/li>\n<li>\n<p data-path-to-node=\"9,2,0\"><b data-path-to-node=\"9,2,0\" data-index-in-node=\"0\">Ap\u0161vietimo re\u017eimai:<\/b> Keli nustatymai (greitas mirks\u0117jimas, l\u0117tas mirks\u0117jimas, nuolatinis \u012fjungimas).<\/p>\n<\/li>\n<li>\n<p data-path-to-node=\"9,3,0\"><b data-path-to-node=\"9,3,0\" data-index-in-node=\"0\">Maitinamas baterijomis:<\/b> Pridedamos ilgai veikian\u010dios ir kei\u010diamos baterijos.<\/p>\n<\/li>\n<\/ul>","protected":false},"featured_media":6172,"comment_status":"closed","ping_status":"closed","template":"","meta":[],"product_brand":[],"product_cat":[76,123],"product_tag":[],"class_list":{"0":"post-6171","1":"product","2":"type-product","3":"status-publish","4":"has-post-thumbnail","6":"product_cat-glow-led-products","7":"product_cat-fan-cheering-items","9":"first","10":"instock","11":"shipping-taxable","12":"purchasable","13":"product-type-simple"},"_links":{"self":[{"href":"https:\/\/displayproducts.eu\/lt\/wp-json\/wp\/v2\/product\/6171","targetHints":{"allow":["GET"]}}],"collection":[{"href":"https:\/\/displayproducts.eu\/lt\/wp-json\/wp\/v2\/product"}],"about":[{"href":"https:\/\/displayproducts.eu\/lt\/wp-json\/wp\/v2\/types\/product"}],"replies":[{"embeddable":true,"href":"https:\/\/displayproducts.eu\/lt\/wp-json\/wp\/v2\/comments?post=6171"}],"wp:featuredmedia":[{"embeddable":true,"href":"https:\/\/displayproducts.eu\/lt\/wp-json\/wp\/v2\/media\/6172"}],"wp:attachment":[{"href":"https:\/\/displayproducts.eu\/lt\/wp-json\/wp\/v2\/media?parent=6171"}],"wp:term":[{"taxonomy":"product_brand","embeddable":true,"href":"https:\/\/displayproducts.eu\/lt\/wp-json\/wp\/v2\/product_brand?post=6171"},{"taxonomy":"product_cat","embeddable":true,"href":"https:\/\/displayproducts.eu\/lt\/wp-json\/wp\/v2\/product_cat?post=6171"},{"taxonomy":"product_tag","embeddable":true,"href":"https:\/\/displayproducts.eu\/lt\/wp-json\/wp\/v2\/product_tag?post=6171"}],"curies":[{"name":"wp","href":"https:\/\/api.w.org\/{rel}","templated":true}]}}