{"id":6165,"date":"2025-12-19T22:29:34","date_gmt":"2025-12-19T19:29:34","guid":{"rendered":"https:\/\/wristbandfactory.eu\/?post_type=product&#038;p=6165"},"modified":"2026-04-01T21:52:34","modified_gmt":"2026-04-01T18:52:34","slug":"custom-luggage-tags-bamboo-waterproof-paper-shaped","status":"publish","type":"product","link":"https:\/\/displayproducts.eu\/lt\/p\/custom-luggage-tags-bamboo-waterproof-paper-shaped\/","title":{"rendered":"Lagamin\u0173 pakabukai su spauda"},"content":{"rendered":"<p data-path-to-node=\"9\">Kelion\u0117s kuria \u012fsp\u016bd\u012f, o m\u016bs\u0173 si\u016blom\u0173 baga\u017eo etike\u010di\u0173 asortimentas u\u017etikrina, kad j\u016bs\u0173 prek\u0117s \u017eenklas b\u016bt\u0173 visur, kur keliauja j\u016bs\u0173 klientai. \u0160i produkt\u0173 linija, sukurta siekiant patvarumo ir matomumo, suteikia lankstumo, kad atitikt\u0173 j\u016bs\u0173 rinkodaros biud\u017eet\u0105 ir stili\u0173 \u2013 nesvarbu, ar jums reikia ekonomi\u0161kos masin\u0117s dovanos, ar auk\u0161\u010diausios kokyb\u0117s ekologi\u0161kos dovanos.<\/p>\n<p data-path-to-node=\"10\"><b data-path-to-node=\"10\" data-index-in-node=\"0\">Pasirinkite savo stili\u0173:<\/b><\/p>\n<ol start=\"1\" data-path-to-node=\"11\">\n<li>\n<p data-path-to-node=\"11,0,0\"><b data-path-to-node=\"11,0,0\" data-index-in-node=\"0\">Sintetin\u0117s popierin\u0117s etiket\u0117s (neper\u0161lampamos ir atsparios ply\u0161imui):<\/b> \u017dodis \u201cpopierius\u201d j\u016bs\u0173 neapgaus. \u0160i pa\u017eangi sintetin\u0117 med\u017eiaga yra visi\u0161kai atspari vandeniui ir ply\u0161imui, tod\u0117l puikiai tinka kelion\u0117ms su nelygiais pavir\u0161iais.<\/p>\n<ul data-path-to-node=\"11,0,1\">\n<li>\n<p data-path-to-node=\"11,0,1,0,0\"><b data-path-to-node=\"11,0,1,0,0\" data-index-in-node=\"0\">Standartin\u0117 forma:<\/b> Maksimalus prek\u0117s \u017eenklo plotas logotipams ir kontaktinei informacijai.<\/p>\n<\/li>\n<li>\n<p data-path-to-node=\"11,0,1,1,0\"><b data-path-to-node=\"11,0,1,1,0\" data-index-in-node=\"0\">L\u0117ktuvo forma:<\/b> Linksmas, i\u0161kirptas aviacijos dizainas, idealiai tinkantis turizmo valdyboms ir oro linijoms.<\/p>\n<\/li>\n<li>\n<p data-path-to-node=\"11,0,1,2,0\"><i data-path-to-node=\"11,0,1,2,0\" data-index-in-node=\"0\">Priekyje yra spalvota spauda.<\/i><\/p>\n<\/li>\n<\/ul>\n<\/li>\n<li>\n<p data-path-to-node=\"11,1,0\"><b data-path-to-node=\"11,1,0\" data-index-in-node=\"0\">Bambuko etiket\u0117s (Eco-Premium):<\/b> Jei norite tvaraus ir prabangaus \u012fvaizd\u017eio, rinkit\u0117s m\u016bs\u0173 nat\u016bralaus bambuko etiketes. Tvirtos ir i\u0161skirtin\u0117s, jos i\u0161siskiria ant karusel\u0117s.<\/p>\n<ul data-path-to-node=\"11,1,1\">\n<li>\n<p data-path-to-node=\"11,1,1,0,0\"><i data-path-to-node=\"11,1,1,0,0\" data-index-in-node=\"0\">Komplekte yra plastikinis dir\u017eelis ir sagtis saugiam pritvirtinimui.<\/i><\/p>\n<\/li>\n<\/ul>\n<\/li>\n<\/ol>\n<h2 data-path-to-node=\"12\">Pagrindin\u0117s savyb\u0117s<\/h2>\n<ul data-path-to-node=\"13\">\n<li>\n<p data-path-to-node=\"13,0,0\"><b data-path-to-node=\"13,0,0\" data-index-in-node=\"0\">Universalumas:<\/b> Vienas produkt\u0173 s\u0105ra\u0161as, keli sprendimai. Derinkite produktus skirtingiems klient\u0173 segmentams (pvz., popierius ekonomin\u0117s klas\u0117s keleiviams, bambukas VIP asmenims).<\/p>\n<\/li>\n<li>\n<p data-path-to-node=\"13,1,0\"><b data-path-to-node=\"13,1,0\" data-index-in-node=\"0\">Ypatingas patvarumas:<\/b> Sintetinis popierius atlaiko liet\u0173, dr\u0117gm\u0119 ir grub\u0173 baga\u017eo tvarkym\u0105 neply\u0161damas.<\/p>\n<\/li>\n<li>\n<p data-path-to-node=\"13,2,0\"><b data-path-to-node=\"13,2,0\" data-index-in-node=\"0\">Ekologi\u0161kas:<\/b> Bambukas si\u016blo atsinaujinan\u010dios med\u017eiagos variant\u0105 \u017ealiosios rinkodaros kampanijoms.<\/p>\n<\/li>\n<li>\n<p data-path-to-node=\"13,3,0\"><b data-path-to-node=\"13,3,0\" data-index-in-node=\"0\">Didelis matomumas:<\/b> Didel\u0117s spausdinimo sritys u\u017etikrina, kad j\u016bs\u0173 logotipas b\u016bt\u0173 matomas oro uostuose visame pasaulyje.<\/p>\n<\/li>\n<\/ul>\n<h2 data-path-to-node=\"14\">Specifikacijos<\/h2>\n<ul data-path-to-node=\"15\">\n<li>\n<p data-path-to-node=\"15,0,0\"><b data-path-to-node=\"15,0,0\" data-index-in-node=\"0\">Med\u017eiagos:<\/b> Sintetinis popierius (polipropileno mi\u0161inys) ARBA nat\u016bralus bambukas.<\/p>\n<\/li>\n<li>\n<p data-path-to-node=\"15,1,0\"><b data-path-to-node=\"15,1,0\" data-index-in-node=\"0\">Popierin\u0117s etiket\u0117s savyb\u0117s:<\/b> Atsparus vandeniui, atsparus ply\u0161imui, lankstus.<\/p>\n<\/li>\n<li>\n<p data-path-to-node=\"15,2,0\"><b data-path-to-node=\"15,2,0\" data-index-in-node=\"0\">Bambuko \u017eymos savyb\u0117s:<\/b> Tvirta, nat\u016brali\u0173 gr\u016bd\u0173 apdaila.<\/p>\n<\/li>\n<li>\n<p data-path-to-node=\"15,3,0\"><b data-path-to-node=\"15,3,0\" data-index-in-node=\"0\">Formos:<\/b> Sta\u010diakampis (apytiksliai 85 x 54 mm) arba l\u0117ktuvo formos i\u0161kirptas.<\/p>\n<\/li>\n<li>\n<p data-path-to-node=\"15,4,0\"><b data-path-to-node=\"15,4,0\" data-index-in-node=\"0\">Priedas:<\/b> Plastikinis dir\u017eelis su sagtimi (bambukinis) arba kilpos mechanizmu.<\/p>\n<\/li>\n<li>\n<p data-path-to-node=\"15,5,0\"><b data-path-to-node=\"15,5,0\" data-index-in-node=\"0\">Miniminis u\u017esakymo kiekis:<\/b> 250 vnt. (popieriniams modeliams).<\/p>\n<\/li>\n<\/ul>\n<h2 data-path-to-node=\"16\">Naudojimo atvejai<\/h2>\n<ul data-path-to-node=\"17\">\n<li>\n<p data-path-to-node=\"17,0,0\"><b data-path-to-node=\"17,0,0\" data-index-in-node=\"0\">Kelioni\u0173 organizatoriai:<\/b> Prie kelioni\u0173 dokument\u0173 d\u0117kl\u0173 prid\u0117kite firmin\u0119 etiket\u0119.<\/p>\n<\/li>\n<li>\n<p data-path-to-node=\"17,1,0\"><b data-path-to-node=\"17,1,0\" data-index-in-node=\"0\">\u012emoni\u0173 rekolekcijos:<\/b> Lengvai atpa\u017einkite komandos baga\u017e\u0105 grupin\u0117s kelion\u0117s metu.<\/p>\n<\/li>\n<li>\n<p data-path-to-node=\"17,2,0\"><b data-path-to-node=\"17,2,0\" data-index-in-node=\"0\">Vie\u0161bu\u010diai:<\/b> \u012esimintina atsiskaitymo dovana sve\u010diams.<\/p>\n<\/li>\n<li>\n<p data-path-to-node=\"17,3,0\"><b data-path-to-node=\"17,3,0\" data-index-in-node=\"0\">Logistika:<\/b> Patvarus krovini\u0173 ir nestandartini\u0173 krovini\u0173 \u017eenklinimas.<\/p>\n<\/li>\n<\/ul>","protected":false},"excerpt":{"rendered":"<ul>\n<li>\n<p data-path-to-node=\"8,0,0\"><b data-path-to-node=\"8,0,0\" data-index-in-node=\"0\">Med\u017eiagos pasirinkimas:<\/b> Rinkit\u0117s i\u0161 standaus bambuko arba lanks\u010dio, neply\u0161tan\u010dio popieriaus.<\/p>\n<\/li>\n<li>\n<p data-path-to-node=\"8,1,0\"><b data-path-to-node=\"8,1,0\" data-index-in-node=\"0\">Formos:<\/b> Galima \u012fsigyti standartini\u0173 sta\u010diakampi\u0173 arba temini\u0173 l\u0117ktuv\u0173 form\u0173.<\/p>\n<\/li>\n<li>\n<p data-path-to-node=\"8,2,0\"><b data-path-to-node=\"8,2,0\" data-index-in-node=\"0\">Patvarumas:<\/b> Atsparus vandeniui ir sukurtas kelion\u0117ms po pasaul\u012f.<\/p>\n<\/li>\n<li>\n<p data-path-to-node=\"8,3,0\"><b data-path-to-node=\"8,3,0\" data-index-in-node=\"0\">Prek\u0117s \u017eenklo k\u016brimas:<\/b> Spalvota spauda (popierius) arba lazerinis graviravimas\/spausdinimas (bambukas).<\/p>\n<\/li>\n<\/ul>","protected":false},"featured_media":6304,"comment_status":"closed","ping_status":"closed","template":"","meta":[],"product_brand":[],"product_cat":[129,122],"product_tag":[],"class_list":{"0":"post-6165","1":"product","2":"type-product","3":"status-publish","4":"has-post-thumbnail","6":"product_cat-leisure-lifestyle","7":"product_cat-promotional-accessories","9":"first","10":"instock","11":"shipping-taxable","12":"purchasable","13":"product-type-simple"},"_links":{"self":[{"href":"https:\/\/displayproducts.eu\/lt\/wp-json\/wp\/v2\/product\/6165","targetHints":{"allow":["GET"]}}],"collection":[{"href":"https:\/\/displayproducts.eu\/lt\/wp-json\/wp\/v2\/product"}],"about":[{"href":"https:\/\/displayproducts.eu\/lt\/wp-json\/wp\/v2\/types\/product"}],"replies":[{"embeddable":true,"href":"https:\/\/displayproducts.eu\/lt\/wp-json\/wp\/v2\/comments?post=6165"}],"wp:featuredmedia":[{"embeddable":true,"href":"https:\/\/displayproducts.eu\/lt\/wp-json\/wp\/v2\/media\/6304"}],"wp:attachment":[{"href":"https:\/\/displayproducts.eu\/lt\/wp-json\/wp\/v2\/media?parent=6165"}],"wp:term":[{"taxonomy":"product_brand","embeddable":true,"href":"https:\/\/displayproducts.eu\/lt\/wp-json\/wp\/v2\/product_brand?post=6165"},{"taxonomy":"product_cat","embeddable":true,"href":"https:\/\/displayproducts.eu\/lt\/wp-json\/wp\/v2\/product_cat?post=6165"},{"taxonomy":"product_tag","embeddable":true,"href":"https:\/\/displayproducts.eu\/lt\/wp-json\/wp\/v2\/product_tag?post=6165"}],"curies":[{"name":"wp","href":"https:\/\/api.w.org\/{rel}","templated":true}]}}