{"id":6162,"date":"2025-12-19T22:20:32","date_gmt":"2025-12-19T19:20:32","guid":{"rendered":"https:\/\/wristbandfactory.eu\/?post_type=product&#038;p=6162"},"modified":"2026-04-01T21:52:34","modified_gmt":"2026-04-01T18:52:34","slug":"colored-eva-earplugs-in-transparent-case-with-carrying-chain","status":"publish","type":"product","link":"https:\/\/displayproducts.eu\/lt\/p\/colored-eva-earplugs-in-transparent-case-with-carrying-chain\/","title":{"rendered":"Spalvoti EVA aus\u0173 ki\u0161tukai d\u0117kle su grandin\u0117le"},"content":{"rendered":"<p data-path-to-node=\"10\">Stilingai apsaugokite savo dalyvi\u0173 klaus\u0105 naudodami m\u016bs\u0173 ry\u0161kiaspalvius EVA aus\u0173 kam\u0161tukus. \u0160ie aus\u0173 kam\u0161tukai, skirti ilgalaikiam ne\u0161iojimui, pagaminti i\u0161 mink\u0161to etilenvinilacetato (EVA), kuris patogiai priglunda prie ausies kanalo. Kiekviena pora yra patvariame, skaidriame individualiame d\u0117kle su prakti\u0161ka ne\u0161iojimo grandin\u0117le, tod\u0117l juos lengva pritvirtinti prie rakt\u0173 pakabuk\u0173, virveli\u0173 ar u\u017etrauktuk\u0173. B\u016btinas daiktas festivaliuose, statyb\u0173 zonose ir kelion\u0117se.<\/p>\n<h2 data-path-to-node=\"11\">Pagrindin\u0117s savyb\u0117s<\/h2>\n<ul data-path-to-node=\"12\">\n<li>\n<p data-path-to-node=\"12,0,0\"><b data-path-to-node=\"12,0,0\" data-index-in-node=\"0\">Ne\u0161iojamas dizainas:<\/b> Pridedama grandin\u0117l\u0117 u\u017etikrina, kad aus\u0173 ki\u0161tukai visada b\u016bt\u0173 pasiekiami ir apsaugoti nuo purvo, kai nenaudojami.<\/p>\n<\/li>\n<li>\n<p data-path-to-node=\"12,1,0\"><b data-path-to-node=\"12,1,0\" data-index-in-node=\"0\">Patogus prigludimas:<\/b> Mink\u0161ta EVA put\u0173 med\u017eiaga \u0161velniai ple\u010diasi, kad b\u016bt\u0173 u\u017etikrintas tvirtas prigludimas nesukeliant spaudimo.<\/p>\n<\/li>\n<li>\n<p data-path-to-node=\"12,2,0\"><b data-path-to-node=\"12,2,0\" data-index-in-node=\"0\">Didelis matomumas:<\/b> Galima \u012fsigyti ry\u0161ki\u0173, sodri\u0173, i\u0161siskirian\u010di\u0173 spalv\u0173.<\/p>\n<\/li>\n<li>\n<p data-path-to-node=\"12,3,0\"><b data-path-to-node=\"12,3,0\" data-index-in-node=\"0\">Patvarus d\u0117klas:<\/b> Skaidri plastikin\u0117 d\u0117\u017eut\u0117 suteikia puikias galimybes reklamuoti prek\u0117s \u017eenkl\u0105 ir apsaugoti.<\/p>\n<\/li>\n<\/ul>\n<h2 data-path-to-node=\"13\">Specifikacijos<\/h2>\n<ul data-path-to-node=\"14\">\n<li>\n<p data-path-to-node=\"14,0,0\"><b data-path-to-node=\"14,0,0\" data-index-in-node=\"0\">Med\u017eiaga:<\/b> Mink\u0161tas EVA (etilenvinilacetato) putplastis.<\/p>\n<\/li>\n<li>\n<p data-path-to-node=\"14,1,0\"><b data-path-to-node=\"14,1,0\" data-index-in-node=\"0\">Korpuso med\u017eiaga:<\/b> Skaidrus plastikas.<\/p>\n<\/li>\n<li>\n<p data-path-to-node=\"14,2,0\"><b data-path-to-node=\"14,2,0\" data-index-in-node=\"0\">Priedas:<\/b> Metalin\u0117 karoliuk\u0173 grandin\u0117l\u0117 \/ ne\u0161iojimo grandin\u0117l\u0117.<\/p>\n<\/li>\n<li>\n<p data-path-to-node=\"14,3,0\"><b data-path-to-node=\"14,3,0\" data-index-in-node=\"0\">Spalvos:<\/b> \u012evairi\u0173 ry\u0161ki\u0173 spalv\u0173.<\/p>\n<\/li>\n<li>\n<p data-path-to-node=\"14,4,0\"><b data-path-to-node=\"14,4,0\" data-index-in-node=\"0\">Daugkartinis naudojimas:<\/b> Daugkartinio naudojimo ir skalbiamas.<\/p>\n<\/li>\n<\/ul>\n<h2 data-path-to-node=\"15\">Naudojimo atvejai<\/h2>\n<ul data-path-to-node=\"16\">\n<li>\n<p data-path-to-node=\"16,0,0\"><b data-path-to-node=\"16,0,0\" data-index-in-node=\"0\">Muzikos festivaliai ir koncertai:<\/b> B\u016btina klausos apsauga triuk\u0161mingoje aplinkoje.<\/p>\n<\/li>\n<li>\n<p data-path-to-node=\"16,1,0\"><b data-path-to-node=\"16,1,0\" data-index-in-node=\"0\">Kelion\u0117s ir aviacija:<\/b> Suma\u017eina triuk\u0161m\u0105 salone, kad kelion\u0117 b\u016bt\u0173 rami.<\/p>\n<\/li>\n<li>\n<p data-path-to-node=\"16,2,0\"><b data-path-to-node=\"16,2,0\" data-index-in-node=\"0\">Statyba ir pramon\u0117:<\/b> Pagrindin\u0117s apsaugos priemon\u0117s lankytojams arba lengvo darbo zonoms.<\/p>\n<\/li>\n<li>\n<p data-path-to-node=\"16,3,0\"><b data-path-to-node=\"16,3,0\" data-index-in-node=\"0\">Reklamin\u0117s kampanijos:<\/b> Puiki firmin\u0117 dovana sveikatos ir saugos s\u0105moningumo didinimo renginiams.<\/p>\n<\/li>\n<\/ul>","protected":false},"excerpt":{"rendered":"<ul>\n<li>\n<p data-path-to-node=\"9,0,0\">Pagaminta i\u0161 mink\u0161tos, patogios EVA med\u017eiagos.<\/p>\n<\/li>\n<li>\n<p data-path-to-node=\"9,1,0\">Pridedamas skaidrus d\u0117klas su ne\u0161iojimo grandin\u0117le.<\/p>\n<\/li>\n<li>\n<p data-path-to-node=\"9,2,0\">Ry\u0161kios, gerai matomos spalvos.<\/p>\n<\/li>\n<li>\n<p data-path-to-node=\"9,3,0\">Daugkartinio naudojimo ir lengvai valomas.<\/p>\n<\/li>\n<\/ul>","protected":false},"featured_media":6163,"comment_status":"closed","ping_status":"closed","template":"","meta":[],"product_brand":[],"product_cat":[68,121],"product_tag":[],"class_list":{"0":"post-6162","1":"product","2":"type-product","3":"status-publish","4":"has-post-thumbnail","6":"product_cat-event-supplies","7":"product_cat-promotional-merchandise","9":"first","10":"instock","11":"shipping-taxable","12":"purchasable","13":"product-type-simple"},"_links":{"self":[{"href":"https:\/\/displayproducts.eu\/lt\/wp-json\/wp\/v2\/product\/6162","targetHints":{"allow":["GET"]}}],"collection":[{"href":"https:\/\/displayproducts.eu\/lt\/wp-json\/wp\/v2\/product"}],"about":[{"href":"https:\/\/displayproducts.eu\/lt\/wp-json\/wp\/v2\/types\/product"}],"replies":[{"embeddable":true,"href":"https:\/\/displayproducts.eu\/lt\/wp-json\/wp\/v2\/comments?post=6162"}],"wp:featuredmedia":[{"embeddable":true,"href":"https:\/\/displayproducts.eu\/lt\/wp-json\/wp\/v2\/media\/6163"}],"wp:attachment":[{"href":"https:\/\/displayproducts.eu\/lt\/wp-json\/wp\/v2\/media?parent=6162"}],"wp:term":[{"taxonomy":"product_brand","embeddable":true,"href":"https:\/\/displayproducts.eu\/lt\/wp-json\/wp\/v2\/product_brand?post=6162"},{"taxonomy":"product_cat","embeddable":true,"href":"https:\/\/displayproducts.eu\/lt\/wp-json\/wp\/v2\/product_cat?post=6162"},{"taxonomy":"product_tag","embeddable":true,"href":"https:\/\/displayproducts.eu\/lt\/wp-json\/wp\/v2\/product_tag?post=6162"}],"curies":[{"name":"wp","href":"https:\/\/api.w.org\/{rel}","templated":true}]}}