{"id":6159,"date":"2025-12-19T16:35:18","date_gmt":"2025-12-19T13:35:18","guid":{"rendered":"https:\/\/wristbandfactory.eu\/?post_type=product&#038;p=6159"},"modified":"2026-04-01T21:52:34","modified_gmt":"2026-04-01T18:52:34","slug":"custom-printed-seamless-arm-sleeves-uv-protection","status":"publish","type":"product","link":"https:\/\/displayproducts.eu\/lt\/p\/custom-printed-seamless-arm-sleeves-uv-protection\/","title":{"rendered":"Sportin\u0117s rankov\u0117s su spauda"},"content":{"rendered":"<p data-path-to-node=\"11\">Maksimaliai padidinkite savo prek\u0117s \u017eenklo matomum\u0105 lauko renginiuose ir sporto var\u017eybose su m\u016bs\u0173 individualiai spausdintomis besi\u016bl\u0117mis rankov\u0117mis. \u0160ie universal\u016bs aksesuarai yra b\u016btini b\u0117gikams, dviratininkams ir lauko darbuotojams, nes jie suteikia didel\u0119, judan\u010di\u0105 drob\u0119 j\u016bs\u0173 logotipui ar meno k\u016briniams.<\/p>\n<p data-path-to-node=\"12\">Skirtingai nuo standartini\u0173 \u0161ilkografijos b\u016bdu spausdint\u0173 rankovi\u0173, m\u016bs\u0173 rankov\u0117s gaminamos naudojant sublimacijos technologij\u0105. Tai rei\u0161kia, kad dizainas \u012fterpiamas \u012f audinio pluo\u0161tus, tod\u0117l spauda niekada nesutr\u016bkin\u0117ja, nenusilupa ir nei\u0161blunka, i\u0161laikant audinio laidum\u0105 orui ir elastingum\u0105.<\/p>\n<h2 data-path-to-node=\"13\">Pagrindin\u0117s savyb\u0117s<\/h2>\n<ul data-path-to-node=\"14\">\n<li>\n<p data-path-to-node=\"14,0,0\"><b data-path-to-node=\"14,0,0\" data-index-in-node=\"0\">Besi\u016bl\u0117 konstrukcija:<\/b> Vamzdinis mezgimo dizainas panaikina \u0161onines si\u016bles, tod\u0117l ilgalaikio d\u0117v\u0117jimo metu i\u0161vengiama trinties ir dirginimo.<\/p>\n<\/li>\n<li>\n<p data-path-to-node=\"14,1,0\"><b data-path-to-node=\"14,1,0\" data-index-in-node=\"0\"><span class=\"citation-32\">Apsauga nuo saul\u0117s ir odos:<\/span><\/b><span class=\"citation-32 citation-end-32\"> Suteikia veiksming\u0105 apsaug\u0105 nuo \u017ealing\u0173 UV spinduli\u0173 ir apsaugo od\u0105 nuo nudegim\u0173 ar \u012fbr\u0117\u017eim\u0173.<\/span><\/p>\n<div class=\"source-inline-chip-container ng-star-inserted\"><\/div>\n<\/li>\n<li>\n<p data-path-to-node=\"14,2,0\"><b data-path-to-node=\"14,2,0\" data-index-in-node=\"0\">Elastinis prigludimas:<\/b> Poliesterio ir elastano mi\u0161inys u\u017etikrina, kad rankov\u0117s tvirtai laikyt\u0173si vietoje, nevar\u017eant judesi\u0173.<\/p>\n<\/li>\n<li>\n<p data-path-to-node=\"14,3,0\"><b data-path-to-node=\"14,3,0\" data-index-in-node=\"0\">Ry\u0161kus pritaikymas:<\/b> Pilnas pavir\u0161iaus spausdinimas leid\u017eia puikiai atkurti sud\u0117tingus gradientus, nuotraukas ir prek\u0117s \u017eenklo spalvas.<\/p>\n<\/li>\n<\/ul>\n<h2 data-path-to-node=\"15\">Specifikacijos<\/h2>\n<ul data-path-to-node=\"16\">\n<li>\n<p data-path-to-node=\"16,0,0\"><b data-path-to-node=\"16,0,0\" data-index-in-node=\"0\">Med\u017eiaga:<\/b> 160 g\/m\u00b2 techninis audinys (95% poliesteris \/ 5% elastanas).<\/p>\n<\/li>\n<li>\n<p data-path-to-node=\"16,1,0\"><b data-path-to-node=\"16,1,0\" data-index-in-node=\"0\">Spausdinimo technika:<\/b> Pilnaspalv\u0117 da\u017e\u0173 sublimacija.<\/p>\n<\/li>\n<li>\n<p data-path-to-node=\"16,2,0\"><b data-path-to-node=\"16,2,0\" data-index-in-node=\"0\">Pakuot\u0117:<\/b> Parduodama pora (1 vnt. = 2 rankov\u0117s).<\/p>\n<\/li>\n<li>\n<p data-path-to-node=\"16,3,0\"><b data-path-to-node=\"16,3,0\" data-index-in-node=\"0\">Matmenys (vidutinis):<\/b> 7 cm (rie\u0161as) x 8 cm (\u017eastas) x 37 cm (ilgis).<\/p>\n<\/li>\n<li>\n<p data-path-to-node=\"16,4,0\"><b data-path-to-node=\"16,4,0\" data-index-in-node=\"0\">Matmenys (didelis):<\/b> 9 cm (rie\u0161as) x 11 cm (\u017eastas) x 44 cm (ilgis).<\/p>\n<\/li>\n<\/ul>\n<h2 data-path-to-node=\"17\">Naudojimo atvejai<\/h2>\n<ul data-path-to-node=\"18\">\n<li>\n<p data-path-to-node=\"18,0,0\"><b data-path-to-node=\"18,0,0\" data-index-in-node=\"0\">Maratonai ir dvira\u010di\u0173 sporto renginiai:<\/b> Dalyvi\u0173 b\u016btiniausia \u012franga dovan\u0173 krep\u0161eliuose.<\/p>\n<\/li>\n<li>\n<p data-path-to-node=\"18,1,0\"><b data-path-to-node=\"18,1,0\" data-index-in-node=\"0\">Komandos uniformos:<\/b> Vieninga krep\u0161inio, tinklinio ar e. sporto komand\u0173 paie\u0161ka.<\/p>\n<\/li>\n<li>\n<p data-path-to-node=\"18,2,0\"><b data-path-to-node=\"18,2,0\" data-index-in-node=\"0\">Lauko darbo j\u0117ga:<\/b> Apsauga darbuotojams, dirbantiems tiesioginiuose saul\u0117s spinduliuose (ap\u017eeldinimas, rengini\u0173 apsauga).<\/p>\n<\/li>\n<li>\n<p data-path-to-node=\"18,3,0\"><b data-path-to-node=\"18,3,0\" data-index-in-node=\"0\">Preki\u0173 pardavimas:<\/b> Didel\u0117s mar\u017eos prek\u0117 sporto sal\u0117ms ar klubams.<\/p>\n<\/li>\n<\/ul>","protected":false},"excerpt":{"rendered":"<ul>\n<li>\n<p data-path-to-node=\"10,0,0\"><b data-path-to-node=\"10,0,0\" data-index-in-node=\"0\">Visi\u0161kas komfortas:<\/b> N\u0117ra dirginan\u010di\u0173 si\u016bli\u0173, u\u017etikrinan\u010di\u0173 maksimal\u0173 komfort\u0105 fizinio aktyvumo metu.<\/p>\n<\/li>\n<li>\n<p data-path-to-node=\"10,1,0\"><b data-path-to-node=\"10,1,0\" data-index-in-node=\"0\">Spalvotas prek\u0117s \u017eenklas:<\/b> Sublimacin\u0117 spauda nuo kra\u0161to iki kra\u0161to atveria neribotas dizaino galimybes.<\/p>\n<\/li>\n<li>\n<p data-path-to-node=\"10,2,0\"><b data-path-to-node=\"10,2,0\" data-index-in-node=\"0\"><span class=\"citation-33\">Apsauga nuo UV spinduli\u0173 ir \u012fbr\u0117\u017eim\u0173:<\/span><\/b><span class=\"citation-33 citation-end-33\"> Apsaugo rankas nuo saul\u0117s spinduli\u0173 ir nedideli\u0173 \u012fbr\u0117\u017eim\u0173.<\/span><\/p>\n<\/li>\n<li>\n<p data-path-to-node=\"10,3,0\"><b data-path-to-node=\"10,3,0\" data-index-in-node=\"0\">Parduodama pora:<\/b> Vienas vienetas apima ir kair\u0119, ir de\u0161in\u0119 rankoves.<\/p>\n<\/li>\n<\/ul>","protected":false},"featured_media":6160,"comment_status":"closed","ping_status":"closed","template":"","meta":[],"product_brand":[],"product_cat":[118],"product_tag":[],"class_list":{"0":"post-6159","1":"product","2":"type-product","3":"status-publish","4":"has-post-thumbnail","6":"product_cat-sports-fitness","8":"first","9":"instock","10":"shipping-taxable","11":"purchasable","12":"product-type-simple"},"_links":{"self":[{"href":"https:\/\/displayproducts.eu\/lt\/wp-json\/wp\/v2\/product\/6159","targetHints":{"allow":["GET"]}}],"collection":[{"href":"https:\/\/displayproducts.eu\/lt\/wp-json\/wp\/v2\/product"}],"about":[{"href":"https:\/\/displayproducts.eu\/lt\/wp-json\/wp\/v2\/types\/product"}],"replies":[{"embeddable":true,"href":"https:\/\/displayproducts.eu\/lt\/wp-json\/wp\/v2\/comments?post=6159"}],"wp:featuredmedia":[{"embeddable":true,"href":"https:\/\/displayproducts.eu\/lt\/wp-json\/wp\/v2\/media\/6160"}],"wp:attachment":[{"href":"https:\/\/displayproducts.eu\/lt\/wp-json\/wp\/v2\/media?parent=6159"}],"wp:term":[{"taxonomy":"product_brand","embeddable":true,"href":"https:\/\/displayproducts.eu\/lt\/wp-json\/wp\/v2\/product_brand?post=6159"},{"taxonomy":"product_cat","embeddable":true,"href":"https:\/\/displayproducts.eu\/lt\/wp-json\/wp\/v2\/product_cat?post=6159"},{"taxonomy":"product_tag","embeddable":true,"href":"https:\/\/displayproducts.eu\/lt\/wp-json\/wp\/v2\/product_tag?post=6159"}],"curies":[{"name":"wp","href":"https:\/\/api.w.org\/{rel}","templated":true}]}}