{"id":6155,"date":"2025-12-19T16:20:46","date_gmt":"2025-12-19T13:20:46","guid":{"rendered":"https:\/\/wristbandfactory.eu\/?post_type=product&#038;p=6155"},"modified":"2026-04-01T21:52:03","modified_gmt":"2026-04-01T18:52:03","slug":"custom-beach-slippers-with-logo-sand-imprint-sole","status":"publish","type":"product","link":"https:\/\/displayproducts.eu\/lt\/p\/custom-beach-slippers-with-logo-sand-imprint-sole\/","title":{"rendered":"Papl\u016bdimio \u0161lepet\u0117s su logotipu ir \u012fspaudu sm\u0117lyje"},"content":{"rendered":"<p data-path-to-node=\"12\">Pakelkite savo vasaros rinkodaros kampanijas ar vie\u0161bu\u010dio patogumus \u012f auk\u0161tesn\u012f lyg\u012f su m\u016bs\u0173 visi\u0161kai pritaikomomis papl\u016bdimio \u0161lepet\u0117mis. Sukurtos maksimaliam prek\u0117s \u017eenklo matomumui, \u0161ios \u0161lepet\u0117s suteikia unikal\u0173 vaik\u0161\u010diojan\u010dios reklamin\u0117s lentos efekt\u0105. Nesvarbu, ar tai b\u016bt\u0173 \u012fmon\u0117s poilsis, dovana SPA centre, ar vasaros festivalio dovan\u0117l\u0117, mes si\u016blome visi\u0161kai suderintas spalvas, kad jos tiksliai atitikt\u0173 j\u016bs\u0173 prek\u0117s \u017eenklo tapatyb\u0119.<\/p>\n<p data-path-to-node=\"13\">Kitaip nei standartin\u0117 reklamin\u0117 avalyn\u0117, m\u016bs\u0173 \u0161lepet\u0117s pasi\u017eymi novatori\u0161komis pado apa\u010dios prek\u0117s \u017eenklo k\u016brimo technologijomis, kurios kiekvien\u0105 \u017eingsn\u012f paver\u010dia \u012fsp\u016bd\u017eiu.<\/p>\n<h2 data-path-to-node=\"14\">Pagrindin\u0117s savyb\u0117s<\/h2>\n<ul data-path-to-node=\"15\">\n<li>\n<p data-path-to-node=\"15,0,0\"><b data-path-to-node=\"15,0,0\" data-index-in-node=\"0\">Pantone spalv\u0173 atitikimas:<\/b> Pado ir dir\u017eelio spalvas galime pritaikyti prie j\u016bs\u0173 konkretaus prek\u0117s \u017eenklo PMS kod\u0173 be papildom\u0173 mokes\u010di\u0173 u\u017e s\u0105rank\u0105.<\/p>\n<\/li>\n<li>\n<p data-path-to-node=\"15,1,0\"><b data-path-to-node=\"15,1,0\" data-index-in-node=\"0\">I\u0161kirptas \u201cSm\u0117lio atspaudas\u201d:<\/b> Padas yra ma\u017edaug 5 mm gylio i\u0161kirptas. Vaik\u0161tant mink\u0161tu sm\u0117liu, \u0161lepet\u0117 palieka ry\u0161k\u0173 j\u016bs\u0173 logotipo ar \u017einut\u0117s \u012fspaud\u0105.<\/p>\n<\/li>\n<li>\n<p data-path-to-node=\"15,2,0\"><b data-path-to-node=\"15,2,0\" data-index-in-node=\"0\">Apatinis pado reljefas:<\/b> D\u0117l smulkesni\u0173 detali\u0173 galime \u012fspausti j\u016bs\u0173 logotip\u0105 ma\u017edaug 2 mm gylyje \u012f apatin\u012f pad\u0105 (puikiai tinka sud\u0117tingesniems dizainams).<\/p>\n<\/li>\n<li>\n<p data-path-to-node=\"15,3,0\"><b data-path-to-node=\"15,3,0\" data-index-in-node=\"0\">Viso pavir\u0161iaus prek\u0117s \u017eenklo u\u017era\u0161as:<\/b> Tradicin\u0117 \u0161ilkografija galima tiek ant pado kulno, tiek ant dir\u017eeli\u0173, kad logotipas b\u016bt\u0173 gerai matomas.<\/p>\n<\/li>\n<\/ul>\n<h2 data-path-to-node=\"16\">Specifikacijos<\/h2>\n<ul data-path-to-node=\"17\">\n<li>\n<p data-path-to-node=\"17,0,0\"><b data-path-to-node=\"17,0,0\" data-index-in-node=\"0\">Med\u017eiaga:<\/b> Patvarus ir patogus PE\/PVC gumos mi\u0161inys (nestandartin\u0117s med\u017eiagos galimos pagal pageidavim\u0105).<\/p>\n<\/li>\n<li>\n<p data-path-to-node=\"17,1,0\"><b data-path-to-node=\"17,1,0\" data-index-in-node=\"0\">Pado storis:<\/b> Standartinis storis, optimizuotas patogumui ir efektyviam pjovimui.<\/p>\n<\/li>\n<li>\n<p data-path-to-node=\"17,2,0\"><b data-path-to-node=\"17,2,0\" data-index-in-node=\"0\">Dyd\u017eiai:<\/b> Galima \u012fsigyti \u012fvairi\u0173 standartini\u0173 ES dyd\u017ei\u0173 (unisex, vyri\u0161k\u0173, moteri\u0161k\u0173, vaiki\u0161k\u0173).<\/p>\n<\/li>\n<li>\n<p data-path-to-node=\"17,3,0\"><b data-path-to-node=\"17,3,0\" data-index-in-node=\"0\">Pritaikymo metodai:<\/b> \u0160ilkografija, reljefinis \u012fspaudas (apa\u010dioje), i\u0161kirptas (apa\u010dioje).<\/p>\n<\/li>\n<li>\n<p data-path-to-node=\"17,4,0\"><b data-path-to-node=\"17,4,0\" data-index-in-node=\"0\">Minimalus u\u017esakymas:<\/b> Pra\u0161ome pasitikrinti dabartin\u012f MOQ su m\u016bs\u0173 pardavim\u0173 komanda.<\/p>\n<\/li>\n<\/ul>\n<h2 data-path-to-node=\"18\">Naudojimo atvejai<\/h2>\n<ul data-path-to-node=\"19\">\n<li>\n<p data-path-to-node=\"19,0,0\"><b data-path-to-node=\"19,0,0\" data-index-in-node=\"0\">Vasaros festivaliai ir renginiai:<\/b> Didel\u0117s vert\u0117s prek\u0117s, kurias dalyviai naudos vis\u0105 sezon\u0105.<\/p>\n<\/li>\n<li>\n<p data-path-to-node=\"19,1,0\"><b data-path-to-node=\"19,1,0\" data-index-in-node=\"0\">Vie\u0161bu\u010diai ir SPA centrai:<\/b> Auk\u0161\u010diausios kokyb\u0117s firminiai patogumai sve\u010diams baseinams ir sveikatingumo centrams.<\/p>\n<\/li>\n<li>\n<p data-path-to-node=\"19,2,0\"><b data-path-to-node=\"19,2,0\" data-index-in-node=\"0\">\u012emoni\u0173 dovanos:<\/b> Puikiai tinka komandos formavimo rekolekcijoms arba \u201cvasaros starto\u201d rinkiniams.<\/p>\n<\/li>\n<li>\n<p data-path-to-node=\"19,3,0\"><b data-path-to-node=\"19,3,0\" data-index-in-node=\"0\">Kelioni\u0173 agent\u016bros:<\/b> Puiki reklamin\u0117 dovana papl\u016bdimio atostog\u0173 paketams.<\/p>\n<\/li>\n<\/ul>","protected":false},"excerpt":{"rendered":"<ul>\n<li>\n<p data-path-to-node=\"11,0,0\"><b data-path-to-node=\"11,0,0\" data-index-in-node=\"0\">Atitikimas Pantone:<\/b> Pado ir dir\u017eelio spalvos pagal u\u017esakym\u0105 be papildom\u0173 i\u0161laid\u0173.<\/p>\n<\/li>\n<li>\n<p data-path-to-node=\"11,1,0\"><b data-path-to-node=\"11,1,0\" data-index-in-node=\"0\">Kelios prek\u0117s \u017eenklo reklamos vietos:<\/b> Spausdinkite ant dir\u017eelio, vir\u0161utinio arba apatinio pado.<\/p>\n<\/li>\n<li>\n<p data-path-to-node=\"11,2,0\"><b data-path-to-node=\"11,2,0\" data-index-in-node=\"0\">Sm\u0117lio \u012fspaudo efektas:<\/b> Papildomai u\u017esakomas i\u0161pjautas padas palieka j\u016bs\u0173 logotipo \u012fsp\u016bd\u012f sm\u0117lyje.<\/p>\n<\/li>\n<li>\n<p data-path-to-node=\"11,3,0\"><b data-path-to-node=\"11,3,0\" data-index-in-node=\"0\">Auk\u0161\u010diausios kokyb\u0117s pritaikymas:<\/b> Rinkit\u0117s i\u0161 detalaus \u012fspaudimo arba sm\u016bgiams atsparaus i\u0161pjauto pado.<\/p>\n<\/li>\n<\/ul>","protected":false},"featured_media":6158,"comment_status":"closed","ping_status":"closed","template":"","meta":[],"product_brand":[],"product_cat":[129],"product_tag":[],"class_list":{"0":"post-6155","1":"product","2":"type-product","3":"status-publish","4":"has-post-thumbnail","6":"product_cat-leisure-lifestyle","8":"first","9":"instock","10":"shipping-taxable","11":"purchasable","12":"product-type-simple"},"_links":{"self":[{"href":"https:\/\/displayproducts.eu\/lt\/wp-json\/wp\/v2\/product\/6155","targetHints":{"allow":["GET"]}}],"collection":[{"href":"https:\/\/displayproducts.eu\/lt\/wp-json\/wp\/v2\/product"}],"about":[{"href":"https:\/\/displayproducts.eu\/lt\/wp-json\/wp\/v2\/types\/product"}],"replies":[{"embeddable":true,"href":"https:\/\/displayproducts.eu\/lt\/wp-json\/wp\/v2\/comments?post=6155"}],"wp:featuredmedia":[{"embeddable":true,"href":"https:\/\/displayproducts.eu\/lt\/wp-json\/wp\/v2\/media\/6158"}],"wp:attachment":[{"href":"https:\/\/displayproducts.eu\/lt\/wp-json\/wp\/v2\/media?parent=6155"}],"wp:term":[{"taxonomy":"product_brand","embeddable":true,"href":"https:\/\/displayproducts.eu\/lt\/wp-json\/wp\/v2\/product_brand?post=6155"},{"taxonomy":"product_cat","embeddable":true,"href":"https:\/\/displayproducts.eu\/lt\/wp-json\/wp\/v2\/product_cat?post=6155"},{"taxonomy":"product_tag","embeddable":true,"href":"https:\/\/displayproducts.eu\/lt\/wp-json\/wp\/v2\/product_tag?post=6155"}],"curies":[{"name":"wp","href":"https:\/\/api.w.org\/{rel}","templated":true}]}}