{"id":6150,"date":"2025-12-19T16:10:08","date_gmt":"2025-12-19T13:10:08","guid":{"rendered":"https:\/\/wristbandfactory.eu\/?post_type=product&#038;p=6150"},"modified":"2026-04-01T21:52:34","modified_gmt":"2026-04-01T18:52:34","slug":"custom-printed-hand-fans-bamboo-wood-plastic","status":"publish","type":"product","link":"https:\/\/displayproducts.eu\/lt\/p\/custom-printed-hand-fans-bamboo-wood-plastic\/","title":{"rendered":"V\u0117duokl\u0117s su spauda (Bambukin\u0117s, Medin\u0117s ir Plastikin\u0117s)"},"content":{"rendered":"<p data-path-to-node=\"10\">\u012eveikite kar\u0161t\u012f ir parodykite savo prek\u0117s \u017eenkl\u0105 su m\u016bs\u0173 universaliu asortimentu <b data-path-to-node=\"10\" data-index-in-node=\"90\">Pagal u\u017esakym\u0105 spausdinti rankiniai v\u0117duokliai<\/b>. \u201cV\u0117sus v\u0117jelis\u201d yra geriausia dovana, kuri\u0105 galite \u012fteikti savo tikslinei auditorijai vasaros festivali\u0173, lauko konferencij\u0173 ar vestuvi\u0173 metu. Skirtingai nuo i\u0161mest\u0173 skraju\u010di\u0173, v\u0117duokl\u0117 yra funkcionalus aksesuaras, kur\u012f dalyviai laikys ir naudos pakartotinai, i\u0161laikydami j\u016bs\u0173 logotip\u0105 aki\u0173 lygyje.<\/p>\n<p data-path-to-node=\"11\">Si\u016blome keturis skirtingus stilius, atitinkan\u010dius j\u016bs\u0173 prek\u0117s \u017eenklo estetik\u0105 \u2013 nuo ekologi\u0161k\u0173 bambuko ir med\u017eio variant\u0173, kurie suteikia auk\u0161\u010diausios kokyb\u0117s nat\u016brali\u0105 i\u0161vaizd\u0105, iki spalving\u0173 plastikini\u0173 variant\u0173, skirt\u0173 didelio masto reklamai.<\/p>\n<h3 data-path-to-node=\"12\">Galimi modeliai<\/h3>\n<p><strong>1. Klasikinis (plastikas ir audinys)<\/strong><\/p>\n<p>Patvarus ir spalvingas.<\/p>\n<ul data-path-to-node=\"14\">\n<li>\n<p data-path-to-node=\"14,0,0\"><b data-path-to-node=\"14,0,0\" data-index-in-node=\"0\">\u0160onkauliai:<\/b> Plastikas (12 briaun\u0173 + 2 galiniai elementai). Galimi \u012fvairi\u0173 spalv\u0173 galimi antgaliai su spauda.<\/p>\n<\/li>\n<li>\n<p data-path-to-node=\"14,1,0\"><b data-path-to-node=\"14,1,0\" data-index-in-node=\"0\">Lapas:<\/b> Baltas 210T poliesterio audinys.<\/p>\n<\/li>\n<li>\n<p data-path-to-node=\"14,2,0\"><b data-path-to-node=\"14,2,0\" data-index-in-node=\"0\">Spausdinti:<\/b> Pilna spalva i\u0161 vienos pus\u0117s.<\/p>\n<\/li>\n<\/ul>\n<p><strong>2. Nat\u016brali auk\u0161\u010diausios kokyb\u0117s med\u017eiaga (mediena ir audinys)<\/strong><\/p>\n<p>Eleganti\u0161kas ir tvirtas.<\/p>\n<ul data-path-to-node=\"16\">\n<li>\n<p data-path-to-node=\"16,0,0\"><b data-path-to-node=\"16,0,0\" data-index-in-node=\"0\">\u0160onkauliai:<\/b> Nat\u016brali mediena (14 briaun\u0173 + 2 galiniai elementai). Ant galini\u0173 element\u0173 galima atspausdinti j\u016bs\u0173 logotip\u0105.<\/p>\n<\/li>\n<li>\n<p data-path-to-node=\"16,1,0\"><b data-path-to-node=\"16,1,0\" data-index-in-node=\"0\">Lapas:<\/b> Baltas 210T poliesterio audinys.<\/p>\n<\/li>\n<li>\n<p data-path-to-node=\"16,2,0\"><b data-path-to-node=\"16,2,0\" data-index-in-node=\"0\">Spausdinti:<\/b> Pilna spalva i\u0161 vienos pus\u0117s.<\/p>\n<\/li>\n<\/ul>\n<p><strong>3. Ekologi\u0161kas tradicinis (bambukas ir popierius)<\/strong><\/p>\n<p>Lengvas, klasikinio popieriaus poj\u016b\u010dio.<\/p>\n<ul data-path-to-node=\"18\">\n<li>\n<p data-path-to-node=\"18,0,0\"><b data-path-to-node=\"18,0,0\" data-index-in-node=\"0\">\u0160onkauliai:<\/b> Bambukas (18 briaun\u0173 + 2 galiniai elementai). Ant galini\u0173 element\u0173 galima spausdinti.<\/p>\n<\/li>\n<li>\n<p data-path-to-node=\"18,1,0\"><b data-path-to-node=\"18,1,0\" data-index-in-node=\"0\">Lapas:<\/b> Baltas 80 g\/m\u00b2 popierius.<\/p>\n<\/li>\n<li>\n<p data-path-to-node=\"18,2,0\"><b data-path-to-node=\"18,2,0\" data-index-in-node=\"0\">Spausdinti:<\/b> Pilna spalva i\u0161 vienos arba dviej\u0173 pusi\u0173.<\/p>\n<\/li>\n<\/ul>\n<p><strong>4. Reklaminis biud\u017eetas (plastikas ir popierius)<\/strong><\/p>\n<p>Ekonomi\u0161kai efektyvu didel\u0117ms minioms.<\/p>\n<ul data-path-to-node=\"20\">\n<li>\n<p data-path-to-node=\"20,0,0\"><b data-path-to-node=\"20,0,0\" data-index-in-node=\"0\">\u0160onkauliai:<\/b> Baltas plastikas. (Galini\u0173 dali\u0173 spausdinti negalima; esant dideliems u\u017esakymams, galimas pasirinktinis spalv\u0173 derinimas).<\/p>\n<\/li>\n<li>\n<p data-path-to-node=\"20,1,0\"><b data-path-to-node=\"20,1,0\" data-index-in-node=\"0\">Lapas:<\/b> Baltas 80 g\/m\u00b2 popierius.<\/p>\n<\/li>\n<li>\n<p data-path-to-node=\"20,2,0\"><b data-path-to-node=\"20,2,0\" data-index-in-node=\"0\">Spausdinti:<\/b> Pilna spalva i\u0161 vienos pus\u0117s.<\/p>\n<\/li>\n<\/ul>\n<h2 data-path-to-node=\"21\">Pagrindin\u0117s savyb\u0117s<\/h2>\n<ul data-path-to-node=\"22\">\n<li>\n<p data-path-to-node=\"22,0,0\"><b data-path-to-node=\"22,0,0\" data-index-in-node=\"0\">Didelis prek\u0117s \u017eenklo plotas:<\/b> V\u0117duoklinis lapas suteikia pla\u010di\u0105, i\u0161lenkt\u0105 drob\u0119 j\u016bs\u0173 meno k\u016briniams, \u0161\u016bkiui ar kampanijos vizualiniams elementams.<\/p>\n<\/li>\n<li>\n<p data-path-to-node=\"22,1,0\"><b data-path-to-node=\"22,1,0\" data-index-in-node=\"0\">Pritaikomi \u0161onkauliai:<\/b> Priklausomai nuo modelio, ant stand\u017ei\u0173 galini\u0173 dali\u0173 (briaun\u0173) prid\u0117kite papildom\u0173 logotip\u0173, kad b\u016bt\u0173 subtiliai ir detaliai i\u0161reik\u0161tas prek\u0117s \u017eenklas.<\/p>\n<\/li>\n<li>\n<p data-path-to-node=\"22,2,0\"><b data-path-to-node=\"22,2,0\" data-index-in-node=\"0\">Kompakti\u0161kas ir ne\u0161iojamas:<\/b> Greitai sulankstomas, kad tilpt\u0173 \u012f rankin\u0119 ar ki\u0161en\u0119.<\/p>\n<\/li>\n<\/ul>\n<h2 data-path-to-node=\"23\">Specifikacijos<\/h2>\n<table data-path-to-node=\"24\">\n<thead>\n<tr>\n<td><strong>Funkcija<\/strong><\/td>\n<td><strong>Plastikas + audinys<\/strong><\/td>\n<td><strong>Mediena + audinys<\/strong><\/td>\n<td><strong>Bambukas + popierius<\/strong><\/td>\n<td><strong>Plastikas + popierius<\/strong><\/td>\n<\/tr>\n<\/thead>\n<tbody>\n<tr>\n<td><span data-path-to-node=\"24,1,0,0\"><b data-path-to-node=\"24,1,0,0\" data-index-in-node=\"0\">Briaun\u0173 med\u017eiaga<\/b><\/span><\/td>\n<td><span data-path-to-node=\"24,1,1,0\">Plastikas<\/span><\/td>\n<td><span data-path-to-node=\"24,1,2,0\">Mediena<\/span><\/td>\n<td><span data-path-to-node=\"24,1,3,0\">Bambukas<\/span><\/td>\n<td><span data-path-to-node=\"24,1,4,0\">Plastikas (baltas)<\/span><\/td>\n<\/tr>\n<tr>\n<td><span data-path-to-node=\"24,2,0,0\"><b data-path-to-node=\"24,2,0,0\" data-index-in-node=\"0\">Lak\u0161tin\u0117 med\u017eiaga<\/b><\/span><\/td>\n<td><span data-path-to-node=\"24,2,1,0\">210T poliesteris<\/span><\/td>\n<td><span data-path-to-node=\"24,2,2,0\">210T poliesteris<\/span><\/td>\n<td><span data-path-to-node=\"24,2,3,0\">80 g\/m\u00b2 popierius<\/span><\/td>\n<td><span data-path-to-node=\"24,2,4,0\">80 g\/m\u00b2 popierius<\/span><\/td>\n<\/tr>\n<tr>\n<td><span data-path-to-node=\"24,3,0,0\"><b data-path-to-node=\"24,3,0,0\" data-index-in-node=\"0\">\u0160onkauli\u0173 skai\u010dius<\/b><\/span><\/td>\n<td><span data-path-to-node=\"24,3,1,0\">12 + 2 galiniai elementai<\/span><\/td>\n<td><span data-path-to-node=\"24,3,2,0\">14 + 2 galiniai elementai<\/span><\/td>\n<td><span data-path-to-node=\"24,3,3,0\">18 + 2 galiniai elementai<\/span><\/td>\n<td><span data-path-to-node=\"24,3,4,0\">Standartinis<\/span><\/td>\n<\/tr>\n<tr>\n<td><span data-path-to-node=\"24,4,0,0\"><b data-path-to-node=\"24,4,0,0\" data-index-in-node=\"0\">Matmenys (Atidaryti)<\/b><\/span><\/td>\n<td><span data-path-to-node=\"24,4,1,0\">23 x 42 cm<\/span><\/td>\n<td><span data-path-to-node=\"24,4,2,0\">23 x 42 cm<\/span><\/td>\n<td><span data-path-to-node=\"24,4,3,0\">21 x 38 cm<\/span><\/td>\n<td><span data-path-to-node=\"24,4,4,0\">23 x 42 cm<\/span><\/td>\n<\/tr>\n<tr>\n<td><span data-path-to-node=\"24,5,0,0\"><b data-path-to-node=\"24,5,0,0\" data-index-in-node=\"0\">Spausdinimo sritis<\/b><\/span><\/td>\n<td><span data-path-to-node=\"24,5,1,0\">1 pus\u0117<\/span><\/td>\n<td><span data-path-to-node=\"24,5,2,0\">1 pus\u0117<\/span><\/td>\n<td><span data-path-to-node=\"24,5,3,0\">1 arba 2 pus\u0117s<\/span><\/td>\n<td><span data-path-to-node=\"24,5,4,0\">1 pus\u0117<\/span><\/td>\n<\/tr>\n<tr>\n<td><span data-path-to-node=\"24,6,0,0\"><b data-path-to-node=\"24,6,0,0\" data-index-in-node=\"0\">Galinio gabalo spauda<\/b><\/span><\/td>\n<td><span data-path-to-node=\"24,6,1,0\">Taip<\/span><\/td>\n<td><span data-path-to-node=\"24,6,2,0\">Taip<\/span><\/td>\n<td><span data-path-to-node=\"24,6,3,0\">Taip<\/span><\/td>\n<td><span data-path-to-node=\"24,6,4,0\">Ne<\/span><\/td>\n<\/tr>\n<\/tbody>\n<\/table>\n<h2 data-path-to-node=\"25\">Naudojimo atvejai<\/h2>\n<ul data-path-to-node=\"26\">\n<li>\n<p data-path-to-node=\"26,0,0\"><b data-path-to-node=\"26,0,0\" data-index-in-node=\"0\">Vasaros vestuv\u0117s:<\/b> Puiki dovan\u0117l\u0117 sve\u010diams lauko ceremonij\u0173 metu.<\/p>\n<\/li>\n<li>\n<p data-path-to-node=\"26,1,0\"><b data-path-to-node=\"26,1,0\" data-index-in-node=\"0\">Muzikos festivaliai:<\/b> B\u016btiniausia i\u0161gyvenimo \u012franga \u0161okan\u010dioms minioms kar\u0161tyje.<\/p>\n<\/li>\n<li>\n<p data-path-to-node=\"26,2,0\"><b data-path-to-node=\"26,2,0\" data-index-in-node=\"0\">Politin\u0117s kampanijos:<\/b> Gerai matomi daiktai, kuriais sirgaliai mojuoja ore.<\/p>\n<\/li>\n<li>\n<p data-path-to-node=\"26,3,0\"><b data-path-to-node=\"26,3,0\" data-index-in-node=\"0\">Turizmas ir kurortai:<\/b> Puikios pasveikinimo dovanos vie\u0161bu\u010diams \u0161ilto klimato zonose.<\/p>\n<\/li>\n<\/ul>","protected":false},"excerpt":{"rendered":"<ul>\n<li>\n<p data-path-to-node=\"9,0,0\"><b data-path-to-node=\"9,0,0\" data-index-in-node=\"0\">4 med\u017eiag\u0173 deriniai:<\/b> Pasirinkite i\u0161 plastiko\/audinio, med\u017eio\/audinio, bambuko\/popieriaus arba plastiko\/popieriaus.<\/p>\n<\/li>\n<li>\n<p data-path-to-node=\"9,1,0\"><b data-path-to-node=\"9,1,0\" data-index-in-node=\"0\">Visas prek\u0117s \u017eenklo naudojimas:<\/b> Auk\u0161tos kokyb\u0117s spalvota spauda ant v\u0117duokl\u0117s formos lapo (popieriaus arba poliesterio).<\/p>\n<\/li>\n<li>\n<p data-path-to-node=\"9,2,0\"><b data-path-to-node=\"9,2,0\" data-index-in-node=\"0\">\u0160onkauli\u0173 parinktys:<\/b> Tvirt\u0173 \u0161onkauli\u0173 skai\u010dius svyruoja nuo 12 iki 18, priklausomai nuo modelio.<\/p>\n<\/li>\n<li>\n<p data-path-to-node=\"9,3,0\"><b data-path-to-node=\"9,3,0\" data-index-in-node=\"0\">Vasaros reikmenys:<\/b> Puiki dovana vestuv\u0117ms, festivaliams ir sporto renginiams lauke.<\/p>\n<\/li>\n<\/ul>","protected":false},"featured_media":6311,"comment_status":"closed","ping_status":"closed","template":"","meta":[],"product_brand":[],"product_cat":[45],"product_tag":[],"class_list":{"0":"post-6150","1":"product","2":"type-product","3":"status-publish","4":"has-post-thumbnail","6":"product_cat-other","8":"first","9":"instock","10":"shipping-taxable","11":"purchasable","12":"product-type-simple"},"_links":{"self":[{"href":"https:\/\/displayproducts.eu\/lt\/wp-json\/wp\/v2\/product\/6150","targetHints":{"allow":["GET"]}}],"collection":[{"href":"https:\/\/displayproducts.eu\/lt\/wp-json\/wp\/v2\/product"}],"about":[{"href":"https:\/\/displayproducts.eu\/lt\/wp-json\/wp\/v2\/types\/product"}],"replies":[{"embeddable":true,"href":"https:\/\/displayproducts.eu\/lt\/wp-json\/wp\/v2\/comments?post=6150"}],"wp:featuredmedia":[{"embeddable":true,"href":"https:\/\/displayproducts.eu\/lt\/wp-json\/wp\/v2\/media\/6311"}],"wp:attachment":[{"href":"https:\/\/displayproducts.eu\/lt\/wp-json\/wp\/v2\/media?parent=6150"}],"wp:term":[{"taxonomy":"product_brand","embeddable":true,"href":"https:\/\/displayproducts.eu\/lt\/wp-json\/wp\/v2\/product_brand?post=6150"},{"taxonomy":"product_cat","embeddable":true,"href":"https:\/\/displayproducts.eu\/lt\/wp-json\/wp\/v2\/product_cat?post=6150"},{"taxonomy":"product_tag","embeddable":true,"href":"https:\/\/displayproducts.eu\/lt\/wp-json\/wp\/v2\/product_tag?post=6150"}],"curies":[{"name":"wp","href":"https:\/\/api.w.org\/{rel}","templated":true}]}}