{"id":6144,"date":"2025-12-19T16:02:37","date_gmt":"2025-12-19T13:02:37","guid":{"rendered":"https:\/\/wristbandfactory.eu\/?post_type=product&#038;p=6144"},"modified":"2026-04-01T21:52:34","modified_gmt":"2026-04-01T18:52:34","slug":"custom-printed-picnic-blankets-fleece-waterproof-models","status":"publish","type":"product","link":"https:\/\/displayproducts.eu\/lt\/p\/custom-printed-picnic-blankets-fleece-waterproof-models\/","title":{"rendered":"Pikniko pledai su spauda"},"content":{"rendered":"<p data-path-to-node=\"10\">Paverskite bet kok\u012f susib\u016brim\u0105 lauke prek\u0117s \u017eenklo k\u016brimo galimybe su m\u016bs\u0173 <b data-path-to-node=\"10\" data-index-in-node=\"89\">Individualiai spausdintos i\u0161kyl\u0173 antklod\u0117s<\/b>. Nesvarbu, ar jums reikia jaukios dovan\u0117l\u0117s vasaros koncertui, ar prabangios \u012fmon\u0117s dovanos darbuotojams, mes si\u016blome dvi skirtingas med\u017eiag\u0173 konstrukcijas, atitinkan\u010dias j\u016bs\u0173 biud\u017eet\u0105 ir funkcinius poreikius.<\/p>\n<p data-path-to-node=\"11\">Abu modeliai pasi\u017eymi skaitmenine spauda nuo kra\u0161to iki kra\u0161to, tod\u0117l visame pavir\u0161iuje galima atspausdinti ry\u0161kias nuotraukas, sud\u0117tingus ra\u0161tus ar ry\u0161kius logotipus.<\/p>\n<h3 data-path-to-node=\"12\">Pasirinkite savo model\u012f<\/h3>\n<p>1. Mink\u0161ta vilnon\u0117 antklod\u0117 (standartin\u0117)<\/p>\n<p>Klasikinis pasirinkimas ie\u0161kantiems \u0161ilumos ir komforto.<\/p>\n<ul data-path-to-node=\"14\">\n<li>\n<p data-path-to-node=\"14,0,0\"><b data-path-to-node=\"14,0,0\" data-index-in-node=\"0\">Vir\u0161uje:<\/b> Mink\u0161tas 100% poliesterio flisas (220 g\/m\u00b2) jaukumo poj\u016b\u010diui.<\/p>\n<\/li>\n<li>\n<p data-path-to-node=\"14,1,0\"><b data-path-to-node=\"14,1,0\" data-index-in-node=\"0\">Apa\u010dia:<\/b> Juodas 80 g neaustinis pagrindas.<\/p>\n<\/li>\n<li>\n<p data-path-to-node=\"14,2,0\"><b data-path-to-node=\"14,2,0\" data-index-in-node=\"0\">Pakuot\u0117:<\/b> Atskirai supakuotas polietileniniame mai\u0161elyje (individualus popierinis \u012fmaut\u0117 galimas pagal pageidavim\u0105).<\/p>\n<\/li>\n<\/ul>\n<p>2. Auk\u0161\u010diausios kokyb\u0117s vandeniui atspari antklod\u0117 (pamink\u0161tinta)<\/p>\n<p>Sukurta patvarumui ir dr\u0117gnoms grunto s\u0105lygoms.<\/p>\n<ul data-path-to-node=\"16\">\n<li>\n<p data-path-to-node=\"16,0,0\"><b data-path-to-node=\"16,0,0\" data-index-in-node=\"0\">Konstrukcija:<\/b> Trij\u0173 sluoksni\u0173 \u201esumu\u0161tinio\u201c dizainas \u2013 300D poliesterio vir\u0161us, 2 mm putplas\u010dio \u0161erdis patogiam s\u0117d\u0117jimui ir 210D poliesterio apa\u010dia.<\/p>\n<\/li>\n<li>\n<p data-path-to-node=\"16,1,0\"><b data-path-to-node=\"16,1,0\" data-index-in-node=\"0\">Atsparus vandeniui:<\/b> Turi PU pagrind\u0105, kuris neleid\u017eia patekti dr\u0117gmei.<\/p>\n<\/li>\n<li>\n<p data-path-to-node=\"16,2,0\"><b data-path-to-node=\"16,2,0\" data-index-in-node=\"0\">Perkeliamumas:<\/b> Pridedama prisi\u016bta PP rankena (apie 2,5 x 50 cm) su lipnia juosta, kad b\u016bt\u0173 lengva susukti ir ne\u0161ti.<\/p>\n<\/li>\n<\/ul>\n<h2 data-path-to-node=\"17\">Pagrindin\u0117s savyb\u0117s<\/h2>\n<ul data-path-to-node=\"18\">\n<li>\n<p data-path-to-node=\"18,0,0\"><b data-path-to-node=\"18,0,0\" data-index-in-node=\"0\">Ry\u0161kus skaitmeninis spausdinimas:<\/b> J\u016bs\u0173 dizain\u0105 spausdiname skaitmeniniu b\u016bdu. <i data-path-to-node=\"18,0,0\" data-index-in-node=\"55\">Pastaba: D\u0117l audinio tekst\u016bros galutin\u0117s spaudos spalvos gali skirtis iki 15% atspalviu, palyginti su originaliu meno k\u016briniu.<\/i><\/p>\n<\/li>\n<li>\n<p data-path-to-node=\"18,1,0\"><b data-path-to-node=\"18,1,0\" data-index-in-node=\"0\">Praktinis prek\u0117s \u017eenklo k\u016brimas:<\/b> Didelis pavir\u0161iaus plotas u\u017etikrina, kad j\u016bs\u0173 prek\u0117s \u017eenklas b\u016bt\u0173 matomas i\u0161 toli papl\u016bdimiuose, parkuose ir festivaliuose.<\/p>\n<\/li>\n<li>\n<p data-path-to-node=\"18,2,0\"><b data-path-to-node=\"18,2,0\" data-index-in-node=\"0\">Gamybos tolerancija:<\/b> Pagal pramon\u0117s standartus pasiliekame teis\u0119 pristatyti ir i\u0161ra\u0161yti s\u0105skait\u0105 fakt\u016br\u0105 +\/- 10% u\u017esakyto kiekio.<\/p>\n<\/li>\n<\/ul>\n<h2 data-path-to-node=\"19\">Specifikacijos<\/h2>\n<table data-path-to-node=\"20\">\n<thead>\n<tr>\n<td><strong>Funkcija<\/strong><\/td>\n<td><strong>Vilnos modelis<\/strong><\/td>\n<td><strong>Vandeniui atsparus pamink\u0161tintas modelis<\/strong><\/td>\n<\/tr>\n<\/thead>\n<tbody>\n<tr>\n<td><span data-path-to-node=\"20,1,0,0\"><b data-path-to-node=\"20,1,0,0\" data-index-in-node=\"0\">Vir\u0161utin\u0117 med\u017eiaga<\/b><\/span><\/td>\n<td><span data-path-to-node=\"20,1,1,0\">220 g\/m\u00b2 poliesterio flisas<\/span><\/td>\n<td><span data-path-to-node=\"20,1,2,0\">300D poliesteris<\/span><\/td>\n<\/tr>\n<tr>\n<td><span data-path-to-node=\"20,2,0,0\"><b data-path-to-node=\"20,2,0,0\" data-index-in-node=\"0\">Pagrindas<\/b><\/span><\/td>\n<td><span data-path-to-node=\"20,2,1,0\">Juodas 80 g neaustinis audinys<\/span><\/td>\n<td><span data-path-to-node=\"20,2,2,0\">Vandeniui atsparus PU + 210D poli<\/span><\/td>\n<\/tr>\n<tr>\n<td><span data-path-to-node=\"20,3,0,0\"><b data-path-to-node=\"20,3,0,0\" data-index-in-node=\"0\">Pamink\u0161tinimas<\/b><\/span><\/td>\n<td><span data-path-to-node=\"20,3,1,0\">N\u0117ra<\/span><\/td>\n<td><span data-path-to-node=\"20,3,2,0\">2 mm putplastis<\/span><\/td>\n<\/tr>\n<tr>\n<td><span data-path-to-node=\"20,4,0,0\"><b data-path-to-node=\"20,4,0,0\" data-index-in-node=\"0\">Matmenys<\/b><\/span><\/td>\n<td><span data-path-to-node=\"20,4,1,0\">120 x 150 cm ARBA 130 x 170 cm<\/span><\/td>\n<td><span data-path-to-node=\"20,4,2,0\">120 x 150 cm<\/span><\/td>\n<\/tr>\n<tr>\n<td><span data-path-to-node=\"20,5,0,0\"><b data-path-to-node=\"20,5,0,0\" data-index-in-node=\"0\">Ne\u0161iojimo sistema<\/b><\/span><\/td>\n<td><span data-path-to-node=\"20,5,1,0\">Polietileninis mai\u0161elis (rankov\u0117 neprivaloma)<\/span><\/td>\n<td><span data-path-to-node=\"20,5,2,0\">Integruota PP dir\u017eo rankena<\/span><\/td>\n<\/tr>\n<tr>\n<td><span data-path-to-node=\"20,6,0,0\"><b data-path-to-node=\"20,6,0,0\" data-index-in-node=\"0\">Spausdinimo technika<\/b><\/span><\/td>\n<td><span data-path-to-node=\"20,6,1,0\">Pilnai spalvotas skaitmeninis<\/span><\/td>\n<td><span data-path-to-node=\"20,6,2,0\">Pilnai spalvotas skaitmeninis<\/span><\/td>\n<\/tr>\n<\/tbody>\n<\/table>\n<p>&nbsp;<\/p>\n<h2 data-path-to-node=\"21\">Naudojimo atvejai<\/h2>\n<ul data-path-to-node=\"22\">\n<li>\n<p data-path-to-node=\"22,0,0\"><b data-path-to-node=\"22,0,0\" data-index-in-node=\"0\">Vasaros festivaliai:<\/b> Firmin\u0117s s\u0117dimos vietos muzikos renginiams.<\/p>\n<\/li>\n<li>\n<p data-path-to-node=\"22,1,0\"><b data-path-to-node=\"22,1,0\" data-index-in-node=\"0\">\u012emoni\u0173 piknikai:<\/b> Prakti\u0161ka dovana, kuri\u0105 darbuotojai naudos ne kart\u0105.<\/p>\n<\/li>\n<li>\n<p data-path-to-node=\"22,2,0\"><b data-path-to-node=\"22,2,0\" data-index-in-node=\"0\">Preki\u0173 parduotuv\u0117s:<\/b> Didel\u0117s vert\u0117s daiktas grup\u0117ms ar sporto komandoms.<\/p>\n<\/li>\n<li>\n<p data-path-to-node=\"22,3,0\"><b data-path-to-node=\"22,3,0\" data-index-in-node=\"0\">Lauko akcijos:<\/b> Idealiai tinka g\u0117rim\u0173 ar gyvenimo b\u016bdo preki\u0173 \u017eenklams.<\/p>\n<\/li>\n<\/ul>","protected":false},"excerpt":{"rendered":"<ul>\n<li>\n<p data-path-to-node=\"9,0,0\"><b data-path-to-node=\"9,0,0\" data-index-in-node=\"0\">Du variantai:<\/b> Rinkit\u0117s i\u0161 mink\u0161tos flisin\u0117s (lengvos) arba auk\u0161\u010diausios kokyb\u0117s vandeniui atsparios (su pamink\u0161tinimu ir rankena).<\/p>\n<\/li>\n<li>\n<p data-path-to-node=\"9,1,0\"><b data-path-to-node=\"9,1,0\" data-index-in-node=\"0\">Visi\u0161kas pritaikymas:<\/b> Didel\u0117s rai\u0161kos skaitmenin\u0117 spauda dengia vis\u0105 vir\u0161utin\u012f pavir\u0161i\u0173.<\/p>\n<\/li>\n<li>\n<p data-path-to-node=\"9,2,0\"><b data-path-to-node=\"9,2,0\" data-index-in-node=\"0\">Universal\u016bs dyd\u017eiai:<\/b> Standartinis 120 x 150 cm arba didesnis 130 x 170 cm (tik flisas).<\/p>\n<\/li>\n<li>\n<p data-path-to-node=\"9,3,0\"><b data-path-to-node=\"9,3,0\" data-index-in-node=\"0\">Paruo\u0161ta renginiui:<\/b> Puikiai tinka lauko festivaliams, \u012fmoni\u0173 piknikams ir vasaros kampanijoms.<\/p>\n<\/li>\n<\/ul>","protected":false},"featured_media":6315,"comment_status":"closed","ping_status":"closed","template":"","meta":[],"product_brand":[],"product_cat":[68,121],"product_tag":[],"class_list":{"0":"post-6144","1":"product","2":"type-product","3":"status-publish","4":"has-post-thumbnail","6":"product_cat-event-supplies","7":"product_cat-promotional-merchandise","9":"first","10":"instock","11":"shipping-taxable","12":"purchasable","13":"product-type-simple"},"_links":{"self":[{"href":"https:\/\/displayproducts.eu\/lt\/wp-json\/wp\/v2\/product\/6144","targetHints":{"allow":["GET"]}}],"collection":[{"href":"https:\/\/displayproducts.eu\/lt\/wp-json\/wp\/v2\/product"}],"about":[{"href":"https:\/\/displayproducts.eu\/lt\/wp-json\/wp\/v2\/types\/product"}],"replies":[{"embeddable":true,"href":"https:\/\/displayproducts.eu\/lt\/wp-json\/wp\/v2\/comments?post=6144"}],"wp:featuredmedia":[{"embeddable":true,"href":"https:\/\/displayproducts.eu\/lt\/wp-json\/wp\/v2\/media\/6315"}],"wp:attachment":[{"href":"https:\/\/displayproducts.eu\/lt\/wp-json\/wp\/v2\/media?parent=6144"}],"wp:term":[{"taxonomy":"product_brand","embeddable":true,"href":"https:\/\/displayproducts.eu\/lt\/wp-json\/wp\/v2\/product_brand?post=6144"},{"taxonomy":"product_cat","embeddable":true,"href":"https:\/\/displayproducts.eu\/lt\/wp-json\/wp\/v2\/product_cat?post=6144"},{"taxonomy":"product_tag","embeddable":true,"href":"https:\/\/displayproducts.eu\/lt\/wp-json\/wp\/v2\/product_tag?post=6144"}],"curies":[{"name":"wp","href":"https:\/\/api.w.org\/{rel}","templated":true}]}}