{"id":6135,"date":"2025-12-19T15:54:46","date_gmt":"2025-12-19T12:54:46","guid":{"rendered":"https:\/\/wristbandfactory.eu\/?post_type=product&#038;p=6135"},"modified":"2026-04-01T21:52:34","modified_gmt":"2026-04-01T18:52:34","slug":"custom-printed-wooden-deck-chairs-patio-stools-made-in-eu","status":"publish","type":"product","link":"https:\/\/displayproducts.eu\/lt\/p\/custom-printed-wooden-deck-chairs-patio-stools-made-in-eu\/","title":{"rendered":"Mediniai gultai su spauda"},"content":{"rendered":"<p data-path-to-node=\"10\">Sukurkite atpalaiduojan\u010di\u0105 prek\u0117s \u017eenklo patirt\u012f su m\u016bs\u0173 auk\u0161\u010diausios kokyb\u0117s asortimentu <b data-path-to-node=\"10\" data-index-in-node=\"86\">Medin\u0117s terasos k\u0117d\u0117s ir taburet\u0117s su spausdinimo funkcija<\/b>. Nesvarbu, ar tai papl\u016bdimio klubas, muzikos festivalis, \u012fmon\u0117s vasaros terasa, ar \u017eiemos slidin\u0117jimo kurortas, \u0161ios k\u0117d\u0117s si\u016blo puik\u0173 komforto ir matomumo derin\u012f.<\/p>\n<p data-path-to-node=\"11\">M\u016bs\u0173 r\u0117mai pagaminti tiesiogiai ES, i\u0161 tvirtos buko medienos (nat\u016bralios apdailos), tod\u0117l, palyginti su lengvais importuotais baldais, jie yra patvaresni ir, palyginti su lengvais importuotais baldais, atrodo prabangiau. S\u0117dyn\u0117s audinys spausdinamas skaitmeniniu b\u016bdu, spalvotai, tod\u0117l galima sukurti fotorealistinius dizainus, dengian\u010dius vis\u0105 pavir\u0161i\u0173.<\/p>\n<h3 data-path-to-node=\"12\">Galimi modeliai<\/h3>\n<p data-path-to-node=\"13\">Si\u016blome keturias skirtingas konfig\u016bracijas, pritaikytas j\u016bs\u0173 renginio poreikiams:<\/p>\n<ol start=\"1\" data-path-to-node=\"14\">\n<li>\n<p data-path-to-node=\"14,0,0\"><b data-path-to-node=\"14,0,0\" data-index-in-node=\"0\">Klasikin\u0117 terasos k\u0117d\u0117:<\/b> Nesenstantis dizainas be poranki\u0173. Minimalistinis ir patogus ne\u0161iotis.<\/p>\n<\/li>\n<li>\n<p data-path-to-node=\"14,1,0\"><b data-path-to-node=\"14,1,0\" data-index-in-node=\"0\">Patogus denio kr\u0117slas:<\/b> Turi ergonomi\u0161kus porankius papildomam atsipalaidavimui.<\/p>\n<\/li>\n<li>\n<p data-path-to-node=\"14,2,0\"><b data-path-to-node=\"14,2,0\" data-index-in-node=\"0\">Auk\u0161\u010diausios kokyb\u0117s terasos k\u0117d\u0117:<\/b> Su porankiais ir \u012fmontuotu puodeli\u0173 laikikliu \u2013 tobulas pasirinkimas festivaliui.<\/p>\n<\/li>\n<li>\n<p data-path-to-node=\"14,3,0\"><b data-path-to-node=\"14,3,0\" data-index-in-node=\"0\">Terasos taburet\u0117:<\/b> Kompakti\u0161ka, sulankstoma pakoja arba papildoma s\u0117dyn\u0117, puikiai papildanti k\u0117des.<\/p>\n<\/li>\n<\/ol>\n<h2 data-path-to-node=\"15\">Pagrindin\u0117s savyb\u0117s<\/h2>\n<ul data-path-to-node=\"16\">\n<li>\n<p data-path-to-node=\"16,0,0\"><b data-path-to-node=\"16,0,0\" data-index-in-node=\"0\">Reguliuojamas komfortas:<\/b> Visuose k\u0117d\u017ei\u0173 modeliuose yra 3 pakop\u0173 atlo\u0161o auk\u0161\u010dio reguliavimas, leid\u017eiantis pritaikyti poils\u012f pagal individualius poreikius (standartinis: 28\/60 mm diapazonas; modeliai su porankiais: 28\/57 mm arba 32\/61 mm diapazonas).<\/p>\n<\/li>\n<li>\n<p data-path-to-node=\"16,1,0\"><b data-path-to-node=\"16,1,0\" data-index-in-node=\"0\">Ry\u0161kus prek\u0117s \u017eenklas:<\/b> 215 g\/m2 poliesterio audinys palaiko didel\u0117s rai\u0161kos CMYK spausdinim\u0105. <i data-path-to-node=\"16,1,0\" data-index-in-node=\"83\">Pastaba: d\u0117l tekstil\u0117s \u012fgerties galutin\u0117s spalvos gali skirtis nuo skaitmeninio failo iki 15%.<\/i><\/p>\n<\/li>\n<li>\n<p data-path-to-node=\"16,2,0\"><b data-path-to-node=\"16,2,0\" data-index-in-node=\"0\">I\u0161manus dizainas:<\/b> K\u0117d\u017ei\u0173 u\u017evalkalai yra nuimami ir kei\u010diami, tod\u0117l galite atnaujinti kampanijas neperkant nauj\u0173 r\u0117m\u0173. (Pastaba: taburet\u0117s audinys yra fiksuotas \/ nenuimamas).<\/p>\n<\/li>\n<li>\n<p data-path-to-node=\"16,3,0\"><b data-path-to-node=\"16,3,0\" data-index-in-node=\"0\">Saugumas ir apkrova:<\/b> Tvirta konstrukcija atlaiko iki 110 kg svor\u012f vienai s\u0117dynei.<\/p>\n<\/li>\n<\/ul>\n<h2 data-path-to-node=\"17\">Specifikacijos<\/h2>\n<table data-path-to-node=\"18\">\n<thead>\n<tr>\n<td><strong>Funkcija<\/strong><\/td>\n<td><strong>Klasikin\u0117 k\u0117d\u0117<\/strong><\/td>\n<td><strong>Porankio k\u0117d\u0117<\/strong><\/td>\n<td><strong>Puodelio laikiklio k\u0117d\u0117<\/strong><\/td>\n<td><strong>Terasos taburet\u0117<\/strong><\/td>\n<\/tr>\n<\/thead>\n<tbody>\n<tr>\n<td><span data-path-to-node=\"18,1,0,0\"><b data-path-to-node=\"18,1,0,0\" data-index-in-node=\"0\">R\u0117mo med\u017eiaga<\/b><\/span><\/td>\n<td><span data-path-to-node=\"18,1,1,0\">Buko mediena<\/span><\/td>\n<td><span data-path-to-node=\"18,1,2,0\">Buko mediena<\/span><\/td>\n<td><span data-path-to-node=\"18,1,3,0\">Buko mediena<\/span><\/td>\n<td><span data-path-to-node=\"18,1,4,0\">Buko mediena<\/span><\/td>\n<\/tr>\n<tr>\n<td><span data-path-to-node=\"18,2,0,0\"><b data-path-to-node=\"18,2,0,0\" data-index-in-node=\"0\">Matmenys (sulankstyto)<\/b><\/span><\/td>\n<td><span data-path-to-node=\"18,2,1,0\">1250 x 560 mm<\/span><\/td>\n<td><span data-path-to-node=\"18,2,2,0\">1510 x 580 mm<\/span><\/td>\n<td><span data-path-to-node=\"18,2,3,0\">1510 x 580 mm<\/span><\/td>\n<td><span data-path-to-node=\"18,2,4,0\">500 x 320 mm<\/span><\/td>\n<\/tr>\n<tr>\n<td><span data-path-to-node=\"18,3,0,0\"><b data-path-to-node=\"18,3,0,0\" data-index-in-node=\"0\">Auk\u0161\u010dio lygiai<\/b><\/span><\/td>\n<td><span data-path-to-node=\"18,3,1,0\">3 \u017eingsni\u0173<\/span><\/td>\n<td><span data-path-to-node=\"18,3,2,0\">3 \u017eingsni\u0173<\/span><\/td>\n<td><span data-path-to-node=\"18,3,3,0\">3 \u017eingsni\u0173<\/span><\/td>\n<td><span data-path-to-node=\"18,3,4,0\">Fiksuotas (70 mm)<\/span><\/td>\n<\/tr>\n<tr>\n<td><span data-path-to-node=\"18,4,0,0\"><b data-path-to-node=\"18,4,0,0\" data-index-in-node=\"0\">Svoris<\/b><\/span><\/td>\n<td><span data-path-to-node=\"18,4,1,0\">3,9 kg (7,8 kg\/d\u0117\u017e\u0117)<\/span><\/td>\n<td><span data-path-to-node=\"18,4,2,0\">4,4 kg (8,8 kg\/d\u0117\u017e\u0117)<\/span><\/td>\n<td><span data-path-to-node=\"18,4,3,0\">4,7 kg (9,4 kg\/d\u0117\u017e\u0117)<\/span><\/td>\n<td><span data-path-to-node=\"18,4,4,0\">1,6 kg (3,2 kg\/d\u0117\u017e\u0117)<\/span><\/td>\n<\/tr>\n<tr>\n<td><span data-path-to-node=\"18,5,0,0\"><b data-path-to-node=\"18,5,0,0\" data-index-in-node=\"0\">Audinys<\/b><\/span><\/td>\n<td><span data-path-to-node=\"18,5,1,0\">215 g\/m\u00b2 poliesteris<\/span><\/td>\n<td><span data-path-to-node=\"18,5,2,0\">215 g\/m\u00b2 poliesteris<\/span><\/td>\n<td><span data-path-to-node=\"18,5,3,0\">215 g\/m\u00b2 poliesteris<\/span><\/td>\n<td><span data-path-to-node=\"18,5,4,0\">215 g\/m\u00b2 poliesteris<\/span><\/td>\n<\/tr>\n<tr>\n<td><span data-path-to-node=\"18,6,0,0\"><b data-path-to-node=\"18,6,0,0\" data-index-in-node=\"0\">Pakuot\u0117<\/b><\/span><\/td>\n<td><span data-path-to-node=\"18,6,1,0\">2 vnt. \/ d\u0117\u017eut\u0117je<\/span><\/td>\n<td><span data-path-to-node=\"18,6,2,0\">2 vnt. \/ d\u0117\u017eut\u0117je<\/span><\/td>\n<td><span data-path-to-node=\"18,6,3,0\">2 vnt. \/ d\u0117\u017eut\u0117je<\/span><\/td>\n<td><span data-path-to-node=\"18,6,4,0\">2 vnt. \/ d\u0117\u017eut\u0117je<\/span><\/td>\n<\/tr>\n<\/tbody>\n<\/table>\n<h2 data-path-to-node=\"19\">Naudojimo atvejai<\/h2>\n<ul data-path-to-node=\"20\">\n<li>\n<p data-path-to-node=\"20,0,0\"><b data-path-to-node=\"20,0,0\" data-index-in-node=\"0\">Vasaros festivaliai ir papl\u016bdimio barai:<\/b> sukurti firmin\u0119 poilsio zon\u0105.<\/p>\n<\/li>\n<li>\n<p data-path-to-node=\"20,1,0\"><b data-path-to-node=\"20,1,0\" data-index-in-node=\"0\">Slidin\u0117jimo kurortai:<\/b> Patvari mediena ir poliesteris taip pat puikiai tinka \u017eiemos saul\u0117s terasoms.<\/p>\n<\/li>\n<li>\n<p data-path-to-node=\"20,2,0\"><b data-path-to-node=\"20,2,0\" data-index-in-node=\"0\">\u012emoni\u0173 dovanos:<\/b> Didel\u0117s vert\u0117s dovana partneriams, kuri\u0105 galima naudoti soduose ar balkonuose.<\/p>\n<\/li>\n<li>\n<p data-path-to-node=\"20,3,0\"><b data-path-to-node=\"20,3,0\" data-index-in-node=\"0\">Lauko renginiai:<\/b> Kilnojamos s\u0117dimos vietos, kurios taip pat gali b\u016bti naudojamos kaip reklaminis stendas.<\/p>\n<\/li>\n<\/ul>","protected":false},"excerpt":{"rendered":"<ul>\n<li>\n<p data-path-to-node=\"9,0,0\"><b data-path-to-node=\"9,0,0\" data-index-in-node=\"0\">Pagaminta ES:<\/b> Rank\u0173 darbo i\u0161 auk\u0161tos kokyb\u0117s nat\u016bralios buko medienos.<\/p>\n<\/li>\n<li>\n<p data-path-to-node=\"9,1,0\"><b data-path-to-node=\"9,1,0\" data-index-in-node=\"0\">Visi\u0161kas pritaikymas:<\/b> CMYK spauda nuo kra\u0161to iki kra\u0161to ant patvaraus 215 g\/m\u00b2 poliesterio.<\/p>\n<\/li>\n<li>\n<p data-path-to-node=\"9,2,0\"><b data-path-to-node=\"9,2,0\" data-index-in-node=\"0\">4 modeliai:<\/b> Standartinis, porankiai, porankiai su puodelio laikikliu ir sulankstoma taburet\u0117.<\/p>\n<\/li>\n<li>\n<p data-path-to-node=\"9,3,0\"><b data-path-to-node=\"9,3,0\" data-index-in-node=\"0\">Kei\u010diamas audinys:<\/b> Lengvai pakeiskite vis\u0173 k\u0117d\u017ei\u0173 modeli\u0173 dizain\u0105 (k\u0117d\u017ei\u0173 audinys yra fiksuotas).<\/p>\n<\/li>\n<\/ul>","protected":false},"featured_media":6320,"comment_status":"closed","ping_status":"closed","template":"","meta":[],"product_brand":[],"product_cat":[68],"product_tag":[],"class_list":{"0":"post-6135","1":"product","2":"type-product","3":"status-publish","4":"has-post-thumbnail","6":"product_cat-event-supplies","8":"first","9":"instock","10":"shipping-taxable","11":"purchasable","12":"product-type-simple"},"_links":{"self":[{"href":"https:\/\/displayproducts.eu\/lt\/wp-json\/wp\/v2\/product\/6135","targetHints":{"allow":["GET"]}}],"collection":[{"href":"https:\/\/displayproducts.eu\/lt\/wp-json\/wp\/v2\/product"}],"about":[{"href":"https:\/\/displayproducts.eu\/lt\/wp-json\/wp\/v2\/types\/product"}],"replies":[{"embeddable":true,"href":"https:\/\/displayproducts.eu\/lt\/wp-json\/wp\/v2\/comments?post=6135"}],"wp:featuredmedia":[{"embeddable":true,"href":"https:\/\/displayproducts.eu\/lt\/wp-json\/wp\/v2\/media\/6320"}],"wp:attachment":[{"href":"https:\/\/displayproducts.eu\/lt\/wp-json\/wp\/v2\/media?parent=6135"}],"wp:term":[{"taxonomy":"product_brand","embeddable":true,"href":"https:\/\/displayproducts.eu\/lt\/wp-json\/wp\/v2\/product_brand?post=6135"},{"taxonomy":"product_cat","embeddable":true,"href":"https:\/\/displayproducts.eu\/lt\/wp-json\/wp\/v2\/product_cat?post=6135"},{"taxonomy":"product_tag","embeddable":true,"href":"https:\/\/displayproducts.eu\/lt\/wp-json\/wp\/v2\/product_tag?post=6135"}],"curies":[{"name":"wp","href":"https:\/\/api.w.org\/{rel}","templated":true}]}}