{"id":6133,"date":"2025-12-19T15:34:23","date_gmt":"2025-12-19T12:34:23","guid":{"rendered":"https:\/\/wristbandfactory.eu\/?post_type=product&#038;p=6133"},"modified":"2026-04-01T21:52:34","modified_gmt":"2026-04-01T18:52:34","slug":"custom-led-acrylic-invitations-business-cards","status":"publish","type":"product","link":"https:\/\/displayproducts.eu\/lt\/p\/custom-led-acrylic-invitations-business-cards\/","title":{"rendered":"\u0160vie\u010dian\u010dios vizitin\u0117s kortel\u0117s ir LED kvietimai"},"content":{"rendered":"<p data-path-to-node=\"9\">Sustiprinkite savo prek\u0117s \u017eenkl\u0105 ar rengin\u012f su m\u016bs\u0173 paslaugomis <b data-path-to-node=\"9\" data-index-in-node=\"65\">Individual\u016bs LED akriliniai kvietimai ir vizitin\u0117s kortel\u0117s<\/b>. Skirtingai nuo standartini\u0173 popierini\u0173 variant\u0173, \u0161ios futuristin\u0117s kortel\u0117s pagamintos i\u0161 tvirto, kri\u0161tolo skaidrumo akrilo ir pasi\u017eymi integruota LED technologija. Aktyvavus jas diskreti\u0161ku jutikliniu mygtuku, lazeriu i\u0161rai\u017eytos j\u016bs\u0173 dizaino detal\u0117s ap\u0161vinta, sukurdamos stulbinant\u012f vaizdin\u012f efekt\u0105, kuris garantuoja, kad j\u016bs\u0173 \u017einut\u0117 bus \u012fsiminta.<\/p>\n<p data-path-to-node=\"10\">Tai ne tik kortel\u0117s; tai suvenyrai. Nesvarbu, ar tai prabangi vizitin\u0117 kortel\u0117, kuri akimirksniu u\u017emezga ry\u0161\u012f, ar \u0161vie\u010diantis VIP leidimas vakariniam renginiui, ar romanti\u0161kas vestuvi\u0173 kvietimas, LED akrilin\u0117 kortel\u0117 sukuria unikali\u0105 naudotojo patirt\u012f.<\/p>\n<h2 data-path-to-node=\"11\">Pagrindin\u0117s savyb\u0117s<\/h2>\n<ul data-path-to-node=\"12\">\n<li>\n<p data-path-to-node=\"12,0,0\"><b data-path-to-node=\"12,0,0\" data-index-in-node=\"0\">Lazerinio graviravimo technologija:<\/b> J\u016bs\u0173 tekst\u0105, logotip\u0105 ar iliustracij\u0105 i\u0161rai\u017eome tiesiai \u012f akrilin\u012f pavir\u0161i\u0173. LED \u0161viesa sklinda per med\u017eiag\u0105 ir u\u017efiksuoja graviravim\u0105, tod\u0117l jis ry\u0161kiai spindi skaidriame fone.<\/p>\n<\/li>\n<li>\n<p data-path-to-node=\"12,1,0\"><b data-path-to-node=\"12,1,0\" data-index-in-node=\"0\">Prisilietimo aktyvinimas:<\/b> \u0160iuolaikiniai talpiniai jutikliniai jutikliai leid\u017eia gav\u0117jams skland\u017eiai \u012fjungti ir i\u0161jungti \u0161vies\u0105.<\/p>\n<\/li>\n<li>\n<p data-path-to-node=\"12,2,0\"><b data-path-to-node=\"12,2,0\" data-index-in-node=\"0\">Visi\u0161kas pritaikymas:<\/b> Galima \u012fsigyti \u012fvairi\u0173 form\u0173 (sta\u010diakampi\u0173, kvadratini\u0173 arba pagal u\u017esakym\u0105 i\u0161pjaut\u0173) ir dyd\u017ei\u0173, kad atitikt\u0173 standartines pinigines ar didesnius vok\u0173 formatus.<\/p>\n<\/li>\n<li>\n<p data-path-to-node=\"12,3,0\"><b data-path-to-node=\"12,3,0\" data-index-in-node=\"0\">Patvarumas:<\/b> Pagaminta i\u0161 tvirto akrilo (PMMA), kuris yra atsparesnis lenkimui ir \u012fbr\u0117\u017eimams geriau nei tradicin\u0117s plastikin\u0117s kortel\u0117s.<\/p>\n<\/li>\n<\/ul>\n<h2 data-path-to-node=\"13\">Specifikacijos<\/h2>\n<ul data-path-to-node=\"14\">\n<li>\n<p data-path-to-node=\"14,0,0\"><b data-path-to-node=\"14,0,0\" data-index-in-node=\"0\">Med\u017eiaga:<\/b> Skaidrus akrilas (PMMA).<\/p>\n<\/li>\n<li>\n<p data-path-to-node=\"14,1,0\"><b data-path-to-node=\"14,1,0\" data-index-in-node=\"0\">Storis:<\/b> 2\u20133 mm variantai.<\/p>\n<\/li>\n<li>\n<p data-path-to-node=\"14,2,0\"><b data-path-to-node=\"14,2,0\" data-index-in-node=\"0\">Ap\u0161vietimo \u0161altinis:<\/b> Integruoti LED \u017eibintai (balti arba daugiaspalviai).<\/p>\n<\/li>\n<li>\n<p data-path-to-node=\"14,3,0\"><b data-path-to-node=\"14,3,0\" data-index-in-node=\"0\">Galia:<\/b> Sagos formos baterijos (kei\u010diamos \/ ne\u012fkraunamos) arba \u012fkraunamos per USB (pasirinktuose modeliuose).<\/p>\n<\/li>\n<li>\n<p data-path-to-node=\"14,4,0\"><b data-path-to-node=\"14,4,0\" data-index-in-node=\"0\">Jungiklio tipas:<\/b> Jutiklin\u0117 plan\u0161et\u0117 arba mygtukinis jungiklis.<\/p>\n<\/li>\n<li>\n<p data-path-to-node=\"14,5,0\"><b data-path-to-node=\"14,5,0\" data-index-in-node=\"0\">Gamybos laikas:<\/b> 5\u201310 darbo dien\u0173.<\/p>\n<\/li>\n<li>\n<p data-path-to-node=\"14,6,0\"><b data-path-to-node=\"14,6,0\" data-index-in-node=\"0\">Spausdinimas:<\/b> Lazerinis rai\u017eymas (standartinis) + \u0161ilkografijos arba i\u0161kiliosios spaudos parinktys.<\/p>\n<\/li>\n<\/ul>\n<h2 data-path-to-node=\"15\">Naudojimo atvejai<\/h2>\n<ul data-path-to-node=\"16\">\n<li>\n<p data-path-to-node=\"16,0,0\"><b data-path-to-node=\"16,0,0\" data-index-in-node=\"0\">VIP vizitin\u0117s kortel\u0117s:<\/b> Tinklo k\u016brimo renginiuose i\u0161siskirkite kortele, kuri tiesiogine prasme nu\u0161vie\u010dia kambar\u012f.<\/p>\n<\/li>\n<li>\n<p data-path-to-node=\"16,1,0\"><b data-path-to-node=\"16,1,0\" data-index-in-node=\"0\">Prabang\u016bs vestuvi\u0173 kvietimai:<\/b> Sukurkite i\u0161skirtinio vakaro vestuvi\u0173 nuotaik\u0105 su \u017e\u0117rin\u010diais kvietimais.<\/p>\n<\/li>\n<li>\n<p data-path-to-node=\"16,2,0\"><b data-path-to-node=\"16,2,0\" data-index-in-node=\"0\">Rengini\u0173 suvenyrai:<\/b> Puikiai tinka gerb\u0117j\u0173 atributikams, atminimo bilietams ar \u201cSave the Date\u201d magnetukams.<\/p>\n<\/li>\n<li>\n<p data-path-to-node=\"16,3,0\"><b data-path-to-node=\"16,3,0\" data-index-in-node=\"0\">Naktinis gyvenimas ir \u0161ventiniai renginiai:<\/b> Naudokite kaip gerai matomus g\u0117rim\u0173 \u017eetonus arba VIP zonos leidimus prasto ap\u0161vietimo aplinkoje.<\/p>\n<\/li>\n<\/ul>","protected":false},"excerpt":{"rendered":"<ul>\n<li>\n<p data-path-to-node=\"8,0,0\"><b data-path-to-node=\"8,0,0\" data-index-in-node=\"0\">Ap\u0161viestas poveikis:<\/b> \u012emontuoti LED \u017eibintai suteikia lazeriu graviruotam dizainui spindesio.<\/p>\n<\/li>\n<li>\n<p data-path-to-node=\"8,1,0\"><b data-path-to-node=\"8,1,0\" data-index-in-node=\"0\">Auk\u0161\u010diausios kokyb\u0117s med\u017eiaga:<\/b> Auk\u0161tos kokyb\u0117s 2 mm arba 3 mm kri\u0161tolo skaidrumo akrilas.<\/p>\n<\/li>\n<li>\n<p data-path-to-node=\"8,2,0\"><b data-path-to-node=\"8,2,0\" data-index-in-node=\"0\">Individualios technologijos:<\/b> Galima \u012fsigyti su jutikliniais jungikliais ir \u012fkraunamomis arba vienkartin\u0117mis baterijomis.<\/p>\n<\/li>\n<li>\n<p data-path-to-node=\"8,3,0\"><b data-path-to-node=\"8,3,0\" data-index-in-node=\"0\">Universalus naudojimas:<\/b> Idealiai tinka prabangiems vestuvi\u0173 kvietimams, auk\u0161\u010diausios klas\u0117s vizitin\u0117ms kortel\u0117ms ar suvenyriniams bilietams.<\/p>\n<\/li>\n<\/ul>","protected":false},"featured_media":6134,"comment_status":"closed","ping_status":"closed","template":"","meta":[],"product_brand":[],"product_cat":[76],"product_tag":[],"class_list":{"0":"post-6133","1":"product","2":"type-product","3":"status-publish","4":"has-post-thumbnail","6":"product_cat-glow-led-products","8":"first","9":"instock","10":"shipping-taxable","11":"product-type-simple"},"_links":{"self":[{"href":"https:\/\/displayproducts.eu\/lt\/wp-json\/wp\/v2\/product\/6133","targetHints":{"allow":["GET"]}}],"collection":[{"href":"https:\/\/displayproducts.eu\/lt\/wp-json\/wp\/v2\/product"}],"about":[{"href":"https:\/\/displayproducts.eu\/lt\/wp-json\/wp\/v2\/types\/product"}],"replies":[{"embeddable":true,"href":"https:\/\/displayproducts.eu\/lt\/wp-json\/wp\/v2\/comments?post=6133"}],"wp:featuredmedia":[{"embeddable":true,"href":"https:\/\/displayproducts.eu\/lt\/wp-json\/wp\/v2\/media\/6134"}],"wp:attachment":[{"href":"https:\/\/displayproducts.eu\/lt\/wp-json\/wp\/v2\/media?parent=6133"}],"wp:term":[{"taxonomy":"product_brand","embeddable":true,"href":"https:\/\/displayproducts.eu\/lt\/wp-json\/wp\/v2\/product_brand?post=6133"},{"taxonomy":"product_cat","embeddable":true,"href":"https:\/\/displayproducts.eu\/lt\/wp-json\/wp\/v2\/product_cat?post=6133"},{"taxonomy":"product_tag","embeddable":true,"href":"https:\/\/displayproducts.eu\/lt\/wp-json\/wp\/v2\/product_tag?post=6133"}],"curies":[{"name":"wp","href":"https:\/\/api.w.org\/{rel}","templated":true}]}}