{"id":6125,"date":"2025-12-18T23:14:53","date_gmt":"2025-12-18T20:14:53","guid":{"rendered":"https:\/\/wristbandfactory.eu\/?post_type=product&#038;p=6125"},"modified":"2026-04-01T21:52:03","modified_gmt":"2026-04-01T18:52:03","slug":"custom-pvc-playing-cards-100-plastic-waterproof","status":"publish","type":"product","link":"https:\/\/displayproducts.eu\/lt\/p\/custom-pvc-playing-cards-100-plastic-waterproof\/","title":{"rendered":"PVC \u017eaidimo kortos su logotipu"},"content":{"rendered":"<p data-path-to-node=\"12\">Padidinkite savo prek\u0117s \u017eenklo matomum\u0105 su m\u016bs\u0173 auk\u0161\u010diausios kokyb\u0117s paslaugomis <b data-path-to-node=\"12\" data-index-in-node=\"72\">Individualizuotos PVC \u017eaidimo kortel\u0117s<\/b>. Skirtingai nuo standartini\u0173 popierini\u0173 kort\u0173 kalad\u017ei\u0173, \u0161ios 100% plastikin\u0117s kortel\u0117s pasi\u017eymi i\u0161skirtiniu patvarumu, profesionaliu \u201ckazino poj\u016b\u010diu\u201d ir visi\u0161ku atsparumu vandeniui. Jos idealiai tinka reklamai alaus darykloms, lauko renginiams, kelioni\u0173 preki\u0173 \u017eenklams ir prabangioms verslo dovanoms.<\/p>\n<p data-path-to-node=\"13\">Kadangi jos yra plaunamos ir atsparios lenkimui, j\u016bs\u0173 firmin\u0117 kort\u0173 kalad\u0117 ilgiau i\u0161lieka apyvartoje, u\u017etikrindama ilgalaik\u012f j\u016bs\u0173 logotipo matomum\u0105. Nesvarbu, ar tai pokerio turnyras, ar gyvenimo b\u016bdo dovana, PVC \u017eaidimo kortos perteikia kokyb\u0119 ir atsparum\u0105.<\/p>\n<h2 data-path-to-node=\"14\">Pagrindin\u0117s savyb\u0117s<\/h2>\n<ul data-path-to-node=\"15\">\n<li>\n<p data-path-to-node=\"15,0,0\"><b data-path-to-node=\"15,0,0\" data-index-in-node=\"0\">100% atsparus vandeniui:<\/b> Puikiai tinka papl\u016bdimio renginiams, barams ir naudojimui lauke; i\u0161siliejusius g\u0117rimus tiesiog nuvalykite.<\/p>\n<\/li>\n<li>\n<p data-path-to-node=\"15,1,0\"><b data-path-to-node=\"15,1,0\" data-index-in-node=\"0\">Puikus patvarumas:<\/b> PVC med\u017eiaga yra daug atsparesn\u0117 glam\u017eymuisi, ply\u0161imui ir kamp\u0173 dilimui nei popierius.<\/p>\n<\/li>\n<li>\n<p data-path-to-node=\"15,2,0\"><b data-path-to-node=\"15,2,0\" data-index-in-node=\"0\">Didel\u0117s rai\u0161kos spausdinimas:<\/b> Ry\u0161ki, sodri CMYK spauda sud\u0117tingiems logotipams ir individualiems pie\u0161iniams ant korteli\u0173 nugar\u0117li\u0173.<\/p>\n<\/li>\n<li>\n<p data-path-to-node=\"15,3,0\"><b data-path-to-node=\"15,3,0\" data-index-in-node=\"0\">Sklandus valdymas:<\/b> Profesionaliam mai\u0161ymui ir sandoriams galimos tekst\u016bruotos apdailos parinktys.<\/p>\n<\/li>\n<\/ul>\n<h2 data-path-to-node=\"16\">Specifikacijos<\/h2>\n<ul data-path-to-node=\"17\">\n<li>\n<p data-path-to-node=\"17,0,0\"><b data-path-to-node=\"17,0,0\" data-index-in-node=\"0\">Med\u017eiaga:<\/b> 100% Balto arba permatomo PVC variantai.<\/p>\n<\/li>\n<li>\n<p data-path-to-node=\"17,1,0\"><b data-path-to-node=\"17,1,0\" data-index-in-node=\"0\">Matmenys:<\/b> Standartinis pokerio dydis (63 mm x 88 mm) arba tiltelio dydis (57 mm x 87 mm).<\/p>\n<\/li>\n<li>\n<p data-path-to-node=\"17,2,0\"><b data-path-to-node=\"17,2,0\" data-index-in-node=\"0\">Storis:<\/b> Standartinis 0,3 mm (apie 300 mikron\u0173).<\/p>\n<\/li>\n<li>\n<p data-path-to-node=\"17,3,0\"><b data-path-to-node=\"17,3,0\" data-index-in-node=\"0\">Pakuot\u0117:<\/b> Standartin\u0117 balta d\u0117\u017eut\u0117, d\u0117\u017eut\u0117 su specialia spauda arba skaidrus plastikinis d\u0117klas.<\/p>\n<\/li>\n<li>\n<p data-path-to-node=\"17,4,0\"><b data-path-to-node=\"17,4,0\" data-index-in-node=\"0\">Kalad\u017ei\u0173 skai\u010dius:<\/b> Standartin\u0117s 54 kortos (52 kostiumai + 2 d\u017eokeriai).<\/p>\n<\/li>\n<\/ul>\n<h2 data-path-to-node=\"18\">Naudojimo atvejai<\/h2>\n<ul data-path-to-node=\"19\">\n<li>\n<p data-path-to-node=\"19,0,0\"><b data-path-to-node=\"19,0,0\" data-index-in-node=\"0\">G\u0117rim\u0173 ir alkoholini\u0173 g\u0117rim\u0173 preki\u0173 \u017eenklai:<\/b> Vandeniui atsparios kortel\u0117s yra b\u016btinos barams ir kavin\u0117ms.<\/p>\n<\/li>\n<li>\n<p data-path-to-node=\"19,1,0\"><b data-path-to-node=\"19,1,0\" data-index-in-node=\"0\">Kelion\u0117s ir turizmas:<\/b> Patvar\u016bs kelioni\u0173 \u017eaidimai vie\u0161bu\u010diams, kurortams ir kelioni\u0173 organizatoriams.<\/p>\n<\/li>\n<li>\n<p data-path-to-node=\"19,2,0\"><b data-path-to-node=\"19,2,0\" data-index-in-node=\"0\">Dovanos \u012fmon\u0117ms:<\/b> Didel\u0117s vert\u0117s, interaktyvi dovana, kuri\u0105 klientai laiko ant savo kavos staliuk\u0173.<\/p>\n<\/li>\n<li>\n<p data-path-to-node=\"19,3,0\"><b data-path-to-node=\"19,3,0\" data-index-in-node=\"0\">Kazino ir lo\u0161im\u0173 klubai:<\/b> Turnyro kokyb\u0117s kalad\u0117s su individualiu prek\u0117s \u017eenklo \u017eenklinimu.<\/p>\n<\/li>\n<\/ul>","protected":false},"excerpt":{"rendered":"<ul>\n<li>\n<p data-path-to-node=\"11,0,0\">Med\u017eiaga: 100% PVC plastikas (0,3 mm arba 0,32 mm storio)<\/p>\n<\/li>\n<li>\n<p data-path-to-node=\"11,1,0\">Savyb\u0117s: Visi\u0161kai atsparus vandeniui, skalbiamas ir atsparus ply\u0161imui<\/p>\n<\/li>\n<li>\n<p data-path-to-node=\"11,2,0\">Pritaikymas: spalvota spauda nugar\u0117l\u0117je, pasirinktiniai veido variantai ir pasirinktin\u0117 d\u0117\u017eut\u0117 \u012fd\u0117klui<\/p>\n<\/li>\n<li>\n<p data-path-to-node=\"11,3,0\">Patvarumas: Kazino lygio tvirtumas ir atsparumas ilgalaikiam naudojimui<\/p>\n<\/li>\n<\/ul>","protected":false},"featured_media":6126,"comment_status":"closed","ping_status":"closed","template":"","meta":[],"product_brand":[],"product_cat":[121],"product_tag":[],"class_list":{"0":"post-6125","1":"product","2":"type-product","3":"status-publish","4":"has-post-thumbnail","6":"product_cat-promotional-merchandise","8":"first","9":"instock","10":"shipping-taxable","11":"purchasable","12":"product-type-simple"},"_links":{"self":[{"href":"https:\/\/displayproducts.eu\/lt\/wp-json\/wp\/v2\/product\/6125","targetHints":{"allow":["GET"]}}],"collection":[{"href":"https:\/\/displayproducts.eu\/lt\/wp-json\/wp\/v2\/product"}],"about":[{"href":"https:\/\/displayproducts.eu\/lt\/wp-json\/wp\/v2\/types\/product"}],"replies":[{"embeddable":true,"href":"https:\/\/displayproducts.eu\/lt\/wp-json\/wp\/v2\/comments?post=6125"}],"wp:featuredmedia":[{"embeddable":true,"href":"https:\/\/displayproducts.eu\/lt\/wp-json\/wp\/v2\/media\/6126"}],"wp:attachment":[{"href":"https:\/\/displayproducts.eu\/lt\/wp-json\/wp\/v2\/media?parent=6125"}],"wp:term":[{"taxonomy":"product_brand","embeddable":true,"href":"https:\/\/displayproducts.eu\/lt\/wp-json\/wp\/v2\/product_brand?post=6125"},{"taxonomy":"product_cat","embeddable":true,"href":"https:\/\/displayproducts.eu\/lt\/wp-json\/wp\/v2\/product_cat?post=6125"},{"taxonomy":"product_tag","embeddable":true,"href":"https:\/\/displayproducts.eu\/lt\/wp-json\/wp\/v2\/product_tag?post=6125"}],"curies":[{"name":"wp","href":"https:\/\/api.w.org\/{rel}","templated":true}]}}