{"id":6109,"date":"2025-12-18T12:35:53","date_gmt":"2025-12-18T09:35:53","guid":{"rendered":"https:\/\/wristbandfactory.eu\/?post_type=product&#038;p=6109"},"modified":"2026-04-01T21:52:34","modified_gmt":"2026-04-01T18:52:34","slug":"full-color-tyvek-wristbands-cmyk-photo-print","status":"publish","type":"product","link":"https:\/\/displayproducts.eu\/lt\/p\/full-color-tyvek-wristbands-cmyk-photo-print\/","title":{"rendered":"Spalvotos Tyvek apyrank\u0117s (CMYK)"},"content":{"rendered":"<p data-path-to-node=\"12\">Pagerinkite savo renginio prek\u0117s \u017eenklo \u017einomum\u0105 su m\u016bs\u0173 <b data-path-to-node=\"12\" data-index-in-node=\"62\">Pilnos spalvos Tyvek apyrank\u0117s<\/b>. Skirtingai nuo standartini\u0173 vienos spalvos variant\u0173, \u0161is auk\u0161\u010diausios kokyb\u0117s spausdinimo b\u016bdas panaikina visus dizaino apribojimus ir leid\u017eia paprast\u0105 saugumo leidim\u0105 paversti galinga rinkodaros priemone.<\/p>\n<p data-path-to-node=\"13\">Naudodami pa\u017eangi\u0105 skaitmenin\u0119 CMYK spausdinimo technologij\u0105, galime atkurti <b data-path-to-node=\"13\" data-index-in-node=\"66\">didel\u0117s rai\u0161kos nuotraukos, skland\u016bs spalv\u0173 gradientai ir \u012fvairiaspalviai r\u0117m\u0117j\u0173 logotipai<\/b> i\u0161skirtinio ry\u0161kumo. Spauda klijuojama nuo kra\u0161to iki kra\u0161to, taip sukuriant visi\u0161kai suasmenint\u0105 drob\u0119, kurioje galite pristatyti savo prek\u0117s \u017eenklo tapatyb\u0119 ar festivalio tem\u0105.<\/p>\n<h2 data-path-to-node=\"14\">Pagrindin\u0117s savyb\u0117s<\/h2>\n<ul data-path-to-node=\"15\">\n<li>\n<p data-path-to-node=\"15,0,0\"><b data-path-to-node=\"15,0,0\" data-index-in-node=\"0\">CMYK nuotrauk\u0173 kokyb\u0117:<\/b> Spausdinkite milijonus spalv\u0173 tiksliai. Puikiai tinka sud\u0117tingiems meno k\u016briniams, kuriems reikia \u0161e\u0161\u0117liavimo ar smulki\u0173 detali\u0173.<\/p>\n<\/li>\n<li>\n<p data-path-to-node=\"15,1,0\"><b data-path-to-node=\"15,1,0\" data-index-in-node=\"0\">Maksimalus prek\u0117s \u017eenklo matomumas:<\/b> Idealiai tinka festivaliams ir \u012fmoni\u0173 renginiams, kuriuose r\u0117m\u0117j\u0173 logotipai turi b\u016bti rodomi originaliomis spalvomis.<\/p>\n<\/li>\n<li>\n<p data-path-to-node=\"15,2,0\"><b data-path-to-node=\"15,2,0\" data-index-in-node=\"0\">Apsauga nuo klastojimo:<\/b> Su saugiu i\u0161pjautu lipniu u\u017esegimu, kuris nuimant suply\u0161ta, kad bilietai neb\u016bt\u0173 perkelti.<\/p>\n<\/li>\n<li>\n<p data-path-to-node=\"15,3,0\"><b data-path-to-node=\"15,3,0\" data-index-in-node=\"0\">Nuoseklus numeravimas:<\/b> Kiekviena juosta turi unikal\u0173 serijos numer\u012f, skirt\u0105 talpos steb\u0117jimui ir saugumo auditui.<\/p>\n<\/li>\n<li>\n<p data-path-to-node=\"15,4,0\"><b data-path-to-node=\"15,4,0\" data-index-in-node=\"0\">Originalus \u201eDuPont\u2122 Tyvek\u00ae\u201c:<\/b> Mes naudojame autenti\u0161k\u0105 \u201eTyvek\u00ae\u201c med\u017eiag\u0105, kuri yra atspari vandeniui, patvari ir patogi keli\u0173 dien\u0173 renginiams.<\/p>\n<\/li>\n<li>\n<p data-path-to-node=\"15,5,0\"><b data-path-to-node=\"15,5,0\" data-index-in-node=\"0\">Papildomas nupl\u0117\u0161iamas lapelis:<\/b> Gali b\u016bti gaminama su perforuotu vir\u0161eliu, puikiai tinkan\u010diu g\u0117rim\u0173 kuponams, r\u016bbin\u0117s etiket\u0117ms ar loterijoms.<\/p>\n<\/li>\n<\/ul>\n<h2 data-path-to-node=\"16\">Specifikacijos<\/h2>\n<ul data-path-to-node=\"17\">\n<li>\n<p data-path-to-node=\"17,0,0\"><b data-path-to-node=\"17,0,0\" data-index-in-node=\"0\">Med\u017eiaga:<\/b> \u201eDuPont\u2122 Tyvek\u00ae\u201c (perdirbamas didelio tankio polietilenas).<\/p>\n<\/li>\n<li>\n<p data-path-to-node=\"17,1,0\"><b data-path-to-node=\"17,1,0\" data-index-in-node=\"0\">Spausdinimo tipas:<\/b> Spalvota skaitmenin\u0117 spauda (CMYK).<\/p>\n<\/li>\n<li>\n<p data-path-to-node=\"17,2,0\"><b data-path-to-node=\"17,2,0\" data-index-in-node=\"0\">Spausdinimo sritis:<\/b> Nuo kra\u0161to iki kra\u0161to (leid\u017eiamas u\u017eleidimas).<\/p>\n<\/li>\n<li>\n<p data-path-to-node=\"17,3,0\"><b data-path-to-node=\"17,3,0\" data-index-in-node=\"0\">Dydis:<\/b> Standartinis plotis yra 19 mm arba 25 mm.<\/p>\n<\/li>\n<li>\n<p data-path-to-node=\"17,4,0\"><b data-path-to-node=\"17,4,0\" data-index-in-node=\"0\">U\u017edarymas:<\/b> Vienkartinio naudojimo apsauginis lipdukas.<\/p>\n<\/li>\n<li>\n<p data-path-to-node=\"17,5,0\"><b data-path-to-node=\"17,5,0\" data-index-in-node=\"0\">Patvarumas:<\/b> Atsparus vandeniui, ply\u0161imui, tinkamas 1\u20135 dienoms.<\/p>\n<\/li>\n<\/ul>\n<h2 data-path-to-node=\"18\">Naudojimo atvejai<\/h2>\n<ul data-path-to-node=\"19\">\n<li>\n<p data-path-to-node=\"19,0,0\"><b data-path-to-node=\"19,0,0\" data-index-in-node=\"0\">Muzikos festivaliai:<\/b> Ry\u0161k\u016bs dizainai, atitinkantys festivalio vizualin\u012f identitet\u0105.<\/p>\n<\/li>\n<li>\n<p data-path-to-node=\"19,1,0\"><b data-path-to-node=\"19,1,0\" data-index-in-node=\"0\">VIP prieiga:<\/b> I\u0161skirkite VIP sve\u010dius auk\u0161\u010diausios kokyb\u0117s, spalvota i\u0161vaizda, palyginti su standartin\u0117mis apyrank\u0117mis.<\/p>\n<\/li>\n<li>\n<p data-path-to-node=\"19,2,0\"><b data-path-to-node=\"19,2,0\" data-index-in-node=\"0\">R\u0117mimas:<\/b> Ai\u0161kiai pateikite kelis r\u0117m\u0117j\u0173 logotipus j\u0173 oficialiomis \u012fmon\u0117s spalvomis.<\/p>\n<\/li>\n<li>\n<p data-path-to-node=\"19,3,0\"><b data-path-to-node=\"19,3,0\" data-index-in-node=\"0\">Rinkodaros kampanijos:<\/b> Naudokite QR kodus ir \u012fsp\u016bdingus vaizdinius elementus, kad paskatintum\u0117te \u012fsitraukim\u0105.<\/p>\n<\/li>\n<\/ul>","protected":false},"excerpt":{"rendered":"<ul>\n<li>\n<p data-path-to-node=\"11,0,0\"><b data-path-to-node=\"11,0,0\" data-index-in-node=\"0\">Neribotas k\u016brybi\u0161kumas:<\/b> Spalvota CMYK spauda leid\u017eia spausdinti nuotraukas, gradientus ir sud\u0117tingus r\u0117m\u0117j\u0173 logotipus.<\/p>\n<\/li>\n<li>\n<p data-path-to-node=\"11,1,0\"><b data-path-to-node=\"11,1,0\" data-index-in-node=\"0\">Dizainas nuo kra\u0161to iki kra\u0161to:<\/b> Maksimaliai padidinkite prek\u0117s \u017eenklo poveik\u012f naudodami meno k\u016brinius, dengian\u010dius vis\u0105 apyrank\u0117s ilg\u012f.<\/p>\n<\/li>\n<li>\n<p data-path-to-node=\"11,2,0\"><b data-path-to-node=\"11,2,0\" data-index-in-node=\"0\">Didel\u0117s rai\u0161kos:<\/b> Ry\u0161ki, fotorealistin\u0117 spaudos kokyb\u0117 nepasiekiama su standartine \u0161ilkografija.<\/p>\n<\/li>\n<li>\n<p data-path-to-node=\"11,3,0\"><b data-path-to-node=\"11,3,0\" data-index-in-node=\"0\">Saugus ir patvarus:<\/b> Pasi\u017eymi nuosekliu numeravimu ir tikru atspariu ply\u0161imui \u201eDuPont\u2122 Tyvek\u00ae\u201c.<\/p>\n<\/li>\n<\/ul>","protected":false},"featured_media":6110,"comment_status":"closed","ping_status":"closed","template":"","meta":[],"product_brand":[],"product_cat":[41],"product_tag":[],"class_list":{"0":"post-6109","1":"product","2":"type-product","3":"status-publish","4":"has-post-thumbnail","6":"product_cat-tyvek","8":"first","9":"instock","10":"shipping-taxable","11":"purchasable","12":"product-type-simple"},"_links":{"self":[{"href":"https:\/\/displayproducts.eu\/lt\/wp-json\/wp\/v2\/product\/6109","targetHints":{"allow":["GET"]}}],"collection":[{"href":"https:\/\/displayproducts.eu\/lt\/wp-json\/wp\/v2\/product"}],"about":[{"href":"https:\/\/displayproducts.eu\/lt\/wp-json\/wp\/v2\/types\/product"}],"replies":[{"embeddable":true,"href":"https:\/\/displayproducts.eu\/lt\/wp-json\/wp\/v2\/comments?post=6109"}],"wp:featuredmedia":[{"embeddable":true,"href":"https:\/\/displayproducts.eu\/lt\/wp-json\/wp\/v2\/media\/6110"}],"wp:attachment":[{"href":"https:\/\/displayproducts.eu\/lt\/wp-json\/wp\/v2\/media?parent=6109"}],"wp:term":[{"taxonomy":"product_brand","embeddable":true,"href":"https:\/\/displayproducts.eu\/lt\/wp-json\/wp\/v2\/product_brand?post=6109"},{"taxonomy":"product_cat","embeddable":true,"href":"https:\/\/displayproducts.eu\/lt\/wp-json\/wp\/v2\/product_cat?post=6109"},{"taxonomy":"product_tag","embeddable":true,"href":"https:\/\/displayproducts.eu\/lt\/wp-json\/wp\/v2\/product_tag?post=6109"}],"curies":[{"name":"wp","href":"https:\/\/api.w.org\/{rel}","templated":true}]}}