{"id":6105,"date":"2025-12-17T16:35:51","date_gmt":"2025-12-17T13:35:51","guid":{"rendered":"https:\/\/wristbandfactory.eu\/?post_type=product&#038;p=6105"},"modified":"2026-04-01T21:52:03","modified_gmt":"2026-04-01T18:52:03","slug":"custom-jacquard-woven-cotton-towels-logo-integrated","status":"publish","type":"product","link":"https:\/\/displayproducts.eu\/lt\/p\/custom-jacquard-woven-cotton-towels-logo-integrated\/","title":{"rendered":"\u017dakardiniai rank\u0161luos\u010diai su logotipu"},"content":{"rendered":"<p data-path-to-node=\"13\">Padidinkite savo prek\u0117s \u017eenklo matomum\u0105 su m\u016bs\u0173 pagal u\u017esakym\u0105 pagamintais \u017eakardo austiniais medvilniniais rank\u0161luos\u010diais. Skirtingai nuo standartini\u0173 spausdint\u0173 rank\u0161luos\u010di\u0173, m\u016bs\u0173 specializuotas audimo procesas integruoja j\u016bs\u0173 \u012fmon\u0117s logotip\u0105 tiesiai \u012f audinio kilpas, naudojant auk\u0161\u010diausios kokyb\u0117s 100% medviln\u0119. Tai suteikia prabangi\u0105, maloni\u0105 liesti apdail\u0105, kurios dizainas i\u0161lieka ilgalaikis ir nei\u0161bluks, nenusilups ir nesutr\u016bkin\u0117s net po daugelio met\u0173 pramoninio skalbimo. \u0160ie rank\u0161luos\u010diai puikiai tinka vie\u0161bu\u010diams, SPA centrams, sporto klubams ir prabangioms verslo dovanoms, nes sukuria ilgalaik\u012f \u012fsp\u016bd\u012f, siejant\u012f j\u016bs\u0173 prek\u0117s \u017eenkl\u0105 su kokybe ir patogumu.<\/p>\n<h2 data-path-to-node=\"14\">Pagrindin\u0117s savyb\u0117s<\/h2>\n<ul data-path-to-node=\"15\">\n<li>\n<p data-path-to-node=\"15,0,0\"><b>Integruotas dizainas:<\/b> Logotipas \u012f rank\u0161luos\u010dio strukt\u016br\u0105 \u012faustas naudojant da\u017eytus si\u016blus, sukuriant rafinuot\u0105 vaizd\u0105 su veidrodinio atspind\u017eio efektu kitoje pus\u0117je.<\/p>\n<\/li>\n<li>\n<p data-path-to-node=\"15,1,0\"><b>Auk\u0161\u010diausios kokyb\u0117s:<\/b> Pagaminta i\u0161 mink\u0161tos, dr\u0117gm\u0119 sugerian\u010dios medviln\u0117s 100%. \u0160is dizainas atlaiko intensyv\u0173 naudojim\u0105 ir i\u0161laiko savo vientisum\u0105 daugiau nei 5 metus.<\/p>\n<\/li>\n<li>\n<p data-path-to-node=\"15,2,0\"><b>Lankstus dyd\u017ei\u0173 pasirinkimas:<\/b> Platus matmen\u0173 pasirinkimas, kad atitikt\u0173 kiekvien\u0105 poreik\u012f \u2013 nuo rank\u0161luos\u010di\u0173 iki dideli\u0173 pirties paklod\u017ei\u0173.<\/p>\n<\/li>\n<li>\n<p data-path-to-node=\"15,3,0\"><b>Prek\u0117s \u017eenklo poveikis:<\/b> Funkcionalus reklaminis elementas, turintis didel\u012f pavir\u0161iaus plot\u0105 prek\u0117s \u017eenklo reklamai.<\/p>\n<\/li>\n<\/ul>\n<h2 data-path-to-node=\"16\">Specifikacijos<\/h2>\n<ul data-path-to-node=\"17\">\n<li>\n<p data-path-to-node=\"17,0,0\"><b>Med\u017eiaga:<\/b> 100% medviln\u0117 (atitinka OEKO-TEX standart\u0105, galima u\u017esisakyti).<\/p>\n<\/li>\n<li>\n<p data-path-to-node=\"17,1,0\"><b>Svoris (storis):<\/b> Galima pritaikyti nuo 450 g\/m\u00b2 iki 600 g\/m\u00b2.<\/p>\n<\/li>\n<li>\n<p data-path-to-node=\"17,2,0\"><b>Galimi dyd\u017eiai:<\/b> 30 \u00d7 50 cm, 50 \u00d7 100 cm, 70 \u00d7 140 cm, 80 \u00d7 160 cm, 100 \u00d7 180 cm.<\/p>\n<\/li>\n<li>\n<p data-path-to-node=\"17,3,0\"><b>Audimo riba:<\/b> Optimaliam ry\u0161kumui naudokite daugiausia 2 spalvas (bazin\u0119 spalv\u0105 + logotipo spalv\u0105).<\/p>\n<\/li>\n<li>\n<p data-path-to-node=\"17,4,0\"><b>Miniminis u\u017esakymo kiekis:<\/b> 250 vienet\u0173 kiekvienam dizainui.<\/p>\n<\/li>\n<\/ul>\n<h2 data-path-to-node=\"18\">Naudojimo atvejai<\/h2>\n<ul data-path-to-node=\"19\">\n<li>\n<p data-path-to-node=\"19,0,0\"><b>Vie\u0161butis ir SPA:<\/b> Firminiai baseino ir pirties rank\u0161luos\u010diai sve\u010diams.<\/p>\n<\/li>\n<li>\n<p data-path-to-node=\"19,1,0\"><b>\u012emoni\u0173 dovanos:<\/b> Didel\u0117s vert\u0117s prek\u0117s partneriams ir darbuotojams.<\/p>\n<\/li>\n<li>\n<p data-path-to-node=\"19,2,0\"><b>Automobiliai ir sportas:<\/b> Preki\u0173 pardavimas automobili\u0173 prekybos atstovams (pvz., \u201eVolkswagen\u201c stiliaus) arba sporto komandoms.<\/p>\n<\/li>\n<li>\n<p data-path-to-node=\"19,3,0\"><b>Renginiai:<\/b> Patvarios dovanos vasaros festivaliams ar papl\u016bdimio renginiams.<\/p>\n<\/li>\n<\/ul>","protected":false},"excerpt":{"rendered":"<ul>\n<li>\n<p data-path-to-node=\"12,0,0\"><b>Audimo technika:<\/b> Auk\u0161tos kokyb\u0117s \u017eakardo pynimas, kur logotipas integruotas \u012f audinio strukt\u016br\u0105 (nespausdintas).<\/p>\n<\/li>\n<li>\n<p data-path-to-node=\"12,1,0\"><b>Med\u017eiaga:<\/b> 100% auk\u0161\u010diausios kokyb\u0117s medviln\u0117 (450\u2013600 g\/m\u00b2 variantai) \u2013 puikus sugeriamumas ir mink\u0161tumas.<\/p>\n<\/li>\n<li>\n<p data-path-to-node=\"12,2,0\"><b>Ilgaam\u017ei\u0161kumas:<\/b> Logotipas i\u0161lieka matomas ir ry\u0161kus daugel\u012f met\u0173; kitoje pus\u0117je rodomas dizaino veidrodinis atspindys.<\/p>\n<\/li>\n<li>\n<p data-path-to-node=\"12,3,0\"><b>Pritaikymas:<\/b> Galima \u012fsigyti standartini\u0173 dyd\u017ei\u0173 (nuo 30x50cm iki 100x180cm) su iki 2 spalv\u0173 individualiu audimu.<\/p>\n<\/li>\n<\/ul>","protected":false},"featured_media":6327,"comment_status":"closed","ping_status":"closed","template":"","meta":[],"product_brand":[],"product_cat":[132,118],"product_tag":[],"class_list":{"0":"post-6105","1":"product","2":"type-product","3":"status-publish","4":"has-post-thumbnail","6":"product_cat-hotel-spa-amenities","7":"product_cat-sports-fitness","9":"first","10":"instock","11":"shipping-taxable","12":"product-type-simple"},"_links":{"self":[{"href":"https:\/\/displayproducts.eu\/lt\/wp-json\/wp\/v2\/product\/6105","targetHints":{"allow":["GET"]}}],"collection":[{"href":"https:\/\/displayproducts.eu\/lt\/wp-json\/wp\/v2\/product"}],"about":[{"href":"https:\/\/displayproducts.eu\/lt\/wp-json\/wp\/v2\/types\/product"}],"replies":[{"embeddable":true,"href":"https:\/\/displayproducts.eu\/lt\/wp-json\/wp\/v2\/comments?post=6105"}],"wp:featuredmedia":[{"embeddable":true,"href":"https:\/\/displayproducts.eu\/lt\/wp-json\/wp\/v2\/media\/6327"}],"wp:attachment":[{"href":"https:\/\/displayproducts.eu\/lt\/wp-json\/wp\/v2\/media?parent=6105"}],"wp:term":[{"taxonomy":"product_brand","embeddable":true,"href":"https:\/\/displayproducts.eu\/lt\/wp-json\/wp\/v2\/product_brand?post=6105"},{"taxonomy":"product_cat","embeddable":true,"href":"https:\/\/displayproducts.eu\/lt\/wp-json\/wp\/v2\/product_cat?post=6105"},{"taxonomy":"product_tag","embeddable":true,"href":"https:\/\/displayproducts.eu\/lt\/wp-json\/wp\/v2\/product_tag?post=6105"}],"curies":[{"name":"wp","href":"https:\/\/api.w.org\/{rel}","templated":true}]}}