{"id":6096,"date":"2025-12-17T16:05:07","date_gmt":"2025-12-17T13:05:07","guid":{"rendered":"https:\/\/wristbandfactory.eu\/?post_type=product&#038;p=6096"},"modified":"2026-04-01T21:52:34","modified_gmt":"2026-04-01T18:52:34","slug":"custom-full-print-boxer-shorts-sublimation","status":"publish","type":"product","link":"https:\/\/displayproducts.eu\/lt\/p\/custom-full-print-boxer-shorts-sublimation\/","title":{"rendered":"Bokseriai su pilna spauda (Sublimacija)"},"content":{"rendered":"<p data-path-to-node=\"11\">Paverskite kasdien\u012f b\u016btin\u0105 daikt\u0105 dr\u0105siu parei\u0161kimu su m\u016bs\u0173 <b>Individual\u016bs pilno spausdinimo bokseriniai \u0161ortai<\/b>. Nesvarbu, ar tai b\u016bt\u0173 sporto komanda, ie\u0161kanti vieningos aprangos (iki pagrindinio sluoksnio), ar grup\u0117, parduodanti unikalias prekes, ar \u012fmon\u0117, kurianti smagi\u0105 ir \u012fsimintin\u0105 dovan\u0105, \u0161ios bokserin\u0117s kelnait\u0117s suteikia neprilygstam\u0105 k\u016brybin\u0119 laisv\u0119.<\/p>\n<p data-path-to-node=\"12\">Kitaip nei standartiniai marginti apatiniai, kuri\u0173 logotipas presuojamas ant gatavo drabu\u017eio, mes juos gaminame nuo nulio. Prie\u0161 supjaustydami ir susi\u016bdami, atspausdiname j\u016bs\u0173 dizain\u0105 ant auk\u0161tos kokyb\u0117s likros audinio ritin\u0117li\u0173. Tai rei\u0161kia, kad j\u016bs\u0173 dizainas \u2013 nesvarbu, ar tai pasikartojantis logotipo ra\u0161tas, nuotrauka, ar konkreti prek\u0117s \u017eenklo spalva \u2013 apima <b>100% produkto<\/b>, \u012fskaitant juosmens juost\u0105.<\/p>\n<h2 data-path-to-node=\"13\">Pagrindin\u0117s savyb\u0117s<\/h2>\n<ul data-path-to-node=\"14\">\n<li>\n<p data-path-to-node=\"14,0,0\"><b>Auk\u0161\u010diausios kokyb\u0117s likros konstrukcija:<\/b> Pagaminta i\u0161 lygaus <b>130 g\/m\u00b2 likros<\/b>, audinys yra mink\u0161tas prie odos, laidus orui ir i\u0161laiko savo form\u0105.<\/p>\n<\/li>\n<li>\n<p data-path-to-node=\"14,1,0\"><b>Ry\u0161ki sublimacija:<\/b> Mes naudojame pa\u017eangius <b>1400 dpi spausdinimas<\/b> technologija. Ra\u0161alas \u012fterpiamas \u012f audinio pluo\u0161tus, tod\u0117l dizainas niekada nesutr\u016bkin\u0117ja, nenusilupa ir nei\u0161blunka net po daugkartinio skalbimo.<\/p>\n<\/li>\n<li>\n<p data-path-to-node=\"14,2,0\"><b>Techninis na\u0161umas:<\/b> Audinys yra atsparus vandeniui ir i\u0161laiko <b>M1\/B1 ugniai atsparaus sertifikato<\/b>, tod\u0117l jis saugus ir patvarus.<\/p>\n<\/li>\n<li>\n<p data-path-to-node=\"14,3,0\"><b>Personalizavimas:<\/b> Puikiai tinka individualiems vardams. Galite u\u017esisakyti partij\u0105, kai kiekviena pora ant juosmens arba kojos tur\u0117s skirting\u0105 pavadinim\u0105.<\/p>\n<\/li>\n<\/ul>\n<h2 data-path-to-node=\"15\">Specifikacijos<\/h2>\n<ul data-path-to-node=\"16\">\n<li>\n<p data-path-to-node=\"16,0,0\"><b>Med\u017eiaga:<\/b> 130 g\/m\u00b2 likros (poliesterio ir elastano mi\u0161inys).<\/p>\n<\/li>\n<li>\n<p data-path-to-node=\"16,1,0\"><b>Spausdinimo technika:<\/b> Pilna da\u017e\u0173 sublimacija (CMYK).<\/p>\n<\/li>\n<li>\n<p data-path-to-node=\"16,2,0\"><b>Rezoliucija:<\/b> 1400 dpi (nuotrauk\u0173 kokyb\u0117).<\/p>\n<\/li>\n<li>\n<p data-path-to-node=\"16,3,0\"><b>Saugumas:<\/b> Atsparumas ugniai M1\/B1 klas\u0117.<\/p>\n<\/li>\n<li>\n<p data-path-to-node=\"16,4,0\"><b>Stiliai:<\/b> Vyri\u0161kos bokserin\u0117s kelnait\u0117s, moteri\u0161kos trumpik\u0117s\/\u0161ortai.<\/p>\n<\/li>\n<li>\n<p data-path-to-node=\"16,5,0\"><b>Dyd\u017eiai:<\/b> XS\u2013XXL.<\/p>\n<\/li>\n<li>\n<p data-path-to-node=\"16,6,0\"><b>Miniminis u\u017esakymo kiekis:<\/b> 50 vienet\u0173.<\/p>\n<\/li>\n<\/ul>\n<h2 data-path-to-node=\"17\">Naudojimo atvejai<\/h2>\n<ul data-path-to-node=\"18\">\n<li>\n<p data-path-to-node=\"18,0,0\"><b>Sporto komandos:<\/b> Vienodi apatiniai sluoksniai futbolo, krep\u0161inio ar regbio komandoms.<\/p>\n<\/li>\n<li>\n<p data-path-to-node=\"18,1,0\"><b>Prek\u0117s:<\/b> Smag\u016bs, didel\u0117s mar\u017eos daiktai grup\u0117ms, festivaliams ir influenceriams.<\/p>\n<\/li>\n<li>\n<p data-path-to-node=\"18,2,0\"><b>Bernvakariai \/ bernvakariai:<\/b> Juokingos, u\u017esakomos dovanos su nuotraukomis ar vidiniais juokeliais.<\/p>\n<\/li>\n<li>\n<p data-path-to-node=\"18,3,0\"><b>\u012emon\u0117s reklama:<\/b> Juokinga ir netik\u0117ta dovana, kuri tikrai pritrauks d\u0117mes\u012f.<\/p>\n<\/li>\n<\/ul>","protected":false},"excerpt":{"rendered":"<ul>\n<li>\n<p data-path-to-node=\"10,0,0\"><b>Visapusi\u0161kas spausdinimas:<\/b> 100% pritaikomas pavir\u0161ius (\u012fskaitant juosmen\u012f) naudojant sublimacij\u0105.<\/p>\n<\/li>\n<li>\n<p data-path-to-node=\"10,1,0\"><b>Med\u017eiaga:<\/b> Lygus 130 g\/m\u00b2 likros audinys (atsparus vandeniui ir M1\/B1 ugniai).<\/p>\n<\/li>\n<li>\n<p data-path-to-node=\"10,2,0\"><b>Spausdinimo kokyb\u0117:<\/b> Didel\u0117s rai\u0161kos <b>1400 dpi<\/b> ry\u0161kioms nuotraukoms ir logotipams.<\/p>\n<\/li>\n<li>\n<p data-path-to-node=\"10,3,0\"><b>Stiliai:<\/b> Galimi kirpimai tiek vyrams, tiek moterims.<\/p>\n<\/li>\n<\/ul>","protected":false},"featured_media":6097,"comment_status":"closed","ping_status":"closed","template":"","meta":[],"product_brand":[],"product_cat":[118,45],"product_tag":[],"class_list":{"0":"post-6096","1":"product","2":"type-product","3":"status-publish","4":"has-post-thumbnail","6":"product_cat-sports-fitness","7":"product_cat-other","9":"first","10":"instock","11":"shipping-taxable","12":"product-type-simple"},"_links":{"self":[{"href":"https:\/\/displayproducts.eu\/lt\/wp-json\/wp\/v2\/product\/6096","targetHints":{"allow":["GET"]}}],"collection":[{"href":"https:\/\/displayproducts.eu\/lt\/wp-json\/wp\/v2\/product"}],"about":[{"href":"https:\/\/displayproducts.eu\/lt\/wp-json\/wp\/v2\/types\/product"}],"replies":[{"embeddable":true,"href":"https:\/\/displayproducts.eu\/lt\/wp-json\/wp\/v2\/comments?post=6096"}],"wp:featuredmedia":[{"embeddable":true,"href":"https:\/\/displayproducts.eu\/lt\/wp-json\/wp\/v2\/media\/6097"}],"wp:attachment":[{"href":"https:\/\/displayproducts.eu\/lt\/wp-json\/wp\/v2\/media?parent=6096"}],"wp:term":[{"taxonomy":"product_brand","embeddable":true,"href":"https:\/\/displayproducts.eu\/lt\/wp-json\/wp\/v2\/product_brand?post=6096"},{"taxonomy":"product_cat","embeddable":true,"href":"https:\/\/displayproducts.eu\/lt\/wp-json\/wp\/v2\/product_cat?post=6096"},{"taxonomy":"product_tag","embeddable":true,"href":"https:\/\/displayproducts.eu\/lt\/wp-json\/wp\/v2\/product_tag?post=6096"}],"curies":[{"name":"wp","href":"https:\/\/api.w.org\/{rel}","templated":true}]}}