{"id":6094,"date":"2025-12-17T16:00:09","date_gmt":"2025-12-17T13:00:09","guid":{"rendered":"https:\/\/wristbandfactory.eu\/?post_type=product&#038;p=6094"},"modified":"2026-04-01T21:52:03","modified_gmt":"2026-04-01T18:52:03","slug":"custom-full-color-drawstring-bags-gym-sacks","status":"publish","type":"product","link":"https:\/\/displayproducts.eu\/lt\/p\/custom-full-color-drawstring-bags-gym-sacks\/","title":{"rendered":"Mai\u0161eliai-kuprin\u0117s su logotipu (Pilnaspalv\u0117 spauda)"},"content":{"rendered":"<p data-path-to-node=\"11\">Paverskite kiekvien\u0105 vartotoj\u0105 vaik\u0161\u010diojan\u010diu skelbim\u0173 lenta su m\u016bs\u0173 <b>Pasirinktiniai spalvoti rai\u0161teli\u0173 mai\u0161eliai<\/b>. Kitaip nei standartiniuose reklaminiuose mai\u0161eliuose, kuriuose logotipas apsiriboja ma\u017ea centrine dalimi, \u0161iame gaminyje visas mai\u0161elis traktuojamas kaip drob\u0117.<\/p>\n<p data-path-to-node=\"12\">Naudojant i\u0161pl\u0117stinius <b>da\u017e\u0173 sublimacijos technologija<\/b>, J\u016bs\u0173 dizain\u0105 \u2013 nesvarbu, ar tai sud\u0117tingas ra\u0161tas, nuotrauka, ar ry\u0161ki firmin\u0117 spalva \u2013 spausdiname tiesiai ant audinio pluo\u0161to per vis\u0105 krep\u0161io pavir\u0161i\u0173. Taip gaunamos ry\u0161kios, ilgalaik\u0117s spalvos, kurios nesutr\u016bkin\u0117s ir nei\u0161bluks.<\/p>\n<p data-path-to-node=\"13\">Pagaminta i\u0161 <b>210D poliesteris<\/b>, \u0160ie sportiniai krep\u0161iai puikiai dera tarp lengvo ne\u0161iojamumo ir tvirto patvarumo. Jie yra pakankamai tvirti, kad juose b\u016bt\u0173 galima ne\u0161iotis sporto \u012frang\u0105, mokyklinius vadov\u0117lius ar b\u016btiniausius festivalio reikmenis, tod\u0117l yra labai vertinamas daugkartinio naudojimo daiktas.<\/p>\n<h2 data-path-to-node=\"14\">Pagrindin\u0117s savyb\u0117s<\/h2>\n<ul data-path-to-node=\"15\">\n<li>\n<p data-path-to-node=\"15,0,0\"><b>Neribotas k\u016brybi\u0161kumas:<\/b> Atspausdinkite savo logotip\u0105, \u0161\u016bk\u012f ar iliustracij\u0105 spalvotai (CMYK) ant viso krep\u0161io priekio ir galo.<\/p>\n<\/li>\n<li>\n<p data-path-to-node=\"15,1,0\"><b>Patvari konstrukcija:<\/b> Sutvirtinti kampai su metalin\u0117mis kilpel\u0117mis apsaugo nuo ply\u0161imo, u\u017etikrindami, kad krep\u0161ys atlaikyt\u0173 kasdieni\u0173 daikt\u0173 svor\u012f.<\/p>\n<\/li>\n<li>\n<p data-path-to-node=\"15,2,0\"><b>Universalus pritaikymas:<\/b> 34 \u00d7 45 cm dydis idealiai tinka tiek vaikams, tiek suaugusiesiems, tod\u0117l tai universalus sprendimas masiniams renginiams.<\/p>\n<\/li>\n<li>\n<p data-path-to-node=\"15,3,0\"><b>Atsparus oro s\u0105lygoms:<\/b> 210D poliesterio audinys yra atsparus vandeniui, tod\u0117l turinys i\u0161lieka sausas net ir lyjant.<\/p>\n<\/li>\n<\/ul>\n<h2 data-path-to-node=\"16\">Specifikacijos<\/h2>\n<ul data-path-to-node=\"17\">\n<li>\n<p data-path-to-node=\"17,0,0\"><b>Matmenys:<\/b> 34 cm (plotis) x 45 cm (auk\u0161tis).<\/p>\n<\/li>\n<li>\n<p data-path-to-node=\"17,1,0\"><b>Med\u017eiaga:<\/b> 210D poliesteris.<\/p>\n<\/li>\n<li>\n<p data-path-to-node=\"17,2,0\"><b>Spausdinimo technika:<\/b> Pilnaspalv\u0117 sublimacija (spausdinimas ant viso pavir\u0161iaus).<\/p>\n<\/li>\n<li>\n<p data-path-to-node=\"17,3,0\"><b>Kaklajuost\u0117s:<\/b> Juodos dvigubos rai\u0161tel\u0117s (standartin\u0117s).<\/p>\n<\/li>\n<li>\n<p data-path-to-node=\"17,4,0\"><b>Miniminis u\u017esakymo kiekis:<\/b> 100 vienet\u0173.<\/p>\n<\/li>\n<li>\n<p data-path-to-node=\"17,5,0\"><b>Svorio talpa:<\/b> Ma\u017edaug 3\u20135 kg.<\/p>\n<\/li>\n<\/ul>\n<h2 data-path-to-node=\"18\">Naudojimo atvejai<\/h2>\n<ul data-path-to-node=\"19\">\n<li>\n<p data-path-to-node=\"19,0,0\"><b>Sportas ir sporto sal\u0117s:<\/b> Firminiai bat\u0173 krep\u0161iai fitneso klubams ir maratonams.<\/p>\n<\/li>\n<li>\n<p data-path-to-node=\"19,1,0\"><b>Mokyklos ir universitetai:<\/b> Orientacin\u0117s savait\u0117s pradiniai rinkiniai.<\/p>\n<\/li>\n<li>\n<p data-path-to-node=\"19,2,0\"><b>Festivaliai:<\/b> Lengvos kuprin\u0117s vandeniui ir daiktams ne\u0161iotis.<\/p>\n<\/li>\n<li>\n<p data-path-to-node=\"19,3,0\"><b>\u012emoni\u0173 renginiai:<\/b> Gerai matomi dovan\u0173 mai\u0161eliai, kuriuos dalyviai panaudos po renginio.<\/p>\n<\/li>\n<\/ul>","protected":false},"excerpt":{"rendered":"<ul>\n<li>\n<p data-path-to-node=\"10,0,0\"><b>Pilnas pavir\u0161iaus spausdinimas:<\/b> Sublimacin\u0117 spauda nuo kra\u0161to iki kra\u0161to leid\u017eia neribotai naudoti spalvas ir sukurti fotorealistinius dizainus.<\/p>\n<\/li>\n<li>\n<p data-path-to-node=\"10,1,0\"><b>Med\u017eiaga:<\/b> Patvarus <b>210D poliesteris<\/b> \u2013 atsparus vandeniui ir pakankamai tvirtas kasdieniam naudojimui.<\/p>\n<\/li>\n<li>\n<p data-path-to-node=\"10,2,0\"><b>Dydis:<\/b> Standartinis <b>34 \u00d7 45 cm<\/b> (Telpa sportba\u010diams, sportinei aprangai arba A4 formato aplankams).<\/p>\n<\/li>\n<li>\n<p data-path-to-node=\"10,3,0\"><b>Universalus:<\/b> Puikiai tinka mokykloms, sporto komandoms, festivaliams ir \u012fmoni\u0173 renginiams.<\/p>\n<\/li>\n<\/ul>","protected":false},"featured_media":6095,"comment_status":"closed","ping_status":"closed","template":"","meta":[],"product_brand":[],"product_cat":[131],"product_tag":[],"class_list":{"0":"post-6094","1":"product","2":"type-product","3":"status-publish","4":"has-post-thumbnail","6":"product_cat-custom-bags-totes","8":"first","9":"instock","10":"shipping-taxable","11":"purchasable","12":"product-type-simple"},"_links":{"self":[{"href":"https:\/\/displayproducts.eu\/lt\/wp-json\/wp\/v2\/product\/6094","targetHints":{"allow":["GET"]}}],"collection":[{"href":"https:\/\/displayproducts.eu\/lt\/wp-json\/wp\/v2\/product"}],"about":[{"href":"https:\/\/displayproducts.eu\/lt\/wp-json\/wp\/v2\/types\/product"}],"replies":[{"embeddable":true,"href":"https:\/\/displayproducts.eu\/lt\/wp-json\/wp\/v2\/comments?post=6094"}],"wp:featuredmedia":[{"embeddable":true,"href":"https:\/\/displayproducts.eu\/lt\/wp-json\/wp\/v2\/media\/6095"}],"wp:attachment":[{"href":"https:\/\/displayproducts.eu\/lt\/wp-json\/wp\/v2\/media?parent=6094"}],"wp:term":[{"taxonomy":"product_brand","embeddable":true,"href":"https:\/\/displayproducts.eu\/lt\/wp-json\/wp\/v2\/product_brand?post=6094"},{"taxonomy":"product_cat","embeddable":true,"href":"https:\/\/displayproducts.eu\/lt\/wp-json\/wp\/v2\/product_cat?post=6094"},{"taxonomy":"product_tag","embeddable":true,"href":"https:\/\/displayproducts.eu\/lt\/wp-json\/wp\/v2\/product_tag?post=6094"}],"curies":[{"name":"wp","href":"https:\/\/api.w.org\/{rel}","templated":true}]}}