{"id":6086,"date":"2025-12-17T15:46:12","date_gmt":"2025-12-17T12:46:12","guid":{"rendered":"https:\/\/wristbandfactory.eu\/?post_type=product&#038;p=6086"},"modified":"2026-04-01T21:52:34","modified_gmt":"2026-04-01T18:52:34","slug":"custom-pvc-parking-discs-made-in-estonia","status":"publish","type":"product","link":"https:\/\/displayproducts.eu\/lt\/p\/custom-pvc-parking-discs-made-in-estonia\/","title":{"rendered":"Parkavimo laikrod\u017eiai su logotipu"},"content":{"rendered":"<p data-path-to-node=\"11\">Paverskite privalom\u0105 automobilio aksesuar\u0105 mobilia reklamos erdve su m\u016bs\u0173 <b>Individual\u016bs PVC parkavimo diskai<\/b>. Kitaip nei pigios, trapios plastikin\u0117s alternatyvos, m\u016bs\u0173 parkavimo laikrod\u017eiai yra <b>pagaminta Estijoje<\/b> naudojant auk\u0161tos kokyb\u0117s med\u017eiagas, skirtas atlaikyti kintan\u010dias \u0160iaur\u0117s \u0161ali\u0173 klimato temperat\u016bras.<\/p>\n<p data-path-to-node=\"12\">Si\u016blome visi\u0161k\u0105 dizaino laisv\u0119. Nesvarbu, ar jums reikia meni\u0161ko gaminio, pavyzd\u017eiui, gra\u017eios serijos, kuri\u0105 suk\u016br\u0117me menininkams. <b>Ewa-Kaisa Plakk<\/b>\u2014arba patikimas \u012fmon\u0117s \u012frankis, pvz., <b>JAPS AS<\/b> pagal u\u017esakym\u0105 pagamintus diskus, u\u017etikriname tikslum\u0105.<\/p>\n<h2 data-path-to-node=\"13\">Pagrindin\u0117s savyb\u0117s<\/h2>\n<ul data-path-to-node=\"14\">\n<li>\n<p data-path-to-node=\"14,0,0\"><b>Auk\u0161\u010diausios kokyb\u0117s konstrukcija:<\/b> Pagaminta i\u0161 <b>1 mm storio PVC plastikas<\/b>, suteikdamas diskui tvirt\u0105, kreditin\u0117s kortel\u0117s poj\u016bt\u012f, kuris lengvai nesilanksto.<\/p>\n<\/li>\n<li>\n<p data-path-to-node=\"14,1,0\"><b>Ry\u0161kus prek\u0117s \u017eenklo dizainas:<\/b> Mes naudojame pa\u017eangius <b>UV spausdinimo technologija<\/b> abiejose laikrod\u017eio pus\u0117se. Tai rei\u0161kia, kad j\u016bs\u0173 logotipas, iliustracijos ar kampanijos prane\u0161imas i\u0161lieka ry\u0161k\u016bs ir atspar\u016bs blukimui net ir tiesioginiuose saul\u0117s spinduliuose.<\/p>\n<\/li>\n<li>\n<p data-path-to-node=\"14,2,0\"><b>Pasirinktin\u0117 informacija:<\/b> Netgi laikrod\u017eio rodykles galima suasmeninti! I\u0161siskirkite i\u0161 standartini\u0173 m\u0117lynai balt\u0173 dizain\u0173 pasirinkdami kontrastingas spalvas (pvz., ry\u0161kias raudonas rodykles, naudotas m\u016bs\u0173 naujausiuose projektuose).<\/p>\n<\/li>\n<li>\n<p data-path-to-node=\"14,3,0\"><b>Apsauginis sluoksnis:<\/b> Intensyviam naudojimui si\u016blome <b>Lasernex med\u017eiaga<\/b> variantai su 250 mikron\u0173 apsauginiu sluoksniu (kaip matyti JAPS AS projekte), u\u017etikrinantys, kad spaudinys daugel\u012f met\u0173 i\u0161liks be \u012fbr\u0117\u017eim\u0173.<\/p>\n<\/li>\n<\/ul>\n<h2 data-path-to-node=\"15\">Specifikacijos<\/h2>\n<ul data-path-to-node=\"16\">\n<li>\n<p data-path-to-node=\"16,0,0\"><b>Matmenys:<\/b> Standartinis ES parkavimo disko dydis (apie 110 x 150 mm) arba individualus.<\/p>\n<\/li>\n<li>\n<p data-path-to-node=\"16,1,0\"><b>Med\u017eiaga:<\/b> 1 mm PVC (standartinis) arba \u201eLasernex\u201c kompozitas.<\/p>\n<\/li>\n<li>\n<p data-path-to-node=\"16,2,0\"><b>Spausdinti:<\/b> Skaitmenin\u0117 UV spauda (CMYK).<\/p>\n<\/li>\n<li>\n<p data-path-to-node=\"16,3,0\"><b>Laikrod\u017eio rodykl\u0117s:<\/b> Plastikas (sujungtas knied\u0117mis), yra raudonos, m\u0117lynos, juodos ir baltos spalv\u0173.<\/p>\n<\/li>\n<li>\n<p data-path-to-node=\"16,4,0\"><b>Kilm\u0117:<\/b> Pagaminta Estijoje.<\/p>\n<\/li>\n<li>\n<p data-path-to-node=\"16,5,0\"><b>Miniminis u\u017esakymo kiekis:<\/b> 50 vienet\u0173.<\/p>\n<\/li>\n<\/ul>\n<h2 data-path-to-node=\"17\">Naudojimo atvejai<\/h2>\n<ul data-path-to-node=\"18\">\n<li>\n<p data-path-to-node=\"18,0,0\"><b>\u012emoni\u0173 transporto parkai:<\/b> Standartizuokite savo \u012fmon\u0117s automobilius firminiais parkavimo diskais.<\/p>\n<\/li>\n<li>\n<p data-path-to-node=\"18,1,0\"><b>Prek\u0117s:<\/b> Meni\u0161kai apipavidalinti diskai (muziejai, menininkai, grup\u0117s), parduodami kaip prakti\u0161ki suvenyrai.<\/p>\n<\/li>\n<li>\n<p data-path-to-node=\"18,2,0\"><b>Prekybos centrai ir vie\u0161bu\u010diai:<\/b> Prakti\u0161ka dovana sve\u010diams, kuri pad\u0117s j\u016bs\u0173 prek\u0117s \u017eenkl\u0105 matyti kiekvien\u0105 kart\u0105 jiems pasista\u010dius automobil\u012f.<\/p>\n<\/li>\n<li>\n<p data-path-to-node=\"18,3,0\"><b>Automobili\u0173 prekybos atstovyb\u0117s:<\/b> Puiki dovana perkant nauj\u0105 automobil\u012f.<\/p>\n<\/li>\n<\/ul>","protected":false},"excerpt":{"rendered":"<ul>\n<li>\n<p data-path-to-node=\"10,0,0\"><b>Pagaminta Estijoje:<\/b> Auk\u0161tos kokyb\u0117s vietin\u0117 gamyba u\u017etikrina ilgaam\u017ei\u0161kum\u0105 ir greit\u0105 pristatym\u0105.<\/p>\n<\/li>\n<li>\n<p data-path-to-node=\"10,1,0\"><b>Med\u017eiag\u0173 parinktys:<\/b> Tvirtas 1 mm PVC arba auk\u0161\u010diausios kokyb\u0117s \u201eLasernex\u201c su apsaugine danga (250 mikron\u0173).<\/p>\n<\/li>\n<li>\n<p data-path-to-node=\"10,2,0\"><b>Visi\u0161kas pritaikymas:<\/b> Dvipus\u0117 UV spauda, leid\u017eianti sukurti unikalius dizainus (pvz., Ewa-Kaisa Plakk meno serij\u0105).<\/p>\n<\/li>\n<li>\n<p data-path-to-node=\"10,3,0\"><b>Patvarumas:<\/b> Temperat\u016brai ir UV spinduliams atsparios med\u017eiagos, kurios nedeformuojasi ant prietais\u0173 skydelio.<\/p>\n<\/li>\n<\/ul>","protected":false},"featured_media":6087,"comment_status":"closed","ping_status":"closed","template":"","meta":[],"product_brand":[],"product_cat":[121],"product_tag":[],"class_list":{"0":"post-6086","1":"product","2":"type-product","3":"status-publish","4":"has-post-thumbnail","6":"product_cat-promotional-merchandise","8":"first","9":"instock","10":"shipping-taxable","11":"purchasable","12":"product-type-simple"},"_links":{"self":[{"href":"https:\/\/displayproducts.eu\/lt\/wp-json\/wp\/v2\/product\/6086","targetHints":{"allow":["GET"]}}],"collection":[{"href":"https:\/\/displayproducts.eu\/lt\/wp-json\/wp\/v2\/product"}],"about":[{"href":"https:\/\/displayproducts.eu\/lt\/wp-json\/wp\/v2\/types\/product"}],"replies":[{"embeddable":true,"href":"https:\/\/displayproducts.eu\/lt\/wp-json\/wp\/v2\/comments?post=6086"}],"wp:featuredmedia":[{"embeddable":true,"href":"https:\/\/displayproducts.eu\/lt\/wp-json\/wp\/v2\/media\/6087"}],"wp:attachment":[{"href":"https:\/\/displayproducts.eu\/lt\/wp-json\/wp\/v2\/media?parent=6086"}],"wp:term":[{"taxonomy":"product_brand","embeddable":true,"href":"https:\/\/displayproducts.eu\/lt\/wp-json\/wp\/v2\/product_brand?post=6086"},{"taxonomy":"product_cat","embeddable":true,"href":"https:\/\/displayproducts.eu\/lt\/wp-json\/wp\/v2\/product_cat?post=6086"},{"taxonomy":"product_tag","embeddable":true,"href":"https:\/\/displayproducts.eu\/lt\/wp-json\/wp\/v2\/product_tag?post=6086"}],"curies":[{"name":"wp","href":"https:\/\/api.w.org\/{rel}","templated":true}]}}