{"id":6084,"date":"2025-12-17T15:39:44","date_gmt":"2025-12-17T12:39:44","guid":{"rendered":"https:\/\/wristbandfactory.eu\/?post_type=product&#038;p=6084"},"modified":"2026-04-01T21:52:34","modified_gmt":"2026-04-01T18:52:34","slug":"custom-stretch-table-covers-with-logo-spandex","status":"publish","type":"product","link":"https:\/\/displayproducts.eu\/lt\/p\/custom-stretch-table-covers-with-logo-spandex\/","title":{"rendered":"Tampr\u016bs stalties\u0117s su logotipu"},"content":{"rendered":"<p data-path-to-node=\"11\">Paverskite bet kur\u012f standartin\u012f sulankstom\u0105 stal\u0105 profesionalia prek\u0117s \u017eenklo k\u016brimo stotimi su m\u016bs\u0173 <b>Individual\u016bs tempiami stalo u\u017evalkalai<\/b>. Sukurti prekybos parodoms, parodoms ir \u012fmoni\u0173 renginiams, \u0161ie u\u017edangalai suteikia eleganti\u0161k\u0105, moderni\u0105 i\u0161vaizd\u0105, kuri akimirksniu pagerina j\u016bs\u0173 stendo i\u0161vaizd\u0105.<\/p>\n<p data-path-to-node=\"12\">Kaip parodyta m\u016bs\u0173 projekte, skirtame <b>Eesti Kennelliit (Estijos veislyn\u0173 s\u0105junga)<\/b>, Gerai firminis stalo u\u017etiesalas yra b\u016btinas matomumui perpildytose vietose. Jiems reik\u0117jo patvaraus sprendimo, kuris i\u0161siskirt\u0173 \u012fvairiose \u0161un\u0173 parodose ir renginiuose. Mes suk\u016br\u0117me u\u017etiesal\u0105, kuris ne tik gerai matyt\u0173 j\u0173 logotip\u0105, bet ir atlaikyt\u0173 da\u017en\u0173 kelioni\u0173 bei surinkimo sunkumus.<\/p>\n<h2 data-path-to-node=\"13\">Pagrindin\u0117s savyb\u0117s<\/h2>\n<ul data-path-to-node=\"14\">\n<li>\n<p data-path-to-node=\"14,0,0\"><b>Technologija be rauk\u0161li\u0173:<\/b> Derinys <b>Poliesteris ir spandeksas<\/b> U\u017etikrina, kad audinys tvirtai priglust\u0173 prie stalo, tod\u0117l nesusiglam\u017eyt\u0173 ir nesusiglam\u017eyt\u0173 be lyginimo.<\/p>\n<\/li>\n<li>\n<p data-path-to-node=\"14,1,0\"><b>Ry\u0161kus prek\u0117s \u017eenklas:<\/b> Si\u016blome dvi spausdinimo parinktis:<\/p>\n<ul data-path-to-node=\"14,1,1\">\n<li>\n<p data-path-to-node=\"14,1,1,0,0\"><i>Visapusi\u0161kas spausdinimas:<\/i> U\u017edenkite vis\u0105 pavir\u0161i\u0173 savo prek\u0117s \u017eenklo spalvomis, ra\u0161tais ir vaizdais.<\/p>\n<\/li>\n<li>\n<p data-path-to-node=\"14,1,1,1,0\"><i>Logotipo i\u0161d\u0117stymas:<\/i> \u0160varus, profesionalus vaizdas, kai j\u016bs\u0173 logotipas yra priekio ir (arba) \u0161on\u0173 centre.<\/p>\n<\/li>\n<\/ul>\n<\/li>\n<li>\n<p data-path-to-node=\"14,2,0\"><b>Saugus prigludimas:<\/b> U\u017evalkalas turi sutvirtintas elastines ki\u0161enes p\u0117doms, kurios \u012fslysta po stalo kojomis. Tai tvirtai laiko stalties\u0119 vietoje net lauke ar intensyvaus jud\u0117jimo vietose.<\/p>\n<\/li>\n<li>\n<p data-path-to-node=\"14,3,0\"><b>Prakti\u0161kas ir patvarus:<\/b> Audinys skalbiamas skalbimo ma\u0161inoje ir atsparus blukimui, tod\u0117l kiekviename renginyje atrodys gaiviai.<\/p>\n<\/li>\n<\/ul>\n<h2 data-path-to-node=\"15\">Specifikacijos<\/h2>\n<ul data-path-to-node=\"16\">\n<li>\n<p data-path-to-node=\"16,0,0\"><b>Med\u017eiaga:<\/b> 90% poliesteris \/ 10% spandeksas (elastingas).<\/p>\n<\/li>\n<li>\n<p data-path-to-node=\"16,1,0\"><b>Audinio svoris:<\/b> Ma\u017edaug 200\u2013240 g\/m\u00b2 (nepermatomas ir patvarus).<\/p>\n<\/li>\n<li>\n<p data-path-to-node=\"16,2,0\"><b>Standartiniai dyd\u017eiai:<\/b><\/p>\n<ul data-path-to-node=\"16,2,1\">\n<li>\n<p data-path-to-node=\"16,2,1,0,0\">4 p\u0117dos (120 cm)<\/p>\n<\/li>\n<li>\n<p data-path-to-node=\"16,2,1,1,0\">6 p\u0117dos (180 cm) \u2013 <i>Populiariausi<\/i><\/p>\n<\/li>\n<li>\n<p data-path-to-node=\"16,2,1,2,0\">8 p\u0117dos (240 cm)<\/p>\n<\/li>\n<\/ul>\n<\/li>\n<li>\n<p data-path-to-node=\"16,3,0\"><b>Spausdinimo technika:<\/b> Da\u017e\u0173 sublimacija (CMYK).<\/p>\n<\/li>\n<li>\n<p data-path-to-node=\"16,4,0\"><b>Apdaila:<\/b> Apsi\u016bti kra\u0161tai, sustiprintos p\u0117d\u0173 ki\u0161en\u0117s (Oksfordo audinys).<\/p>\n<\/li>\n<li>\n<p data-path-to-node=\"16,5,0\"><b>Prie\u017ei\u016bra:<\/b> Skalbti \u0161altame vandenyje skalbimo ma\u0161inoje, d\u017eiovinti d\u017eiovykl\u0117je \u017eemoje temperat\u016broje.<\/p>\n<\/li>\n<\/ul>\n<h2 data-path-to-node=\"17\">Naudojimo atvejai<\/h2>\n<ul data-path-to-node=\"18\">\n<li>\n<p data-path-to-node=\"18,0,0\"><b>Prekybos parodos ir parodos:<\/b> Sukurkite vienod\u0105 savo kabin\u0173 stal\u0173 i\u0161vaizd\u0105.<\/p>\n<\/li>\n<li>\n<p data-path-to-node=\"18,1,0\"><b>Registracijos stalai:<\/b> Profesional\u016bs pasveikinimo stalai konferencijose.<\/p>\n<\/li>\n<li>\n<p data-path-to-node=\"18,2,0\"><b>Produkt\u0173 demonstracijos:<\/b> \u0160varus, firminis pavir\u0161ius produktams eksponuoti (kaip \u201eKenneliit\u201c pavyzdyje).<\/p>\n<\/li>\n<li>\n<p data-path-to-node=\"18,3,0\"><b>DJ ir garso pultai:<\/b> Paslepia netvarkingus laidus ir \u012frang\u0105 po stalu.<\/p>\n<\/li>\n<\/ul>","protected":false},"excerpt":{"rendered":"<ul>\n<li>\n<p data-path-to-node=\"10,0,0\"><b>Med\u017eiaga:<\/b> Auk\u0161tos kokyb\u0117s poliesterio ir spandekso mi\u0161inys, u\u017etikrinantis tvirt\u0105 ir nesuglam\u017eant\u012f prigludim\u0105.<\/p>\n<\/li>\n<li>\n<p data-path-to-node=\"10,1,0\"><b>Spausdinimas:<\/b> Viso pavir\u0161iaus skaitmenin\u0117 sublimacija (neribotos spalvos) arba be spaudos logotipo u\u017ed\u0117jimas.<\/p>\n<\/li>\n<li>\n<p data-path-to-node=\"10,2,0\"><b>Patvarumas:<\/b> Skalbiamas, daugkartinio naudojimo ir nereikalaujantis lyginimo audinys.<\/p>\n<\/li>\n<li>\n<p data-path-to-node=\"10,3,0\"><b>Tinka:<\/b> Sukurta standartiniams rengini\u0173 stalams (sta\u010diakampiams arba apvaliems) su sustiprintomis ki\u0161en\u0117mis kojoms.<\/p>\n<\/li>\n<\/ul>","protected":false},"featured_media":6085,"comment_status":"closed","ping_status":"closed","template":"","meta":[],"product_brand":[],"product_cat":[45],"product_tag":[],"class_list":{"0":"post-6084","1":"product","2":"type-product","3":"status-publish","4":"has-post-thumbnail","6":"product_cat-other","8":"first","9":"instock","10":"shipping-taxable","11":"purchasable","12":"product-type-simple"},"_links":{"self":[{"href":"https:\/\/displayproducts.eu\/lt\/wp-json\/wp\/v2\/product\/6084","targetHints":{"allow":["GET"]}}],"collection":[{"href":"https:\/\/displayproducts.eu\/lt\/wp-json\/wp\/v2\/product"}],"about":[{"href":"https:\/\/displayproducts.eu\/lt\/wp-json\/wp\/v2\/types\/product"}],"replies":[{"embeddable":true,"href":"https:\/\/displayproducts.eu\/lt\/wp-json\/wp\/v2\/comments?post=6084"}],"wp:featuredmedia":[{"embeddable":true,"href":"https:\/\/displayproducts.eu\/lt\/wp-json\/wp\/v2\/media\/6085"}],"wp:attachment":[{"href":"https:\/\/displayproducts.eu\/lt\/wp-json\/wp\/v2\/media?parent=6084"}],"wp:term":[{"taxonomy":"product_brand","embeddable":true,"href":"https:\/\/displayproducts.eu\/lt\/wp-json\/wp\/v2\/product_brand?post=6084"},{"taxonomy":"product_cat","embeddable":true,"href":"https:\/\/displayproducts.eu\/lt\/wp-json\/wp\/v2\/product_cat?post=6084"},{"taxonomy":"product_tag","embeddable":true,"href":"https:\/\/displayproducts.eu\/lt\/wp-json\/wp\/v2\/product_tag?post=6084"}],"curies":[{"name":"wp","href":"https:\/\/api.w.org\/{rel}","templated":true}]}}