{"id":6082,"date":"2025-12-17T15:35:18","date_gmt":"2025-12-17T12:35:18","guid":{"rendered":"https:\/\/wristbandfactory.eu\/?post_type=product&#038;p=6082"},"modified":"2026-04-01T21:52:34","modified_gmt":"2026-04-01T18:52:34","slug":"custom-cord-bracelets-with-metal-charm-bespoke-design","status":"publish","type":"product","link":"https:\/\/displayproducts.eu\/lt\/p\/custom-cord-bracelets-with-metal-charm-bespoke-design\/","title":{"rendered":"Pintos apyrank\u0117s su metaliniu pakabuku"},"content":{"rendered":"<p data-path-to-node=\"11\">Sukurkite i\u0161ties unikal\u0173 prek\u0117s \u017eenklo ry\u0161\u012f su m\u016bs\u0173 <b>Apyrank\u0117s su metaliniais pakabukais pagal u\u017esakym\u0105<\/b>. Skirtingai nuo standartini\u0173 spausdint\u0173 apyranki\u0173, tai yra tvirti, papuo\u0161al\u0105 primenantys aksesuarai, skirti d\u0117v\u0117ti ilgai po renginio. \u0160is gaminys yra visi\u0161kai individualaus gamybos proceso rezultatas, kai kiekvienas elementas \u2013 nuo kaklajuost\u0117s spalvos iki metalin\u0117s formos \u2013 yra sukurtas specialiai jums.<\/p>\n<h3 data-path-to-node=\"12\">Atvejo analiz\u0117: Tallink<\/h3>\n<p data-path-to-node=\"13\">Mums teko garb\u0117 gaminti <b>5000 suasmenint\u0173 apyranki\u0173<\/b> u\u017e <b>Tallink<\/b>, pirmaujanti laivybos bendrov\u0117 Baltijos j\u016broje. Tikslas buvo sukurti \u012fsimintin\u0105 suvenyr\u0105, atspind\u0117t\u0105 j\u0173 prek\u0117s \u017eenklo dvasi\u0105.<\/p>\n<ul data-path-to-node=\"14\">\n<li>\n<p data-path-to-node=\"14,0,0\"><b>\u017davesys:<\/b> Mes pagaminome j\u0173 mylimo talismano atvaizd\u0105 i\u0161 cinko lydinio, <b>\u201cHaris\u201d<\/b>, padengtas auk\u0161tos kokyb\u0117s sidabru.<\/p>\n<\/li>\n<li>\n<p data-path-to-node=\"14,1,0\"><b>Laidas:<\/b> J\u0173 prek\u0117s \u017eenklo paletei der\u0117ti buvo pasirinktas konkretus \u201cSaul\u0117lyd\u017eio\u201d atspalvio va\u0161kuotas kordas.<\/p>\n<\/li>\n<li>\n<p data-path-to-node=\"14,2,0\"><b>Patirtis:<\/b> Kiekviena apyrank\u0117 buvo pritvirtinta prie <b>75 \u00d7 160 mm spalvota kartonin\u0117 plok\u0161t\u0117<\/b>, paversdami paprast\u0105 daikt\u0105 ma\u017emeninei prekybai tinkama dovana.<\/p>\n<\/li>\n<\/ul>\n<h2 data-path-to-node=\"15\">Pagrindin\u0117s savyb\u0117s<\/h2>\n<ul data-path-to-node=\"16\">\n<li>\n<p data-path-to-node=\"16,0,0\"><b>Metalo liejimas pagal u\u017esakym\u0105:<\/b> Sukuriame unikali\u0105 form\u0105 j\u016bs\u0173 logotipui, talismanui ar simboliui. Med\u017eiag\u0173 pasirinkimas apima patvar\u0173 cinko lydin\u012f su sidabro, aukso arba antikvarin\u0117mis dangomis.<\/p>\n<\/li>\n<li>\n<p data-path-to-node=\"16,1,0\"><b>Pasirinktin\u0117s laido parinktys:<\/b> Rinkit\u0117s i\u0161 va\u0161kuotos medviln\u0117s, nailono arba pint\u0173 stili\u0173. Kaklajuost\u0117s spalv\u0105 galime parinkti pagal j\u016bs\u0173 konkret\u0173 Pantone kod\u0105.<\/p>\n<\/li>\n<li>\n<p data-path-to-node=\"16,2,0\"><b>Ma\u017emenin\u0117 pakuot\u0117:<\/b> Prie gaminio pridedama pagal u\u017esakym\u0105 atspausdinta pagrindo kortel\u0117 (antra\u0161t\u0117s kortel\u0117 arba pilnas pagrindas), kurioje yra daug vietos j\u016bs\u0173 rinkodaros prane\u0161imui arba QR kodams.<\/p>\n<\/li>\n<li>\n<p data-path-to-node=\"16,3,0\"><b>Didel\u0117s apimties talpa:<\/b> Kaip \u012frod\u0117 \u201eTallink\u201c projektas, specializuojam\u0117s dideli\u0173 u\u017esakym\u0173 (daugiau nei 5000 vienet\u0173) valdyme, neaukodami sud\u0117ting\u0173 metalo konstrukcij\u0173 detali\u0173.<\/p>\n<\/li>\n<\/ul>\n<h2 data-path-to-node=\"17\">Specifikacijos<\/h2>\n<ul data-path-to-node=\"18\">\n<li>\n<p data-path-to-node=\"18,0,0\"><b>\u017davesio med\u017eiaga:<\/b> Cinko lydinys (be \u0161vino \/ nikelio).<\/p>\n<\/li>\n<li>\n<p data-path-to-node=\"18,1,0\"><b>Dengimas:<\/b> Sidabras, auksas, varis, juodasis nikelis ir kt.<\/p>\n<\/li>\n<li>\n<p data-path-to-node=\"18,2,0\"><b>Laido med\u017eiaga:<\/b> Va\u0161kuota medviln\u0117 arba poliesterio\/nailono mi\u0161inys.<\/p>\n<\/li>\n<li>\n<p data-path-to-node=\"18,3,0\"><b>Laido spalva:<\/b> Pasirinktinis Pantone.<\/p>\n<\/li>\n<li>\n<p data-path-to-node=\"18,4,0\"><b>Kortel\u0117s dydis:<\/b> Standartinis 75 \u00d7 160 mm (arba pasirinktinis dydis).<\/p>\n<\/li>\n<li>\n<p data-path-to-node=\"18,5,0\"><b>Tvirtinimas:<\/b> Reguliuojamas mazgas arba metalin\u0117 sagtis.<\/p>\n<\/li>\n<li>\n<p data-path-to-node=\"18,6,0\"><b>Miniminis u\u017esakymo kiekis:<\/b> 500 vienet\u0173 (d\u0117l pel\u0117si\u0173 suk\u016brimo).<\/p>\n<\/li>\n<\/ul>","protected":false},"excerpt":{"rendered":"<ul>\n<li>\n<p data-path-to-node=\"10,0,0\"><b>Pasirinktinis pakabukas:<\/b> Cinko lydinio talismanas arba logotipas, sukurtas pagal j\u016bs\u0173 tiksli\u0105 form\u0105 (pvz., \u201cTallink\u201d \u201eHarri\u201c).<\/p>\n<\/li>\n<li>\n<p data-path-to-node=\"10,1,0\"><b>Auk\u0161\u010diausios kokyb\u0117s laidas:<\/b> Va\u0161kuotas laidas tiekiamas su pasirinktin\u0117mis Pantone spalvomis (pvz., \u201cSaul\u0117lyd\u017eio\u201d oran\u017eine).<\/p>\n<\/li>\n<li>\n<p data-path-to-node=\"10,2,0\"><b>Pilna pakuot\u0117:<\/b> Pridedama didel\u0117 75 \u00d7 160 mm dyd\u017eio, pagal u\u017esakym\u0105 atspausdinta pagrindo kortel\u0117.<\/p>\n<\/li>\n<li>\n<p data-path-to-node=\"10,3,0\"><b>Hipoalerginis:<\/b> Saugios med\u017eiagos su sidabro, aukso arba juodo padengimo galimyb\u0117mis.<\/p>\n<\/li>\n<\/ul>","protected":false},"featured_media":6083,"comment_status":"closed","ping_status":"closed","template":"","meta":[],"product_brand":[],"product_cat":[66,122],"product_tag":[],"class_list":{"0":"post-6082","1":"product","2":"type-product","3":"status-publish","4":"has-post-thumbnail","6":"product_cat-wristbands","7":"product_cat-promotional-accessories","9":"first","10":"instock","11":"shipping-taxable","12":"purchasable","13":"product-type-simple"},"_links":{"self":[{"href":"https:\/\/displayproducts.eu\/lt\/wp-json\/wp\/v2\/product\/6082","targetHints":{"allow":["GET"]}}],"collection":[{"href":"https:\/\/displayproducts.eu\/lt\/wp-json\/wp\/v2\/product"}],"about":[{"href":"https:\/\/displayproducts.eu\/lt\/wp-json\/wp\/v2\/types\/product"}],"replies":[{"embeddable":true,"href":"https:\/\/displayproducts.eu\/lt\/wp-json\/wp\/v2\/comments?post=6082"}],"wp:featuredmedia":[{"embeddable":true,"href":"https:\/\/displayproducts.eu\/lt\/wp-json\/wp\/v2\/media\/6083"}],"wp:attachment":[{"href":"https:\/\/displayproducts.eu\/lt\/wp-json\/wp\/v2\/media?parent=6082"}],"wp:term":[{"taxonomy":"product_brand","embeddable":true,"href":"https:\/\/displayproducts.eu\/lt\/wp-json\/wp\/v2\/product_brand?post=6082"},{"taxonomy":"product_cat","embeddable":true,"href":"https:\/\/displayproducts.eu\/lt\/wp-json\/wp\/v2\/product_cat?post=6082"},{"taxonomy":"product_tag","embeddable":true,"href":"https:\/\/displayproducts.eu\/lt\/wp-json\/wp\/v2\/product_tag?post=6082"}],"curies":[{"name":"wp","href":"https:\/\/api.w.org\/{rel}","templated":true}]}}