{"id":6080,"date":"2025-12-17T15:25:31","date_gmt":"2025-12-17T12:25:31","guid":{"rendered":"https:\/\/wristbandfactory.eu\/?post_type=product&#038;p=6080"},"modified":"2026-04-01T21:52:34","modified_gmt":"2026-04-01T18:52:34","slug":"custom-metal-enamel-lapel-pins-badges","status":"publish","type":"product","link":"https:\/\/displayproducts.eu\/lt\/p\/custom-metal-enamel-lapel-pins-badges\/","title":{"rendered":"Metaliniai \u017eenkliukai su logotipu"},"content":{"rendered":"<p data-path-to-node=\"11\">Epochoje, kai prek\u0117s \u017eenklo tapatyb\u0117 yra labai svarbi, <b>Metaliniai atlapo segtukai pagal u\u017esakym\u0105<\/b> si\u016blo rafinuot\u0105 b\u016bd\u0105 i\u0161skirti j\u016bs\u0173 \u012fmon\u0119. \u0160ie \u017eenkleliai yra daug daugiau nei tik aksesuarai \u2013 jie tarnauja kaip presti\u017eo, solidarumo ir priklausymo simboliai.<\/p>\n<p data-path-to-node=\"12\">Mes deriname tradicin\u012f meistri\u0161kum\u0105 su \u0161iuolaikiniais prek\u0117s \u017eenklo poreikiais. Puikus pavyzdys yra m\u016bs\u0173 darbas <b>FREEN<\/b>, kur suk\u016br\u0117me 20 mm \u017ealvarinius kai\u0161\u010dius su <b>Kieto emalio imitacija<\/b>. Blizganti nikelio danga gra\u017eiai kontrastuoja su sodriomis emalio spalvomis ir subtilia sm\u0117lio tekst\u016bra, paversdama \u012fmon\u0117s logotip\u0105 papuo\u0161alu.<\/p>\n<p data-path-to-node=\"13\">Ta\u010diau metaliniai kai\u0161\u010diai taip pat yra funkcional\u016bs \u012frankiai. <b>49-asis Saaremaa ralis<\/b>, pagaminome stilingus segtukus, kurie taip pat buvo <b>ne\u0161iojami \u012f\u0117jimo leidimai<\/b>, \u012frodydami, kad saugumo \u012fgaliojimai gali b\u016bti stilingi. Nesvarbu, ar jums reikia prabangios \u012fmon\u0117s dovanos, funkcionalaus renginio \u017eeton\u0173 ar palaikymo simbolio (pvz., m\u016bs\u0173 <b>Estijos ir Ukrainos v\u0117liav\u0173 smeigtukai<\/b>), u\u017etikriname tikslum\u0105 ir kokyb\u0119.<\/p>\n<h2 data-path-to-node=\"14\">Pagrindin\u0117s savyb\u0117s<\/h2>\n<ul data-path-to-node=\"15\">\n<li>\n<p data-path-to-node=\"15,0,0\"><b>Kieto emalio imitacija (Epola):<\/b> Suteikia lyg\u0173, plok\u0161\u010di\u0105 pavir\u0161i\u0173, kur metalin\u0117s linijos sutampa su spalvota emalio danga. Tai suteikia papuo\u0161al\u0105 primenan\u010di\u0105, auk\u0161tos vert\u0117s apdail\u0105 (kaip ir FREEN projekte).<\/p>\n<\/li>\n<li>\n<p data-path-to-node=\"15,1,0\"><b>Med\u017eiag\u0173 meistri\u0161kumas:<\/b> Pagaminta i\u0161 patvaraus <b>\u017dalvaris arba gele\u017eis<\/b>, u\u017etikrinant, kad smeigtukas b\u016bt\u0173 tvirtas ir tarnaut\u0173 ilgus metus.<\/p>\n<\/li>\n<li>\n<p data-path-to-node=\"15,2,0\"><b>Dengimo parinktys:<\/b> Rinkit\u0117s i\u0161 blizgaus aukso, sidabro (nikelio), juodojo nikelio, antikvarin\u0117s bronzos ir kit\u0173 spalv\u0173, kad atitikt\u0173 j\u016bs\u0173 prek\u0117s \u017eenklo gaires.<\/p>\n<\/li>\n<li>\n<p data-path-to-node=\"15,3,0\"><b>Saugus priedas:<\/b> Standartinis <b>Drugelio sankaba<\/b> u\u017etikrina, kad smeigtukas laikyt\u0173si savo vietoje ant kostiumo atlap\u0173, kuprini\u0173 ar uniform\u0173. Taip pat galima \u012fsigyti magnetini\u0173 smeigtuk\u0173 arba smeigtuk\u0173.<\/p>\n<\/li>\n<\/ul>\n<h2 data-path-to-node=\"16\">Specifikacijos<\/h2>\n<ul data-path-to-node=\"17\">\n<li>\n<p data-path-to-node=\"17,0,0\"><b>Med\u017eiaga:<\/b> \u017dalvaris, varis, gele\u017eis arba cinko lydinys.<\/p>\n<\/li>\n<li>\n<p data-path-to-node=\"17,1,0\"><b>Technika:<\/b> \u0160tampuotin\u0117 spauda su kietu emaliu, mink\u0161tu emaliu arba ofsetine spauda.<\/p>\n<\/li>\n<li>\n<p data-path-to-node=\"17,2,0\"><b>Standartiniai dyd\u017eiai:<\/b> 15\u201350 mm (galima u\u017esisakyti ir pagal u\u017esakym\u0105).<\/p>\n<\/li>\n<li>\n<p data-path-to-node=\"17,3,0\"><b>Storis:<\/b> Paprastai 1,2\u20132,0 mm.<\/p>\n<\/li>\n<li>\n<p data-path-to-node=\"17,4,0\"><b>Dengimas:<\/b> Auksas, nikelis, juodasis nikelis, bronza ir kt.<\/p>\n<\/li>\n<li>\n<p data-path-to-node=\"17,5,0\"><b>Palaikymas:<\/b> Drugelio formos sankaba (standartin\u0117), gumin\u0117 sankaba, apsauginis kai\u0161tis, magnetas.<\/p>\n<\/li>\n<li>\n<p data-path-to-node=\"17,6,0\"><b>Miniminis u\u017esakymo kiekis:<\/b> 50 vienet\u0173.<\/p>\n<\/li>\n<\/ul>\n<h2 data-path-to-node=\"18\">Naudojimo atvejai<\/h2>\n<ul data-path-to-node=\"19\">\n<li>\n<p data-path-to-node=\"19,0,0\"><b>Firminis identitetas:<\/b> Pagerinkite savo komandos aprang\u0105 diskreti\u0161kais, eleganti\u0161kais logotipo segtukais.<\/p>\n<\/li>\n<li>\n<p data-path-to-node=\"19,1,0\"><b>Prieiga prie renginio:<\/b> Popierinius bilietus pakeiskite kolekciniais \u017eenkleliais (pvz., VIP leidimais arba mitingo \u017eenkleliais).<\/p>\n<\/li>\n<li>\n<p data-path-to-node=\"19,2,0\"><b>\u012emoni\u0173 socialin\u0117 atsakomyb\u0117 ir solidarumas:<\/b> Parodykite param\u0105 pasaulin\u0117ms iniciatyvoms (pvz., v\u0117liav\u0173 smeigtukai), kad parodytum\u0117te socialin\u0119 atsakomyb\u0119.<\/p>\n<\/li>\n<li>\n<p data-path-to-node=\"19,3,0\"><b>Prek\u0117s:<\/b> Didel\u0117s mar\u017eos ma\u017emenin\u0117s prekybos prek\u0117 grup\u0117ms, atlik\u0117jams ir suvenyr\u0173 parduotuv\u0117ms.<\/p>\n<\/li>\n<\/ul>","protected":false},"excerpt":{"rendered":"<ul>\n<li>\n<p data-path-to-node=\"10,0,0\"><b>Auk\u0161\u010diausios kokyb\u0117s apdaila:<\/b> Galima \u012fsigyti su kietu emaliu (imitacija), mink\u0161tu emaliu arba ofsetine spauda.<\/p>\n<\/li>\n<li>\n<p data-path-to-node=\"10,1,0\"><b>Med\u017eiaga:<\/b> Auk\u0161tos kokyb\u0117s \u017ealvaris arba cinko lydinys su \u012fvairiomis dangomis (nikeliu, auksu, juoda).<\/p>\n<\/li>\n<li>\n<p data-path-to-node=\"10,2,0\"><b>Universalus:<\/b> Naudokite kaip \u012fmon\u0117s papuo\u0161alus, \u012f\u0117jimo leidimus \u012f renginius arba labdaros simbolius.<\/p>\n<\/li>\n<li>\n<p data-path-to-node=\"10,3,0\"><b>Pritaikymas:<\/b> Visi\u0161kai individualiai pritaikytos formos, dyd\u017eiai ir tekst\u016bros (pvz., sm\u0117liasrove apdorotas fonas)<\/p>\n<\/li>\n<\/ul>","protected":false},"featured_media":6081,"comment_status":"closed","ping_status":"closed","template":"","meta":[],"product_brand":[],"product_cat":[121,122,45],"product_tag":[],"class_list":{"0":"post-6080","1":"product","2":"type-product","3":"status-publish","4":"has-post-thumbnail","6":"product_cat-promotional-merchandise","7":"product_cat-promotional-accessories","8":"product_cat-other","10":"first","11":"instock","12":"shipping-taxable","13":"purchasable","14":"product-type-simple"},"_links":{"self":[{"href":"https:\/\/displayproducts.eu\/lt\/wp-json\/wp\/v2\/product\/6080","targetHints":{"allow":["GET"]}}],"collection":[{"href":"https:\/\/displayproducts.eu\/lt\/wp-json\/wp\/v2\/product"}],"about":[{"href":"https:\/\/displayproducts.eu\/lt\/wp-json\/wp\/v2\/types\/product"}],"replies":[{"embeddable":true,"href":"https:\/\/displayproducts.eu\/lt\/wp-json\/wp\/v2\/comments?post=6080"}],"wp:featuredmedia":[{"embeddable":true,"href":"https:\/\/displayproducts.eu\/lt\/wp-json\/wp\/v2\/media\/6081"}],"wp:attachment":[{"href":"https:\/\/displayproducts.eu\/lt\/wp-json\/wp\/v2\/media?parent=6080"}],"wp:term":[{"taxonomy":"product_brand","embeddable":true,"href":"https:\/\/displayproducts.eu\/lt\/wp-json\/wp\/v2\/product_brand?post=6080"},{"taxonomy":"product_cat","embeddable":true,"href":"https:\/\/displayproducts.eu\/lt\/wp-json\/wp\/v2\/product_cat?post=6080"},{"taxonomy":"product_tag","embeddable":true,"href":"https:\/\/displayproducts.eu\/lt\/wp-json\/wp\/v2\/product_tag?post=6080"}],"curies":[{"name":"wp","href":"https:\/\/api.w.org\/{rel}","templated":true}]}}