{"id":6077,"date":"2025-12-17T15:18:17","date_gmt":"2025-12-17T12:18:17","guid":{"rendered":"https:\/\/wristbandfactory.eu\/?post_type=product&#038;p=6077"},"modified":"2026-04-01T21:52:03","modified_gmt":"2026-04-01T18:52:03","slug":"custom-high-visibility-reflective-shopping-bags","status":"publish","type":"product","link":"https:\/\/displayproducts.eu\/lt\/p\/custom-high-visibility-reflective-shopping-bags\/","title":{"rendered":"Atspindintys pirkini\u0173 krep\u0161iai su logotipu"},"content":{"rendered":"<p data-path-to-node=\"11\">Sujunkite praktin\u012f pritaikym\u0105 su b\u016btinu keli\u0173 eismo saugumu naudodami m\u016bs\u0173 <b>Atspindintys pirkini\u0173 krep\u0161iai su logotipu<\/b>. Tamsiais rudens ir \u017eiemos m\u0117nesiais matomumas yra labai svarbus. \u0160is novatori\u0161kas krep\u0161ys standartin\u012f reklamin\u012f element\u0105 paver\u010dia gyvyb\u0119 gelbstin\u010diu aksesuaru, atspindin\u010diu automobilio priekinius \u017eibintus i\u0161 vis\u0173 pusi\u0173, kad ne\u0161iotojas b\u016bt\u0173 matomas.<\/p>\n<p data-path-to-node=\"12\">\u0160is krep\u0161ys puikiai tinka mokykloms, eismo saugumo kampanijoms ir \u012fmoni\u0173 \u201cB\u016bk saugus\u201d iniciatyvoms, nes jame yra didelis pavir\u0161iaus plotas j\u016bs\u0173 logotipui ir kartu suteikiama didel\u0117 vert\u0117 gav\u0117jui. Skirtingai nuo ma\u017e\u0173 at\u0161vait\u0173, kuriuos galima pasl\u0117pti, visi\u0161kai \u0161vies\u0105 atspindin\u010dio krep\u0161io ne\u012fmanoma nepasteb\u0117ti.<\/p>\n<h2 data-path-to-node=\"13\">Pagrindin\u0117s savyb\u0117s<\/h2>\n<ul data-path-to-node=\"14\">\n<li>\n<p data-path-to-node=\"14,0,1\"><span data-path-to-node=\"14,0,1,0\"><b><span class=\"citation-84\">360\u00b0 atspind\u0117jimas:<\/span><\/b><span class=\"citation-84\"> Krep\u0161ys pagamintas vien i\u0161 \u201cgeresnio\/ma\u017eesnio matomumo atspindin\u010dio\u201d audinio, tod\u0117l visas daiktas tampa saugos \u0161vyturiu.<\/span><\/span><span data-path-to-node=\"14,0,1,2\">.<\/span><\/p>\n<\/li>\n<li>\n<p data-path-to-node=\"14,1,1\"><span data-path-to-node=\"14,1,1,0\"><b><span class=\"citation-83\">Tvirta konstrukcija:<\/span><\/b><span class=\"citation-83\"> Pagamintas i\u0161 patvaraus poliesterio su strukt\u016brizuotu apatiniu \u012fsiuvu (8 cm), leid\u017eian\u010diu saugiai laikyti maisto produktus, knygas ar rengini\u0173 med\u017eiag\u0105.<\/span><\/span><span data-path-to-node=\"14,1,1,2\">.<\/span><\/p>\n<\/li>\n<li>\n<p data-path-to-node=\"14,2,1\"><span data-path-to-node=\"14,2,1,0\"><b><span class=\"citation-82\">Atitinka saugos reikalavimus:<\/span><\/b><span class=\"citation-82\"> Pagaminta laikantis auk\u0161t\u0173 standart\u0173, i\u0161laikius grie\u017etus bandymus <\/span><b><span class=\"citation-82\">Ftalatai<\/span><\/b><span class=\"citation-82\"> ir <\/span><b><span class=\"citation-82\">\u0160vinas<\/span><\/b><span class=\"citation-82\">, u\u017etikrinant, kad med\u017eiaga b\u016bt\u0173 netoksi\u0161ka ir saugi visoms am\u017eiaus grup\u0117ms<\/span><\/span><span data-path-to-node=\"14,2,1,2\">.<\/span><\/p>\n<\/li>\n<li>\n<p data-path-to-node=\"14,3,0\"><b>Individualus prek\u0117s \u017eenklo k\u016brimas:<\/b> J\u016bs\u0173 logotipas spausdinamas tiesiai ant atspindin\u010dio pavir\u0161iaus, u\u017etikrinant, kad j\u016bs\u0173 prek\u0117s \u017eenklas b\u016bt\u0173 siejamas su saugumu ir r\u016bpes\u010diu.<\/p>\n<\/li>\n<\/ul>\n<h2 data-path-to-node=\"15\">Specifikacijos<\/h2>\n<ul data-path-to-node=\"16\">\n<li>\n<p data-path-to-node=\"16,0,1\"><span data-path-to-node=\"16,0,1,0\"><b><span class=\"citation-81\">Matmenys:<\/span><\/b><span class=\"citation-81\"> 38 cm (plotis) x 42 cm (auk\u0161tis) x 8 cm (gylis)<\/span><\/span><span data-path-to-node=\"16,0,1,2\">.<\/span><\/p>\n<\/li>\n<li>\n<p data-path-to-node=\"16,1,1\"><span data-path-to-node=\"16,1,1,0\"><b><span class=\"citation-80\">Med\u017eiaga:<\/span><\/b><span class=\"citation-80\"> Poliesteris su atspindin\u010dia danga<\/span><\/span><span data-path-to-node=\"16,1,1,2\">.<\/span><\/p>\n<\/li>\n<li>\n<p data-path-to-node=\"16,2,1\"><span data-path-to-node=\"16,2,1,0\"><b><span class=\"citation-79\">Stilius:<\/span><\/b><span class=\"citation-79\"> Pirkini\u0173 krep\u0161ys \/ krep\u0161ys su rankena<\/span><\/span><span data-path-to-node=\"16,2,1,2\">.<\/span><\/p>\n<\/li>\n<li>\n<p data-path-to-node=\"16,3,0\"><span data-path-to-node=\"16,3,0,0\"><b>Svoris:<\/b> Apytiksliai. <\/span><span data-path-to-node=\"16,3,0,2\"><span class=\"citation-78\">0,250 kg vienetui<\/span><\/span><span data-path-to-node=\"16,3,0,4\">.<\/span><\/p>\n<\/li>\n<li>\n<p data-path-to-node=\"16,4,1\"><span data-path-to-node=\"16,4,1,0\"><b><span class=\"citation-77\">Pakuot\u0117:<\/span><\/b><span class=\"citation-77\"> Didelis kiekis (100 vnt.\/d\u0117\u017eut\u0117je)<\/span><\/span><span data-path-to-node=\"16,4,1,2\">.<\/span><\/p>\n<\/li>\n<li>\n<p data-path-to-node=\"16,4,1\"><span data-path-to-node=\"16,5,1,0\"><b><span class=\"citation-76\">Atitiktis:<\/span><\/b><span class=\"citation-76\"> I\u0161laikytas ftalat\u0173, \u0161vino ir A20 testas pagal neaustini\u0173\/PP standartus<\/span><\/span><\/p>\n<\/li>\n<\/ul>\n<h2 data-path-to-node=\"17\">Naudojimo atvejai<\/h2>\n<ul data-path-to-node=\"18\">\n<li>\n<p data-path-to-node=\"18,0,0\"><b>Eismo saugumo kampanijos:<\/b> Idealus krovininis transportas p\u0117stiesiems ir dviratininkams tamsiuoju met\u0173 laiku.<\/p>\n<\/li>\n<li>\n<p data-path-to-node=\"18,1,0\"><b>Mokykl\u0173 ir jaunimo grup\u0117s:<\/b> Saug\u016bs knyg\u0173 krep\u0161iai mokiniams, popiet einantiems namo.<\/p>\n<\/li>\n<li>\n<p data-path-to-node=\"18,2,0\"><b>Renginio suvenyras:<\/b> Didel\u0117s vert\u0117s konferencinis krep\u0161ys, kur\u012f dalyviai naudos pakartotinai d\u0117l jo saugumo savybi\u0173.<\/p>\n<\/li>\n<\/ul>","protected":false},"excerpt":{"rendered":"<ul>\n<li data-path-to-node=\"10,0,0\"><b>Didelis matomumas:<\/b> Visas krep\u0161io pavir\u0161ius pagamintas i\u0161 \u0161vies\u0105 atspindin\u010dios med\u017eiagos, u\u017etikrinan\u010dios maksimal\u0173 saugum\u0105 esant prastam ap\u0161vietimui.<\/li>\n<li>\n<p data-path-to-node=\"10,0,0\"><span style=\"font-family: -apple-system, BlinkMacSystemFont, 'Segoe UI', Roboto, 'Helvetica Neue', Arial, 'Noto Sans', sans-serif, 'Apple Color Emoji', 'Segoe UI Emoji', 'Segoe UI Symbol', 'Noto Color Emoji';\" data-path-to-node=\"10,1,1,0\"><b><span class=\"citation-87\">Patvari med\u017eiaga:<\/span><\/b><span class=\"citation-87\"> Pagaminta i\u0161 tvirto poliesterio su atspindin\u010dia danga<\/span><\/span><span style=\"font-family: -apple-system, BlinkMacSystemFont, 'Segoe UI', Roboto, 'Helvetica Neue', Arial, 'Noto Sans', sans-serif, 'Apple Color Emoji', 'Segoe UI Emoji', 'Segoe UI Symbol', 'Noto Color Emoji';\" data-path-to-node=\"10,1,1,2\">.<\/span><\/p>\n<\/li>\n<li>\n<p data-path-to-node=\"10,2,1\"><span data-path-to-node=\"10,2,1,0\"><b><span class=\"citation-86\">Sertifikuota sauga:<\/span><\/b><span class=\"citation-86\"> Patikrintas d\u0117l ftalat\u0173 ir \u0161vino kiekio, tod\u0117l saugus naudoti kasdien<\/span><\/span><span data-path-to-node=\"10,2,1,2\">.<\/span><\/p>\n<\/li>\n<li>\n<p data-path-to-node=\"10,3,1\"><span data-path-to-node=\"10,3,1,0\"><b><span class=\"citation-85\">Praktinis dydis:<\/span><\/b><span class=\"citation-85\"> Vidutinio dyd\u017eio pirkini\u0173 krep\u0161ys (38 x 42 x 8 cm) su patogiomis rankenomis<\/span><\/span><span data-path-to-node=\"10,3,1,2\">.<\/span><\/p>\n<\/li>\n<\/ul>","protected":false},"featured_media":6329,"comment_status":"closed","ping_status":"closed","template":"","meta":[],"product_brand":[],"product_cat":[131],"product_tag":[],"class_list":{"0":"post-6077","1":"product","2":"type-product","3":"status-publish","4":"has-post-thumbnail","6":"product_cat-custom-bags-totes","8":"first","9":"instock","10":"shipping-taxable","11":"purchasable","12":"product-type-simple"},"_links":{"self":[{"href":"https:\/\/displayproducts.eu\/lt\/wp-json\/wp\/v2\/product\/6077","targetHints":{"allow":["GET"]}}],"collection":[{"href":"https:\/\/displayproducts.eu\/lt\/wp-json\/wp\/v2\/product"}],"about":[{"href":"https:\/\/displayproducts.eu\/lt\/wp-json\/wp\/v2\/types\/product"}],"replies":[{"embeddable":true,"href":"https:\/\/displayproducts.eu\/lt\/wp-json\/wp\/v2\/comments?post=6077"}],"wp:featuredmedia":[{"embeddable":true,"href":"https:\/\/displayproducts.eu\/lt\/wp-json\/wp\/v2\/media\/6329"}],"wp:attachment":[{"href":"https:\/\/displayproducts.eu\/lt\/wp-json\/wp\/v2\/media?parent=6077"}],"wp:term":[{"taxonomy":"product_brand","embeddable":true,"href":"https:\/\/displayproducts.eu\/lt\/wp-json\/wp\/v2\/product_brand?post=6077"},{"taxonomy":"product_cat","embeddable":true,"href":"https:\/\/displayproducts.eu\/lt\/wp-json\/wp\/v2\/product_cat?post=6077"},{"taxonomy":"product_tag","embeddable":true,"href":"https:\/\/displayproducts.eu\/lt\/wp-json\/wp\/v2\/product_tag?post=6077"}],"curies":[{"name":"wp","href":"https:\/\/api.w.org\/{rel}","templated":true}]}}