{"id":6073,"date":"2025-12-17T15:08:59","date_gmt":"2025-12-17T12:08:59","guid":{"rendered":"https:\/\/wristbandfactory.eu\/?post_type=product&#038;p=6073"},"modified":"2026-04-01T21:52:03","modified_gmt":"2026-04-01T18:52:03","slug":"custom-charity-bracelets-with-printed-backing-cards","status":"publish","type":"product","link":"https:\/\/displayproducts.eu\/lt\/p\/custom-charity-bracelets-with-printed-backing-cards\/","title":{"rendered":"Labdaros apyrank\u0117s su spauda"},"content":{"rendered":"<p data-path-to-node=\"8\">Paprast\u0105 aksesuar\u0105 paverskite galingu jud\u0117jimu su m\u016bs\u0173 pagal u\u017esakym\u0105 pagamintomis labdaros apyrank\u0117mis. \u0160ios apyrank\u0117s, specialiai sukurtos NVO ir socialin\u0117ms kampanijoms, yra daugiau nei standartiniai reklaminiai daiktai ir tampa ne\u0161iojama pad\u0117kos forma aukotojams ir savanoriams. Patogios rie\u0161o kaklajuost\u0117s ir pagal u\u017esakym\u0105 pagamintos detal\u0117s derinys paver\u010dia \u0161i\u0105 apyrank\u0119 labai vertinga preke bet kokiam kilniam tikslui.<\/p>\n<p data-path-to-node=\"9\">\u012e rinkin\u012f \u012feina profesionaliai atspausdinta kortel\u0117 su fonu, kuri apyrank\u0119 paver\u010dia visaverte komunikacijos priemone. Toks \u201cparuo\u0161tas ma\u017emeninei prekybai\u201d po\u017ei\u016bris u\u017etikrina, kad j\u016bs\u0173 \u017einut\u0117 b\u016bt\u0173 perteikta ai\u0161kiai, nesvarbu, ar ji b\u016bt\u0173 platinama renginiuose, tiesiogine pa\u0161tu, ar pardavimo vietose.<\/p>\n<h2 data-path-to-node=\"10\">Pagrindin\u0117s savyb\u0117s<\/h2>\n<ul data-path-to-node=\"11\">\n<li>\n<p data-path-to-node=\"11,0,0\"><b data-path-to-node=\"11,0,0\" data-index-in-node=\"0\">Auk\u0161\u010diausios kokyb\u0117s estetika:<\/b> Kitaip nei laikinos festivalio apyrank\u0117s, \u0161ios apyrank\u0117s pagamintos i\u0161 mink\u0161t\u0173 med\u017eiag\u0173 ir metalini\u0173 akcent\u0173, kad sukurt\u0173 papuo\u0161al\u0173 poj\u016bt\u012f.<\/p>\n<\/li>\n<li>\n<p data-path-to-node=\"11,1,1\"><span data-path-to-node=\"11,1,1,0\"><b data-path-to-node=\"11,1,1,0\" data-index-in-node=\"0\"><span class=\"citation-11394\">Pagal u\u017esakym\u0105 pagaminti akriliniai pakabukai:<\/span><\/b><span class=\"citation-11394\"> Tiksliai lazeriu pjaustydami kuriame j\u016bs\u0173 kampanijos identitet\u0105 atitinkan\u010dius pakabukus \u2013 nuo kraujo la\u0161eli\u0173 iki \u012fmoni\u0173 logotip\u0173.<\/span><\/span><span data-path-to-node=\"11,1,1,2\">.<\/span><\/p>\n<\/li>\n<li>\n<p data-path-to-node=\"11,2,0\"><b data-path-to-node=\"11,2,0\" data-index-in-node=\"0\">Universali prane\u0161im\u0173 drob\u0117:<\/b> Didelio formato (75 \u00d7 160 mm) pagrindo kortel\u0117 atspausdinta i\u0161 abiej\u0173 pusi\u0173 CMYK spalvomis, puikiai tinkan\u010diomis edukaciniam turiniui.<\/p>\n<\/li>\n<li>\n<p data-path-to-node=\"11,3,0\"><b data-path-to-node=\"11,3,0\" data-index-in-node=\"0\">Universalus reguliavimas:<\/b> Slankiojan\u010di\u0173 mazg\u0173 sistema u\u017etikrina puik\u0173 pritaikym\u0105 visiems r\u0117m\u0117jams \u2013 nuo vaik\u0173 iki suaugusi\u0173j\u0173.<\/p>\n<\/li>\n<\/ul>\n<h2 data-path-to-node=\"12\">Specifikacijos<\/h2>\n<ul data-path-to-node=\"13\">\n<li>\n<p data-path-to-node=\"13,0,1\"><span data-path-to-node=\"13,0,1,0\"><b data-path-to-node=\"13,0,1,0\" data-index-in-node=\"0\"><span class=\"citation-11393\">Apyrank\u0117s med\u017eiaga:<\/span><\/b><span class=\"citation-11393\"> Mink\u0161tas nailono\/medviln\u0117s kordas su sidabro spalvos karoliukais<\/span><\/span><span data-path-to-node=\"13,0,1,2\">.<\/span><\/p>\n<\/li>\n<li>\n<p data-path-to-node=\"13,1,0\"><b data-path-to-node=\"13,1,0\" data-index-in-node=\"0\">\u017davesio med\u017eiaga:<\/b> Spalvotas akrilas pagal u\u017esakym\u0105 pagamint\u0173 form\u0173.<\/p>\n<\/li>\n<li>\n<p data-path-to-node=\"13,2,0\"><b data-path-to-node=\"13,2,0\" data-index-in-node=\"0\">Kortel\u0117s matmenys:<\/b> 75 mm \u00d7 160 mm (visi\u0161kai pritaikomas).<\/p>\n<\/li>\n<li>\n<p data-path-to-node=\"13,3,0\"><b data-path-to-node=\"13,3,0\" data-index-in-node=\"0\">Korteli\u0173 spausdinimas:<\/b> Pilna spalva (CMYK) i\u0161 abiej\u0173 pusi\u0173.<\/p>\n<\/li>\n<li>\n<p data-path-to-node=\"13,4,0\"><b data-path-to-node=\"13,4,0\" data-index-in-node=\"0\">Minimalus u\u017esakymo kiekis (MOQ):<\/b> 500 vienet\u0173.<\/p>\n<\/li>\n<\/ul>\n<h2 data-path-to-node=\"14\">Naudojimo atvejai<\/h2>\n<ul data-path-to-node=\"15\">\n<li>\n<p data-path-to-node=\"15,0,0\"><b data-path-to-node=\"15,0,0\" data-index-in-node=\"0\">Sveikatos prie\u017ei\u016bros s\u0105moningumas:<\/b> Idealiai tinka kraujo donoryst\u0117s centrams, v\u0117\u017eio tyrim\u0173 fondams ir psichikos sveikatos iniciatyvoms.<\/p>\n<\/li>\n<li>\n<p data-path-to-node=\"15,1,0\"><b data-path-to-node=\"15,1,0\" data-index-in-node=\"0\">L\u0117\u0161\u0173 rinkimo atributika:<\/b> Patvarus ir patrauklus daiktas, kur\u012f labdaros organizacijoms galima parduoti kaip didel\u0117s mar\u017eos l\u0117\u0161\u0173 rinkimo \u012frank\u012f.<\/p>\n<\/li>\n<li>\n<p data-path-to-node=\"15,2,0\"><b data-path-to-node=\"15,2,0\" data-index-in-node=\"0\">\u012emoni\u0173 socialin\u0117 atsakomyb\u0117:<\/b> Prasmingos dovanos darbuotojams, dalyvaujantiems bendruomen\u0117s labui ar socialinio poveikio projektuose.<\/p>\n<\/li>\n<li>\n<p data-path-to-node=\"15,3,1\"><span data-path-to-node=\"15,3,1,0\"><b data-path-to-node=\"15,3,1,0\" data-index-in-node=\"0\"><span class=\"citation-11392\">\u012esimintini rengini\u0173 suvenyrai:<\/span><\/b><span class=\"citation-11392\"> Tvar\u016bs suvenyrai i\u0161kilmingoms vakarien\u0117ms, labdaros b\u0117gimams ar paramos renginiams<\/span><\/span><span data-path-to-node=\"15,3,1,2\">.<\/span><\/p>\n<\/li>\n<\/ul>","protected":false},"excerpt":{"rendered":"<ul>\n<li>\n<p data-path-to-node=\"7,0,0\"><b data-path-to-node=\"7,0,0\" data-index-in-node=\"0\">Paruo\u0161ta ma\u017emeninei prekybai prezentacija:<\/b> Kiekviena apyrank\u0117 yra i\u0161 anksto pritvirtinta ant 75 \u00d7 160 mm spalvotos pagrindin\u0117s plok\u0161t\u0117s, kurioje yra daug vietos kampanijos istorijoms ar QR kodams.<\/p>\n<\/li>\n<li>\n<p data-path-to-node=\"7,1,1\"><span data-path-to-node=\"7,1,1,0\"><b data-path-to-node=\"7,1,1,0\" data-index-in-node=\"0\"><span class=\"citation-11395\">Visi\u0161kai pritaikomi pakabukai:<\/span><\/b><span class=\"citation-11395\"> Su lazeriu pjaustytu akriliniu pakabuku, kur\u012f galima bet kokios formos ar spalvos, pavyzd\u017eiui, su s\u0105moningumo juostel\u0117mis ar logotipais.<\/span><\/span><span data-path-to-node=\"7,1,1,2\">.<\/span><\/p>\n<\/li>\n<li>\n<p data-path-to-node=\"7,2,0\"><b data-path-to-node=\"7,2,0\" data-index-in-node=\"0\">Papuo\u0161al\u0173 klas\u0117s apdaila:<\/b> Pagaminta i\u0161 mink\u0161to nailono arba medviln\u0117s kaklajuost\u0117s ir rafinuot\u0173 sidabro atspalvio karoliuk\u0173, skirta ilgalaikiam kasdieniam ne\u0161iojimui.<\/p>\n<\/li>\n<li>\n<p data-path-to-node=\"7,3,0\"><b data-path-to-node=\"7,3,0\" data-index-in-node=\"0\">Didelio poveikio B2B \u012frankis:<\/b> Idealiai tinka sveikatos prie\u017ei\u016bros organizacijoms, NVO ir \u012fmoni\u0173 socialin\u0117s atsakomyb\u0117s iniciatyvoms, kai minimalus u\u017esakymas yra 500 vienet\u0173.<\/p>\n<\/li>\n<\/ul>","protected":false},"featured_media":6074,"comment_status":"closed","ping_status":"closed","template":"","meta":[],"product_brand":[],"product_cat":[122,45],"product_tag":[],"class_list":{"0":"post-6073","1":"product","2":"type-product","3":"status-publish","4":"has-post-thumbnail","6":"product_cat-promotional-accessories","7":"product_cat-other","9":"first","10":"instock","11":"shipping-taxable","12":"purchasable","13":"product-type-simple"},"_links":{"self":[{"href":"https:\/\/displayproducts.eu\/lt\/wp-json\/wp\/v2\/product\/6073","targetHints":{"allow":["GET"]}}],"collection":[{"href":"https:\/\/displayproducts.eu\/lt\/wp-json\/wp\/v2\/product"}],"about":[{"href":"https:\/\/displayproducts.eu\/lt\/wp-json\/wp\/v2\/types\/product"}],"replies":[{"embeddable":true,"href":"https:\/\/displayproducts.eu\/lt\/wp-json\/wp\/v2\/comments?post=6073"}],"wp:featuredmedia":[{"embeddable":true,"href":"https:\/\/displayproducts.eu\/lt\/wp-json\/wp\/v2\/media\/6074"}],"wp:attachment":[{"href":"https:\/\/displayproducts.eu\/lt\/wp-json\/wp\/v2\/media?parent=6073"}],"wp:term":[{"taxonomy":"product_brand","embeddable":true,"href":"https:\/\/displayproducts.eu\/lt\/wp-json\/wp\/v2\/product_brand?post=6073"},{"taxonomy":"product_cat","embeddable":true,"href":"https:\/\/displayproducts.eu\/lt\/wp-json\/wp\/v2\/product_cat?post=6073"},{"taxonomy":"product_tag","embeddable":true,"href":"https:\/\/displayproducts.eu\/lt\/wp-json\/wp\/v2\/product_tag?post=6073"}],"curies":[{"name":"wp","href":"https:\/\/api.w.org\/{rel}","templated":true}]}}