{"id":6068,"date":"2025-12-17T14:59:31","date_gmt":"2025-12-17T11:59:31","guid":{"rendered":"https:\/\/wristbandfactory.eu\/?post_type=product&#038;p=6068"},"modified":"2026-04-01T21:52:35","modified_gmt":"2026-04-01T18:52:35","slug":"custom-embroidered-sleeve-patches-with-velcro","status":"publish","type":"product","link":"https:\/\/displayproducts.eu\/lt\/p\/custom-embroidered-sleeve-patches-with-velcro\/","title":{"rendered":"Siuvin\u0117tos emblemos su lipuku"},"content":{"rendered":"<p data-path-to-node=\"11\">Apr\u016bpinkite savo komand\u0105, padalin\u012f ar klub\u0105 <b>Siuvin\u0117ti rankovi\u0173 pleistrai pagal u\u017esakym\u0105<\/b>. \u0160ie \u017eenkliukai, sukurti siekiant patvarumo ir presti\u017eo, yra standartinis pasirinkimas kariniams daliniams, apsaugos \u012fmon\u0117ms ir airsoft komandoms, kurioms reikalingas profesionalus identifikavimas, kur\u012f b\u016bt\u0173 galima lengvai pritvirtinti arba nuimti.<\/p>\n<p data-path-to-node=\"12\">Puikus m\u016bs\u0173 meistri\u0161kumo pavyzdys yra sukurta emblema. <b>Logistikos bataliono rezervistai<\/b>. \u0160is 80 \u00d7 90 mm dyd\u017eio antsiuvas vaizduoja diding\u0105 auksin\u012f drakon\u0105, i\u0161siuvin\u0117t\u0105 tamsiai violetiniame fone. Mes naudojome auk\u0161tos kokyb\u0117s <b>metalinis aukso si\u016blas<\/b> pabr\u0117\u017eti sud\u0117tingas drakono detales, simbolizuojan\u010dias gali\u0105 ir meistri\u0161kum\u0105.<\/p>\n<h2 data-path-to-node=\"13\">Pagrindin\u0117s savyb\u0117s<\/h2>\n<ul data-path-to-node=\"14\">\n<li>\n<p data-path-to-node=\"14,0,0\"><b>Velcro pagrindas:<\/b> Ant lop\u0173 i\u0161virk\u0161\u010dioje pus\u0117je yra tvirtas \u201eVelcro\u201c (kabliuko pus\u0117je) pagrindas, tod\u0117l juos galima akimirksniu pritvirtinti prie uniform\u0173, taktini\u0173 liemeni\u0173 ar kuprini\u0173.<\/p>\n<\/li>\n<li>\n<p data-path-to-node=\"14,1,0\"><b>Premium si\u016blai:<\/b> Si\u016blome plat\u0173 si\u016bl\u0173 spalv\u0173 pasirinkim\u0105, \u012fskaitant metalinius variantus (aukso, sidabro), kad konkret\u016bs dizaino elementai i\u0161siskirt\u0173 fone.<\/p>\n<\/li>\n<li>\n<p data-path-to-node=\"14,2,0\"><b>Sustiprinti kra\u0161tai:<\/b> Apdaila tvirta juoda spalva <b>susiliejusi riba<\/b> (overlokinis dygsnis), kuris apsaugo nuo dilimo ir puikiai \u012fr\u0117mina ra\u0161t\u0105.<\/p>\n<\/li>\n<li>\n<p data-path-to-node=\"14,3,0\"><b>Universalus pritaikymas:<\/b> Idealiai tinka rangui, daliniui ar skyriui atskirti, nekei\u010diant drabu\u017eio visam laikui.<\/p>\n<\/li>\n<\/ul>\n<h2 data-path-to-node=\"15\">Specifikacijos<\/h2>\n<ul data-path-to-node=\"16\">\n<li>\n<p data-path-to-node=\"16,0,0\"><b>Standartinis dydis:<\/b> Pasirinktinis (pvz., 80 \u00d7 90 mm).<\/p>\n<\/li>\n<li>\n<p data-path-to-node=\"16,1,0\"><b>Med\u017eiaga:<\/b> R\u016bsinio audinio pagrindas su poliesterio\/viskoz\u0117s siuvin\u0117jimo si\u016blais.<\/p>\n<\/li>\n<li>\n<p data-path-to-node=\"16,2,0\"><b>Palaikymas:<\/b> Lipni juosta (lipdukai ir kilpel\u0117s) arba lyginimo \/ siuvimo juosta.<\/p>\n<\/li>\n<li>\n<p data-path-to-node=\"16,3,0\"><b>Riba:<\/b> Sujungtas kra\u0161tas (standartinis) arba pjautas lazeriu (sud\u0117tingoms formoms).<\/p>\n<\/li>\n<li>\n<p data-path-to-node=\"16,4,0\"><b>Apr\u0117ptis:<\/b> Galimas siuvin\u0117jimo padengimas iki 100%.<\/p>\n<\/li>\n<li>\n<p data-path-to-node=\"16,5,0\"><b>Miniminis u\u017esakymo kiekis:<\/b> 50 vienet\u0173.<\/p>\n<\/li>\n<\/ul>\n<h2 data-path-to-node=\"17\">Naudojimo atvejai<\/h2>\n<ul data-path-to-node=\"18\">\n<li>\n<p data-path-to-node=\"18,0,0\"><b>Kariuomen\u0117 ir gynyba:<\/b> Padalinio skiriamieji \u017eenklai ir rang\u0173 \u017eenkleliai (kaip Logistikos bataliono pavyzdyje).<\/p>\n<\/li>\n<li>\n<p data-path-to-node=\"18,1,0\"><b>Apsaugos \u012fmon\u0117s:<\/b> Uniformuotas prek\u0117s \u017eenklas, kur\u012f galima kaitalioti tarp \u0161vark\u0173 ir mar\u0161kini\u0173.<\/p>\n<\/li>\n<li>\n<p data-path-to-node=\"18,2,0\"><b>Airsoft ir da\u017easvydis:<\/b> Komandos ir moral\u0117s pleistrai.<\/p>\n<\/li>\n<li>\n<p data-path-to-node=\"18,3,0\"><b>Darbo drabu\u017eiai:<\/b> Patvarus prek\u0117s \u017eenklo k\u016brimas mechanikos, statybos ir logistikos darbuotojams.<\/p>\n<\/li>\n<\/ul>","protected":false},"excerpt":{"rendered":"<ul>\n<li>\n<p data-path-to-node=\"10,0,0\"><b>Priedas:<\/b> Patvarus \u201eVelcro\u201c (lipduk\u0173 ir kilpeli\u0173) pagrindas, kad b\u016bt\u0173 lengva nuimti ir pakeisti.<\/p>\n<\/li>\n<li>\n<p data-path-to-node=\"10,1,0\"><b>Detalizuoti:<\/b> Didelio tankio siuvin\u0117jimas naudojant standartinius arba metalinius si\u016blus (pvz., auksinius).<\/p>\n<\/li>\n<li>\n<p data-path-to-node=\"10,2,0\"><b>Kra\u0161to apdaila:<\/b> Sujungtos (u\u017eri\u0161tos) apvadai ilgaam\u017ei\u0161kumui ir profesionaliai i\u0161vaizdai.<\/p>\n<\/li>\n<li>\n<p data-path-to-node=\"10,3,0\"><b>Pritaikymas:<\/b> Visi\u0161kai individualios formos ir dyd\u017eiai (pavyzdys: 80x90 mm).<\/p>\n<\/li>\n<\/ul>","protected":false},"featured_media":6331,"comment_status":"closed","ping_status":"closed","template":"","meta":[],"product_brand":[],"product_cat":[124,122],"product_tag":[],"class_list":{"0":"post-6068","1":"product","2":"type-product","3":"status-publish","4":"has-post-thumbnail","6":"product_cat-id-solutions","7":"product_cat-promotional-accessories","9":"first","10":"instock","11":"shipping-taxable","12":"purchasable","13":"product-type-simple"},"_links":{"self":[{"href":"https:\/\/displayproducts.eu\/lt\/wp-json\/wp\/v2\/product\/6068","targetHints":{"allow":["GET"]}}],"collection":[{"href":"https:\/\/displayproducts.eu\/lt\/wp-json\/wp\/v2\/product"}],"about":[{"href":"https:\/\/displayproducts.eu\/lt\/wp-json\/wp\/v2\/types\/product"}],"replies":[{"embeddable":true,"href":"https:\/\/displayproducts.eu\/lt\/wp-json\/wp\/v2\/comments?post=6068"}],"wp:featuredmedia":[{"embeddable":true,"href":"https:\/\/displayproducts.eu\/lt\/wp-json\/wp\/v2\/media\/6331"}],"wp:attachment":[{"href":"https:\/\/displayproducts.eu\/lt\/wp-json\/wp\/v2\/media?parent=6068"}],"wp:term":[{"taxonomy":"product_brand","embeddable":true,"href":"https:\/\/displayproducts.eu\/lt\/wp-json\/wp\/v2\/product_brand?post=6068"},{"taxonomy":"product_cat","embeddable":true,"href":"https:\/\/displayproducts.eu\/lt\/wp-json\/wp\/v2\/product_cat?post=6068"},{"taxonomy":"product_tag","embeddable":true,"href":"https:\/\/displayproducts.eu\/lt\/wp-json\/wp\/v2\/product_tag?post=6068"}],"curies":[{"name":"wp","href":"https:\/\/api.w.org\/{rel}","templated":true}]}}