{"id":6063,"date":"2025-12-17T14:55:40","date_gmt":"2025-12-17T11:55:40","guid":{"rendered":"https:\/\/wristbandfactory.eu\/?post_type=product&#038;p=6063"},"modified":"2026-04-01T21:52:03","modified_gmt":"2026-04-01T18:52:03","slug":"custom-designed-plush-toys-mascots","status":"publish","type":"product","link":"https:\/\/displayproducts.eu\/lt\/p\/custom-designed-plush-toys-mascots\/","title":{"rendered":"Pagal u\u017esakym\u0105 gaminami pliu\u0161iniai \u017eaislai ir talismanai"},"content":{"rendered":"<p data-path-to-node=\"11\">\u012ekv\u0117pkite savo prek\u0117s \u017eenklo charakteriui gyvyb\u0117s su m\u016bs\u0173 <b>Individualiai sukurti pliu\u0161iniai \u017eaislai ir talismanai<\/b>. Pliu\u0161inis \u017eaislas, pagamintas pagal u\u017esakym\u0105, yra daugiau nei reklaminis elementas \u2013 tai emocinis inkaras, jungiantis j\u016bs\u0173 prek\u0117s \u017eenkl\u0105 su \u0161eimomis ir vaikais, paver\u010diantis \u012fmon\u0117s identitet\u0105 mylimu kompanionu.<\/p>\n<p data-path-to-node=\"12\">Kaip matyti su <b>\u201cV-Zuikis\u201d (V-J\u00e4nku)<\/b> sukurta <b>V-SPA<\/b>, Gerai atliktas talismanas pats savaime tampa patirtimi. Jis tarnauja kaip ap\u010diuopiamas apsilankymo prisiminimas, guod\u017eianti dovana vaikui ir labai fotogeni\u0161ka rekvizitas socialinei \u017einiasklaidai. Skirtingai nuo standartini\u0173 katalogo preki\u0173, \u0161ie \u017eaislai gaminami nuo nulio, kad atitikt\u0173 j\u016bs\u0173 konkret\u0173 dizain\u0105, form\u0105 ir spalv\u0173 palet\u0119.<\/p>\n<h2 data-path-to-node=\"13\">Pagrindin\u0117s savyb\u0117s<\/h2>\n<ul data-path-to-node=\"14\">\n<li>\n<p data-path-to-node=\"14,0,0\"><b>Gamyba pagal u\u017esakym\u0105:<\/b> Mes ne tik spausdiname ant esam\u0173 me\u0161k\u0173; mes kuriame <i>tavo<\/i> persona\u017eas. Nesvarbu, ar tai gyv\u016bnas, personifikuotas produktas, ar unikali forma, mes j\u012f kuriame nuo nulio.<\/p>\n<\/li>\n<li>\n<p data-path-to-node=\"14,1,0\"><b>Auk\u0161\u010diausios kokyb\u0117s med\u017eiagos:<\/b> Pagaminta i\u0161 mink\u0161tos med\u017eiagos <b>Poliesterio pliu\u0161as<\/b> kuris jau\u010diasi prabangiai liesti. Jis yra pakankamai patvarus \u017eaidimams, ta\u010diau pakankamai mink\u0161tas glamon\u0117ti.<\/p>\n<\/li>\n<li>\n<p data-path-to-node=\"14,2,0\"><b>Emocinis marketingas:<\/b> Puikiai tinka kuriant \u201cdraugi\u0161k\u0105\u201d prek\u0117s \u017eenklo \u012fvaizd\u012f. Talismanas padeda su\u017emoginti \u012fmones tokiuose sektoriuose kaip svetingumas, sveikatos apsauga ir ma\u017emenin\u0117 prekyba.<\/p>\n<\/li>\n<li>\n<p data-path-to-node=\"14,3,0\"><b>Detali\u0173 d\u0117mesys:<\/b> Tiksliai i\u0161siuvin\u0117ti veido bruo\u017eai ir logotipai, u\u017etikrinantys, kad talismanas atrodyt\u0173 lygiai taip pat, kaip j\u016bs\u0173 skaitmeninis dizainas.<\/p>\n<\/li>\n<\/ul>\n<h2 data-path-to-node=\"15\">Specifikacijos<\/h2>\n<ul data-path-to-node=\"16\">\n<li>\n<p data-path-to-node=\"16,0,0\"><b>Med\u017eiaga:<\/b> 100% poliesterio pliu\u0161as (galima rinktis su trumpu arba ilgu plauku).<\/p>\n<\/li>\n<li>\n<p data-path-to-node=\"16,1,0\"><b>\u012edaras:<\/b> PP medviln\u0117 (hipoalergin\u0117).<\/p>\n<\/li>\n<li>\n<p data-path-to-node=\"16,2,0\"><b>Dydis:<\/b> Individualus (standartiniai dyd\u017eiai: 15 cm, 20 cm, 25 cm, 30 cm).<\/p>\n<\/li>\n<li>\n<p data-path-to-node=\"16,3,0\"><b>Prek\u0117s \u017eenklo k\u016brimo metodai:<\/b> Siuvin\u0117jimas (akys, logotipas), sublimacin\u0117 spauda (ra\u0161tams), \u012fsi\u016bta austa etiket\u0117.<\/p>\n<\/li>\n<li>\n<p data-path-to-node=\"16,4,0\"><b>Saugos standartas:<\/b> CE \/ EN71 reikalavimus atitinkan\u010dios med\u017eiagos pateikiamos papra\u0161ius.<\/p>\n<\/li>\n<li>\n<p data-path-to-node=\"16,5,0\"><b>Miniminis u\u017esakymo kiekis:<\/b> D\u0117l liejimo \/ \u0161ablono kainos individualios formos paprastai prasideda nuo 500\u20131000 vienet\u0173.<\/p>\n<\/li>\n<\/ul>\n<h2 data-path-to-node=\"17\">Naudojimo atvejai<\/h2>\n<ul data-path-to-node=\"18\">\n<li>\n<p data-path-to-node=\"18,0,0\"><b>SPA centrai ir vie\u0161bu\u010diai:<\/b> Sveikinimo dovanos vaikams arba ma\u017emenin\u0117s prekybos prek\u0117s vestibiulio parduotuv\u0117je (pvz., \u201eV-Spa\u201c).<\/p>\n<\/li>\n<li>\n<p data-path-to-node=\"18,1,0\"><b>Sporto komandos:<\/b> Komandos talismanai, kuriuos gerb\u0117jai gali nusipirkti ir mojuoti rungtyni\u0173 metu.<\/p>\n<\/li>\n<li>\n<p data-path-to-node=\"18,2,0\"><b>Produkt\u0173 pristatymai:<\/b> Naujo produkto pavertimas kampanij\u0173 persona\u017eu.<\/p>\n<\/li>\n<li>\n<p data-path-to-node=\"18,3,0\"><b>Labdara ir sveikatos apsauga:<\/b> Komforto \u017eaislai ligonin\u0117ms arba l\u0117\u0161\u0173 rinkimo kampanijoms.<\/p>\n<\/li>\n<\/ul>\n<p data-path-to-node=\"19\">","protected":false},"excerpt":{"rendered":"<ul data-path-to-node=\"10\">\n<li>\n<p data-path-to-node=\"10,0,0\"><b>Med\u017eiaga:<\/b> Auk\u0161tos kokyb\u0117s 100% poliesterio pliu\u0161as (mink\u0161tas, \u0161ilkinis ir patvarus).<\/p>\n<\/li>\n<li>\n<p data-path-to-node=\"10,1,0\"><b>Visi\u0161kai pritaikytas:<\/b> Gaminame bet kokios formos gaminius pagal j\u016bs\u0173 talismano persona\u017e\u0105 ar logotip\u0105.<\/p>\n<\/li>\n<li>\n<p data-path-to-node=\"10,2,0\"><b>Saugumas:<\/b> Vaikams pritaikytos med\u017eiagos, tinkamos dovanoms ir ma\u017emeninei prekybai.<\/p>\n<\/li>\n<li>\n<p data-path-to-node=\"10,3,0\"><b>Prek\u0117s \u017eenklo k\u016brimas:<\/b> Individualios spalvos, siuvin\u0117jimas ir prisi\u016btos etiket\u0117s.<\/p>\n<\/li>\n<\/ul>\n<p data-path-to-node=\"11\">","protected":false},"featured_media":6064,"comment_status":"closed","ping_status":"closed","template":"","meta":[],"product_brand":[],"product_cat":[121],"product_tag":[],"class_list":{"0":"post-6063","1":"product","2":"type-product","3":"status-publish","4":"has-post-thumbnail","6":"product_cat-promotional-merchandise","8":"first","9":"instock","10":"shipping-taxable","11":"purchasable","12":"product-type-simple"},"_links":{"self":[{"href":"https:\/\/displayproducts.eu\/lt\/wp-json\/wp\/v2\/product\/6063","targetHints":{"allow":["GET"]}}],"collection":[{"href":"https:\/\/displayproducts.eu\/lt\/wp-json\/wp\/v2\/product"}],"about":[{"href":"https:\/\/displayproducts.eu\/lt\/wp-json\/wp\/v2\/types\/product"}],"replies":[{"embeddable":true,"href":"https:\/\/displayproducts.eu\/lt\/wp-json\/wp\/v2\/comments?post=6063"}],"wp:featuredmedia":[{"embeddable":true,"href":"https:\/\/displayproducts.eu\/lt\/wp-json\/wp\/v2\/media\/6064"}],"wp:attachment":[{"href":"https:\/\/displayproducts.eu\/lt\/wp-json\/wp\/v2\/media?parent=6063"}],"wp:term":[{"taxonomy":"product_brand","embeddable":true,"href":"https:\/\/displayproducts.eu\/lt\/wp-json\/wp\/v2\/product_brand?post=6063"},{"taxonomy":"product_cat","embeddable":true,"href":"https:\/\/displayproducts.eu\/lt\/wp-json\/wp\/v2\/product_cat?post=6063"},{"taxonomy":"product_tag","embeddable":true,"href":"https:\/\/displayproducts.eu\/lt\/wp-json\/wp\/v2\/product_tag?post=6063"}],"curies":[{"name":"wp","href":"https:\/\/api.w.org\/{rel}","templated":true}]}}