{"id":6061,"date":"2025-12-17T14:51:16","date_gmt":"2025-12-17T11:51:16","guid":{"rendered":"https:\/\/wristbandfactory.eu\/?post_type=product&#038;p=6061"},"modified":"2026-04-01T21:52:35","modified_gmt":"2026-04-01T18:52:35","slug":"custom-soft-fabric-reflectors","status":"publish","type":"product","link":"https:\/\/displayproducts.eu\/lt\/p\/custom-soft-fabric-reflectors\/","title":{"rendered":"Mink\u0161ti tekstiliniai at\u0161vaitai su logotipu"},"content":{"rendered":"<p data-path-to-node=\"11\">U\u017etikrinkite, kad j\u016bs\u0173 prek\u0117s \u017eenklas b\u016bt\u0173 matomas tamsoje su m\u016bs\u0173 <b>Mink\u0161ti tekstiliniai at\u0161vaitai su logotipu<\/b>. Skirtingai nuo tradicini\u0173 kiet\u0173 plastikini\u0173 at\u0161vait\u0173, kurie gali \u012ftr\u016bkti arba skleisti triuk\u0161m\u0105 dau\u017eantis \u012f krep\u0161\u012f, \u0161ie mink\u0161ti pakabos yra patvar\u016bs, tyl\u016bs ir malon\u016bs liesti.<\/p>\n<p data-path-to-node=\"12\">Unikali \u201cSumu\u0161tinio\u201d konstrukcija \u2013 tai mink\u0161to fliso arba veltinio sluoksnis tarp dviej\u0173 auk\u0161tos kokyb\u0117s \u0161vies\u0105 atspindin\u010di\u0173 audini\u0173. Tai suteikia gaminiui auk\u0161\u010diausios kokyb\u0117s, \u0161iek tiek p\u016bst\u0105 i\u0161vaizd\u0105 ir poj\u016bt\u012f.<\/p>\n<p data-path-to-node=\"13\">Nesvarbu, ar jums reikia paprastos geometrin\u0117s formos (apskritimo, kvadrato, trikampio), ar visi\u0161kai <b>pagal u\u017esakym\u0105 i\u0161pjauta forma<\/b> atvaizduojan\u010dius j\u016bs\u0173 logotip\u0105 ar talisman\u0105 \u2013 galime j\u012f pagaminti. Tai b\u016btini saugos reikmenys \u0160iaur\u0117s \u0161ali\u0173 klimatui, tod\u0117l tai labai vertinamos dovanos mokykloms, sporto klubams ir verslo partneriams.<\/p>\n<h2 data-path-to-node=\"14\">Pagrindin\u0117s savyb\u0117s<\/h2>\n<ul data-path-to-node=\"15\">\n<li>\n<p data-path-to-node=\"15,0,0\"><b>Dvipusis matomumas:<\/b> \u0160vies\u0105 atspindinti med\u017eiaga yra naudojama tiek priekyje, tiek gale, u\u017etikrinant 360 laipsni\u0173 matomum\u0105.<\/p>\n<\/li>\n<li>\n<p data-path-to-node=\"15,1,0\"><b>\u0160velnus ir tylus:<\/b> Tekstil\u0117s \/ vilnos \u0161erdis rei\u0161kia, kad at\u0161vaitas nesubrai\u017eys brangi\u0173 rankini\u0173 ir nebar\u0161k\u0117s \u012f u\u017etrauktukus einant.<\/p>\n<\/li>\n<li>\n<p data-path-to-node=\"15,2,0\"><b>Visi\u0161kas pritaikymas:<\/b><\/p>\n<ul data-path-to-node=\"15,2,1\">\n<li>\n<p data-path-to-node=\"15,2,1,0,0\"><b>Forma:<\/b> Sukurkite bet kok\u012f norim\u0105 kont\u016br\u0105.<\/p>\n<\/li>\n<li>\n<p data-path-to-node=\"15,2,1,1,0\"><b>Spausdinti:<\/b> J\u016bs\u0173 logotipas atspausdintas <i>po<\/i> atspindintis laminatas (patvarumui) arba vir\u0161uje, priklausomai nuo dizaino.<\/p>\n<\/li>\n<\/ul>\n<\/li>\n<li>\n<p data-path-to-node=\"15,3,0\"><b>Pried\u0173 parinktys:<\/b> Pridedama standartin\u0117 grandin\u0117l\u0117 arba virvel\u0117 su apsauginiu kai\u0161\u010diu, kad b\u016bt\u0173 lengva pritvirtinti prie striuki\u0173, kuprini\u0173 ar ve\u017eim\u0117li\u0173.<\/p>\n<\/li>\n<\/ul>\n<h2 data-path-to-node=\"16\">Specifikacijos<\/h2>\n<ul data-path-to-node=\"17\">\n<li>\n<p data-path-to-node=\"17,0,0\"><b>Med\u017eiaga:<\/b> Prizm\u0119 atspindintis PVC arba ekologi\u0161kas TPU + mink\u0161ta vilna \/ veltinio \u0161erdis.<\/p>\n<\/li>\n<li>\n<p data-path-to-node=\"17,1,0\"><b>Branduolys:<\/b> Baltas arba pilkas mink\u0161tas veltinis (suteikia storio).<\/p>\n<\/li>\n<li>\n<p data-path-to-node=\"17,2,0\"><b>Dydis:<\/b> Standartinis ma\u017edaug 50\u201370 mm (galimi individual\u016bs dyd\u017eiai).<\/p>\n<\/li>\n<li>\n<p data-path-to-node=\"17,3,0\"><b>Spausdinimas:<\/b> CMYK ofsetin\u0117 arba \u0161ilkografija.<\/p>\n<\/li>\n<li>\n<p data-path-to-node=\"17,4,0\"><b>Atitiktis:<\/b> Med\u017eiaga atitinka EN13356 matomumo standartus.<\/p>\n<\/li>\n<li>\n<p data-path-to-node=\"17,5,0\"><b>Tvirtinimas:<\/b> Grandin\u0117l\u0117 su kamuoliuku (metalin\u0117) arba virvel\u0117 + apsauginis kai\u0161tis.<\/p>\n<\/li>\n<\/ul>\n<h2 data-path-to-node=\"18\">Naudojimo atvejai<\/h2>\n<ul data-path-to-node=\"19\">\n<li>\n<p data-path-to-node=\"19,0,0\"><b>Mokyklos ir dar\u017eeliai:<\/b> Privalomas saugos elementas vaikams \u017eiem\u0105.<\/p>\n<\/li>\n<li>\n<p data-path-to-node=\"19,1,0\"><b>\u012emoni\u0173 saugos kampanijos:<\/b> \u201cB\u016bk saugus, b\u016bk matomas\u201d prek\u0117s \u017eenklo k\u016brimas darbuotojams.<\/p>\n<\/li>\n<li>\n<p data-path-to-node=\"19,2,0\"><b>Renginio atributika:<\/b> Lengvas ir patogus si\u0173sti vokuose.<\/p>\n<\/li>\n<li>\n<p data-path-to-node=\"19,3,0\"><b>Sporto ir lauko preki\u0173 \u017eenklai:<\/b> Puiki dovana b\u0117gikams ir \u017eygeiviams.<\/p>\n<\/li>\n<\/ul>","protected":false},"excerpt":{"rendered":"<ul>\n<li>\n<p data-path-to-node=\"10,0,0\"><b>Konstrukcija:<\/b> Trij\u0173 sluoksni\u0173 \u201cSumu\u0161tinio\u201d dizainas (atspindintis audinys + mink\u0161ta flisin\u0117 \u0161erdis + at\u0161vaitinis audinys).<\/p>\n<\/li>\n<li>\n<p data-path-to-node=\"10,1,0\"><b>Pasirinktin\u0117s formos:<\/b> Galima \u012fsigyti standartini\u0173 (apvali\u0173, kvadratini\u0173, \u0161irdies formos) arba visi\u0161kai individualiai i\u0161pjaut\u0173 form\u0173.<\/p>\n<\/li>\n<li>\n<p data-path-to-node=\"10,2,0\"><b>Saugumas:<\/b> Gerai matoma \u0161vies\u0105 atspindinti med\u017eiaga (yra ir EN13356 standart\u0105 atitinkan\u010di\u0173 med\u017eiag\u0173).<\/p>\n<\/li>\n<li>\n<p data-path-to-node=\"10,3,0\"><b>Patogu vartotojui:<\/b> Mink\u0161tas, tylus ir ned\u016b\u017etantis \u2013 puikiai tinka krep\u0161iams ir u\u017etrauktukams.<\/p>\n<\/li>\n<\/ul>","protected":false},"featured_media":6332,"comment_status":"closed","ping_status":"closed","template":"","meta":[],"product_brand":[],"product_cat":[122,94],"product_tag":[],"class_list":{"0":"post-6061","1":"product","2":"type-product","3":"status-publish","4":"has-post-thumbnail","6":"product_cat-promotional-accessories","7":"product_cat-keychains","9":"first","10":"instock","11":"shipping-taxable","12":"purchasable","13":"product-type-simple"},"_links":{"self":[{"href":"https:\/\/displayproducts.eu\/lt\/wp-json\/wp\/v2\/product\/6061","targetHints":{"allow":["GET"]}}],"collection":[{"href":"https:\/\/displayproducts.eu\/lt\/wp-json\/wp\/v2\/product"}],"about":[{"href":"https:\/\/displayproducts.eu\/lt\/wp-json\/wp\/v2\/types\/product"}],"replies":[{"embeddable":true,"href":"https:\/\/displayproducts.eu\/lt\/wp-json\/wp\/v2\/comments?post=6061"}],"wp:featuredmedia":[{"embeddable":true,"href":"https:\/\/displayproducts.eu\/lt\/wp-json\/wp\/v2\/media\/6332"}],"wp:attachment":[{"href":"https:\/\/displayproducts.eu\/lt\/wp-json\/wp\/v2\/media?parent=6061"}],"wp:term":[{"taxonomy":"product_brand","embeddable":true,"href":"https:\/\/displayproducts.eu\/lt\/wp-json\/wp\/v2\/product_brand?post=6061"},{"taxonomy":"product_cat","embeddable":true,"href":"https:\/\/displayproducts.eu\/lt\/wp-json\/wp\/v2\/product_cat?post=6061"},{"taxonomy":"product_tag","embeddable":true,"href":"https:\/\/displayproducts.eu\/lt\/wp-json\/wp\/v2\/product_tag?post=6061"}],"curies":[{"name":"wp","href":"https:\/\/api.w.org\/{rel}","templated":true}]}}