{"id":6058,"date":"2025-12-17T14:37:45","date_gmt":"2025-12-17T11:37:45","guid":{"rendered":"https:\/\/wristbandfactory.eu\/?post_type=product&#038;p=6058"},"modified":"2026-04-01T21:52:35","modified_gmt":"2026-04-01T18:52:35","slug":"custom-hotel-slippers-with-logo-premium-standard","status":"publish","type":"product","link":"https:\/\/displayproducts.eu\/lt\/p\/custom-hotel-slippers-with-logo-premium-standard\/","title":{"rendered":"Vie\u0161bu\u010dio \u0161lepet\u0117s su logotipu"},"content":{"rendered":"<p data-path-to-node=\"12\">Suteikite savo sve\u010diams i\u0161 karto komfort\u0105 ir rafinuotum\u0105 su m\u016bs\u0173 <b>Nestandartin\u0117s vie\u0161bu\u010dio \u0161lepet\u0117s<\/b>. Nesvarbu, ar vadovaujate prabangiam kurortui, SPA centrui, ar tiesiog norite pasi\u016blyti firmin\u012f komfort\u0105 \u012fmon\u0117s biure, suasmenintos \u0161lepet\u0117s yra pats geriausias gestas.<\/p>\n<p data-path-to-node=\"13\">Si\u016blome lanks\u010di\u0105 gamybos paslaug\u0105, pritaikyt\u0105 visiems biud\u017eetams. Pasirinkite <b>Premium modeliai<\/b> (Veli\u016bras, koral\u0173 vilna) \u2013 prabang\u016bs, daugkartinio naudojimo drabu\u017eiai, kuriuos sve\u010diai nor\u0117s parsine\u0161ti namo arba pasirinkti <b>Standartiniai \/ biud\u017eetiniai modeliai<\/b> (Poliesterio kilpinis, neaustinis) ekonomi\u0161kiems, dideliems kiekiams.<\/p>\n<p data-path-to-node=\"14\">Pasitiki pirmaujantys Estijos svetingumo preki\u0173 \u017eenklai, tokie kaip <b>VSPA, AQVA SPA, GOSPA, Vihulos dvaras ir vie\u0161butis \u201eAntonius\u201c<\/b>, M\u016bs\u0173 \u0161lepet\u0117s derina patvarum\u0105 ir eleganti\u0161k\u0105 prek\u0117s \u017eenklo dizain\u0105.<\/p>\n<h2 data-path-to-node=\"15\">Pagrindin\u0117s savyb\u0117s<\/h2>\n<ul data-path-to-node=\"16\">\n<li>\n<p data-path-to-node=\"16,0,0\"><b>Med\u017eiag\u0173 \u012fvairov\u0117:<\/b><\/p>\n<ul data-path-to-node=\"16,0,1\">\n<li>\n<p data-path-to-node=\"16,0,1,0,0\"><i>Prabanga:<\/i> Mink\u0161tas veli\u016bras, pliu\u0161inis koral\u0173 flisas arba tekst\u016bruotas vaflinis audinys.<\/p>\n<\/li>\n<li>\n<p data-path-to-node=\"16,0,1,1,0\"><i>Standartinis:<\/i> Klasikinis frotinis audinys (poliesterio ir medviln\u0117s mi\u0161inys).<\/p>\n<\/li>\n<li>\n<p data-path-to-node=\"16,0,1,2,0\"><i>Biud\u017eetas:<\/i> Neaustin\u0117s arba putplas\u010dio parinktys trumpalaikiam naudojimui.<\/p>\n<\/li>\n<\/ul>\n<\/li>\n<li>\n<p data-path-to-node=\"16,1,0\"><b>Visi\u0161kas pritaikymas:<\/b> Si\u016blome 100% suasmeninim\u0105. Priderinkite \u0161lepe\u010di\u0173 spalv\u0105 prie savo prek\u0117s \u017eenklo identiteto ir rinkit\u0117s i\u0161 <b>Siuvin\u0117jimas<\/b> (jei norite auk\u0161\u010diausios kokyb\u0117s 3D vaizdo) arba <b>Perk\u0117limo spausdinimas<\/b> (detaliems logotipams).<\/p>\n<\/li>\n<li>\n<p data-path-to-node=\"16,2,0\"><b>Saugumas ir ilgaam\u017ei\u0161kumas:<\/b> Visi modeliai turi tvirtus padus su puikiu sukibimu, tod\u0117l juos saugu naudoti ant plytel\u0117mis i\u0161klot\u0173 vonios kambario grind\u0173, SPA zon\u0173 ir parketo.<\/p>\n<\/li>\n<li>\n<p data-path-to-node=\"16,3,0\"><b>Tiesiogiai i\u0161 gamyklos:<\/b> Individuali gamyba prasideda nuo <b>5000 por\u0173<\/b>, u\u017etikrinant geriausi\u0105 vieneto kain\u0105 ir visi\u0161k\u0105 dizaino detali\u0173 kontrol\u0119.<\/p>\n<\/li>\n<\/ul>\n<h2 data-path-to-node=\"17\">Specifikacijos<\/h2>\n<ul data-path-to-node=\"18\">\n<li>\n<p data-path-to-node=\"18,0,0\"><b>Med\u017eiagos:<\/b> Veli\u016bras, koral\u0173 flisas, vafl\u0117, kilpinis, neaustinis audinys.<\/p>\n<\/li>\n<li>\n<p data-path-to-node=\"18,1,0\"><b>Padas:<\/b> EVA (neslystanti) su kintamu storiu (3\u20136 mm).<\/p>\n<\/li>\n<li>\n<p data-path-to-node=\"18,2,0\"><b>Dydis:<\/b> Universalus suaugusi\u0173j\u0173 dydis (apie 28\u201329 cm). Galimi ir individual\u016bs dyd\u017eiai.<\/p>\n<\/li>\n<li>\n<p data-path-to-node=\"18,3,0\"><b>Prek\u0117s \u017eenklo k\u016brimas:<\/b> Siuvin\u0117jimas arba \u0161ilkografija \/ perk\u0117limo spauda.<\/p>\n<\/li>\n<li>\n<p data-path-to-node=\"18,4,0\"><b>Spalvos:<\/b> Audiniui galima pritaikyti individual\u0173 \u201ePantone\u201c spalv\u0173 derin\u012f.<\/p>\n<\/li>\n<li>\n<p data-path-to-node=\"18,5,0\"><b>Miniminis u\u017esakymo kiekis:<\/b> 5000 por\u0173 (gamyba pagal individualius u\u017esakymus).<\/p>\n<\/li>\n<\/ul>\n<h2 data-path-to-node=\"19\">Naudojimo atvejai<\/h2>\n<ul data-path-to-node=\"20\">\n<li>\n<p data-path-to-node=\"20,0,0\"><b>Vie\u0161bu\u010diai ir kurortai:<\/b> Kambario patogumai, kurie pakelia sve\u010di\u0173 \u012fvertinim\u0105.<\/p>\n<\/li>\n<li>\n<p data-path-to-node=\"20,1,0\"><b>SPA ir sveikatingumo centrai:<\/b> B\u016btina neslystanti avalyn\u0117 dr\u0117gnoms vietoms.<\/p>\n<\/li>\n<li>\n<p data-path-to-node=\"20,2,0\"><b>\u012emoni\u0173 dovanos:<\/b> Auk\u0161\u010diausios kokyb\u0117s veli\u016brin\u0117s \u0161lepet\u0117s nam\u0173 biurui ar kelioni\u0173 rinkiniams.<\/p>\n<\/li>\n<li>\n<p data-path-to-node=\"20,3,0\"><b>Medicina ir gro\u017eis:<\/b> Higieni\u0161ki, vienkartiniai variantai klinikoms.<\/p>\n<\/li>\n<\/ul>","protected":false},"excerpt":{"rendered":"<ul>\n<li>\n<p data-path-to-node=\"11,0,0\"><b>Kokyb\u0117s diapazonas:<\/b> Galima rinktis i\u0161 auk\u0161\u010diausios kokyb\u0117s veli\u016bro, koralin\u0117s vilnos, vaflinio audinio arba biud\u017eetinio kilpinio\/putplas\u010dio audinio.<\/p>\n<\/li>\n<li>\n<p data-path-to-node=\"11,1,0\"><b>Pritaikymas:<\/b> Auk\u0161tos kokyb\u0117s siuvin\u0117jimas prabangiam \u012fvaizd\u017eiui arba \u0161ilkografija ekonomi\u0161kam prek\u0117s \u017eenklo suk\u016brimui.<\/p>\n<\/li>\n<li>\n<p data-path-to-node=\"11,2,0\"><b>Saugumas pirmiausia:<\/b> Patvar\u016bs neslystantys padai, tinkami \u0161lapioms SPA grind\u0173 dangoms ir vie\u0161bu\u010di\u0173 kambariams.<\/p>\n<\/li>\n<li>\n<p data-path-to-node=\"11,3,0\"><b>\u012erodyta kokyb\u0117:<\/b> Pasitiki tokios \u017einomos \u012fstaigos kaip VSPA, GOSPA ir AQVA Spa.<\/p>\n<\/li>\n<\/ul>","protected":false},"featured_media":6059,"comment_status":"closed","ping_status":"closed","template":"","meta":[],"product_brand":[],"product_cat":[132],"product_tag":[],"class_list":{"0":"post-6058","1":"product","2":"type-product","3":"status-publish","4":"has-post-thumbnail","6":"product_cat-hotel-spa-amenities","8":"first","9":"instock","10":"shipping-taxable","11":"purchasable","12":"product-type-simple"},"_links":{"self":[{"href":"https:\/\/displayproducts.eu\/lt\/wp-json\/wp\/v2\/product\/6058","targetHints":{"allow":["GET"]}}],"collection":[{"href":"https:\/\/displayproducts.eu\/lt\/wp-json\/wp\/v2\/product"}],"about":[{"href":"https:\/\/displayproducts.eu\/lt\/wp-json\/wp\/v2\/types\/product"}],"replies":[{"embeddable":true,"href":"https:\/\/displayproducts.eu\/lt\/wp-json\/wp\/v2\/comments?post=6058"}],"wp:featuredmedia":[{"embeddable":true,"href":"https:\/\/displayproducts.eu\/lt\/wp-json\/wp\/v2\/media\/6059"}],"wp:attachment":[{"href":"https:\/\/displayproducts.eu\/lt\/wp-json\/wp\/v2\/media?parent=6058"}],"wp:term":[{"taxonomy":"product_brand","embeddable":true,"href":"https:\/\/displayproducts.eu\/lt\/wp-json\/wp\/v2\/product_brand?post=6058"},{"taxonomy":"product_cat","embeddable":true,"href":"https:\/\/displayproducts.eu\/lt\/wp-json\/wp\/v2\/product_cat?post=6058"},{"taxonomy":"product_tag","embeddable":true,"href":"https:\/\/displayproducts.eu\/lt\/wp-json\/wp\/v2\/product_tag?post=6058"}],"curies":[{"name":"wp","href":"https:\/\/api.w.org\/{rel}","templated":true}]}}