{"id":6048,"date":"2025-12-17T14:08:31","date_gmt":"2025-12-17T11:08:31","guid":{"rendered":"https:\/\/wristbandfactory.eu\/?post_type=product&#038;p=6048"},"modified":"2026-04-01T21:52:03","modified_gmt":"2026-04-01T18:52:03","slug":"custom-embroidered-captain-hats-with-logo","status":"publish","type":"product","link":"https:\/\/displayproducts.eu\/lt\/p\/custom-embroidered-captain-hats-with-logo\/","title":{"rendered":"Kapitono kepur\u0117s su logotipu (Reklamin\u0117 atributika)"},"content":{"rendered":"<p data-path-to-node=\"12\">Pakelkite savo prek\u0117s \u017eenklo ar renginio atributik\u0105 \u012f auk\u0161tesn\u012f lyg\u012f m\u016bs\u0173 auk\u0161tos kokyb\u0117s <b>Kapitono kepur\u0117s pagal u\u017esakym\u0105<\/b>. \u0160ios kepur\u0117s, sukurtos pagal klasikini\u0173 karinio j\u016br\u0173 laivyno karinink\u0173 galvos apdangal\u0173 model\u012f, pasi\u017eymi nesenstan\u010dia ir i\u0161skirtine i\u0161vaizda, kuri i\u0161 karto patraukia d\u0117mes\u012f. Nesvarbu, ar tai j\u016br\u0173 kompanijos, teminio \u012fmon\u0117s vakar\u0117lio ar suvenyr\u0173 parduotuv\u0117s kolekcijos reklama, \u0161ios kepur\u0117s yra auk\u0161\u010diausios kokyb\u0117s drob\u0117 j\u016bs\u0173 logotipui.<\/p>\n<p data-path-to-node=\"13\">Kaip matyti i\u0161 m\u016bs\u0173 bendradarbiavimo su <b>Tallink Silja Line<\/b>, Mes specializuojam\u0117s kurdami ma\u017emenin\u0117s kokyb\u0117s galvos apdangalus, kurie yra branginamas suvenyras, o ne vienkartinis daiktas. Tvirtos konstrukcijos ir kruop\u0161taus apdailos derinys u\u017etikrina, kad j\u016bs\u0173 prek\u0117s \u017eenklas b\u016bt\u0173 siejamas su kokybe ir j\u016brin\u0117mis tradicijomis.<\/p>\n<h2 data-path-to-node=\"14\">Pagrindin\u0117s savyb\u0117s<\/h2>\n<ul data-path-to-node=\"15\">\n<li>\n<p data-path-to-node=\"15,0,0\"><b>Auk\u0161\u010diausios kokyb\u0117s konstrukcija:<\/b> Pagaminta i\u0161 100% medviln\u0117s, tod\u0117l kepur\u0117 yra laidi orui ir patogi d\u0117v\u0117ti net per \u0161iltus vasaros renginius ar vakar\u0117lius patalpose.<\/p>\n<\/li>\n<li>\n<p data-path-to-node=\"15,1,0\"><b>Autenti\u0161kos detal\u0117s:<\/b> Klasikin\u0117 tamsiai m\u0117lyna ir balta spalv\u0173 gama, papuo\u0161ta auksiniais j\u016briniais siuvin\u0117jimais ir rankomis pinta dekoratyvine virvele per skydel\u012f, suteikian\u010dia tikro kapitono \u012fvaizd\u012f.<\/p>\n<\/li>\n<li>\n<p data-path-to-node=\"15,2,0\"><b>Sustiprinta konstrukcija:<\/b> Vidinis pamu\u0161alas ir sutvirtintas snapelis i\u0161laiko ikoni\u0161k\u0105 kepur\u0117s form\u0105, u\u017etikrindami patvarum\u0105 ir profesionali\u0105 i\u0161vaizd\u0105.<\/p>\n<\/li>\n<li>\n<p data-path-to-node=\"15,3,0\"><b>Visi\u0161kas pritaikymas:<\/b> Si\u016blome pla\u010dias prek\u0117s \u017eenklo k\u016brimo galimybes, \u012fskaitant auk\u0161tos kokyb\u0117s siuvin\u0117jim\u0105 ar spaud\u0105 ant priekin\u0117s panel\u0117s (pvz., u\u017era\u0161as \u201cKapitonas\u201d arba j\u016bs\u0173 \u012fmon\u0117s logotipas), individualius spalv\u0173 derinius ir austas etiketes.<\/p>\n<\/li>\n<\/ul>\n<h2 data-path-to-node=\"16\">Specifikacijos<\/h2>\n<ul data-path-to-node=\"17\">\n<li>\n<p data-path-to-node=\"17,0,0\"><b>Med\u017eiaga:<\/b> 100% Medvilninis audinys su poliesterio pamu\u0161alo elementais.<\/p>\n<\/li>\n<li>\n<p data-path-to-node=\"17,1,0\"><b>Svoris:<\/b> Apytiksliai 76 g (lengvas ir patogus).<\/p>\n<\/li>\n<li>\n<p data-path-to-node=\"17,2,0\"><b>Standartinis dydis:<\/b> 54 cm (universalus dydis suaugusiesiems \/ jaunimui) \u2013 individualus dydis galimi pagal pageidavim\u0105.<\/p>\n<\/li>\n<li>\n<p data-path-to-node=\"17,3,0\"><b>Spalvos:<\/b> Klasikin\u0117 tamsiai m\u0117lyna\/balta (didmeniniams u\u017esakymams galimas individualus Pantone derinimas).<\/p>\n<\/li>\n<li>\n<p data-path-to-node=\"17,4,0\"><b>Prek\u0117s \u017eenklo k\u016brimo metodas:<\/b> Siuvin\u0117jimas (rekomenduojamas norint auk\u0161\u010diausios kokyb\u0117s poj\u016b\u010dio) arba perk\u0117limo spauda.<\/p>\n<\/li>\n<li>\n<p data-path-to-node=\"17,5,0\"><b>Prie\u017ei\u016bra:<\/b> Plauti rankomis \u0161altu vandeniu ir \u0161velniu plovikliu.<\/p>\n<\/li>\n<\/ul>\n<h2 data-path-to-node=\"18\">Naudojimo atvejai<\/h2>\n<ul data-path-to-node=\"19\">\n<li>\n<p data-path-to-node=\"19,0,0\"><b>Kelioni\u0173 ir kelt\u0173 linijos:<\/b> Puikiai tinka kaip i\u0161skirtin\u0117s prek\u0117s laivo parduotuv\u0117ms (be muito).<\/p>\n<\/li>\n<li>\n<p data-path-to-node=\"19,1,0\"><b>\u012emoni\u0173 renginiai:<\/b> Temin\u0117s vasaros dienos, produkt\u0173 pristatymai ar komandos formavimo renginiai.<\/p>\n<\/li>\n<li>\n<p data-path-to-node=\"19,2,0\"><b>Festivaliai ir vakar\u0117liai:<\/b> Labai paklausus aksesuaras j\u016br\u0173 festivaliams ar kostium\u0173 vakar\u0117liams.<\/p>\n<\/li>\n<li>\n<p data-path-to-node=\"19,3,0\"><b>Reklamin\u0117s dovanos:<\/b> Unikali, ne\u0161iojama dovana VIP partneriams logistikos ar siuntimo sektoriuje.<\/p>\n<\/li>\n<\/ul>","protected":false},"excerpt":{"rendered":"<ul>\n<li>\n<p data-path-to-node=\"11,0,0\"><b>Med\u017eiaga:<\/b> 100% medviln\u0117, u\u017etikrinanti kv\u0117pavim\u0105 ir komfort\u0105.<\/p>\n<\/li>\n<li>\n<p data-path-to-node=\"11,1,0\"><b>Dizainas:<\/b> Klasikinis tamsiai m\u0117lynas\/baltas stilius su auksiniais siuvin\u0117jimais ir pintomis virvel\u0117mis.<\/p>\n<\/li>\n<li>\n<p data-path-to-node=\"11,2,0\"><b>Pritaikymas:<\/b> Visi\u0161kai firminis su j\u016bs\u0173 logotipu priekin\u0117je panel\u0117je.<\/p>\n<\/li>\n<li>\n<p data-path-to-node=\"11,3,0\"><b>Taikymas:<\/b> Idealiai tinka j\u016briniams renginiams, kelt\u0173 linijoms ir suvenyr\u0173 parduotuv\u0117ms.<\/p>\n<\/li>\n<\/ul>","protected":false},"featured_media":6049,"comment_status":"closed","ping_status":"closed","template":"","meta":[],"product_brand":[],"product_cat":[130],"product_tag":[],"class_list":{"0":"post-6048","1":"product","2":"type-product","3":"status-publish","4":"has-post-thumbnail","6":"product_cat-custom-headwear","8":"first","9":"instock","10":"downloadable","11":"shipping-taxable","12":"purchasable","13":"product-type-simple"},"_links":{"self":[{"href":"https:\/\/displayproducts.eu\/lt\/wp-json\/wp\/v2\/product\/6048","targetHints":{"allow":["GET"]}}],"collection":[{"href":"https:\/\/displayproducts.eu\/lt\/wp-json\/wp\/v2\/product"}],"about":[{"href":"https:\/\/displayproducts.eu\/lt\/wp-json\/wp\/v2\/types\/product"}],"replies":[{"embeddable":true,"href":"https:\/\/displayproducts.eu\/lt\/wp-json\/wp\/v2\/comments?post=6048"}],"wp:featuredmedia":[{"embeddable":true,"href":"https:\/\/displayproducts.eu\/lt\/wp-json\/wp\/v2\/media\/6049"}],"wp:attachment":[{"href":"https:\/\/displayproducts.eu\/lt\/wp-json\/wp\/v2\/media?parent=6048"}],"wp:term":[{"taxonomy":"product_brand","embeddable":true,"href":"https:\/\/displayproducts.eu\/lt\/wp-json\/wp\/v2\/product_brand?post=6048"},{"taxonomy":"product_cat","embeddable":true,"href":"https:\/\/displayproducts.eu\/lt\/wp-json\/wp\/v2\/product_cat?post=6048"},{"taxonomy":"product_tag","embeddable":true,"href":"https:\/\/displayproducts.eu\/lt\/wp-json\/wp\/v2\/product_tag?post=6048"}],"curies":[{"name":"wp","href":"https:\/\/api.w.org\/{rel}","templated":true}]}}