{"id":5995,"date":"2025-12-16T16:28:57","date_gmt":"2025-12-16T13:28:57","guid":{"rendered":"https:\/\/wristbandfactory.eu\/?post_type=product&#038;p=5995"},"modified":"2026-04-01T21:52:03","modified_gmt":"2026-04-01T18:52:03","slug":"custom-printed-microfiber-cleaning-cloths-screens-glasses","status":"publish","type":"product","link":"https:\/\/displayproducts.eu\/lt\/p\/custom-printed-microfiber-cleaning-cloths-screens-glasses\/","title":{"rendered":"Mikropluo\u0161to \u0161luost\u0117s su logotipu"},"content":{"rendered":"<p data-path-to-node=\"9\">U\u017etikrinkite, kad j\u016bs\u0173 prek\u0117s \u017eenklas b\u016bt\u0173 matomas kiekvien\u0105 kart\u0105, kai klientas valo akinius ar i\u0161maniojo telefono ekran\u0105. M\u016bs\u0173 <b>Individualizuotos mikropluo\u0161to valymo \u0161luost\u0117s<\/b> yra labai prakti\u0161ka, lengva ir nebrangi reklamin\u0117 priemon\u0117. Skirtingai nuo popierini\u0173 servet\u0117li\u0173, \u0161ios patvarios servet\u0117l\u0117s naudojamos daug kart\u0173, tod\u0117l u\u017etikrinamas ilgalaikis prek\u0117s \u017eenklo matomumas.<\/p>\n<p data-path-to-node=\"10\">Si\u016blome plat\u0173 med\u017eiag\u0173 ir dyd\u017ei\u0173 asortiment\u0105, atitinkant\u012f j\u016bs\u0173 biud\u017eet\u0105 ir tvarumo tikslus \u2013 nuo ekonomi\u0161k\u0173 dovan\u0173 iki auk\u0161\u010diausios kokyb\u0117s, stor\u0173 valymo \u0161luos\u010di\u0173, pagamint\u0173 Europoje.<\/p>\n<h2 data-path-to-node=\"11\">Med\u017eiag\u0173 ir ekologin\u0117s parinktys<\/h2>\n<p data-path-to-node=\"12\">Pasirinkite audinio stor\u012f, atitinkant\u012f j\u016bs\u0173 poreikius:<\/p>\n<ul data-path-to-node=\"13\">\n<li>\n<p data-path-to-node=\"13,0,0\"><b>Standartinis mikropluo\u0161tas (170 g\/m\u00b2):<\/b> Lengvas ir ekonomi\u0161kas. Idealiai tinka didelio masto pa\u0161to kampanijoms ir dalomiesiems leidiniams prekybos parodose.<\/p>\n<\/li>\n<li>\n<p data-path-to-node=\"13,1,0\"><b>Auk\u0161\u010diausios kokyb\u0117s mikropluo\u0161tas (200 g\/m\u00b2):<\/b> Storesnis, mink\u0161tesnis ir patvaresnis. Rankoje jau\u010diasi tvirtesnis \u2013 puikiai tinka auk\u0161\u010diausios kokyb\u0117s verslo dovanoms.<\/p>\n<\/li>\n<li>\n<p data-path-to-node=\"13,2,0\"><b>Ekologi\u0161kas rPET (170 g\/m\u00b2 \/ 200 g\/m\u00b2):<\/b> Pagaminta i\u0161 perdirbt\u0173 plastikini\u0173 buteli\u0173. Tvarus pasirinkimas, kuris veikia taip pat gerai, kaip ir standartinis mikropluo\u0161tas, ta\u010diau suma\u017eina poveik\u012f aplinkai.<\/p>\n<\/li>\n<\/ul>\n<h2 data-path-to-node=\"14\">Prek\u0117s \u017eenklo k\u016brimo metodai<\/h2>\n<ul data-path-to-node=\"15\">\n<li>\n<p data-path-to-node=\"15,0,0\"><b>Pilnaspalv\u0117 sublimacija:<\/b> J\u016bs\u0173 didel\u0117s rai\u0161kos nuotrauk\u0105, logotip\u0105 ar ra\u0161t\u0105 spausdiname ant viso audinio pavir\u0161iaus (nuo kra\u0161to iki kra\u0161to).<\/p>\n<\/li>\n<li>\n<p data-path-to-node=\"15,1,0\"><b>\u012espaustas prek\u0117s \u017eenklas:<\/b> J\u016bs\u0173 logotipas presuojamas \u012f audin\u012f kar\u0161\u010diu, sukuriant subtili\u0105, ilgalaik\u0119 tekst\u016br\u0105 be ra\u0161alo. Rafinuotas vaizdas 200 g\/m\u00b2 ir rPET audiniams.<\/p>\n<\/li>\n<\/ul>\n<h2 data-path-to-node=\"16\">Galimi dyd\u017eiai<\/h2>\n<p data-path-to-node=\"17\">Si\u016blome \u012fvairi\u0173 standartini\u0173 dyd\u017ei\u0173 gaminius, pritaikytus skirtingiems \u012frenginiams:<\/p>\n<ul data-path-to-node=\"18\">\n<li>\n<p data-path-to-node=\"18,0,0\"><b>Ki\u0161eninis dydis:<\/b> 12 \u00d7 12 cm (puikiai tinka akiniams)<\/p>\n<\/li>\n<li>\n<p data-path-to-node=\"18,1,0\"><b>Standartinis:<\/b> 15 \u00d7 15 cm \/ 17 \u00d7 12 cm (puikiai tinka telefonams)<\/p>\n<\/li>\n<li>\n<p data-path-to-node=\"18,2,0\"><b>Didelis:<\/b> 17 \u00d7 15 cm \/ 17 \u00d7 18 cm (idealiai tinka plan\u0161etiniams ir ne\u0161iojamiesiems kompiuteriams)<\/p>\n<\/li>\n<\/ul>\n<h2 data-path-to-node=\"19\">Specifikacijos<\/h2>\n<ul data-path-to-node=\"20\">\n<li>\n<p data-path-to-node=\"20,0,0\"><b>Minimalus u\u017esakymo kiekis (MOQ):<\/b><\/p>\n<ul data-path-to-node=\"20,0,1\">\n<li>\n<p data-path-to-node=\"20,0,1,0,0\">Standartinis importas: <b>250 vnt.<\/b><\/p>\n<\/li>\n<li>\n<p data-path-to-node=\"20,0,1,1,0\">Pagaminta ES: <b>100 vnt.<\/b><\/p>\n<\/li>\n<\/ul>\n<\/li>\n<li>\n<p data-path-to-node=\"20,1,0\"><b>Pakuot\u0117:<\/b> Supakuota urmu arba atskirai polietileniniuose mai\u0161eliuose (neb\u016btina).<\/p>\n<\/li>\n<li>\n<p data-path-to-node=\"20,2,0\"><b>Kilm\u0117:<\/b> Galimyb\u0117 importuoti i\u0161 Azijos (geriausia kaina) arba pagaminti Europoje (grei\u010diausias pristatymas).<\/p>\n<\/li>\n<li>\n<p data-path-to-node=\"20,3,0\"><b>Naudojimas:<\/b> Be p\u016bkeli\u0173, neabrazyvinis valymas subtiliems optiniams pavir\u0161iams.<\/p>\n<\/li>\n<\/ul>\n<h2 data-path-to-node=\"21\">Naudojimo atvejai<\/h2>\n<ul data-path-to-node=\"22\">\n<li>\n<p data-path-to-node=\"22,0,0\"><b>Technologij\u0173 ir IT \u012fmon\u0117s:<\/b> B\u016btinas ne\u0161iojam\u0173j\u0173 kompiuteri\u0173 ir monitori\u0173 priedas.<\/p>\n<\/li>\n<li>\n<p data-path-to-node=\"22,1,0\"><b>Optikai ir akiniai:<\/b> Klasikin\u0117 firmin\u0117 dovana su kiekvienomis akini\u0173 poromis.<\/p>\n<\/li>\n<li>\n<p data-path-to-node=\"22,2,0\"><b>Tiesiogin\u0117s pa\u0161to reklamos kampanijos:<\/b> Ypa\u010d lengvi ir plok\u0161ti, tod\u0117l juos pigu si\u0173sti pa\u0161tu visame pasaulyje.<\/p>\n<\/li>\n<li>\n<p data-path-to-node=\"22,3,0\"><b>Renginio dovan\u0173 krep\u0161iai:<\/b> Naudingas daiktas, kurio dalyviai nei\u0161mes.<\/p>\n<\/li>\n<\/ul>\n<p data-path-to-node=\"23\">","protected":false},"excerpt":{"rendered":"<ul>\n<li>\n<p data-path-to-node=\"8,0,0\"><b>Kri\u0161tolinio skaidrumo valymas:<\/b> Puikiai tinka i\u0161maniesiems telefonams, plan\u0161etiniams kompiuteriams, ne\u0161iojamiesiems kompiuteriams ir akiniams.<\/p>\n<\/li>\n<li>\n<p data-path-to-node=\"8,1,0\"><b>Med\u017eiag\u0173 pasirinkimai:<\/b> Standartinis 170 g\/m\u00b2 \/ 200 g\/m\u00b2 arba ekologi\u0161kas <b>rPET<\/b> (Perdirbti buteliai).<\/p>\n<\/li>\n<li>\n<p data-path-to-node=\"8,2,0\"><b>Spausdinimo parinktys:<\/b> Ry\u0161kus <b>Pilna spalva<\/b> sublimacija arba subtilus <b>\u012espaustas<\/b> prek\u0117s \u017eenklo k\u016brimas.<\/p>\n<\/li>\n<li>\n<p data-path-to-node=\"8,3,0\"><b>Europos produkcija:<\/b> Galimos greito pristatymo galimyb\u0117s su ma\u017eomis minimaliomis sumomis (nuo 100 vnt.).<\/p>\n<\/li>\n<\/ul>","protected":false},"featured_media":6333,"comment_status":"closed","ping_status":"closed","template":"","meta":[],"product_brand":[],"product_cat":[128],"product_tag":[],"class_list":{"0":"post-5995","1":"product","2":"type-product","3":"status-publish","4":"has-post-thumbnail","6":"product_cat-mobile-tech-accessories","8":"first","9":"instock","10":"shipping-taxable","11":"purchasable","12":"product-type-simple"},"_links":{"self":[{"href":"https:\/\/displayproducts.eu\/lt\/wp-json\/wp\/v2\/product\/5995","targetHints":{"allow":["GET"]}}],"collection":[{"href":"https:\/\/displayproducts.eu\/lt\/wp-json\/wp\/v2\/product"}],"about":[{"href":"https:\/\/displayproducts.eu\/lt\/wp-json\/wp\/v2\/types\/product"}],"replies":[{"embeddable":true,"href":"https:\/\/displayproducts.eu\/lt\/wp-json\/wp\/v2\/comments?post=5995"}],"wp:featuredmedia":[{"embeddable":true,"href":"https:\/\/displayproducts.eu\/lt\/wp-json\/wp\/v2\/media\/6333"}],"wp:attachment":[{"href":"https:\/\/displayproducts.eu\/lt\/wp-json\/wp\/v2\/media?parent=5995"}],"wp:term":[{"taxonomy":"product_brand","embeddable":true,"href":"https:\/\/displayproducts.eu\/lt\/wp-json\/wp\/v2\/product_brand?post=5995"},{"taxonomy":"product_cat","embeddable":true,"href":"https:\/\/displayproducts.eu\/lt\/wp-json\/wp\/v2\/product_cat?post=5995"},{"taxonomy":"product_tag","embeddable":true,"href":"https:\/\/displayproducts.eu\/lt\/wp-json\/wp\/v2\/product_tag?post=5995"}],"curies":[{"name":"wp","href":"https:\/\/api.w.org\/{rel}","templated":true}]}}