{"id":5968,"date":"2025-12-16T15:35:54","date_gmt":"2025-12-16T12:35:54","guid":{"rendered":"https:\/\/wristbandfactory.eu\/?post_type=product&#038;p=5968"},"modified":"2026-04-01T21:52:03","modified_gmt":"2026-04-01T18:52:03","slug":"custom-knitted-beanies-winter-hats-acrylic-rpet-jacquard","status":"publish","type":"product","link":"https:\/\/displayproducts.eu\/lt\/p\/custom-knitted-beanies-winter-hats-acrylic-rpet-jacquard\/","title":{"rendered":"Megztos kepur\u0117s ir \u017eiemin\u0117s kepur\u0117s pagal u\u017esakym\u0105 (akrilas, rPET, \u017eakardas)"},"content":{"rendered":"<p data-path-to-node=\"11\">Su\u0161ildykite savo prek\u0117s \u017eenkl\u0105 m\u016bs\u0173 auk\u0161\u010diausios kokyb\u0117s produktais <b>Megztos kepur\u0117s pagal u\u017esakym\u0105<\/b>. Tai \u2013 tobula \u0161alto oro reklamin\u0117 prek\u0117, puikiai tinkanti verslo dovanoms, sporto komandoms ir ma\u017emeninei prekybai. Skirtingai nuo standartini\u0173 spausdint\u0173 gamini\u0173, m\u016bs\u0173 \u017eiemin\u0117s kepur\u0117s pasi\u017eymi auk\u0161ta verte d\u0117l tekst\u016bros ir \u0161ilumos. Nesvarbu, ar jums reikia klasikin\u0117s kepur\u0117s su rankogaliais ir siuvin\u0117tu logotipu, ar visi\u0161kai individualaus \u201c\u017eakardo\u201d mezgimo, kur j\u016bs\u0173 dizainas \u012faustas tiesiai \u012f audin\u012f, mes si\u016blome ma\u017emenin\u0117s kokyb\u0117s galvos apdangalus, kuriuos \u017emon\u0117s i\u0161 tikr\u0173j\u0173 nori d\u0117v\u0117ti.<\/p>\n<h2 data-path-to-node=\"12\">Pagrindin\u0117s savyb\u0117s<\/h2>\n<ul data-path-to-node=\"13\">\n<li>\n<p data-path-to-node=\"13,0,0\"><b>Didel\u0117 \u012fvairov\u0117:<\/b> Rinkit\u0117s i\u0161 klasikini\u0173 kepuri\u0173 su rankogaliais, mading\u0173 \u017evejo stiliaus (\u017eemo profilio), laisvo kirpimo arba auk\u0161\u010diausios kokyb\u0117s megzt\u0173 kepuri\u0173 su kabeliu.<\/p>\n<\/li>\n<li>\n<p data-path-to-node=\"13,1,0\"><b>Ekologi\u0161kos parinktys:<\/b> Siekite tvarumo tiksl\u0173 pasirinkdami sertifikuot\u0105 rPET (perdirbto plastiko) med\u017eiag\u0105 vietoj standartinio akrilo.<\/p>\n<\/li>\n<li>\n<p data-path-to-node=\"13,2,0\"><b>\u017dakardo pynimo technologija:<\/b> Sud\u0117tingiems ra\u0161tams ar dideliems prek\u0117s \u017eenklams mezgame j\u016bs\u0173 dizain\u0105 tiesiai \u012f kepur\u0117s strukt\u016br\u0105, naudodami iki 4 spalv\u0173 (vientisa i\u0161vaizda).<\/p>\n<\/li>\n<li>\n<p data-path-to-node=\"13,3,0\"><b>Auk\u0161\u010diausios kokyb\u0117s apdaila:<\/b> Galima \u012fsigyti su \u201cShu velveteen\u201d arba vilnos pamu\u0161alu, kad b\u016bt\u0173 u\u017etikrinta papildoma izoliacija esant dideliam \u0161al\u010diui.<\/p>\n<\/li>\n<li>\n<p data-path-to-node=\"13,4,0\"><b>Saugos parinktys:<\/b> Galima \u012fausti su \u0161vies\u0105 atspindin\u010diais si\u016blais arba juostel\u0117mis, kad \u017eiemos naktimis b\u016bt\u0173 gerai matomas.<\/p>\n<\/li>\n<\/ul>\n<h2 data-path-to-node=\"14\">Specifikacijos<\/h2>\n<ul data-path-to-node=\"15\">\n<li>\n<p data-path-to-node=\"15,0,0\"><b>Med\u017eiaga:<\/b> 100% akrilas, 100% rPET arba Polylana\u00ae mi\u0161iniai.<\/p>\n<\/li>\n<li>\n<p data-path-to-node=\"15,1,0\"><b>Dydis:<\/b> Vienas dydis tinka daugumai (tamprios mezgimo med\u017eiagos).<\/p>\n<\/li>\n<li>\n<p data-path-to-node=\"15,2,0\"><b>Prek\u0117s \u017eenklo k\u016brimo metodai:<\/b><\/p>\n<ul data-path-to-node=\"15,2,1\">\n<li>\n<p data-path-to-node=\"15,2,1,0,0\"><b>Siuvin\u0117jimas:<\/b> Plok\u0161\u010dias arba 3D p\u016bstas (geriausiai tinka vientisiems logotipams ant kepuri\u0173 su rankogaliais).<\/p>\n<\/li>\n<li>\n<p data-path-to-node=\"15,2,1,1,0\"><b>\u017dakardas:<\/b> \u012e audin\u012f \u012fmegztas ra\u0161tas (geriausiai tinka ra\u0161tams \/ dideliam tekstui).<\/p>\n<\/li>\n<li>\n<p data-path-to-node=\"15,2,1,2,0\"><b>Austas pleistras:<\/b> Retro stiliaus, prisi\u016bta ant rankogalio.<\/p>\n<\/li>\n<\/ul>\n<\/li>\n<li>\n<p data-path-to-node=\"15,3,0\"><b>Sluoksniai:<\/b> Vieno sluoksnio (lengvas), dviej\u0173 sluoksni\u0173 (standartinis) arba su fliso pamu\u0161alu (tvirtas).<\/p>\n<\/li>\n<li>\n<p data-path-to-node=\"15,4,0\"><b>Minimalus u\u017esakymo kiekis (MOQ):<\/b> 100 vienet\u0173.<\/p>\n<\/li>\n<\/ul>\n<h2 data-path-to-node=\"16\">Naudojimo atvejai<\/h2>\n<ul data-path-to-node=\"17\">\n<li>\n<p data-path-to-node=\"17,0,0\"><b>\u012emoni\u0173 dovanos:<\/b> Auk\u0161tos kokyb\u0117s \u017eiemos dovanos darbuotojams ir pagrindiniams klientams.<\/p>\n<\/li>\n<li>\n<p data-path-to-node=\"17,1,0\"><b>Sporto klubai:<\/b> B\u016btina komandos apranga gerb\u0117jams ir \u017eaid\u0117jams \u017eiemos treniruo\u010di\u0173 metu.<\/p>\n<\/li>\n<li>\n<p data-path-to-node=\"17,2,0\"><b>Lauko renginiai:<\/b> Pasir\u016bpinkite, kad renginio personalas ir festivalio dalyviai b\u016bt\u0173 \u0161ilti ir matomi.<\/p>\n<\/li>\n<li>\n<p data-path-to-node=\"17,3,0\"><b>Ma\u017emenin\u0117s prekybos prek\u0117s:<\/b> Didel\u0117s mar\u017eos firminiai gaminiai grup\u0117ms, alaus darykloms ir mados preki\u0173 \u017eenklams.<\/p>\n<\/li>\n<\/ul>","protected":false},"excerpt":{"rendered":"<ul data-path-to-node=\"9\">\n<li>\n<p data-path-to-node=\"9,0,0\"><b>Didel\u0117 \u012fvairov\u0117:<\/b> Nuo klasikini\u0173 kepuri\u0173 su rankogaliais ir mading\u0173 \u017evej\u0173 modeli\u0173 iki auk\u0161\u010diausios kokyb\u0117s megztini\u0173 su kabeliais.<\/p>\n<\/li>\n<li>\n<p data-path-to-node=\"9,1,0\"><b>Ekologi\u0161kos parinktys:<\/b> Daugelis modeli\u0173 yra pagaminti i\u0161 sertifikuotos rPET (perdirbto plastiko) med\u017eiagos.<\/p>\n<\/li>\n<li>\n<p data-path-to-node=\"9,2,0\"><b>Individualus prek\u0117s \u017eenklo k\u016brimas:<\/b> Rinkit\u0117s i\u0161 siuvin\u0117t\u0173 logotip\u0173 arba pilnai aust\u0173 \u201c\u017eakardo\u201d ra\u0161t\u0173 (2\u20134 spalv\u0173).<\/p>\n<\/li>\n<li>\n<p data-path-to-node=\"9,3,0\"><b>Pasiruo\u0161imas \u017eiemai:<\/b> Galimos parinktys: vilnos pamu\u0161alas, \u0161vies\u0105 atspindintys si\u016blai ir terminis dvigubo sluoksnio megztinis.<\/p>\n<\/li>\n<\/ul>","protected":false},"featured_media":6355,"comment_status":"closed","ping_status":"closed","template":"","meta":[],"product_brand":[],"product_cat":[45],"product_tag":[],"class_list":{"0":"post-5968","1":"product","2":"type-product","3":"status-publish","4":"has-post-thumbnail","6":"product_cat-other","8":"first","9":"instock","10":"shipping-taxable","11":"purchasable","12":"product-type-simple"},"_links":{"self":[{"href":"https:\/\/displayproducts.eu\/lt\/wp-json\/wp\/v2\/product\/5968","targetHints":{"allow":["GET"]}}],"collection":[{"href":"https:\/\/displayproducts.eu\/lt\/wp-json\/wp\/v2\/product"}],"about":[{"href":"https:\/\/displayproducts.eu\/lt\/wp-json\/wp\/v2\/types\/product"}],"replies":[{"embeddable":true,"href":"https:\/\/displayproducts.eu\/lt\/wp-json\/wp\/v2\/comments?post=5968"}],"wp:featuredmedia":[{"embeddable":true,"href":"https:\/\/displayproducts.eu\/lt\/wp-json\/wp\/v2\/media\/6355"}],"wp:attachment":[{"href":"https:\/\/displayproducts.eu\/lt\/wp-json\/wp\/v2\/media?parent=5968"}],"wp:term":[{"taxonomy":"product_brand","embeddable":true,"href":"https:\/\/displayproducts.eu\/lt\/wp-json\/wp\/v2\/product_brand?post=5968"},{"taxonomy":"product_cat","embeddable":true,"href":"https:\/\/displayproducts.eu\/lt\/wp-json\/wp\/v2\/product_cat?post=5968"},{"taxonomy":"product_tag","embeddable":true,"href":"https:\/\/displayproducts.eu\/lt\/wp-json\/wp\/v2\/product_tag?post=5968"}],"curies":[{"name":"wp","href":"https:\/\/api.w.org\/{rel}","templated":true}]}}