{"id":5963,"date":"2025-12-16T15:28:54","date_gmt":"2025-12-16T12:28:54","guid":{"rendered":"https:\/\/wristbandfactory.eu\/?post_type=product&#038;p=5963"},"modified":"2026-04-01T21:52:35","modified_gmt":"2026-04-01T18:52:35","slug":"custom-printed-bucket-hats-polyester-reversible-corduroy","status":"publish","type":"product","link":"https:\/\/displayproducts.eu\/lt\/p\/custom-printed-bucket-hats-polyester-reversible-corduroy\/","title":{"rendered":"\u017dvejo kepur\u0117s su logotipu"},"content":{"rendered":"<p data-path-to-node=\"11\"><b>Ikoni\u0161ki galvos apdangalai maksimaliam prek\u0117s \u017eenklo matomumui<\/b> M\u016bs\u0173 <b>Individualiai spausdintos kibir\u0173 skryb\u0117l\u0117s<\/b> yra tobulas vasaros aksesuaras festivaliams, renginiams lauke ir \u012fmoni\u0173 preki\u0173 kolekcijoms. Nesvarbu, ar jums reikia ekonomi\u0161kos dovanos, ar auk\u0161tos kokyb\u0117s ma\u017emenin\u0117s prekybos prek\u0117s, m\u016bs\u0173 asortimentas patenkins visus poreikius su ry\u0161kiaspalve spauda ir auk\u0161\u010diausios kokyb\u0117s audini\u0173 pasirinkimais.<\/p>\n<p data-path-to-node=\"12\"><b>Galimi modeliai ir stiliai<\/b><\/p>\n<ul data-path-to-node=\"13\">\n<li>\n<p data-path-to-node=\"13,0,0\"><b>Standartinis spalvotas (poliesteris)<\/b><\/p>\n<ul data-path-to-node=\"13,0,1\">\n<li>\n<p data-path-to-node=\"13,0,1,0,0\"><b>Lengvas svoris:<\/b> 150 g\/m\u00b2 poliesteris. Puikiai tinka kar\u0161toms vasaros dienoms ir masin\u0117ms reklamin\u0117ms akcijoms.<\/p>\n<\/li>\n<li>\n<p data-path-to-node=\"13,0,1,1,0\"><b>Sunkusvoris:<\/b>\u00a0260 g\/m\u00b2 poliesteris. Tvirtesnis, strukt\u016brizuotas poj\u016btis, u\u017etikrinantis didesn\u0119 suvokiam\u0105 vert\u0119.<\/p>\n<\/li>\n<li>\n<p data-path-to-node=\"13,0,1,2,0\"><b>I\u0161sami informacija:<\/b> Spausdinta i\u0161or\u0117je ir vidiniame snapelyje. Pridedama juoda prakait\u0105 sugerianti juostel\u0117.<\/p>\n<\/li>\n<\/ul>\n<\/li>\n<li>\n<p data-path-to-node=\"13,1,0\"><b>Apver\u010diamos \u201c2 viename\u201d skryb\u0117l\u0117s<\/b><\/p>\n<ul data-path-to-node=\"13,1,1\">\n<li>\n<p data-path-to-node=\"13,1,1,0,0\"><b>(150 g\/m\u00b2) ir (260 g\/m\u00b2):<\/b> Dvigubas prek\u0117s \u017eenklo efektas! \u0160ios kepur\u0117s yra visi\u0161kai dvipus\u0117s, tod\u0117l viduje ir i\u0161or\u0117je galima sukurti du visi\u0161kai skirtingus dizainus. Tiesiog apverskite kepur\u0119 i\u0161virk\u0161\u010dia puse, kad atsiskleist\u0173 naujas vaizdas.<\/p>\n<\/li>\n<\/ul>\n<\/li>\n<li>\n<p data-path-to-node=\"13,2,0\"><b>Auk\u0161\u010diausios kokyb\u0117s tekst\u016bra (velvetas)<\/b><\/p>\n<ul data-path-to-node=\"13,2,1\">\n<li>\n<p data-path-to-node=\"13,2,1,0,0\"><b>Klasikinis velvetas:<\/b> 210 g\/m\u00b2 audinys su i\u0161skirtine briaunota tekst\u016bra. Vidutinio profilio.<\/p>\n<\/li>\n<li>\n<p data-path-to-node=\"13,2,1,1,0\"><b>Medvilninis velvetas:<\/b> 200 g\/m\u00b2 medviln\u0117s mi\u0161inys, suteikiantis mink\u0161tumo ir nat\u016bralumo poj\u016bt\u012f.<\/p>\n<\/li>\n<li>\n<p data-path-to-node=\"13,2,1,2,0\"><b>Stilius:<\/b> Retro \u012fkv\u0117ptas \u012fvaizdis, puikiai tinkantis madingiems preki\u0173 \u017eenklams ir gatv\u0117s aprangai.<\/p>\n<\/li>\n<\/ul>\n<\/li>\n<li>\n<p data-path-to-node=\"13,3,0\"><b>Specialyb\u0117s parinktys<\/b><\/p>\n<ul data-path-to-node=\"13,3,1\">\n<li>\n<p data-path-to-node=\"13,3,1,0,0\"><b>Didelis snapelis:<\/b> 200 g\/m2 poliesteris su prailgintu snapeliu papildomai apsaugai nuo saul\u0117s.<\/p>\n<\/li>\n<li>\n<p data-path-to-node=\"13,3,1,1,0\"><b>Siuvin\u0117tas variantas:<\/b> 170 g\/m2 poliesteris, specialiai sukurtas siuvin\u0117jimui arba ta\u0161kinei spaudai.<\/p>\n<\/li>\n<\/ul>\n<\/li>\n<\/ul>\n<p data-path-to-node=\"14\"><b>Specifikacijos ir dyd\u017eiai<\/b><\/p>\n<ul data-path-to-node=\"15\">\n<li>\n<p data-path-to-node=\"15,0,0\"><b>Spausdinimas:<\/b> Viso pavir\u0161iaus CMYK sublimacija (poliesterio modeliai). Leid\u017eia sukurti fotorealistinius dizainus ir ra\u0161tus i\u0161tisai.<\/p>\n<\/li>\n<li>\n<p data-path-to-node=\"15,1,0\"><b>Dyd\u017eiai:<\/b><\/p>\n<ul data-path-to-node=\"15,1,1\">\n<li>\n<p data-path-to-node=\"15,1,1,0,0\"><b>Vaikai:<\/b> 55 cm<\/p>\n<\/li>\n<li>\n<p data-path-to-node=\"15,1,1,1,0\"><b>Standartinis suaugusiesiems:<\/b> 58 cm (tinka daugumai moter\u0173 ir vyr\u0173)<\/p>\n<\/li>\n<li>\n<p data-path-to-node=\"15,1,1,2,0\"><b>Didelis suaug\u0119s:<\/b> 60 cm (laisvas kirpimas)<\/p>\n<\/li>\n<\/ul>\n<\/li>\n<li>\n<p data-path-to-node=\"15,2,0\"><b>Ventiliacija:<\/b> Prisi\u016btos atitinkan\u010dios kilpel\u0117s (standartiniuose poliesterio modeliuose) u\u017etikrina kv\u0117pavim\u0105 \u0161ilt\u0173 rengini\u0173 metu.<\/p>\n<\/li>\n<li>\n<p data-path-to-node=\"15,3,0\"><b>Kra\u0161to plotis:<\/b> Standartin\u0117s 5,5 cm arba 7,5 cm parinktys (priklausomai nuo modelio).<\/p>\n<\/li>\n<\/ul>\n<p data-path-to-node=\"16\"><b>Naudojimo atvejai<\/b><\/p>\n<ul data-path-to-node=\"17\">\n<li>\n<p data-path-to-node=\"17,0,0\"><b>Festivaliai ir koncertai:<\/b> Gerai matomi atributai, kuriuos m\u0117gsta d\u0117v\u0117ti gerb\u0117jai.<\/p>\n<\/li>\n<li>\n<p data-path-to-node=\"17,1,0\"><b>Sporto komandos:<\/b> Vieninga r\u0117m\u0117j\u0173 ir klubo nari\u0173 paie\u0161ka.<\/p>\n<\/li>\n<li>\n<p data-path-to-node=\"17,2,0\"><b>Student\u0173 renginiai:<\/b> Orientacin\u0117s dienos ir universiteto atributika.<\/p>\n<\/li>\n<\/ul>","protected":false},"excerpt":{"rendered":"<ul>\n<li>\n<p data-path-to-node=\"9,0,0\"><b>Platus pasirinkimas:<\/b> Rinkit\u0117s i\u0161 lengvo (150 g\/m\u00b2) arba sunkaus (260 g\/m\u00b2) poliesterio, dvipusio stiliaus arba madingo kordorojaus.<\/p>\n<\/li>\n<li>\n<p data-path-to-node=\"9,1,0\"><b>Visi\u0161kas pritaikymas:<\/b> CMYK sublimacin\u0117 spauda nuo kra\u0161to iki kra\u0161to, neribotos spalvos ir ra\u0161tai.<\/p>\n<\/li>\n<li>\n<p data-path-to-node=\"9,2,0\"><b>Puikiai tinka:<\/b> Yra dyd\u017ei\u0173 vaikams (55 cm), suaugusiems (58 cm) ir dideliems (60 cm).<\/p>\n<\/li>\n<li>\n<p data-path-to-node=\"9,3,0\"><b>Universalus:<\/b> Idealiai tinka vasaros festivaliams, sporto prek\u0117ms ir gatv\u0117s aprangos preki\u0173 \u017eenklams.<\/p>\n<\/li>\n<\/ul>","protected":false},"featured_media":6365,"comment_status":"closed","ping_status":"closed","template":"","meta":[],"product_brand":[],"product_cat":[130],"product_tag":[],"class_list":{"0":"post-5963","1":"product","2":"type-product","3":"status-publish","4":"has-post-thumbnail","6":"product_cat-custom-headwear","8":"first","9":"instock","10":"shipping-taxable","11":"purchasable","12":"product-type-simple"},"_links":{"self":[{"href":"https:\/\/displayproducts.eu\/lt\/wp-json\/wp\/v2\/product\/5963","targetHints":{"allow":["GET"]}}],"collection":[{"href":"https:\/\/displayproducts.eu\/lt\/wp-json\/wp\/v2\/product"}],"about":[{"href":"https:\/\/displayproducts.eu\/lt\/wp-json\/wp\/v2\/types\/product"}],"replies":[{"embeddable":true,"href":"https:\/\/displayproducts.eu\/lt\/wp-json\/wp\/v2\/comments?post=5963"}],"wp:featuredmedia":[{"embeddable":true,"href":"https:\/\/displayproducts.eu\/lt\/wp-json\/wp\/v2\/media\/6365"}],"wp:attachment":[{"href":"https:\/\/displayproducts.eu\/lt\/wp-json\/wp\/v2\/media?parent=5963"}],"wp:term":[{"taxonomy":"product_brand","embeddable":true,"href":"https:\/\/displayproducts.eu\/lt\/wp-json\/wp\/v2\/product_brand?post=5963"},{"taxonomy":"product_cat","embeddable":true,"href":"https:\/\/displayproducts.eu\/lt\/wp-json\/wp\/v2\/product_cat?post=5963"},{"taxonomy":"product_tag","embeddable":true,"href":"https:\/\/displayproducts.eu\/lt\/wp-json\/wp\/v2\/product_tag?post=5963"}],"curies":[{"name":"wp","href":"https:\/\/api.w.org\/{rel}","templated":true}]}}