{"id":5959,"date":"2025-12-16T15:21:56","date_gmt":"2025-12-16T12:21:56","guid":{"rendered":"https:\/\/wristbandfactory.eu\/?post_type=product&#038;p=5959"},"modified":"2026-04-01T21:52:03","modified_gmt":"2026-04-01T18:52:03","slug":"custom-printed-balaclavas-ski-masks-polyester-fleece-thermal","status":"publish","type":"product","link":"https:\/\/displayproducts.eu\/lt\/p\/custom-printed-balaclavas-ski-masks-polyester-fleece-thermal\/","title":{"rendered":"Balaklavos ir slidin\u0117jimo kauk\u0117s su logotipu"},"content":{"rendered":"<p data-path-to-node=\"11\"><b>I\u0161skirtinis \u0161alto oro prek\u0117s \u017eenklo k\u016brimas<\/b> Apr\u016bpinkite savo komand\u0105 ar gerb\u0117jus m\u016bs\u0173 <b>Pagal u\u017esakym\u0105 spausdintos balaklavos<\/b>, sukurtos maksimaliam \u0161ilumui ir matomumui. Nesvarbu, ar tai slidin\u0117jimo kurortai, \u017eiemos statyb\u0173 komandos, ar lauko reklaminiai renginiai, \u0161ios slidin\u0117jimo kauk\u0117s pasi\u017eymi dideliu spausdinimo pavir\u0161iaus plotu, kad b\u016bt\u0173 galima pristatyti j\u016bs\u0173 prek\u0117s \u017eenkl\u0105 ir kartu u\u017etikrinti b\u016btin\u0105 apsaug\u0105 nuo stichij\u0173.<\/p>\n<p data-path-to-node=\"12\"><b>Galimi modeliai ir specifikacijos<\/b><\/p>\n<ul data-path-to-node=\"13\">\n<li>\n<p data-path-to-node=\"13,0,0\"><b>\u00a0Lengvas na\u0161umas (vienas sluoksnis)<\/b><\/p>\n<ul data-path-to-node=\"13,0,1\">\n<li>\n<p data-path-to-node=\"13,0,1,0,0\"><b>Med\u017eiaga:<\/b> 100% poliesteris (180\u2013190 g\/m\u00b2).<\/p>\n<\/li>\n<li>\n<p data-path-to-node=\"13,0,1,1,0\"><b>Dizainas:<\/b> Pilnaspalv\u0117 sublimacin\u0117 spauda ant viso pavir\u0161iaus.<\/p>\n<\/li>\n<li>\n<p data-path-to-node=\"13,0,1,2,0\"><b>Geriausiai tinka:<\/b> Aktyvus sportas, d\u0117v\u0117jimas po \u0161almu ir \u0161velnesn\u0117s \u017eiemos s\u0105lygos.<\/p>\n<\/li>\n<li>\n<p data-path-to-node=\"13,0,1,3,0\"><b>Dydis:<\/b> Ma\u017edaug 45 x 26 cm (48 g).<\/p>\n<\/li>\n<\/ul>\n<\/li>\n<li>\n<p data-path-to-node=\"13,1,0\"><b>\u017diemos \u0161iluma (dvigubas sluoksnis)<\/b><\/p>\n<ul data-path-to-node=\"13,1,1\">\n<li>\n<p data-path-to-node=\"13,1,1,0,0\"><b>Med\u017eiaga:<\/b> I\u0161orinis sluoksnis i\u0161 spausdinto poliesterio (130 g\/m\u00b2) + pamu\u0161alas i\u0161 juodos poliarin\u0117s fliso (160 g\/m\u00b2).<\/p>\n<\/li>\n<li>\n<p data-path-to-node=\"13,1,1,1,0\"><b>Dizainas:<\/b> Spalvotas i\u0161orinis ra\u0161tas su mink\u0161tu, \u0161iltu vidumi.<\/p>\n<\/li>\n<li>\n<p data-path-to-node=\"13,1,1,2,0\"><b>Geriausiai tinka:<\/b> Slidin\u0117jimas, snieglen\u010di\u0173 sportas ir ilgalaikis buvimas \u0161altyje.<\/p>\n<\/li>\n<li>\n<p data-path-to-node=\"13,1,1,3,0\"><b>Dydis:<\/b> Ma\u017edaug 40 x 29 cm (65\u201370 g).<\/p>\n<\/li>\n<\/ul>\n<\/li>\n<li>\n<p data-path-to-node=\"13,2,0\"><b>\u00a0Klasikinis terminis (vientisas flisas)<\/b><\/p>\n<ul data-path-to-node=\"13,2,1\">\n<li>\n<p data-path-to-node=\"13,2,1,0,0\"><b>Med\u017eiaga:<\/b> 100% poliarin\u0117 flisin\u0117 med\u017eiaga (220 g\/m\u00b2).<\/p>\n<\/li>\n<li>\n<p data-path-to-node=\"13,2,1,1,0\"><b>Dizainas:<\/b> Galima \u012fsigyti standartini\u0173 audini\u0173 spalv\u0173 su <b>Logotipo siuvin\u0117jimas<\/b>.<\/p>\n<\/li>\n<li>\n<p data-path-to-node=\"13,2,1,2,0\"><b>Geriausiai tinka:<\/b> \u0160ilti, patvar\u016bs darbo drabu\u017eiai ir auk\u0161\u010diausios kokyb\u0117s prek\u0117s.<\/p>\n<\/li>\n<li>\n<p data-path-to-node=\"13,2,1,3,0\"><b>Dydis:<\/b> Ma\u017edaug 38 x 30 cm (100 g).<\/p>\n<\/li>\n<\/ul>\n<\/li>\n<\/ul>","protected":false},"excerpt":{"rendered":"<ul>\n<li>\n<p data-path-to-node=\"9,0,0\"><b>Trys variantai:<\/b> Vieno sluoksnio poliesteris (lengvas), flisu pamu\u0161tas poliesteris (\u0161iltas) arba vientisas polinis flisas (terminis).<\/p>\n<\/li>\n<li>\n<p data-path-to-node=\"9,1,0\"><b>Visi\u0161kas pritaikymas:<\/b> Sublimacin\u0117 spauda nuo kra\u0161to iki kra\u0161to sud\u0117tingai grafikai arba siuvin\u0117jimui ant vientisos vilnos.<\/p>\n<\/li>\n<li>\n<p data-path-to-node=\"9,2,0\"><b>Apsauga nuo \u017eiemos:<\/b> Apsaugo veid\u0105 ir kakl\u0105 nuo v\u0117jo ir \u0161al\u010dio; idealiai tinka \u017eiemos sportui ir darbui lauke.<\/p>\n<\/li>\n<li>\n<p data-path-to-node=\"9,3,0\"><b>Universalus pritaikymas:<\/b> Vieno dyd\u017eio dizainas (apytiksliai 40 x 29 cm \/ 45 x 26 cm) u\u017etikrina universalum\u0105.<\/p>\n<\/li>\n<\/ul>","protected":false},"featured_media":6370,"comment_status":"closed","ping_status":"closed","template":"","meta":[],"product_brand":[],"product_cat":[123,118],"product_tag":[],"class_list":{"0":"post-5959","1":"product","2":"type-product","3":"status-publish","4":"has-post-thumbnail","6":"product_cat-fan-cheering-items","7":"product_cat-sports-fitness","9":"first","10":"instock","11":"shipping-taxable","12":"purchasable","13":"product-type-simple"},"_links":{"self":[{"href":"https:\/\/displayproducts.eu\/lt\/wp-json\/wp\/v2\/product\/5959","targetHints":{"allow":["GET"]}}],"collection":[{"href":"https:\/\/displayproducts.eu\/lt\/wp-json\/wp\/v2\/product"}],"about":[{"href":"https:\/\/displayproducts.eu\/lt\/wp-json\/wp\/v2\/types\/product"}],"replies":[{"embeddable":true,"href":"https:\/\/displayproducts.eu\/lt\/wp-json\/wp\/v2\/comments?post=5959"}],"wp:featuredmedia":[{"embeddable":true,"href":"https:\/\/displayproducts.eu\/lt\/wp-json\/wp\/v2\/media\/6370"}],"wp:attachment":[{"href":"https:\/\/displayproducts.eu\/lt\/wp-json\/wp\/v2\/media?parent=5959"}],"wp:term":[{"taxonomy":"product_brand","embeddable":true,"href":"https:\/\/displayproducts.eu\/lt\/wp-json\/wp\/v2\/product_brand?post=5959"},{"taxonomy":"product_cat","embeddable":true,"href":"https:\/\/displayproducts.eu\/lt\/wp-json\/wp\/v2\/product_cat?post=5959"},{"taxonomy":"product_tag","embeddable":true,"href":"https:\/\/displayproducts.eu\/lt\/wp-json\/wp\/v2\/product_tag?post=5959"}],"curies":[{"name":"wp","href":"https:\/\/api.w.org\/{rel}","templated":true}]}}