{"id":5938,"date":"2025-12-16T15:04:12","date_gmt":"2025-12-16T12:04:12","guid":{"rendered":"https:\/\/wristbandfactory.eu\/?post_type=product&#038;p=5938"},"modified":"2026-04-01T21:52:35","modified_gmt":"2026-04-01T18:52:35","slug":"custom-printed-multifunctional-multiscarfs-tubular-bandanas","status":"publish","type":"product","link":"https:\/\/displayproducts.eu\/lt\/p\/custom-printed-multifunctional-multiscarfs-tubular-bandanas\/","title":{"rendered":"Daugiafunkcin\u0117s kaklaskar\u0117s su spauda"},"content":{"rendered":"<p data-path-to-node=\"7\">I\u0161laisvinkite maksimal\u0173 prek\u0117s \u017eenklo matomum\u0105 su m\u016bs\u0173 pagal u\u017esakym\u0105 spausdintais daugiafunkciais \u0161alikais \u2013 universaliu aksesuaru aktyviam gyvenimo b\u016bdui. \u0160ie besi\u016bliai vamzdiniai skareliai, dar \u017einomi kaip bandanos arba kaklo antkakliai, yra sukurti patogumui ir prakti\u0161kumui bet kokiomis oro s\u0105lygomis. Nesvarbu, ar tai maratonas, slidin\u0117jimo kurortas, ar vasaros i\u0161vyka \u012f \u012fmon\u0117s rengin\u012f, j\u016bs\u0173 prek\u0117s \u017eenklas i\u0161lieka d\u0117mesio centre.<\/p>\n<p data-path-to-node=\"8\">M\u016bs\u0173 daugiafunkciniai \u0161alikai gaminami i\u0161 auk\u0161tos kokyb\u0117s audini\u0173, pritaikyt\u0173 j\u016bs\u0173 konkre\u010diai aplinkai. Nuo lengv\u0173, kv\u0117puojan\u010di\u0173 mikropluo\u0161to pluo\u0161t\u0173 iki specializuot\u0173 dr\u0117gm\u0119 sugerian\u010di\u0173 technologij\u0173 \u2013 mes suteikiame tobul\u0105 pagrind\u0105 j\u016bs\u0173 organizacijos tapatybei.<\/p>\n<h2 data-path-to-node=\"9\">Pagrindin\u0117s savyb\u0117s<\/h2>\n<ul data-path-to-node=\"10\">\n<li>\n<p data-path-to-node=\"10,0,0\"><b data-path-to-node=\"10,0,0\" data-index-in-node=\"0\">Didel\u0117s rai\u0161kos sublimacija:<\/b> Naudojame CMYK spalvot\u0105 spaud\u0105, kai da\u017eai \u012fterpiami tiesiai \u012f audinio pluo\u0161tus, tod\u0117l dizainas nesutr\u016bkin\u0117s, nenusilups ir nei\u0161bluks.<\/p>\n<\/li>\n<li>\n<p data-path-to-node=\"10,1,0\"><b data-path-to-node=\"10,1,0\" data-index-in-node=\"0\">Besi\u016bl\u0117 konstrukcija:<\/b> Vamzdinis dizainas pagamintas be dirginan\u010di\u0173 si\u016bli\u0173, u\u017etikrinant maksimal\u0173 komfort\u0105 kasdieniam d\u0117v\u0117jimui ir intensyviam fiziniam aktyvumui.<\/p>\n<\/li>\n<li>\n<p data-path-to-node=\"10,2,0\"><b data-path-to-node=\"10,2,0\" data-index-in-node=\"0\">I\u0161skirtinis patvarumas:<\/b> Visi\u0161kai plaunamas ir daugkartinio naudojimo, i\u0161laiko form\u0105 ir spalv\u0105 net ir po pakartotinio intensyvaus naudojimo.<\/p>\n<\/li>\n<li>\n<p data-path-to-node=\"10,3,0\"><b data-path-to-node=\"10,3,0\" data-index-in-node=\"0\">Apsauga visiems sezonams:<\/b> Priklausomai nuo pasirinktos med\u017eiagos konfig\u016bracijos, suteikia apsaug\u0105 nuo v\u0117jo, dulki\u0173, \u0161al\u010dio ir UV spinduli\u0173.<\/p>\n<\/li>\n<\/ul>\n<h2 data-path-to-node=\"11\">Specifikacijos<\/h2>\n<ul data-path-to-node=\"12\">\n<li>\n<p data-path-to-node=\"12,0,0\"><b data-path-to-node=\"12,0,0\" data-index-in-node=\"0\">Med\u017eiagos:<\/b> Standartinis poliesteris, perdirbtas RPET, \u017eiemin\u0117 flisin\u0117 med\u017eiaga, COOLMAX\u00ae (dr\u0117gm\u0119 sugeriantis) arba likra (UPF50+).<\/p>\n<\/li>\n<li>\n<p data-path-to-node=\"12,1,0\"><b data-path-to-node=\"12,1,0\" data-index-in-node=\"0\">Dydis:<\/b> Standartinis suaugusi\u0173j\u0173 dydis (individual\u016bs dyd\u017eiai galimi pagal pageidavim\u0105).<\/p>\n<\/li>\n<li>\n<p data-path-to-node=\"12,2,0\"><b data-path-to-node=\"12,2,0\" data-index-in-node=\"0\">Spausdinimas:<\/b> Pilnaspalv\u0117 sublimacija nuo kra\u0161to iki kra\u0161to.<\/p>\n<\/li>\n<li>\n<p data-path-to-node=\"12,3,0\"><b data-path-to-node=\"12,3,0\" data-index-in-node=\"0\">Minimalus u\u017esakymo kiekis:<\/b> 100 vienet\u0173.<\/p>\n<\/li>\n<li>\n<p data-path-to-node=\"12,4,0\"><b data-path-to-node=\"12,4,0\" data-index-in-node=\"0\">Prie\u017ei\u016bra:<\/b> Galima skalbti skalbimo ma\u0161inoje, greitai d\u017ei\u016bsta.<\/p>\n<\/li>\n<\/ul>\n<h2 data-path-to-node=\"13\">Naudojimo atvejai<\/h2>\n<ul data-path-to-node=\"14\">\n<li>\n<p data-path-to-node=\"14,0,0\"><b data-path-to-node=\"14,0,0\" data-index-in-node=\"0\">Sportas ir fitnesas:<\/b> B\u016btiniausia \u012franga b\u0117gimo klubams, dvira\u010di\u0173 komandoms ir sporto sal\u0117s atributika.<\/p>\n<\/li>\n<li>\n<p data-path-to-node=\"14,1,0\"><b data-path-to-node=\"14,1,0\" data-index-in-node=\"0\">Lauko renginiai ir festivaliai:<\/b> Prakti\u0161kos ir stilingos dovanos koncertams, \u017eygi\u0173 grup\u0117ms ir lauko festivaliams.<\/p>\n<\/li>\n<li>\n<p data-path-to-node=\"14,2,0\"><b data-path-to-node=\"14,2,0\" data-index-in-node=\"0\">\u012emoni\u0173 socialin\u0117 atsakomyb\u0117:<\/b> Rinkit\u0117s m\u016bs\u0173 RPET med\u017eiagos variant\u0105 tvarioms verslo dovanoms, kurios atitinka ekologi\u0161kas vertybes.<\/p>\n<\/li>\n<li>\n<p data-path-to-node=\"14,3,0\"><b data-path-to-node=\"14,3,0\" data-index-in-node=\"0\">\u017diemos turizmas:<\/b> Puikiai tinka slidin\u0117jimo mokykloms, kurortams ir \u017eiemos sporto rinkodarai.<\/p>\n<\/li>\n<\/ul>","protected":false},"excerpt":{"rendered":"<ul>\n<li>\n<p data-path-to-node=\"6,0,0\"><b data-path-to-node=\"6,0,0\" data-index-in-node=\"0\">10+ d\u0117v\u0117jimo b\u016bd\u0173:<\/b> Ypa\u010d universalus dizainas, galintis b\u016bti kaklo \u0161ildytuvas, galvos juosta, veido kauk\u0117, kepur\u0117 arba rie\u0161o juosta.<\/p>\n<\/li>\n<li>\n<p data-path-to-node=\"6,1,0\"><b data-path-to-node=\"6,1,0\" data-index-in-node=\"0\">Auk\u0161\u010diausios kokyb\u0117s med\u017eiag\u0173 pasirinkimas:<\/b> Rinkit\u0117s i\u0161 standartinio mikropluo\u0161to, ekologi\u0161ko RPET (perdirbto plastiko), \u017eiemin\u0117s fliso arba auk\u0161tos kokyb\u0117s \u201eCoolmax\u00ae\u201c.<\/p>\n<\/li>\n<li>\n<p data-path-to-node=\"6,2,0\"><b data-path-to-node=\"6,2,0\" data-index-in-node=\"0\">Viso pavir\u0161iaus pritaikymas:<\/b> Sublimacin\u0117 spauda nuo kra\u0161to iki kra\u0161to leid\u017eia i\u0161gauti neribotas spalvas, gradientus ir fotografines detales, kurios niekada nei\u0161blunka.<\/p>\n<\/li>\n<li>\n<p data-path-to-node=\"6,3,0\"><b data-path-to-node=\"6,3,0\" data-index-in-node=\"0\">Profesionalus B2B pasirinkimas:<\/b> Idealiai tinka sporto komandoms, renginiams lauke ir verslo dovanoms, kai minimalus u\u017esakymo kiekis yra 100 vienet\u0173.<\/p>\n<\/li>\n<\/ul>","protected":false},"featured_media":6373,"comment_status":"closed","ping_status":"closed","template":"","meta":[],"product_brand":[],"product_cat":[123,118],"product_tag":[],"class_list":{"0":"post-5938","1":"product","2":"type-product","3":"status-publish","4":"has-post-thumbnail","6":"product_cat-fan-cheering-items","7":"product_cat-sports-fitness","9":"first","10":"instock","11":"shipping-taxable","12":"purchasable","13":"product-type-simple"},"_links":{"self":[{"href":"https:\/\/displayproducts.eu\/lt\/wp-json\/wp\/v2\/product\/5938","targetHints":{"allow":["GET"]}}],"collection":[{"href":"https:\/\/displayproducts.eu\/lt\/wp-json\/wp\/v2\/product"}],"about":[{"href":"https:\/\/displayproducts.eu\/lt\/wp-json\/wp\/v2\/types\/product"}],"replies":[{"embeddable":true,"href":"https:\/\/displayproducts.eu\/lt\/wp-json\/wp\/v2\/comments?post=5938"}],"wp:featuredmedia":[{"embeddable":true,"href":"https:\/\/displayproducts.eu\/lt\/wp-json\/wp\/v2\/media\/6373"}],"wp:attachment":[{"href":"https:\/\/displayproducts.eu\/lt\/wp-json\/wp\/v2\/media?parent=5938"}],"wp:term":[{"taxonomy":"product_brand","embeddable":true,"href":"https:\/\/displayproducts.eu\/lt\/wp-json\/wp\/v2\/product_brand?post=5938"},{"taxonomy":"product_cat","embeddable":true,"href":"https:\/\/displayproducts.eu\/lt\/wp-json\/wp\/v2\/product_cat?post=5938"},{"taxonomy":"product_tag","embeddable":true,"href":"https:\/\/displayproducts.eu\/lt\/wp-json\/wp\/v2\/product_tag?post=5938"}],"curies":[{"name":"wp","href":"https:\/\/api.w.org\/{rel}","templated":true}]}}