{"id":5935,"date":"2025-12-16T13:44:25","date_gmt":"2025-12-16T10:44:25","guid":{"rendered":"https:\/\/wristbandfactory.eu\/?post_type=product&#038;p=5935"},"modified":"2026-04-01T21:52:03","modified_gmt":"2026-04-01T18:52:03","slug":"soft-pvc-nfc-keychains-custom-shape-full-color","status":"publish","type":"product","link":"https:\/\/displayproducts.eu\/lt\/p\/soft-pvc-nfc-keychains-custom-shape-full-color\/","title":{"rendered":"Mink\u0161tojo PVC NFC rakt\u0173 pakabukai \u2013 Individualios formos"},"content":{"rendered":"<p data-path-to-node=\"17\">Klasikin\u012f reklamin\u012f element\u0105 paverskite galingu skaitmenin\u0117s rinkodaros \u012frankiu. M\u016bs\u0173 pagal u\u017esakym\u0105 pagaminti mink\u0161ti PVC NFC rakt\u0173 pakabukai sujungia patvaraus, pagal u\u017esakym\u0105 pagamintos gumin\u0117s rakt\u0173 pakabuko lyt\u0117jimo patrauklum\u0105 su pa\u017eangia bekontak\u010dio ry\u0161io technologija. \u0160ie rakt\u0173 pakabukai idealiai tinka \u0161iuolaikin\u0117ms rinkodaros kampanijoms, nes leid\u017eia vartotojams bakstel\u0117ti savo i\u0161man\u0173j\u012f telefon\u0105 ir akimirksniu pasiekti j\u016bs\u0173 svetain\u0119, program\u0117l\u0119 ar lojalumo program\u0105.<\/p>\n<p data-path-to-node=\"18\"><b>Visi\u0161kai pritaikyta forma ir dizainas<\/b> Nepasitenkinkite standartin\u0117mis geometrin\u0117mis formomis. Mes formuojame \u0161iuos rakt\u0173 pakabukus <b>j\u016bs\u0173 konkretus logotipas ar produkto forma<\/b> (iki 5 \u00d7 5 cm). Pagaminta i\u0161 auk\u0161tos kokyb\u0117s mink\u0161to PVC, med\u017eiaga yra patvari, lanksti ir mink\u0161ta liesti. J\u016bs\u0173 dizainas atkuriamas ry\u0161kiomis spalvomis i\u0161 abiej\u0173 pusi\u0173, u\u017etikrinant maksimal\u0173 prek\u0117s \u017eenklo matomum\u0105 i\u0161 bet kokio kampo.<\/p>\n<p data-path-to-node=\"19\"><b>I\u0161manioji NFC integracija<\/b> PVC sluoksniuose pasl\u0117ptas programuojamas NFC lustas su 2,5 x 2,5 cm antena. Tai leid\u017eia naudoti \u201cBakstelk ir eik\u201d funkcij\u0105 be baterij\u0173 ar \u012fkrovimo.<\/p>\n<ul data-path-to-node=\"20\">\n<li>\n<p data-path-to-node=\"20,0,0\"><b>Rinkodara:<\/b> Nukreipkite sraut\u0105 \u012f savo nukreipimo puslap\u012f arba socialinius tinklus.<\/p>\n<\/li>\n<li>\n<p data-path-to-node=\"20,1,0\"><b>Renginiai:<\/b> Naudokite skaitmenin\u0117ms registracijoms arba konkurs\u0173 \u012fra\u0161ams.<\/p>\n<\/li>\n<li>\n<p data-path-to-node=\"20,2,0\"><b>Lojalumas:<\/b> \u012egalinkite momentin\u012f klient\u0173 apdovanojim\u0173 nuskaitym\u0105.<\/p>\n<\/li>\n<\/ul>\n<p data-path-to-node=\"21\"><b>Pakavimo parinktys<\/b><\/p>\n<ul data-path-to-node=\"22\">\n<li>\n<p data-path-to-node=\"22,0,0\"><b>Standartinis:<\/b> Atskirai suvynioti \u012f apsaugin\u012f popieri\u0173, kad nelipt\u0173.<\/p>\n<\/li>\n<li>\n<p data-path-to-node=\"22,1,0\"><b>Paruo\u0161ta ma\u017emeninei prekybai:<\/b> Papildomai galima \u012fsigyti spalvot\u0105 dvipus\u012f popierin\u012f karton\u0105 su polietileniniu mai\u0161eliu, kad i\u0161pakavimas b\u016bt\u0173 dar patogesnis.<\/p>\n<\/li>\n<\/ul>\n<p data-path-to-node=\"23\"><b>Pagrindin\u0117s savyb\u0117s:<\/b><\/p>\n<ul data-path-to-node=\"24\">\n<li>\n<p data-path-to-node=\"24,0,0\"><b>Med\u017eiaga:<\/b> Mink\u0161tas PVC be ftalat\u0173.<\/p>\n<\/li>\n<li>\n<p data-path-to-node=\"24,1,0\"><b>Technika:<\/b> \u012emontuotas NFC lustas (suderinamas su dauguma \u0161iuolaikini\u0173 i\u0161mani\u0173j\u0173 telefon\u0173).<\/p>\n<\/li>\n<li>\n<p data-path-to-node=\"24,2,0\"><b>Pritaikymas:<\/b> 100% pritaikyta i\u0161orin\u0117 forma.<\/p>\n<\/li>\n<li>\n<p data-path-to-node=\"24,3,0\"><b>Patvarumas:<\/b> Atsparus vandeniui ir \u012fbr\u0117\u017eimams pavir\u0161ius.<\/p>\n<\/li>\n<li>\n<p data-path-to-node=\"24,4,0\"><b>Didmenin\u0117 prekyba:<\/b> Supakuota urmu, kad b\u016bt\u0173 lengva platinti.<\/p>\n<\/li>\n<\/ul>","protected":false},"excerpt":{"rendered":"<ul data-path-to-node=\"13\">\n<li>\n<p data-path-to-node=\"13,0,0\"><b>Med\u017eiaga:<\/b> Mink\u0161ta, lanksti PVC guma, kurios galite pagaminti pagal savo skon\u012f (daugiausia 5 \u00d7 5 cm).<\/p>\n<\/li>\n<li>\n<p data-path-to-node=\"13,1,0\"><b>Technologija:<\/b> Integruotas NFC lustas (2,5 \u00d7 2,5 cm antena) skaitmeniniam \u012fsitraukimui.<\/p>\n<\/li>\n<li>\n<p data-path-to-node=\"13,2,0\"><b>Dizainas:<\/b> Spalvota spauda i\u0161 abiej\u0173 pusi\u0173 (tas pats dizainas).<\/p>\n<\/li>\n<li>\n<p data-path-to-node=\"13,3,0\"><b>Naudojimo atvejis:<\/b> Program\u0117li\u0173 paleidimai, lojalumo programos ir nuorodos \u012f socialinius tinklus.<\/p>\n<\/li>\n<\/ul>","protected":false},"featured_media":6380,"comment_status":"closed","ping_status":"closed","template":"","meta":[],"product_brand":[],"product_cat":[94],"product_tag":[],"class_list":{"0":"post-5935","1":"product","2":"type-product","3":"status-publish","4":"has-post-thumbnail","6":"product_cat-keychains","8":"first","9":"instock","10":"shipping-taxable","11":"purchasable","12":"product-type-simple"},"_links":{"self":[{"href":"https:\/\/displayproducts.eu\/lt\/wp-json\/wp\/v2\/product\/5935","targetHints":{"allow":["GET"]}}],"collection":[{"href":"https:\/\/displayproducts.eu\/lt\/wp-json\/wp\/v2\/product"}],"about":[{"href":"https:\/\/displayproducts.eu\/lt\/wp-json\/wp\/v2\/types\/product"}],"replies":[{"embeddable":true,"href":"https:\/\/displayproducts.eu\/lt\/wp-json\/wp\/v2\/comments?post=5935"}],"wp:featuredmedia":[{"embeddable":true,"href":"https:\/\/displayproducts.eu\/lt\/wp-json\/wp\/v2\/media\/6380"}],"wp:attachment":[{"href":"https:\/\/displayproducts.eu\/lt\/wp-json\/wp\/v2\/media?parent=5935"}],"wp:term":[{"taxonomy":"product_brand","embeddable":true,"href":"https:\/\/displayproducts.eu\/lt\/wp-json\/wp\/v2\/product_brand?post=5935"},{"taxonomy":"product_cat","embeddable":true,"href":"https:\/\/displayproducts.eu\/lt\/wp-json\/wp\/v2\/product_cat?post=5935"},{"taxonomy":"product_tag","embeddable":true,"href":"https:\/\/displayproducts.eu\/lt\/wp-json\/wp\/v2\/product_tag?post=5935"}],"curies":[{"name":"wp","href":"https:\/\/api.w.org\/{rel}","templated":true}]}}