{"id":5824,"date":"2025-12-11T12:42:06","date_gmt":"2025-12-11T09:42:06","guid":{"rendered":"https:\/\/wristbandfactory.eu\/?post_type=product&#038;p=5824"},"modified":"2026-04-01T21:52:35","modified_gmt":"2026-04-01T18:52:35","slug":"embossed-silicone-wristbands-raised-3d-effect","status":"publish","type":"product","link":"https:\/\/displayproducts.eu\/lt\/p\/embossed-silicone-wristbands-raised-3d-effect\/","title":{"rendered":"Silikonin\u0117s apyrank\u0117s \u2013 I\u0161kilus logotipas \/ 3D"},"content":{"rendered":"<p data-path-to-node=\"10\"><b>I\u0161siskirkite su 3D apdaila<\/b><\/p>\n<p data-path-to-node=\"11\"><b>Reljefin\u0117s silikonin\u0117s apyrank\u0117s<\/b> pasi\u016blyti unikal\u0173 klasikin\u0117s labdaros juostos variant\u0105. U\u017euot gravirav\u0119 tekst\u0105 \u012f vid\u0173, mes naudojame speciali\u0105 form\u0105, kad j\u016bs\u0173 dizainas b\u016bt\u0173 pakeltas nuo juostos pavir\u0161iaus. Tai sukuria \u012fsp\u016bding\u0105 vaizd\u0105. <b>3D reljefo efektas<\/b> kuris yra ir vizualiai i\u0161skirtinis, ir lyt\u0117jimo po\u017ei\u016briu.<\/p>\n<p data-path-to-node=\"12\"><b>Kaip tai pagaminta<\/b> \u0160ias apyrankes gaminame naudodami special\u0173 liejimo proces\u0105, kurio metu silikonas presuojamas \u012f form\u0105, sukurian\u010di\u0105 i\u0161kilias raides. Kadangi logotipas pagamintas i\u0161 tos pa\u010dios silikonin\u0117s med\u017eiagos kaip ir pati apyrank\u0117, jis yra... <b>fizi\u0161kai nuolatinis<\/b> ir negali \u012ftr\u016bkti, nulupti ar i\u0161blukti.<\/p>\n<p data-path-to-node=\"13\"><b>Dizaino stilius<\/b> Reljefin\u0117s juostos paprastai gaminamos vienos spalvos (monotoni\u0161kos), o i\u0161kilus tekstas sukuria subtil\u0173 \u0161e\u0161\u0117lio efekt\u0105. D\u0117l to <b>\u0161vari, moderni ir sant\u016bri i\u0161vaizda<\/b> kuris yra populiarus \u012fmoni\u0173 renginiams, sporto klubo abonementams ir auk\u0161\u010diausios klas\u0117s prek\u0117s \u017eenkl\u0173 aktyvavimui.<\/p>\n<p data-path-to-node=\"14\"><b>Pritaikymas<\/b><\/p>\n<ul data-path-to-node=\"15\">\n<li>\n<p data-path-to-node=\"15,0,0\"><b>Spalva:<\/b> Priderinkite juost\u0105 prie bet kurios \u201ePantone\u201c (PMS) nuorodos.<\/p>\n<\/li>\n<li>\n<p data-path-to-node=\"15,1,0\"><b>Tekstas:<\/b> Geriausiai tinka ry\u0161kiems \u0161riftams ir paprastiems logotipams (smulkias detales sunkiau i\u0161ry\u0161kinti).<\/p>\n<\/li>\n<\/ul>\n<p data-path-to-node=\"16\"><b>Pagrindin\u0117s savyb\u0117s:<\/b><\/p>\n<ul data-path-to-node=\"17\">\n<li>\n<p data-path-to-node=\"17,0,0\"><b>Stilius:<\/b> Reljefinis (i\u0161kil\u0119s 3D).<\/p>\n<\/li>\n<li>\n<p data-path-to-node=\"17,1,0\"><b>Med\u017eiaga:<\/b> 100% medicinin\u0117s klas\u0117s silikonas.<\/p>\n<\/li>\n<li>\n<p data-path-to-node=\"17,2,0\"><b>Patvarumas:<\/b> Ekstremalus (nereikia nutrinti ra\u0161alo).<\/p>\n<\/li>\n<li>\n<p data-path-to-node=\"17,3,0\"><b>Poveikis:<\/b> Prabangus, subtilus prek\u0117s \u017eenklo dizainas.<\/p>\n<\/li>\n<\/ul>","protected":false},"excerpt":{"rendered":"<ul>\n<li>\n<p data-path-to-node=\"8,0,0\"><b>I\u0161keltas 3D efektas:<\/b> J\u016bs\u0173 logotipas ir tekstas fizi\u0161kai i\u0161siskiria i\u0161 apyrank\u0117s pavir\u0161iaus.<\/p>\n<\/li>\n<li>\n<p data-path-to-node=\"8,1,0\"><b>Lyt\u0117jimo patirtis:<\/b> Suteikia unikali\u0105, \u201cnelygi\u0105\u201d tekst\u016br\u0105, kuri\u0105 vartotojai gali pajusti.<\/p>\n<\/li>\n<li>\n<p data-path-to-node=\"8,2,0\"><b>Nuolatinis prek\u0117s \u017eenklo k\u016brimas:<\/b> Dizainas \u012flietas \u012f apyrank\u0119, tod\u0117l ji niekada nei\u0161bluks ir nenusitrins.<\/p>\n<\/li>\n<li>\n<p data-path-to-node=\"8,3,0\"><b>Subtilus ir auk\u0161\u010diausios kokyb\u0117s:<\/b> Idealiai tinka preki\u0173 \u017eenklams, norintiems rafinuoto, monotoni\u0161ko \u012fvaizd\u017eio be ra\u0161alo<\/p>\n<\/li>\n<\/ul>","protected":false},"featured_media":5825,"comment_status":"closed","ping_status":"closed","template":"","meta":[],"product_brand":[],"product_cat":[49],"product_tag":[],"class_list":{"0":"post-5824","1":"product","2":"type-product","3":"status-publish","4":"has-post-thumbnail","6":"product_cat-silicone","8":"first","9":"instock","10":"shipping-taxable","11":"purchasable","12":"product-type-simple"},"_links":{"self":[{"href":"https:\/\/displayproducts.eu\/lt\/wp-json\/wp\/v2\/product\/5824","targetHints":{"allow":["GET"]}}],"collection":[{"href":"https:\/\/displayproducts.eu\/lt\/wp-json\/wp\/v2\/product"}],"about":[{"href":"https:\/\/displayproducts.eu\/lt\/wp-json\/wp\/v2\/types\/product"}],"replies":[{"embeddable":true,"href":"https:\/\/displayproducts.eu\/lt\/wp-json\/wp\/v2\/comments?post=5824"}],"wp:featuredmedia":[{"embeddable":true,"href":"https:\/\/displayproducts.eu\/lt\/wp-json\/wp\/v2\/media\/5825"}],"wp:attachment":[{"href":"https:\/\/displayproducts.eu\/lt\/wp-json\/wp\/v2\/media?parent=5824"}],"wp:term":[{"taxonomy":"product_brand","embeddable":true,"href":"https:\/\/displayproducts.eu\/lt\/wp-json\/wp\/v2\/product_brand?post=5824"},{"taxonomy":"product_cat","embeddable":true,"href":"https:\/\/displayproducts.eu\/lt\/wp-json\/wp\/v2\/product_cat?post=5824"},{"taxonomy":"product_tag","embeddable":true,"href":"https:\/\/displayproducts.eu\/lt\/wp-json\/wp\/v2\/product_tag?post=5824"}],"curies":[{"name":"wp","href":"https:\/\/api.w.org\/{rel}","templated":true}]}}