{"id":5822,"date":"2025-12-11T12:39:16","date_gmt":"2025-12-11T09:39:16","guid":{"rendered":"https:\/\/wristbandfactory.eu\/?post_type=product&#038;p=5822"},"modified":"2026-04-01T21:52:35","modified_gmt":"2026-04-01T18:52:35","slug":"debossed-silicone-wristbands-colour-filled-engraved","status":"publish","type":"product","link":"https:\/\/displayproducts.eu\/lt\/p\/debossed-silicone-wristbands-colour-filled-engraved\/","title":{"rendered":"Silikonin\u0117s apyrank\u0117s \u2013 \u012espaustas logotipas \/ Su da\u017eais"},"content":{"rendered":"<p data-path-to-node=\"10\"><b>Ilgaam\u017ei\u0161kumo pramon\u0117s standartas<\/b><\/p>\n<p data-path-to-node=\"11\"><b>\u012espaustos spalvos apyrank\u0117s<\/b> yra auk\u0161\u010diausios kokyb\u0117s pasirinkimas preki\u0173 \u017eenklams ir organizacijoms, kurioms reikia ilgaam\u017e\u0117s apyrank\u0117s. Skirtingai nuo standartini\u0173 spausdint\u0173 apyranki\u0173, kuriose ra\u0161alas yra pavir\u0161iuje, \u0161ios apyrank\u0117s gaminamos dviem etapais, siekiant u\u017etikrinti, kad j\u016bs\u0173 u\u017era\u0161as i\u0161likt\u0173 tiek pat ilgai, kiek ir pati apyrank\u0117.<\/p>\n<p data-path-to-node=\"12\"><b>Kaip tai pagaminta<\/b><\/p>\n<ol start=\"1\" data-path-to-node=\"13\">\n<li>\n<p data-path-to-node=\"13,0,0\"><b>Graviravimas (\u012fspaudas):<\/b> Mes sukursime individuali\u0105 form\u0105, skirt\u0105 j\u016bs\u0173 logotipui ir tekstui i\u0161graviruoti giliai ant silikonin\u0117s juostel\u0117s.<\/p>\n<\/li>\n<li>\n<p data-path-to-node=\"13,1,0\"><b>Spalvotas u\u017epildas:<\/b> \u012egilintos vietos rankiniu b\u016bdu u\u017epildomos specializuotais, patvariais, kontrastingos spalvos silikoniniais da\u017eais.<\/p>\n<\/li>\n<\/ol>\n<p data-path-to-node=\"14\"><b>Kod\u0117l verta rinktis \u012fspaust\u0105?<\/b> Kadangi konstrukcija yra \u012fgilinta po pavir\u0161iumi, ji yra fizi\u0161kai apsaugota nuo trinties ir nusid\u0117v\u0117jimo. Tod\u0117l tai yra vienintel\u0117 tinkama alternatyva <b>ilgalaik\u0117s informavimo kampanijos, mokyklos dvasios dovanos ir l\u0117\u0161\u0173 rinkimo akcijos<\/b> kur apyrank\u0117 ne\u0161iojama kasdien m\u0117nesius ar net metus.<\/p>\n<p data-path-to-node=\"15\"><b>Pritaikymas<\/b> Silikonin\u0119 juostel\u0119 galime priderinti prie bet ko <b>Pantone (PMS)<\/b> nuspalvinkite ir u\u017epildykite graviruot\u0105 tekst\u0105 bet kokiu kontrastingu Pantone atspalviu, kad jis idealiai atitikt\u0173 j\u016bs\u0173 prek\u0117s \u017eenklo tapatyb\u0119.<\/p>\n<p data-path-to-node=\"16\"><b>Pagrindin\u0117s savyb\u0117s:<\/b><\/p>\n<ul data-path-to-node=\"17\">\n<li>\n<p data-path-to-node=\"17,0,0\"><b>Stilius:<\/b> \u012espaustas (\u012fgilintas) ir u\u017epildytas ra\u0161alu.<\/p>\n<\/li>\n<li>\n<p data-path-to-node=\"17,1,0\"><b>Med\u017eiaga:<\/b> 100% medicinin\u0117s klas\u0117s silikonas.<\/p>\n<\/li>\n<li>\n<p data-path-to-node=\"17,2,0\"><b>Patvarumas:<\/b> Ekstremalus (atsparus dilimui dizainas).<\/p>\n<\/li>\n<li>\n<p data-path-to-node=\"17,3,0\"><b>Dyd\u017eiai:<\/b> Suaugusiesiems (202 mm) ir jaunimui (180 mm).<\/p>\n<\/li>\n<\/ul>","protected":false},"excerpt":{"rendered":"<ul>\n<li>\n<p data-path-to-node=\"8,0,0\"><b>Maksimalus patvarumas:<\/b> J\u016bs\u0173 logotipas yra giliai i\u0161graviruotas (\u012fspaustas) \u012f silikon\u0105, tod\u0117l jo ne\u012fmanoma nutrinti.<\/p>\n<\/li>\n<li>\n<p data-path-to-node=\"8,1,0\"><b>U\u017epildyta spalva:<\/b> I\u0161graviruotas tekstas u\u017epildytas kontrastingais silikoniniais da\u017eais, kad b\u016bt\u0173 ry\u0161kus ir \u012fsp\u016bdingas vaizdas.<\/p>\n<\/li>\n<li>\n<p data-path-to-node=\"8,2,0\"><b>Auk\u0161\u010diausios kokyb\u0117s poj\u016btis:<\/b> Suteikia ap\u010diuopiam\u0105, 3D apdail\u0105, da\u017enai siejam\u0105 su auk\u0161tos klas\u0117s labdaros kampanijomis (pvz., \u201eLivestrong\u201c).<\/p>\n<\/li>\n<li>\n<p data-path-to-node=\"8,3,0\"><b>Nuolatinis prek\u0117s \u017eenklo k\u016brimas:<\/b> Idealiai tinka ilgalaikiam ne\u0161iojimui (m\u0117nesius ar metus), spalva nei\u0161blunka.<\/p>\n<\/li>\n<\/ul>","protected":false},"featured_media":5823,"comment_status":"closed","ping_status":"closed","template":"","meta":[],"product_brand":[],"product_cat":[49],"product_tag":[],"class_list":{"0":"post-5822","1":"product","2":"type-product","3":"status-publish","4":"has-post-thumbnail","6":"product_cat-silicone","8":"first","9":"instock","10":"shipping-taxable","11":"purchasable","12":"product-type-simple"},"_links":{"self":[{"href":"https:\/\/displayproducts.eu\/lt\/wp-json\/wp\/v2\/product\/5822","targetHints":{"allow":["GET"]}}],"collection":[{"href":"https:\/\/displayproducts.eu\/lt\/wp-json\/wp\/v2\/product"}],"about":[{"href":"https:\/\/displayproducts.eu\/lt\/wp-json\/wp\/v2\/types\/product"}],"replies":[{"embeddable":true,"href":"https:\/\/displayproducts.eu\/lt\/wp-json\/wp\/v2\/comments?post=5822"}],"wp:featuredmedia":[{"embeddable":true,"href":"https:\/\/displayproducts.eu\/lt\/wp-json\/wp\/v2\/media\/5823"}],"wp:attachment":[{"href":"https:\/\/displayproducts.eu\/lt\/wp-json\/wp\/v2\/media?parent=5822"}],"wp:term":[{"taxonomy":"product_brand","embeddable":true,"href":"https:\/\/displayproducts.eu\/lt\/wp-json\/wp\/v2\/product_brand?post=5822"},{"taxonomy":"product_cat","embeddable":true,"href":"https:\/\/displayproducts.eu\/lt\/wp-json\/wp\/v2\/product_cat?post=5822"},{"taxonomy":"product_tag","embeddable":true,"href":"https:\/\/displayproducts.eu\/lt\/wp-json\/wp\/v2\/product_tag?post=5822"}],"curies":[{"name":"wp","href":"https:\/\/api.w.org\/{rel}","templated":true}]}}