{"id":5820,"date":"2025-12-11T12:35:46","date_gmt":"2025-12-11T09:35:46","guid":{"rendered":"https:\/\/wristbandfactory.eu\/?post_type=product&#038;p=5820"},"modified":"2026-04-01T21:52:03","modified_gmt":"2026-04-01T18:52:03","slug":"printed-silicone-wristbands-custom-screen-print","status":"publish","type":"product","link":"https:\/\/displayproducts.eu\/lt\/p\/printed-silicone-wristbands-custom-screen-print\/","title":{"rendered":"Silikonin\u0117s apyrank\u0117s \u2013 Su spauda"},"content":{"rendered":"<p data-path-to-node=\"12\"><b>Klasikinis reklaminio prek\u0117s \u017eenklo k\u016brimo pasirinkimas<\/b><\/p>\n<p data-path-to-node=\"13\"><b>Spausdintos silikonin\u0117s apyrank\u0117s<\/b> yra populiariausias pasirinkimas rinkodaros kampanijoms, prekybos parodoms ir renginiams, kur matomumas ir biud\u017eetas yra pagrindiniai prioritetai. Skirtingai nuo graviruot\u0173 juosteli\u0173, \u0161iose yra j\u016bs\u0173 dizainas. <b>\u0161ilkografija spausdinama tiesiai ant lygaus pavir\u0161iaus<\/b> silikono, suteikiantis ry\u0161k\u0173, \u0161var\u0173 pavir\u0161i\u0173, kuris patraukia d\u0117mes\u012f.<\/p>\n<p data-path-to-node=\"14\"><b>Neribotos spalv\u0173 pasirinkimo galimyb\u0117s<\/b> Si\u016blome visi\u0161k\u0105 pritaikymo lankstum\u0105. Galite pasirinkti bet kur\u012f <b>Pantone (PMS) spalva<\/b> pa\u010diai silikoninei juostelei ir pasirinkite kontrasting\u0105 ra\u0161alo spalv\u0105 savo logotipui ir tekstui. Tai u\u017etikrins, kad 100% atitikt\u0173 j\u016bs\u0173 \u012fmon\u0117s stili\u0173.<\/p>\n<p data-path-to-node=\"15\"><b>Med\u017eiaga ir patogumas<\/b> Pagaminta i\u0161 <b>100% auk\u0161tos kokyb\u0117s silikonas be latekso<\/b>, \u0160ios apyrank\u0117s yra atsparios vandeniui, kar\u0161\u010diui ir pakankamai patogios ne\u0161ioti vis\u0105 dien\u0105. Jos yra pakankamai patvarios keli\u0173 dien\u0173 renginiams, ta\u010diau pirmiausia yra sukurtos kaip ekonomi\u0161ka reklamin\u0117 prek\u0117.<\/p>\n<p data-path-to-node=\"16\"><i>Pastaba: ilgalaikiam kasdieniam ne\u0161iojimui (m\u0117nesius\/metus) rekomenduojame m\u016bs\u0173 \u201c\u012fspaustas\u201d apyrankes, nes pavir\u0161iaus spauda d\u0117l didel\u0117s trinties ilgainiui gali nusid\u0117v\u0117ti.<\/i><\/p>\n<p data-path-to-node=\"17\"><b>Pagrindin\u0117s savyb\u0117s:<\/b><\/p>\n<ul data-path-to-node=\"18\">\n<li>\n<p data-path-to-node=\"18,0,0\"><b>Metodas:<\/b> Didelio tikslumo \u0161ilkografija.<\/p>\n<\/li>\n<li>\n<p data-path-to-node=\"18,1,0\"><b>Med\u017eiaga:<\/b> 100% mink\u0161tas silikonas (netoksi\u0161kas).<\/p>\n<\/li>\n<li>\n<p data-path-to-node=\"18,2,0\"><b>Dydis:<\/b> Standartinis suaugusi\u0173j\u0173 (202 x 12 x 2 mm) ir jaunimo (180 x 12 x 2 mm).<\/p>\n<\/li>\n<li>\n<p data-path-to-node=\"18,3,0\"><b>Naudojimo atvejis:<\/b> Dovanos, informavimo kampanijos, festivaliai.<\/p>\n<\/li>\n<\/ul>","protected":false},"excerpt":{"rendered":"<ul data-path-to-node=\"10\">\n<li>\n<p data-path-to-node=\"10,0,0\"><b>Didelis matomumas:<\/b> Ry\u0161ki \u0161ilkografija leid\u017eia j\u016bs\u0173 logotipui ai\u0161kiai i\u0161siskirti ant pavir\u0161iaus.<\/p>\n<\/li>\n<li>\n<p data-path-to-node=\"10,1,0\"><b>Pantone atitikimas:<\/b> Tiek silikonin\u0119 juostel\u0119, tiek ra\u0161alo spalv\u0105 pritaikome prie j\u016bs\u0173 prek\u0117s \u017eenklo gairi\u0173.<\/p>\n<\/li>\n<li>\n<p data-path-to-node=\"10,2,0\"><b>Ekonomi\u0161kas:<\/b> Labiausiai biud\u017eet\u0105 tausojantis pasirinkimas didelio masto akcijoms ir dovanoms.<\/p>\n<\/li>\n<li>\n<p data-path-to-node=\"10,3,0\"><b>Greitas apyvartumas:<\/b> Greitesnis gamybos laikas, palyginti su \u012fspaustomis arba reljefin\u0117mis formomis.<\/p>\n<\/li>\n<\/ul>","protected":false},"featured_media":5821,"comment_status":"closed","ping_status":"closed","template":"","meta":[],"product_brand":[],"product_cat":[49],"product_tag":[],"class_list":{"0":"post-5820","1":"product","2":"type-product","3":"status-publish","4":"has-post-thumbnail","6":"product_cat-silicone","8":"first","9":"instock","10":"shipping-taxable","11":"purchasable","12":"product-type-simple"},"_links":{"self":[{"href":"https:\/\/displayproducts.eu\/lt\/wp-json\/wp\/v2\/product\/5820","targetHints":{"allow":["GET"]}}],"collection":[{"href":"https:\/\/displayproducts.eu\/lt\/wp-json\/wp\/v2\/product"}],"about":[{"href":"https:\/\/displayproducts.eu\/lt\/wp-json\/wp\/v2\/types\/product"}],"replies":[{"embeddable":true,"href":"https:\/\/displayproducts.eu\/lt\/wp-json\/wp\/v2\/comments?post=5820"}],"wp:featuredmedia":[{"embeddable":true,"href":"https:\/\/displayproducts.eu\/lt\/wp-json\/wp\/v2\/media\/5821"}],"wp:attachment":[{"href":"https:\/\/displayproducts.eu\/lt\/wp-json\/wp\/v2\/media?parent=5820"}],"wp:term":[{"taxonomy":"product_brand","embeddable":true,"href":"https:\/\/displayproducts.eu\/lt\/wp-json\/wp\/v2\/product_brand?post=5820"},{"taxonomy":"product_cat","embeddable":true,"href":"https:\/\/displayproducts.eu\/lt\/wp-json\/wp\/v2\/product_cat?post=5820"},{"taxonomy":"product_tag","embeddable":true,"href":"https:\/\/displayproducts.eu\/lt\/wp-json\/wp\/v2\/product_tag?post=5820"}],"curies":[{"name":"wp","href":"https:\/\/api.w.org\/{rel}","templated":true}]}}