{"id":5818,"date":"2025-12-11T12:18:31","date_gmt":"2025-12-11T09:18:31","guid":{"rendered":"https:\/\/wristbandfactory.eu\/?post_type=product&#038;p=5818"},"modified":"2026-04-01T21:52:35","modified_gmt":"2026-04-01T18:52:35","slug":"hemp-fabric-wristbands-custom-woven-printed","status":"publish","type":"product","link":"https:\/\/displayproducts.eu\/lt\/p\/hemp-fabric-wristbands-custom-woven-printed\/","title":{"rendered":"Tekstilin\u0117s apyrank\u0117s (Kanap\u0117s) \u2013 Su logotipu"},"content":{"rendered":"<p data-path-to-node=\"11\"><b>Stipriausias nat\u016bralus pasirinkimas<\/b><\/p>\n<p data-path-to-node=\"12\">Padarykite dr\u0105s\u0173 parei\u0161kim\u0105 su <b>Kanapi\u0173 audinio apyrank\u0117s<\/b>, patvariausias pasirinkimas m\u016bs\u0173 ekologi\u0161kame asortimente. Kanapi\u0173 pluo\u0161tai yra \u017einomi d\u0117l savo tempiamojo stiprumo, tod\u0117l \u0161ios juostos puikiai tinka lauko festivaliams, nuotyki\u0173 renginiams ar keli\u0173 savai\u010di\u0173 naudojimui, kur susir\u016bpinim\u0105 kelia nusid\u0117v\u0117jimas.<\/p>\n<p data-path-to-node=\"13\"><b>I\u0161skirtinis \u201c\u017eemi\u0161kas\u201d \u012fvaizdis<\/b> Skirtingai nuo lygaus rPET pavir\u0161iaus ar mink\u0161to bambuko, kanap\u0117s suteikia... <b>strukt\u016brizuota, granuliuota tekst\u016bra<\/b>. Tai suteikia apyrankei auk\u0161\u010diausios kokyb\u0117s \u201crank\u0173 darbo\u201d poj\u016bt\u012f, kuris j\u016bs\u0173 sve\u010diams i\u0161 karto perteikia tvarum\u0105 ir autenti\u0161kum\u0105.<\/p>\n<p data-path-to-node=\"14\"><b>Prek\u0117s \u017eenklo k\u016brimo rekomendacijos<\/b> D\u0117l \u0161iurk\u0161tesn\u0117s kanapi\u0173 pluo\u0161to tekst\u016bros:<\/p>\n<ul data-path-to-node=\"15\">\n<li>\n<p data-path-to-node=\"15,0,0\"><b>\u0160ilkografija:<\/b> Rekomenduojame ry\u0161kius, vienspalvius ra\u0161tus (pavyzd\u017eiui, juod\u0105 arba tamsiai \u017eali\u0105), kurie gra\u017eiai kontrastuoja su nat\u016braliu sm\u0117lio\/gelsvai rudos spalvos pluo\u0161to fonu.<\/p>\n<\/li>\n<li>\n<p data-path-to-node=\"15,1,0\"><b>Austas (siuvin\u0117jimas):<\/b> Be spaudos tekstas ir logotipai gali b\u016bti \u012fausti tiesiai \u012f juost\u0105, kad b\u016bt\u0173 u\u017etikrintas ilgalaikis efektas.<\/p>\n<\/li>\n<\/ul>\n<p data-path-to-node=\"16\"><b>Ekologi\u0161ka \u012franga<\/b> U\u017ebaikite \u012fvaizd\u012f su m\u016bs\u0173 <b>Bambuko ekologinis u\u017eraktas<\/b> arba daugkartinio naudojimo <b>Medinis karoliukas<\/b>. Jei reikalinga grie\u017eta prieigos kontrol\u0117, taip pat galima \u012fsigyti standartinius saugius plastikinius slankiklius.<\/p>\n<p data-path-to-node=\"17\"><b>Pagrindin\u0117s savyb\u0117s:<\/b><\/p>\n<ul data-path-to-node=\"18\">\n<li>\n<p data-path-to-node=\"18,0,0\"><b>Med\u017eiaga:<\/b> 100% nat\u016bralus kanapi\u0173 pluo\u0161tas.<\/p>\n<\/li>\n<li>\n<p data-path-to-node=\"18,1,0\"><b>Tekst\u016bra:<\/b> \u0160iurk\u0161tus, nat\u016bralus ir ap\u010diuopiamas.<\/p>\n<\/li>\n<li>\n<p data-path-to-node=\"18,2,0\"><b>Patvarumas:<\/b> Didelis atsparumas tempimui ir vandeniui.<\/p>\n<\/li>\n<li>\n<p data-path-to-node=\"18,3,0\"><b>Ekologinis \u012fvertinimas:<\/b> Anglies neigiamas augimo ciklas, biologi\u0161kai skaidus.<\/p>\n<\/li>\n<\/ul>","protected":false},"excerpt":{"rendered":"<ul data-path-to-node=\"9\">\n<li>\n<p data-path-to-node=\"9,0,0\"><b>Ypa\u010d patvarus:<\/b> Kanap\u0117s yra vienas i\u0161 tvir\u010diausi\u0173 nat\u016brali\u0173 pluo\u0161t\u0173, idealiai tinkantis sunkiems ar ilgalaikiams renginiams.<\/p>\n<\/li>\n<li>\n<p data-path-to-node=\"9,1,0\"><b>Kaimi\u0161kas estetinis stilius:<\/b> Suteikia i\u0161skirtin\u0119 tekst\u016bruot\u0105, \u017eemi\u0161k\u0105 i\u0161vaizd\u0105, kuri i\u0161siskiria i\u0161 lygi\u0173 sintetik\u0173.<\/p>\n<\/li>\n<li>\n<p data-path-to-node=\"9,2,0\"><b>100% tvarus:<\/b> U\u017eauginta be pesticid\u0173 ir visi\u0161kai biologi\u0161kai skaidoma.<\/p>\n<\/li>\n<li>\n<p data-path-to-node=\"9,3,0\"><b>Individualus prek\u0117s \u017eenklo k\u016brimas:<\/b> Geriausiai tinka ry\u0161kiai \u0161ilkografijai arba paprastiems austiniams ra\u0161tams.<\/p>\n<\/li>\n<\/ul>","protected":false},"featured_media":5827,"comment_status":"closed","ping_status":"closed","template":"","meta":[],"product_brand":[],"product_cat":[133,47],"product_tag":[],"class_list":{"0":"post-5818","1":"product","2":"type-product","3":"status-publish","4":"has-post-thumbnail","6":"product_cat-eco-friendly-wristbands","7":"product_cat-fabric-wristbands","9":"first","10":"instock","11":"shipping-taxable","12":"purchasable","13":"product-type-simple"},"_links":{"self":[{"href":"https:\/\/displayproducts.eu\/lt\/wp-json\/wp\/v2\/product\/5818","targetHints":{"allow":["GET"]}}],"collection":[{"href":"https:\/\/displayproducts.eu\/lt\/wp-json\/wp\/v2\/product"}],"about":[{"href":"https:\/\/displayproducts.eu\/lt\/wp-json\/wp\/v2\/types\/product"}],"replies":[{"embeddable":true,"href":"https:\/\/displayproducts.eu\/lt\/wp-json\/wp\/v2\/comments?post=5818"}],"wp:featuredmedia":[{"embeddable":true,"href":"https:\/\/displayproducts.eu\/lt\/wp-json\/wp\/v2\/media\/5827"}],"wp:attachment":[{"href":"https:\/\/displayproducts.eu\/lt\/wp-json\/wp\/v2\/media?parent=5818"}],"wp:term":[{"taxonomy":"product_brand","embeddable":true,"href":"https:\/\/displayproducts.eu\/lt\/wp-json\/wp\/v2\/product_brand?post=5818"},{"taxonomy":"product_cat","embeddable":true,"href":"https:\/\/displayproducts.eu\/lt\/wp-json\/wp\/v2\/product_cat?post=5818"},{"taxonomy":"product_tag","embeddable":true,"href":"https:\/\/displayproducts.eu\/lt\/wp-json\/wp\/v2\/product_tag?post=5818"}],"curies":[{"name":"wp","href":"https:\/\/api.w.org\/{rel}","templated":true}]}}